{"id":613,"date":"2022-05-18T16:02:33","date_gmt":"2022-05-18T19:02:33","guid":{"rendered":"https:\/\/institutos.ufrrj.br\/geociencias\/?page_id=613"},"modified":"2022-07-20T23:03:38","modified_gmt":"2022-07-21T02:03:38","slug":"fale-conosco","status":"publish","type":"page","link":"https:\/\/institutos.ufrrj.br\/geociencias\/fale-conosco\/","title":{"rendered":"Fale Conosco"},"content":{"rendered":"\n<p><strong>E-Mail:<\/strong><br>igeosecretaria@ufrrj.br<\/p>\n\n\n\n<p><strong>Hor\u00e1rio de Funcionamento:<\/strong><br>2\u00aa feira a 6\u00aa feira das 08:00 \u00e0s 11:30 e 13:00 \u00e0s 17:00<\/p>\n\n\n\n<p><strong>Endere\u00e7o:<\/strong><br>Instituto de Geoci\u00eancias<br>Universidade Federal Rural do Rio de Janeiro<br>BR-465, Km 7 &#8211; CEP 23897-000 &#8211; Serop\u00e9dica &#8211; RJ &#8211; Brasil<\/p>\n\n\n\n<div class=\"wp-block-image\"><figure class=\"alignleft\"><a href=\"https:\/\/goo.gl\/maps\/Z8xuAm632fNsENtt9\" target=\"_blank\" rel=\"noreferrer noopener\"><img decoding=\"async\" src=\"https:\/\/cursos.ufrrj.br\/grad\/geografia\/files\/2022\/03\/IGEO-Localizacao.jpg\" alt=\"\" class=\"wp-image-557\" \/><\/a><\/figure><\/div>\n","protected":false},"excerpt":{"rendered":"<p>E-Mail:igeosecretaria@ufrrj.br Hor\u00e1rio de Funcionamento:2\u00aa feira a 6\u00aa feira das 08:00 \u00e0s 11:30 e 13:00 \u00e0s 17:00 Endere\u00e7o:Instituto de Geoci\u00eanciasUniversidade Federal <a class=\"read-more\" href=\"https:\/\/institutos.ufrrj.br\/geociencias\/fale-conosco\/ \" >&#8230; <span class=\"font-italic\">leia mais <i class=\"fas fa-angle-right\"><\/i><\/span><\/a><\/p>\n","protected":false},"author":20,"featured_media":0,"parent":0,"menu_order":0,"comment_status":"closed","ping_status":"closed","template":"","meta":{"_acf_changed":false,"_themeisle_gutenberg_block_has_review":false,"footnotes":""},"class_list":["post-613","page","type-page","status-publish","hentry"],"acf":[],"_links":{"self":[{"href":"https:\/\/institutos.ufrrj.br\/geociencias\/wp-json\/wp\/v2\/pages\/613","targetHints":{"allow":["GET"]}}],"collection":[{"href":"https:\/\/institutos.ufrrj.br\/geociencias\/wp-json\/wp\/v2\/pages"}],"about":[{"href":"https:\/\/institutos.ufrrj.br\/geociencias\/wp-json\/wp\/v2\/types\/page"}],"author":[{"embeddable":true,"href":"https:\/\/institutos.ufrrj.br\/geociencias\/wp-json\/wp\/v2\/users\/20"}],"replies":[{"embeddable":true,"href":"https:\/\/institutos.ufrrj.br\/geociencias\/wp-json\/wp\/v2\/comments?post=613"}],"version-history":[{"count":2,"href":"https:\/\/institutos.ufrrj.br\/geociencias\/wp-json\/wp\/v2\/pages\/613\/revisions"}],"predecessor-version":[{"id":714,"href":"https:\/\/institutos.ufrrj.br\/geociencias\/wp-json\/wp\/v2\/pages\/613\/revisions\/714"}],"wp:attachment":[{"href":"https:\/\/institutos.ufrrj.br\/geociencias\/wp-json\/wp\/v2\/media?parent=613"}],"curies":[{"name":"wp","href":"https:\/\/api.w.org\/{rel}","templated":true}]}}