{"id":1519,"date":"2023-07-26T15:35:48","date_gmt":"2023-07-26T18:35:48","guid":{"rendered":"https:\/\/institutos.ufrrj.br\/ia\/?page_id=1519"},"modified":"2023-07-26T16:04:32","modified_gmt":"2023-07-26T19:04:32","slug":"missao-visao-e-valores","status":"publish","type":"page","link":"https:\/\/institutos.ufrrj.br\/ia\/missao-visao-e-valores\/","title":{"rendered":"MISS\u00c3O, VIS\u00c3O E VALORES"},"content":{"rendered":"<p>&nbsp;<\/p>\n<p><strong>MISS\u00c3O<\/strong><\/p>\n<p>O Departamento de Agrotecnologias e Sustentabilidade tem a miss\u00e3o de desenvolver ensino, pesquisa e extens\u00e3o de excel\u00eancia nos diversos campos tecnol\u00f3gicos aplicados \u00e0 agricultura, com a clara e inequ\u00edvoca percep\u00e7\u00e3o da import\u00e2ncia dos crit\u00e9rios de sustentabilidade.<\/p>\n<p>&nbsp;<\/p>\n<p><strong>VIS\u00c3O<\/strong><\/p>\n<p>Para se tornar refer\u00eancia no ensino, pesquisa e extens\u00e3o na \u00e1rea de Agrotecnologias e Sustentabilidade \u00e9 necess\u00e1rio manter o corpo docente e os funcion\u00e1rios t\u00e9cnicos-administrativos unidos nesse prop\u00f3sito, constantemente motivados e atualizados. A inser\u00e7\u00e3o nacional e internacionalmente, atrav\u00e9s de conv\u00eanios e publica\u00e7\u00f5es com pesquisadores de centros de pesquisa e de ensino superior de excel\u00eancia no exterior. O desenvolvimento de gest\u00e3o administrativa eficiente nos tr\u00eas pilares do ensino, pesquisa e extens\u00e3o, de forma a atender as metas e diretrizes estabelecidas pelo Departamento, cumprindo dessa forma sua miss\u00e3o.<\/p>\n<p>&nbsp;<\/p>\n<p><strong>VALORES<\/strong><\/p>\n<p>Dedica\u00e7\u00e3o as atividades de ensino, pesquisa, extens\u00e3o alinhadas ao aprendizado constante, inova\u00e7\u00e3o e excel\u00eancia. Busca de gest\u00e3o eficiente e otimiza\u00e7\u00e3o no uso dos recursos p\u00fablicos baseada na transpar\u00eancia e responsabilidade. Respeito \u00e0 diversidade e est\u00edmulo a interdisciplinaridade. Desenvolvimento humano, cient\u00edfico, ambiental.<\/p>\n<p><img loading=\"lazy\" decoding=\"async\" class=\" wp-image-1458 aligncenter\" src=\"https:\/\/institutos.ufrrj.br\/ia\/wp-content\/uploads\/sites\/102\/2023\/07\/logo_horizonal_-1-300x212.png\" alt=\"\" width=\"347\" height=\"245\" srcset=\"https:\/\/institutos.ufrrj.br\/ia\/wp-content\/uploads\/sites\/102\/2023\/07\/logo_horizonal_-1-300x212.png 300w, https:\/\/institutos.ufrrj.br\/ia\/wp-content\/uploads\/sites\/102\/2023\/07\/logo_horizonal_-1-1024x724.png 1024w, https:\/\/institutos.ufrrj.br\/ia\/wp-content\/uploads\/sites\/102\/2023\/07\/logo_horizonal_-1-768x543.png 768w, https:\/\/institutos.ufrrj.br\/ia\/wp-content\/uploads\/sites\/102\/2023\/07\/logo_horizonal_-1-1536x1086.png 1536w, https:\/\/institutos.ufrrj.br\/ia\/wp-content\/uploads\/sites\/102\/2023\/07\/logo_horizonal_-1.png 2000w\" sizes=\"auto, (max-width: 347px) 100vw, 347px\" \/><\/p>\n","protected":false},"excerpt":{"rendered":"<p>&nbsp; MISS\u00c3O O Departamento de Agrotecnologias e Sustentabilidade tem a miss\u00e3o de desenvolver ensino, pesquisa e extens\u00e3o de excel\u00eancia nos <a class=\"read-more\" href=\"https:\/\/institutos.ufrrj.br\/ia\/missao-visao-e-valores\/\">&#8230; <em>leia mais <\/em> <i class=\"fa fa-long-arrow-right\"><\/i><\/a><\/p>\n","protected":false},"author":69,"featured_media":0,"parent":0,"menu_order":0,"comment_status":"closed","ping_status":"closed","template":"","meta":{"_acf_changed":false,"_themeisle_gutenberg_block_has_review":false,"footnotes":"","_links_to":"","_links_to_target":""},"class_list":["post-1519","page","type-page","status-publish","hentry"],"acf":[],"_links":{"self":[{"href":"https:\/\/institutos.ufrrj.br\/ia\/wp-json\/wp\/v2\/pages\/1519","targetHints":{"allow":["GET"]}}],"collection":[{"href":"https:\/\/institutos.ufrrj.br\/ia\/wp-json\/wp\/v2\/pages"}],"about":[{"href":"https:\/\/institutos.ufrrj.br\/ia\/wp-json\/wp\/v2\/types\/page"}],"author":[{"embeddable":true,"href":"https:\/\/institutos.ufrrj.br\/ia\/wp-json\/wp\/v2\/users\/69"}],"replies":[{"embeddable":true,"href":"https:\/\/institutos.ufrrj.br\/ia\/wp-json\/wp\/v2\/comments?post=1519"}],"version-history":[{"count":5,"href":"https:\/\/institutos.ufrrj.br\/ia\/wp-json\/wp\/v2\/pages\/1519\/revisions"}],"predecessor-version":[{"id":1569,"href":"https:\/\/institutos.ufrrj.br\/ia\/wp-json\/wp\/v2\/pages\/1519\/revisions\/1569"}],"wp:attachment":[{"href":"https:\/\/institutos.ufrrj.br\/ia\/wp-json\/wp\/v2\/media?parent=1519"}],"curies":[{"name":"wp","href":"https:\/\/api.w.org\/{rel}","templated":true}]}}