{"id":1528,"date":"2023-07-26T15:27:00","date_gmt":"2023-07-26T18:27:00","guid":{"rendered":"https:\/\/institutos.ufrrj.br\/ia\/?page_id=1528"},"modified":"2023-07-26T16:05:25","modified_gmt":"2023-07-26T19:05:25","slug":"historico","status":"publish","type":"page","link":"https:\/\/institutos.ufrrj.br\/ia\/historico\/","title":{"rendered":"HIST\u00d3RICO"},"content":{"rendered":"<p>&nbsp;<\/p>\n<p>O Departamento de Agrotecnologias e Sustentabilidade (DATS) foi fundado em dezembro de 2021 constituindo o terceiro Departamento do Instituto de Agronomia (IA). \u00c9 produto da cria\u00e7\u00e3o coletiva dos docentes da \u00e1rea de Ci\u00eancias Agr\u00e1rias do Instituto de Agronomia, gerenciados pelo trabalho da \u201c<em>S\u00e9tima Comiss\u00e3o Executiva de Reestrutura\u00e7\u00e3o do Instituto de Agronomia (IA)<\/em>\u201d, criada atrav\u00e9s da portaria N\u00ba 3966 \/ 2020 &#8211; IA 12.28.01.21. Os trabalhos realizados pela S\u00e9tima Comiss\u00e3o de Reestrutura\u00e7\u00e3o do Instituto de Agronomia seguiram as normas do Regimento da <strong>Universidade Federal Rural do Rio de Janeiro<\/strong> (UFRRJ) e as seguintes exig\u00eancias foram, obrigatoriamente, atendidas: m\u00ednimo de dez (10) docentes, b) m\u00ednimo de 2 disciplinas obrigat\u00f3rias e, c) 1 servidor t\u00e9cnico-administrativo.<\/p>\n<p>No curto prazo (2022 a 2024), a cria\u00e7\u00e3o do Departamento de Agrotecnologias e Sustentabilidade al\u00e9m de viabilizar a reestrutura\u00e7\u00e3o do Instituto de Agronomia, tamb\u00e9m permitiu a cria\u00e7\u00e3o do Instituto de Geoci\u00eancias. Dentro de um panorama de m\u00e9dio e longo prazo, para consolidar o novo Instituto de Agronomia, o DATS tem tamb\u00e9m um papel fundamental e desafiador.<\/p>\n<p>Em 24 de fevereiro de 2022, o Departamento de Agrotecnologias e Sustentabilidade ganha a sua futura sede. O Conselho Universit\u00e1rio da UFRRJ aprova a cess\u00e3o do Pr\u00f3prio Nacional Residencial, situado na Rua UW, como sede do Departamento.<\/p>\n<p>A cria\u00e7\u00e3o do Departamento de Agrotecnologias e Sustentabilidade se baseou na otimiza\u00e7\u00e3o dos recursos humanos e espa\u00e7os j\u00e1 existentes no Instituto de Agronomia (salas de aula, laborat\u00f3rios, \u00e1reas experimentais de campo e gabinetes), n\u00e3o implicando em nenhum investimento adicional para a UFRRJ. Desta forma, o DATS \u00e9 composto por treze (13) professores, dos quais seis docentes migraram dos Departamentos de Solos e sete docentes foram transferidos do Departamento de Fitotecnia. O mesmo processo de migra\u00e7\u00e3o tamb\u00e9m se aplicou para os servidores t\u00e9cnico-administrativos (dois provenientes do Departamento de Fitotecnia) e para as oito disciplinas que estavam sob a responsabilidade dos Departamentos de Solos e de Fitotecnia. Com rela\u00e7\u00e3o \u00e0s oito disciplinas que passaram a ser de responsabilidade do DATS, quatro (4) s\u00e3o obrigat\u00f3rias: <strong>IA121 Introdu\u00e7\u00e3o \u00e0 Agronomia, IA125 Paisagismo e Meio Ambiente, IA109 Propaga\u00e7\u00e3o de Plantas e IA325 Pedologia Aplicada<\/strong> e quatro (4) disciplinas s\u00e3o optativas: <strong>IA132 Geografia e Agroecologia, IA131 Agroecologia e Agricultura Org\u00e2nica, IA133 Produ\u00e7\u00e3o e Fisiologia de Sementes e IA123 Plantas Medicinais e Arom\u00e1ticas.<\/strong> Essas oito disciplinas atendem aos cursos de Agronomia, Arquitetura e Urbanismo, Geografia, Geologia, Biologia, Licenciatura em Ci\u00eancias Agr\u00edcolas, e Engenharia Agr\u00edcola e Ambiental.<\/p>\n<p>O Departamento de Agrotecnologias originalmente \u00e9 constitu\u00eddo por treze (13) professores: <strong>Adelson Paulo de Ara\u00fajo, Anelise dias, <\/strong><strong>Antonio Carlos de Souza Abboud, Carlos Bucker, Claudia Rossetto, <\/strong><strong>\u00c9rika Fl\u00e1via Machado Pinheiro, Gabriel de Ara\u00fajo Santos, Jo\u00e3o Sebasti\u00e3o de Paula Araujo, Leandro Azevedo,<\/strong> <strong>Marcos Bacis Ceddia, Nelson Moura Brasil do Amaral Sobrinho,<\/strong><strong> Pedro Correia Damasceno Junior e<\/strong><strong> Ricardo Mota Miranda. <\/strong>Na reuni\u00e3o do dia 03 de agosto de 2021, os professores <strong>\u00c9rika Fl\u00e1via Machado Pinheiro<\/strong> e <strong>Adelson Paulo de Ara\u00fajo<\/strong> foram eleitos, por unanimidade, \u00e0 Chefe e Vice Chefe do Departamento, respectivamente. O Departamento possui uma t\u00e9cnica de laborat\u00f3rio: <strong>Fernanda da Silva Ferreira Oliveira <\/strong>e um t\u00e9cnico-administrativo <strong>Mauro de Brito<\/strong>, que tamb\u00e9m foram transferidos no momento de cria\u00e7\u00e3o do Departamento. O referido t\u00e9cnico-administrativo se aposentou em outubro de 2022.<\/p>\n<p>O DATS apresenta uma clara identidade com os Objetivos do Desenvolvimento Sustent\u00e1vel da ONU, pois tem como MISS\u00c3O: \u201c<strong><em>desenvolver ensino, pesquisa e extens\u00e3o de excel\u00eancia em diversos campos tecnol\u00f3gicos aplicados \u00e0 agricultura, com a clara e inequ\u00edvoca percep\u00e7\u00e3o da import\u00e2ncia dos crit\u00e9rios de sustentabilidade<\/em><\/strong>\u201d<em>. <\/em><\/p>\n<p>O Plano Estrat\u00e9gico do DATS apresenta metas definidas para os planos de ensino, pesquisa e extens\u00e3o nas seguintes \u00e1reas de concentra\u00e7\u00e3o:<\/p>\n<ul>\n<li>Agricultura Digital e Tecnologias de Produ\u00e7\u00e3o;<\/li>\n<li>Sustentabilidade dos Agroecossistemas;<\/li>\n<li>Biotecnologia e Inova\u00e7\u00e3o.<\/li>\n<\/ul>\n<p>As atividades de pesquisa constituem o necess\u00e1rio prolongamento da atividade de ensino e como instrumento para a inicia\u00e7\u00e3o cient\u00edfica, conforme aponta o <strong>artigo 4\u00ba da Diretriz Curricular Nacional (DCN)<\/strong> para o curso de Agronomia. As linhas de pesquisa do DATS contemplam atividades cient\u00edficas claramente articuladas com as atividades de ensino e extens\u00e3o e das especialidades dos docentes.<\/p>\n<p><img loading=\"lazy\" decoding=\"async\" class=\" wp-image-1458 aligncenter\" src=\"https:\/\/institutos.ufrrj.br\/ia\/wp-content\/uploads\/sites\/102\/2023\/07\/logo_horizonal_-1-300x212.png\" alt=\"\" width=\"333\" height=\"235\" srcset=\"https:\/\/institutos.ufrrj.br\/ia\/wp-content\/uploads\/sites\/102\/2023\/07\/logo_horizonal_-1-300x212.png 300w, https:\/\/institutos.ufrrj.br\/ia\/wp-content\/uploads\/sites\/102\/2023\/07\/logo_horizonal_-1-1024x724.png 1024w, https:\/\/institutos.ufrrj.br\/ia\/wp-content\/uploads\/sites\/102\/2023\/07\/logo_horizonal_-1-768x543.png 768w, https:\/\/institutos.ufrrj.br\/ia\/wp-content\/uploads\/sites\/102\/2023\/07\/logo_horizonal_-1-1536x1086.png 1536w, https:\/\/institutos.ufrrj.br\/ia\/wp-content\/uploads\/sites\/102\/2023\/07\/logo_horizonal_-1.png 2000w\" sizes=\"auto, (max-width: 333px) 100vw, 333px\" \/><\/p>\n<p>&nbsp;<\/p>\n","protected":false},"excerpt":{"rendered":"<p>&nbsp; O Departamento de Agrotecnologias e Sustentabilidade (DATS) foi fundado em dezembro de 2021 constituindo o terceiro Departamento do Instituto <a class=\"read-more\" href=\"https:\/\/institutos.ufrrj.br\/ia\/historico\/\">&#8230; <em>leia mais <\/em> <i class=\"fa fa-long-arrow-right\"><\/i><\/a><\/p>\n","protected":false},"author":69,"featured_media":0,"parent":0,"menu_order":0,"comment_status":"closed","ping_status":"closed","template":"","meta":{"_acf_changed":false,"_themeisle_gutenberg_block_has_review":false,"footnotes":"","_links_to":"","_links_to_target":""},"class_list":["post-1528","page","type-page","status-publish","hentry"],"acf":[],"_links":{"self":[{"href":"https:\/\/institutos.ufrrj.br\/ia\/wp-json\/wp\/v2\/pages\/1528","targetHints":{"allow":["GET"]}}],"collection":[{"href":"https:\/\/institutos.ufrrj.br\/ia\/wp-json\/wp\/v2\/pages"}],"about":[{"href":"https:\/\/institutos.ufrrj.br\/ia\/wp-json\/wp\/v2\/types\/page"}],"author":[{"embeddable":true,"href":"https:\/\/institutos.ufrrj.br\/ia\/wp-json\/wp\/v2\/users\/69"}],"replies":[{"embeddable":true,"href":"https:\/\/institutos.ufrrj.br\/ia\/wp-json\/wp\/v2\/comments?post=1528"}],"version-history":[{"count":2,"href":"https:\/\/institutos.ufrrj.br\/ia\/wp-json\/wp\/v2\/pages\/1528\/revisions"}],"predecessor-version":[{"id":1570,"href":"https:\/\/institutos.ufrrj.br\/ia\/wp-json\/wp\/v2\/pages\/1528\/revisions\/1570"}],"wp:attachment":[{"href":"https:\/\/institutos.ufrrj.br\/ia\/wp-json\/wp\/v2\/media?parent=1528"}],"curies":[{"name":"wp","href":"https:\/\/api.w.org\/{rel}","templated":true}]}}