{"id":1576,"date":"2023-07-26T16:12:21","date_gmt":"2023-07-26T19:12:21","guid":{"rendered":"https:\/\/institutos.ufrrj.br\/ia\/?page_id=1576"},"modified":"2024-04-16T10:04:53","modified_gmt":"2024-04-16T13:04:53","slug":"fale-conosco","status":"publish","type":"page","link":"https:\/\/institutos.ufrrj.br\/ia\/fale-conosco\/","title":{"rendered":"DIVULGA\u00c7\u00c3O"},"content":{"rendered":"<h2 style=\"text-align: center\"><strong>Plataforma MultiSoils<\/strong><\/h2>\n<p>&nbsp;<\/p>\n<h5><strong>O Departamento de Agrotecnologias e Sustentabildade (DATS) do Instituto de Agronomia da UFRRJ lan\u00e7ou nesse ano de 2024 a Plataforma digital de solos MultiSoils (www.multisoils.org ou www.multisoils.com). Trata-se de uma plataforma \u00fanica no mundo. A plataforma representa um espa\u00e7o digital que tem como objetivo principal tornar as m\u00faltiplas informa\u00e7\u00f5es das diferentes fun\u00e7\u00f5es do solo facilmente dispon\u00edveis para a sociedade. Ao acessar a plataforma os usu\u00e1rios podem ter acesso \u00e0s seguintes funcionalidades:<\/strong><\/h5>\n<h5><strong>1- Consulta interativa (via APP e WEB \u2013) a um base de dados legados de solos provenientes de diferentes levantamentos e estudos de solos;<\/strong><\/h5>\n<h5><strong>2- Criar e gerenciar projetos de levantamentos e mapeamento de solos;<\/strong><\/h5>\n<h5><strong>3- Inserir dados de observa\u00e7\u00e3o de solos no campo (perfis e tradagens) atrav\u00e9s de dispositivos m\u00f3veis (smartphones e tablets) utilizando plataforma IOS e Android (APP MultiSoils);<\/strong><\/h5>\n<h5><strong>4- Criar e gerenciar projetos de agricultura de precis\u00e3o;<\/strong><\/h5>\n<h5><strong>5- Criar e gerenciar projetos de invent\u00e1rio de dados diversos de solos (Metais Pesados, Radionucl\u00eddeos, Estoque de Carbono e Hidrocarbonetos);<\/strong><\/h5>\n<h5><strong>6- Criar e gerenciar projetos de monitoramento de umidade do solo;<\/strong><\/h5>\n<h5><strong>7- Criar e gerenciar projetos de educa\u00e7\u00e3o em Ci\u00eancia do solo;<\/strong><\/h5>\n<h5><strong>8- Criar e gerenciar projetos de Extens\u00e3o Rural;<\/strong><\/h5>\n<h5><strong>9- Monitorar o andamento do projeto e o rendimento de atividades de campo atrav\u00e9s de uma sala de controle com funcionalidades para visualiza\u00e7\u00e3o espacial (sala de controle) com op\u00e7\u00f5es de diversos mapas;<\/strong><\/h5>\n<h5><strong>10- Gera\u00e7\u00e3o de relat\u00f3rios de descri\u00e7\u00e3o de solos, download e upload de dados, arquivos e mapas;<\/strong><\/h5>\n<h5><strong>\u00a0\u00a0\u00a0\u00a0\u00a0\u00a0\u00a0\u00a0\u00a0\u00a0\u00a0\u00a0\u00a0 Os dados de solos da plataforma podem ser utilizados para o desenvolvimento de projetos de pesquisa e acad\u00eamicos, bem como no apoio a processo de tomada de decis\u00e3o. Os dados podem ser acessados pela API (uma interface de processamento de aplica\u00e7\u00f5es entre um servidor da Web e um navegador da Web) do sistema para processamento local, garantindo dados de natureza pessoal dos coordenadores e participantes dos projetos cadastrados na plataforma.<\/strong><\/h5>\n<h5><strong>\u00a0\u00a0\u00a0\u00a0\u00a0\u00a0\u00a0\u00a0\u00a0\u00a0\u00a0\u00a0\u00a0 A plataforma MultiSoils \u00e9 uma solu\u00e7\u00e3o tecnol\u00f3gica desenvolvida a partir da a\u00e7\u00e3o conjunta de tr\u00eas institui\u00e7\u00f5es brasileiras: A) Universidade Federal Rural do Rio de Janeiro (UFRRJ); B) <em>Centro Federal de Educa\u00e7\u00e3o Tecnol\u00f3gica Celso Suckow da Fonseca (CEFET-RJ) e; C) Centro de Pesquisa, Desenvolvimento e Inova\u00e7\u00e3o Leopoldo Am\u00e9rico Miguez de Mello (CENPES\/PETROBRAS)<\/em>. O projeto foi concebido e desenvolvido pelo Professor Marcos Bacis Ceddia (<em>Departamento de AgroTecnologias e Sustentabilidade &#8211; DATS -Instituto de Agronomia\/UFRRJ<\/em>) em parceria com os professores Diego Brand\u00e3o, Jorge de Abreu Soares e Renato campos Mauro (CEFET-Maracan\u00e3). A Petrobras (Petr\u00f3leo Brasileiro-SA) financiou o desenvolvimento da plataforma atrav\u00e9s do projeto intitulado: \u201c<em>Mapeamento Digital de Solos em \u00c1reas de Explora\u00e7\u00e3o e Produ\u00e7\u00e3o de Petr\u00f3leo e G\u00e1s &#8211; Estudos de Caso de Campos do Norte e Nordeste do Brasil\u201d<\/em> (Contrato UFRRJ\/Fapur\/Petrobras, n\u00famero do contrato 5850.0105881.17.9).<\/strong><\/h5>\n<h5><strong>\u00a0\u00a0\u00a0\u00a0\u00a0\u00a0\u00a0\u00a0\u00a0\u00a0\u00a0\u00a0\u00a0 O projeto tamb\u00e9m contou com a colabora\u00e7\u00e3o das professoras \u00c9rika Fl\u00e1via Machado Pinheiro (DATS-IA\/UFRRJ) e Erica Souto Abreu Lima (DS-IA\/UFRRJ) nas informa\u00e7\u00f5es referentes estoque carbono no solo, bem como metais pesados e hidrocarbonetos, respectivamente. O IRD (Instituto de Radioprote\u00e7\u00e3o e Dosimetria) tamb\u00e9m auxiliou com as informa\u00e7\u00f5es de radionucl\u00eddeos (pesquisadores Maria Ang\u00e9lica Vergara Wasserman, Fernando Carlos Ara\u00fajo Ribeiro e Sergio de A. Gonzalez). Professores, pesquisadores e estudantes do Grupo de Pesquisa em \u00c1gua e Solos em Agroecossistemas (GASA-UFRRJ), foram fundamentais para fazer cr\u00edticas, apresentar sugest\u00f5es nos diversos prot\u00f3tipos. Especial agradecimento \u00e0 doutora Ana Carolina Souza Ferreira e do mestrando Jo\u00e3o Pedro Larangeira (ambos do GASA e ligados ao Programa de P\u00f3s-gradua\u00e7\u00e3o em Agronomia Ci\u00eancia do Solo \u2013 PPGA-CS) que trabalharam intensamente na revis\u00e3o de termos utilizados, usabilidade da plataforma, adapta\u00e7\u00e3o das cartas de cores de Munsell, cadastro de mapas e gerenciamento de projetos que foram utilizados para testes da plataforma.<\/strong><\/h5>\n<h5><strong>\u00a0\u00a0\u00a0\u00a0\u00a0\u00a0\u00a0\u00a0\u00a0\u00a0\u00a0\u00a0\u00a0 A \u00a0plataforma est\u00e1 em constante aperfei\u00e7oamento e amplia\u00e7\u00e3o, sendo gratuita para usu\u00e1rios que queiram contribuir com o compartilhamento de dados para a sociedade. Os desenvolvedores da plataforma est\u00e3o criando tamb\u00e9m uma rede colaborativa (Rede MultiSoils) para abrir \u00e0 comunidade em geral n\u00e3o somente o acesso \u00e0s funcionalidades da plataforma, mas tamb\u00e9m a constru\u00e7\u00e3o de parcerias para amplia\u00e7\u00e3o e aperfei\u00e7oamento da mesma.<\/strong><\/h5>\n<h5><\/h5>\n<p>&nbsp;<\/p>\n","protected":false},"excerpt":{"rendered":"<p>Plataforma MultiSoils &nbsp; O Departamento de Agrotecnologias e Sustentabildade (DATS) do Instituto de Agronomia da UFRRJ lan\u00e7ou nesse ano de <a class=\"read-more\" href=\"https:\/\/institutos.ufrrj.br\/ia\/fale-conosco\/\">&#8230; <em>leia mais <\/em> <i class=\"fa fa-long-arrow-right\"><\/i><\/a><\/p>\n","protected":false},"author":69,"featured_media":0,"parent":0,"menu_order":0,"comment_status":"closed","ping_status":"closed","template":"","meta":{"_acf_changed":false,"_themeisle_gutenberg_block_has_review":false,"footnotes":"","_links_to":"","_links_to_target":""},"class_list":["post-1576","page","type-page","status-publish","hentry"],"acf":[],"_links":{"self":[{"href":"https:\/\/institutos.ufrrj.br\/ia\/wp-json\/wp\/v2\/pages\/1576","targetHints":{"allow":["GET"]}}],"collection":[{"href":"https:\/\/institutos.ufrrj.br\/ia\/wp-json\/wp\/v2\/pages"}],"about":[{"href":"https:\/\/institutos.ufrrj.br\/ia\/wp-json\/wp\/v2\/types\/page"}],"author":[{"embeddable":true,"href":"https:\/\/institutos.ufrrj.br\/ia\/wp-json\/wp\/v2\/users\/69"}],"replies":[{"embeddable":true,"href":"https:\/\/institutos.ufrrj.br\/ia\/wp-json\/wp\/v2\/comments?post=1576"}],"version-history":[{"count":11,"href":"https:\/\/institutos.ufrrj.br\/ia\/wp-json\/wp\/v2\/pages\/1576\/revisions"}],"predecessor-version":[{"id":1872,"href":"https:\/\/institutos.ufrrj.br\/ia\/wp-json\/wp\/v2\/pages\/1576\/revisions\/1872"}],"wp:attachment":[{"href":"https:\/\/institutos.ufrrj.br\/ia\/wp-json\/wp\/v2\/media?parent=1576"}],"curies":[{"name":"wp","href":"https:\/\/api.w.org\/{rel}","templated":true}]}}