{"id":18,"date":"2016-04-14T16:39:23","date_gmt":"2016-04-14T16:39:23","guid":{"rendered":"http:\/\/institutos.ufrrj.br\/ia\/?page_id=18"},"modified":"2018-02-02T16:54:19","modified_gmt":"2018-02-02T16:54:19","slug":"historia","status":"publish","type":"page","link":"https:\/\/institutos.ufrrj.br\/ia\/historia\/","title":{"rendered":"Hist\u00f3ria"},"content":{"rendered":"<p>A hist\u00f3ria do\u00a0<strong>Instituto de Agronomia<\/strong>\u00a0da Universidade Federal Rural do Rio de Janeiro, confunde-se com a hist\u00f3ria do Ensino Agr\u00edcola no pais. Iniciou-se com a inaugura\u00e7\u00e3o da Escola Superior de Agronomia e Medicina Veterin\u00e1ria (ESAMV) em 4 de julho de 1913, possuindo um campo experimental e de pr\u00e1tica agr\u00edcola na localidade de Deodoro-RJ, sendo por\u00e9m, fechada, por falta de verbas, em 1915.\u00a0 Voltou a funcionar em mar\u00e7o de 1916, com o mesmo nome, pelo Decreto n\u00ba 12.012 de 29\/03\/1916, ano em que formou a primeira turma de Engenheiro Agr\u00f4nomos.\u00a0Pelo Decreto n\u00ba 12.894, de 28\/02\/1918, a sede da ESAMV foi transferida para a cidade de Niter\u00f3i, no Estado do Rio de Janeiro, onde se encontravam instalados a Secretaria da Agricultura e o Horto Bot\u00e2nico do Estado do Rio de Janeiro, na Alameda S\u00e3o Boa Aventura, n\u00ba 770.\u00a0Pelo Decreto n\u00ba 17.768, de 12\/04\/1927, a sede da ESAMV foi transferida de Niter\u00f3i para o edif\u00edcio onde se encontrava instalado o Departamento Nacional de Produ\u00e7\u00e3o Mineral, na Avenida Pasteur, n\u00ba 404, Praia Vermelha, Rio de Janeiro.<\/p>\n<p>Posteriormente, essas Escolas transformaram-se em Escola Nacional de Agronomia (ENA) e Escola Nacional de Veterin\u00e1ria (ENV), conforme respectivos\u00a0 Decretos n\u00ba 23.857,\u00a0 de 08\/02\/1934 ,\u00a0 e n\u00ba 23.858, de mesma data, sendo a ENA subordinada \u00e0 Diretoria de Ensino Agr\u00edcola do Departamento Nacional de Produ\u00e7\u00e3o Vegetal do Minist\u00e9rio da Agricultura.<\/p>\n<p>Ainda em mar\u00e7o de 1934, essas Escolas tiveram seus regulamentos aprovados e tornaram-se estabelecimentos padr\u00e3o de ensino agron\u00f4mico e veterin\u00e1rio do Pa\u00eds.\u00a0 Em 1936, por for\u00e7a de Portaria Ministerial, de 14\/11\/1936 (D.O. de 30\/11\/1936), tornaram-se independentes, com a aprova\u00e7\u00e3o de sues respectivos regulamentos.<\/p>\n<p>Com a Lei n\u00ba 452, de 05\/07\/1937 (D.O. de 10\/07\/1937), foi organizada a Universidade do Brasil, na qual estavam inclu\u00eddas a Escola Nacional de Agronomia e a Escola Nacional de Veterin\u00e1ria.\u00a0 Nesse ano, tiveram essas Escolas suas denomina\u00e7\u00f5es alteradas para \u201cFaculdade de Agronomia\u201d e \u201cFaculdade de Veterin\u00e1ria\u201d (Lei n\u00ba 435, D.O.de 10\/08\/1937).<\/p>\n<p>Pelo Decreto-Lei n\u00ba 982, de 23\/12\/1938, a Faculdade de Agronomia passou a\u00a0\u00f3rg\u00e3o do CNEPA \u2013 Centro Nacional de Ensino e Pesquisas Agron\u00f4micas, do Minist\u00e9rio da Agricultura.<\/p>\n<p>A Escola Nacional de Agronomia (ENA) foi incorporada \u00e0 Universidade Rural, criada em 30 de dezembro de 1943, conforme Decreto-Lei n\u00ba 6.155, que passou a ter novas denomina\u00e7\u00f5es conforme Decreto n\u00ba 48.644 de 01\/08\/1960, Lei Delegada n\u00ba\u00a09 de 1962 e Lei n\u00ba 4.759 de 20\/08\/1965, respectivamente, Universidade Rural do Rio de Janeiro, Universidade Rural do Brasil e Universidade Federal Rural do Rio de Janeiro; esta j\u00e1 na esfera do Minist\u00e9rio da Educa\u00e7\u00e3o, conforme Decreto n\u00ba 60.731 de 19\/05\/1967.<\/p>\n<p>Em 1974 foi aprovado o Estatuto e Regimento Geral da UFRRJ, conforme Parecer n\u00ba 3.716\/74 do Conselho Federal de Educa\u00e7\u00e3o, homologado pelo Exm\u00ba Senhor Ministro da Educa\u00e7\u00e3o e Cultura, em despacho exarado no Proc. GMBSB n\u00ba 005-709, publicado no D.OU. de 02\/12\/1974, modificando assim a estrutura da Institui\u00e7\u00e3o, sendo criadas Unidades Universit\u00e1rias \u2013 Institutos, e subunidades de ensino \u2013 Departamentos Did\u00e1ticos.\u00a0 Com esta reestrutura\u00e7\u00e3o foram criados entre outros, os Departamentos de Solos, Fitotecnia e Geologia, vinculados do Instituto de Agronomia.<\/p>\n","protected":false},"excerpt":{"rendered":"<p>A hist\u00f3ria do\u00a0Instituto de Agronomia\u00a0da Universidade Federal Rural do Rio de Janeiro, confunde-se com a hist\u00f3ria do Ensino Agr\u00edcola no <a class=\"read-more\" href=\"https:\/\/institutos.ufrrj.br\/ia\/historia\/\">&#8230; <em>leia mais <\/em> <i class=\"fa fa-long-arrow-right\"><\/i><\/a><\/p>\n","protected":false},"author":1,"featured_media":0,"parent":0,"menu_order":0,"comment_status":"closed","ping_status":"closed","template":"","meta":{"_acf_changed":false,"_themeisle_gutenberg_block_has_review":false,"footnotes":"","_links_to":"","_links_to_target":""},"class_list":["post-18","page","type-page","status-publish","hentry"],"acf":[],"_links":{"self":[{"href":"https:\/\/institutos.ufrrj.br\/ia\/wp-json\/wp\/v2\/pages\/18","targetHints":{"allow":["GET"]}}],"collection":[{"href":"https:\/\/institutos.ufrrj.br\/ia\/wp-json\/wp\/v2\/pages"}],"about":[{"href":"https:\/\/institutos.ufrrj.br\/ia\/wp-json\/wp\/v2\/types\/page"}],"author":[{"embeddable":true,"href":"https:\/\/institutos.ufrrj.br\/ia\/wp-json\/wp\/v2\/users\/1"}],"replies":[{"embeddable":true,"href":"https:\/\/institutos.ufrrj.br\/ia\/wp-json\/wp\/v2\/comments?post=18"}],"version-history":[{"count":4,"href":"https:\/\/institutos.ufrrj.br\/ia\/wp-json\/wp\/v2\/pages\/18\/revisions"}],"predecessor-version":[{"id":127,"href":"https:\/\/institutos.ufrrj.br\/ia\/wp-json\/wp\/v2\/pages\/18\/revisions\/127"}],"wp:attachment":[{"href":"https:\/\/institutos.ufrrj.br\/ia\/wp-json\/wp\/v2\/media?parent=18"}],"curies":[{"name":"wp","href":"https:\/\/api.w.org\/{rel}","templated":true}]}}