{"id":34,"date":"2016-04-14T16:49:19","date_gmt":"2016-04-14T16:49:19","guid":{"rendered":"http:\/\/institutos.ufrrj.br\/ia\/?page_id=34"},"modified":"2025-06-24T09:01:43","modified_gmt":"2025-06-24T12:01:43","slug":"contato","status":"publish","type":"page","link":"https:\/\/institutos.ufrrj.br\/ia\/contato\/","title":{"rendered":"Redes Sociais"},"content":{"rendered":"<h3><strong>Fique por dentro de todas as novidades em nossas p\u00e1ginas:<\/strong><\/h3>\n<p>&nbsp;<\/p>\n<p><strong>PERFIL PRINCIPAL <\/strong>&#8211; INSTAGRAM: <span style=\"color: #00ccff\"><a style=\"color: #00ccff\" href=\"https:\/\/www.instagram.com\/inst.agronomia.ufrrj\/\">@inst.agronomia.ufrrj<\/a><\/span><br \/>\n<strong>PERFIL PRINCIPAL <\/strong>&#8211; FACEBOO<span style=\"color: #000000\">K<\/span><span style=\"color: #00ccff\"><span style=\"color: #000000\">:<\/span> <a style=\"color: #00ccff\" href=\"https:\/\/www.facebook.com\/inst.agronomia.ufrrj\">Instituto de Agronomia- UFRRJ<\/a><\/span><\/p>\n<p>&nbsp;<\/p>\n<h3><strong>P\u00d3S-GRADUA\u00c7\u00c3O:<\/strong><\/h3>\n<p>PPGF &#8211; INSTAGRAM:<span style=\"color: #00ccff\"> <a style=\"color: #00ccff\" href=\"https:\/\/www.instagram.com\/fitotecniaufrrj\/\">@fitotecniaufrrj\u00a0<\/a><\/span><\/p>\n<p>PPGA-CS &#8211; INSTAGRAM:<span style=\"color: #00ccff\"> <a style=\"color: #00ccff\" href=\"https:\/\/www.instagram.com\/ppgacs?utm_source=ig_web_button_share_sheet&amp;igsh=ZDNlZDc0MzIxNw==\">@ppgacs<\/a><\/span><\/p>\n<p>PPGAO &#8211; INSTAGRAM: <span style=\"color: #00ccff\"><a style=\"color: #00ccff\" href=\"https:\/\/www.instagram.com\/ppgao_ufrrj?utm_source=ig_web_button_share_sheet&amp;igsh=ZDNlZDc0MzIxNw==\">@ppgao_ufrrj<\/a><\/span><\/p>\n<p>PPGEA &#8211; INSTAGRAM: <span style=\"color: #00ccff\"><a style=\"color: #00ccff\" href=\"https:\/\/www.instagram.com\/ppgea.ufrrj?utm_source=ig_web_button_share_sheet&amp;igsh=ZDNlZDc0MzIxNw==\">@ppgea.ufrrj<\/a><\/span><\/p>\n<p>&nbsp;<\/p>\n<h3><strong>LABORAT\u00d3RIOS:<\/strong><\/h3>\n<p>LSP &#8211; INSTAGRAM: <span style=\"color: #00ccff\"><a style=\"color: #00ccff\" href=\"https:\/\/www.instagram.com\/lsp.ufrrj?utm_source=ig_web_button_share_sheet&amp;igsh=ZDNlZDc0MzIxNw==\">@lsp.ufrrj<\/a><\/span><\/p>\n<p>LGCS \u00b7 LIEA \u00b7 LISA &#8211; INSTAGRAM:<span style=\"color: #00ccff\"> <a style=\"color: #00ccff\" href=\"https:\/\/www.instagram.com\/lgcs.ufrrj?utm_source=ig_web_button_share_sheet&amp;igsh=ZDNlZDc0MzIxNw==\">@lgcs.ufrrj<\/a><\/span><\/p>\n<p>LabFPC &#8211; INSTAGRAM: <span style=\"color: #00ccff\"><a style=\"color: #00ccff\" href=\"https:\/\/www.instagram.com\/labfpc?utm_source=ig_web_button_share_sheet&amp;igsh=ZDNlZDc0MzIxNw==\">@labfpc<\/a><\/span><\/p>\n<p>LabPDPA &#8211; INSTAGRAM: <span style=\"color: #00ccff\"><a style=\"color: #00ccff\" href=\"https:\/\/www.instagram.com\/pdpaufrrj?utm_source=ig_web_button_share_sheet&amp;igsh=ZDNlZDc0MzIxNw==\">@pdpaufrrj<\/a><\/span><\/p>\n<p>LAQUIPO &#8211; INSTAGRAM: <span style=\"color: #00ccff\"><a style=\"color: #00ccff\" href=\"https:\/\/www.instagram.com\/laquipo.ufrrj?utm_source=ig_web_button_share_sheet&amp;igsh=ZDNlZDc0MzIxNw==\">@laquipo.uffrj<\/a><\/span><\/p>\n<p>LQBS &#8211; INSTAGRAM: <span style=\"color: #00ccff\"><a style=\"color: #00ccff\" href=\"https:\/\/www.instagram.com\/lqbs.ufrrj?utm_source=ig_web_button_share_sheet&amp;igsh=ZDNlZDc0MzIxNw==\">@lqbs.ufrrj<\/a><\/span><\/p>\n<p>LNMP &#8211; INSTAGRAM:\u00a0<span style=\"color: #00ccff\"><a style=\"color: #00ccff\" href=\"https:\/\/www.instagram.com\/lnmpufrrj?utm_source=ig_web_button_share_sheet&amp;igsh=ZDNlZDc0MzIxNw==\">@lnmpufrrj<\/a><\/span><\/p>\n<p>&nbsp;<\/p>\n<h3><strong>SIMP\u00d3SIO:<\/strong><\/h3>\n<p>ABC &#8211; INSTAGRAM: <span style=\"color: #00ccff\"><a style=\"color: #00ccff\" href=\"https:\/\/www.instagram.com\/abcsimposio?utm_source=ig_web_button_share_sheet&amp;igsh=ZDNlZDc0MzIxNw==\">@abcsimposio<\/a><\/span><\/p>\n","protected":false},"excerpt":{"rendered":"<p>Fique por dentro de todas as novidades em nossas p\u00e1ginas: &nbsp; PERFIL PRINCIPAL &#8211; INSTAGRAM: @inst.agronomia.ufrrj PERFIL PRINCIPAL &#8211; FACEBOOK: <a class=\"read-more\" href=\"https:\/\/institutos.ufrrj.br\/ia\/contato\/\">&#8230; <em>leia mais <\/em> <i class=\"fa fa-long-arrow-right\"><\/i><\/a><\/p>\n","protected":false},"author":20,"featured_media":0,"parent":0,"menu_order":0,"comment_status":"closed","ping_status":"closed","template":"","meta":{"_acf_changed":false,"_themeisle_gutenberg_block_has_review":false,"footnotes":"","_links_to":"","_links_to_target":""},"class_list":["post-34","page","type-page","status-publish","hentry"],"acf":[],"_links":{"self":[{"href":"https:\/\/institutos.ufrrj.br\/ia\/wp-json\/wp\/v2\/pages\/34","targetHints":{"allow":["GET"]}}],"collection":[{"href":"https:\/\/institutos.ufrrj.br\/ia\/wp-json\/wp\/v2\/pages"}],"about":[{"href":"https:\/\/institutos.ufrrj.br\/ia\/wp-json\/wp\/v2\/types\/page"}],"author":[{"embeddable":true,"href":"https:\/\/institutos.ufrrj.br\/ia\/wp-json\/wp\/v2\/users\/20"}],"replies":[{"embeddable":true,"href":"https:\/\/institutos.ufrrj.br\/ia\/wp-json\/wp\/v2\/comments?post=34"}],"version-history":[{"count":21,"href":"https:\/\/institutos.ufrrj.br\/ia\/wp-json\/wp\/v2\/pages\/34\/revisions"}],"predecessor-version":[{"id":1008,"href":"https:\/\/institutos.ufrrj.br\/ia\/wp-json\/wp\/v2\/pages\/34\/revisions\/1008"}],"wp:attachment":[{"href":"https:\/\/institutos.ufrrj.br\/ia\/wp-json\/wp\/v2\/media?parent=34"}],"curies":[{"name":"wp","href":"https:\/\/api.w.org\/{rel}","templated":true}]}}