{"id":53,"date":"2016-04-15T14:33:40","date_gmt":"2016-04-15T14:33:40","guid":{"rendered":"http:\/\/institutos.ufrrj.br\/ia\/?page_id=53"},"modified":"2022-03-03T18:11:06","modified_gmt":"2022-03-03T21:11:06","slug":"fitotecnia","status":"publish","type":"page","link":"https:\/\/institutos.ufrrj.br\/ia\/fitotecnia\/","title":{"rendered":"Fitotecnia"},"content":{"rendered":"<p><span style=\"color: #000000\"><strong>HIST\u00d3RICO<\/strong><\/span><\/p>\n<p style=\"text-align: left\"><span style=\"color: #000000\">\u00a0 \u00a0 \u00a0 \u00a0 O\u00a0Departamento de Fitotecnia\u00a0da UFRRJ, foi criado oficialmente em 1974, quando\u00a0\u00a0aprovado o Estatuto e Regimento Geral da UFRRJ, conforme Parecer n\u00ba 3.716\/74 do Conselho Federal de Educa\u00e7\u00e3o, homologado pelo Exm\u00ba Senhor Ministro da Educa\u00e7\u00e3o e Cultura, em despacho exarado no Proc. GMBSB n\u00ba 005-709, publicado no D.OU. de 02\/12\/1974, modificando assim a estrutura da Institui\u00e7\u00e3o, sendo criadas Unidades Universit\u00e1rias \u2013 Institutos, e subunidades de ensino \u2013 Departamentos Did\u00e1ticos.<\/span><\/p>\n","protected":false},"excerpt":{"rendered":"<p>HIST\u00d3RICO \u00a0 \u00a0 \u00a0 \u00a0 O\u00a0Departamento de Fitotecnia\u00a0da UFRRJ, foi criado oficialmente em 1974, quando\u00a0\u00a0aprovado o Estatuto e Regimento Geral <a class=\"read-more\" href=\"https:\/\/institutos.ufrrj.br\/ia\/fitotecnia\/\">&#8230; <em>leia mais <\/em> <i class=\"fa fa-long-arrow-right\"><\/i><\/a><\/p>\n","protected":false},"author":20,"featured_media":0,"parent":0,"menu_order":0,"comment_status":"closed","ping_status":"closed","template":"","meta":{"_acf_changed":false,"_themeisle_gutenberg_block_has_review":false,"footnotes":"","_links_to":"","_links_to_target":""},"class_list":["post-53","page","type-page","status-publish","hentry"],"acf":[],"_links":{"self":[{"href":"https:\/\/institutos.ufrrj.br\/ia\/wp-json\/wp\/v2\/pages\/53","targetHints":{"allow":["GET"]}}],"collection":[{"href":"https:\/\/institutos.ufrrj.br\/ia\/wp-json\/wp\/v2\/pages"}],"about":[{"href":"https:\/\/institutos.ufrrj.br\/ia\/wp-json\/wp\/v2\/types\/page"}],"author":[{"embeddable":true,"href":"https:\/\/institutos.ufrrj.br\/ia\/wp-json\/wp\/v2\/users\/20"}],"replies":[{"embeddable":true,"href":"https:\/\/institutos.ufrrj.br\/ia\/wp-json\/wp\/v2\/comments?post=53"}],"version-history":[{"count":14,"href":"https:\/\/institutos.ufrrj.br\/ia\/wp-json\/wp\/v2\/pages\/53\/revisions"}],"predecessor-version":[{"id":672,"href":"https:\/\/institutos.ufrrj.br\/ia\/wp-json\/wp\/v2\/pages\/53\/revisions\/672"}],"wp:attachment":[{"href":"https:\/\/institutos.ufrrj.br\/ia\/wp-json\/wp\/v2\/media?parent=53"}],"curies":[{"name":"wp","href":"https:\/\/api.w.org\/{rel}","templated":true}]}}