{"id":554,"date":"2021-12-07T11:04:45","date_gmt":"2021-12-07T14:04:45","guid":{"rendered":"http:\/\/institutos.ufrrj.br\/ia\/?page_id=554"},"modified":"2022-02-16T09:32:18","modified_gmt":"2022-02-16T12:32:18","slug":"extensao","status":"publish","type":"page","link":"https:\/\/institutos.ufrrj.br\/ia\/fitotecnia\/extensao\/","title":{"rendered":"Extens\u00e3o"},"content":{"rendered":"<p style=\"text-align: left\">A Extens\u00e3o Universit\u00e1ria tem como objetivo fundamental aquilo que conceitua este eixo do trip\u00e9 da universidade. Na Educa\u00e7\u00e3o Superior Brasileira, a extens\u00e3o \u00e9 a atividade acad\u00eamica que integra a matriz curricular dos cursos e a organiza\u00e7\u00e3o e desenvolvimento da pesquisa e intera\u00e7\u00e3o com diversas comunidades externas e internas \u00e0s institui\u00e7\u00f5es. Ela se constitui em movimento, em seu processo de encontros das diversas a\u00e7\u00f5es acad\u00eamicas, tendendo a ser interdisciplinar e de car\u00e1ter pol\u00edtico educacional, cultural, cient\u00edfico e tecnol\u00f3gico.<\/p>\n<p style=\"text-align: left\">Portanto, a extens\u00e3o possui um car\u00e1ter din\u00e2mico e de encontros de diversos saberes, promovendo a intera\u00e7\u00e3o transformadora entre as institui\u00e7\u00f5es de ensino superior e os outros setores da sociedade, por meio da produ\u00e7\u00e3o e da aplica\u00e7\u00e3o do conhecimento.<\/p>\n<p><a href=\"https:\/\/portal.ufrrj.br\/pro-reitoria-de-extensao\/\">https:\/\/portal.ufrrj.br\/pro-reitoria-de-extensao\/<\/a><\/p>\n","protected":false},"excerpt":{"rendered":"<p>A Extens\u00e3o Universit\u00e1ria tem como objetivo fundamental aquilo que conceitua este eixo do trip\u00e9 da universidade. Na Educa\u00e7\u00e3o Superior Brasileira, <a class=\"read-more\" href=\"https:\/\/institutos.ufrrj.br\/ia\/fitotecnia\/extensao\/\">&#8230; <em>leia mais <\/em> <i class=\"fa fa-long-arrow-right\"><\/i><\/a><\/p>\n","protected":false},"author":20,"featured_media":0,"parent":53,"menu_order":0,"comment_status":"closed","ping_status":"closed","template":"","meta":{"_acf_changed":false,"_themeisle_gutenberg_block_has_review":false,"footnotes":"","_links_to":"","_links_to_target":""},"class_list":["post-554","page","type-page","status-publish","hentry"],"acf":[],"_links":{"self":[{"href":"https:\/\/institutos.ufrrj.br\/ia\/wp-json\/wp\/v2\/pages\/554","targetHints":{"allow":["GET"]}}],"collection":[{"href":"https:\/\/institutos.ufrrj.br\/ia\/wp-json\/wp\/v2\/pages"}],"about":[{"href":"https:\/\/institutos.ufrrj.br\/ia\/wp-json\/wp\/v2\/types\/page"}],"author":[{"embeddable":true,"href":"https:\/\/institutos.ufrrj.br\/ia\/wp-json\/wp\/v2\/users\/20"}],"replies":[{"embeddable":true,"href":"https:\/\/institutos.ufrrj.br\/ia\/wp-json\/wp\/v2\/comments?post=554"}],"version-history":[{"count":3,"href":"https:\/\/institutos.ufrrj.br\/ia\/wp-json\/wp\/v2\/pages\/554\/revisions"}],"predecessor-version":[{"id":651,"href":"https:\/\/institutos.ufrrj.br\/ia\/wp-json\/wp\/v2\/pages\/554\/revisions\/651"}],"up":[{"embeddable":true,"href":"https:\/\/institutos.ufrrj.br\/ia\/wp-json\/wp\/v2\/pages\/53"}],"wp:attachment":[{"href":"https:\/\/institutos.ufrrj.br\/ia\/wp-json\/wp\/v2\/media?parent=554"}],"curies":[{"name":"wp","href":"https:\/\/api.w.org\/{rel}","templated":true}]}}