{"id":557,"date":"2021-12-07T11:09:10","date_gmt":"2021-12-07T14:09:10","guid":{"rendered":"http:\/\/institutos.ufrrj.br\/ia\/?page_id=557"},"modified":"2023-07-26T16:08:07","modified_gmt":"2023-07-26T19:08:07","slug":"agrotecnologias","status":"publish","type":"page","link":"https:\/\/institutos.ufrrj.br\/ia\/agrotecnologias\/","title":{"rendered":"Agrotecnologias e Sustentabilidade"},"content":{"rendered":"<p>&nbsp;<\/p>\n<h4 style=\"text-align: center\"><strong>BEM VINDO AO DEPARTAMENTO DE AGROTECNOLOGIAS E SUSTENTABILIDADE<\/strong><\/h4>\n<p>&nbsp;<\/p>\n<p><strong>NOSSA MISS\u00c3O<\/strong><\/p>\n<p>O Departamento de Agrotecnologias e Sustentabilidade tem a miss\u00e3o de desenvolver ensino, pesquisa e extens\u00e3o de excel\u00eancia nos diversos campos tecnol\u00f3gicos aplicados \u00e0 agricultura, com a clara e inequ\u00edvoca percep\u00e7\u00e3o da import\u00e2ncia dos crit\u00e9rios de sustentabilidade.<\/p>\n<p><strong> <img loading=\"lazy\" decoding=\"async\" class=\"aligncenter wp-image-1458\" src=\"https:\/\/institutos.ufrrj.br\/ia\/wp-content\/uploads\/sites\/102\/2023\/07\/logo_horizonal_-1-1024x724.png\" alt=\"\" width=\"632\" height=\"447\" srcset=\"https:\/\/institutos.ufrrj.br\/ia\/wp-content\/uploads\/sites\/102\/2023\/07\/logo_horizonal_-1-1024x724.png 1024w, https:\/\/institutos.ufrrj.br\/ia\/wp-content\/uploads\/sites\/102\/2023\/07\/logo_horizonal_-1-300x212.png 300w, https:\/\/institutos.ufrrj.br\/ia\/wp-content\/uploads\/sites\/102\/2023\/07\/logo_horizonal_-1-768x543.png 768w, https:\/\/institutos.ufrrj.br\/ia\/wp-content\/uploads\/sites\/102\/2023\/07\/logo_horizonal_-1-1536x1086.png 1536w, https:\/\/institutos.ufrrj.br\/ia\/wp-content\/uploads\/sites\/102\/2023\/07\/logo_horizonal_-1.png 2000w\" sizes=\"auto, (max-width: 632px) 100vw, 632px\" \/><\/strong><\/p>\n","protected":false},"excerpt":{"rendered":"<p>&nbsp; BEM VINDO AO DEPARTAMENTO DE AGROTECNOLOGIAS E SUSTENTABILIDADE &nbsp; NOSSA MISS\u00c3O O Departamento de Agrotecnologias e Sustentabilidade tem a <a class=\"read-more\" href=\"https:\/\/institutos.ufrrj.br\/ia\/agrotecnologias\/\">&#8230; <em>leia mais <\/em> <i class=\"fa fa-long-arrow-right\"><\/i><\/a><\/p>\n","protected":false},"author":20,"featured_media":0,"parent":0,"menu_order":0,"comment_status":"closed","ping_status":"closed","template":"","meta":{"_acf_changed":false,"_themeisle_gutenberg_block_has_review":false,"footnotes":"","_links_to":"","_links_to_target":""},"class_list":["post-557","page","type-page","status-publish","hentry"],"acf":[],"_links":{"self":[{"href":"https:\/\/institutos.ufrrj.br\/ia\/wp-json\/wp\/v2\/pages\/557","targetHints":{"allow":["GET"]}}],"collection":[{"href":"https:\/\/institutos.ufrrj.br\/ia\/wp-json\/wp\/v2\/pages"}],"about":[{"href":"https:\/\/institutos.ufrrj.br\/ia\/wp-json\/wp\/v2\/types\/page"}],"author":[{"embeddable":true,"href":"https:\/\/institutos.ufrrj.br\/ia\/wp-json\/wp\/v2\/users\/20"}],"replies":[{"embeddable":true,"href":"https:\/\/institutos.ufrrj.br\/ia\/wp-json\/wp\/v2\/comments?post=557"}],"version-history":[{"count":30,"href":"https:\/\/institutos.ufrrj.br\/ia\/wp-json\/wp\/v2\/pages\/557\/revisions"}],"predecessor-version":[{"id":1871,"href":"https:\/\/institutos.ufrrj.br\/ia\/wp-json\/wp\/v2\/pages\/557\/revisions\/1871"}],"wp:attachment":[{"href":"https:\/\/institutos.ufrrj.br\/ia\/wp-json\/wp\/v2\/media?parent=557"}],"curies":[{"name":"wp","href":"https:\/\/api.w.org\/{rel}","templated":true}]}}