{"id":562,"date":"2021-12-07T11:14:37","date_gmt":"2021-12-07T14:14:37","guid":{"rendered":"http:\/\/institutos.ufrrj.br\/ia\/?page_id=562"},"modified":"2023-08-23T09:07:16","modified_gmt":"2023-08-23T12:07:16","slug":"corpo-docente","status":"publish","type":"page","link":"https:\/\/institutos.ufrrj.br\/ia\/agrotecnologias\/corpo-docente\/","title":{"rendered":"DOCENTES"},"content":{"rendered":"<h4><\/h4>\n<p>&nbsp;<\/p>\n<p>&nbsp;<\/p>\n<h4><strong>ADELSON PAULO DE ARA\u00daJO<\/strong><\/h4>\n<p>Professor Titular<\/p>\n<p>E-mail:\u00a0aparaujo@ufrrj.br<\/p>\n<p><strong>\u00c1reas de interesse<\/strong><\/p>\n<p>Nutri\u00e7\u00e3o Mineral de Plantas, Fertilidade do Solo e Ciclagem de Nutrientes<\/p>\n<p><a href=\"http:\/\/lattes.cnpq.br\/5394022232015318\">http:\/\/lattes.cnpq.br\/5394022232015318<\/a><\/p>\n<p><a href=\"https:\/\/orcid.org\/0000-0002-4106-6175\">https:\/\/orcid.org\/0000-0002-4106-6175<\/a><\/p>\n<p>&nbsp;<\/p>\n<p><strong>ANELISE DIAS<\/strong><\/p>\n<p>Professora Associado<\/p>\n<p>E-mail:\u00a0anelisedias@gmail.com<\/p>\n<p><strong>\u00c1reas de interesse<\/strong><\/p>\n<p>Sistemas agroalimentares locais\/agroecologia e agricultura org\u00e2nica; comercializa\u00e7\u00e3o e pol\u00edticas p\u00fablicas para agricultura familiar; promo\u00e7\u00e3o de crescimento de hortali\u00e7as e fixa\u00e7\u00e3o biol\u00f3gica de nitrog\u00eanio em leguminosas<\/p>\n<p><a href=\"http:\/\/lattes.cnpq.br\/1541468600424364\">http:\/\/lattes.cnpq.br\/1541468600424364<\/a><\/p>\n<p><a href=\"https:\/\/orcid.org\/0000-0002-3695-6958\">https:\/\/orcid.org\/0000-0002-3695-6958<\/a><\/p>\n<p>&nbsp;<\/p>\n<p><strong>ANT\u00d4NIO CARLOS DE SOUSA ABBOUD<\/strong><\/p>\n<p>Professor Titular<\/p>\n<p>E-mail:\u00a0abboud.acs@gmail.com<\/p>\n<p><strong>\u00c1reas de interesse<\/strong><br \/>\nAgroecologia e Agricultura Org\u00e2nica<\/p>\n<p><a href=\"http:\/\/lattes.cnpq.br\/7139999082801561\">http:\/\/lattes.cnpq.br\/7139999082801561<\/a><\/p>\n<p><a href=\"https:\/\/orcid.org\/0000-0001-6054-071X\">https:\/\/orcid.org\/0000-0001-6054-071X<\/a><\/p>\n<p>&nbsp;<\/p>\n<p><strong>CARLOS ALBERTO BUCHER<\/strong><\/p>\n<p>Professor Associado<\/p>\n<p>E-mail:\u00a0carlos.bucher@gmail.com<\/p>\n<p><strong>\u00c1reas de interesse: <\/strong>efici\u00eancia de uso de nitrog\u00eanio, metabolismo de nitrog\u00eanio, controle da absor\u00e7\u00e3o de nitrog\u00eanio, express\u00e3o g\u00eanica, cultivo in vitro<br \/>\nhttp:\/\/lattes.cnpq.br\/9011597325479363<\/p>\n<p><strong>\u00a0<\/strong><\/p>\n<p><strong>CLAUDIA ANTONIA VIEIRA ROSSETTO<\/strong><\/p>\n<p>Professora Titular<\/p>\n<p>E-mail:\u00a0<a href=\"mailto:cavrossetto@gmail.com\">cavrossetto@gmail.com<\/a><\/p>\n<p><strong>\u00c1reas de interesse: <\/strong>Produ\u00e7\u00e3o, fisiologia e tecnologia de sementes<br \/>\n<strong>Lab<\/strong><\/p>\n<p>Laborat\u00f3rio de An\u00e1lises de Sementes (LAS)<\/p>\n<p><a href=\"http:\/\/lattes.cnpq.br\/1297230815845355\">http:\/\/lattes.cnpq.br\/1297230815845355<\/a><\/p>\n<p><a href=\"https:\/\/orcid.org\/0000-0002-4368-7119\">https:\/\/orcid.org\/0000-0002-4368-7119<\/a><\/p>\n<p><strong>\u00a0<\/strong><\/p>\n<p><strong>\u00c9RIKA FL\u00c1VIA MACHADO PINHEIRO <\/strong><\/p>\n<p><strong>\u00a0<\/strong>Professora Associado<\/p>\n<p>E-mail:\u00a0erika@ufrrj.br<\/p>\n<p><strong>\u00c1reas de interesse: <\/strong>Din\u00e2mica da mat\u00e9ria org\u00e2nica do solo em ambientes tropicais; Tratamento de res\u00edduos org\u00e2nicos para agricultura; Produ\u00e7\u00e3o de insumos agr\u00edcolas<\/p>\n<p><strong>Lab<\/strong><\/p>\n<p>Laborat\u00f3rio de Mat\u00e9ria Org\u00e2nica do Solo<\/p>\n<p>Laborat\u00f3rio de Gest\u00e3o de Solo, \u00c1gua e Res\u00edduos (LASAR)<\/p>\n<p><a href=\"http:\/\/lattes.cnpq.br\/8101589624388403\">http:\/\/lattes.cnpq.br\/8101589624388403<\/a><\/p>\n<p><a href=\"https:\/\/orcid.org\/0000-0001-9039-4127\">https:\/\/orcid.org\/0000-0001-9039-4127<\/a><\/p>\n<p><strong>\u00a0<\/strong><\/p>\n<p><strong>JOAO SEBASTI\u00c3O DE PAULA ARA\u00daJO<\/strong><\/p>\n<p>Professor Associado<\/p>\n<p>E-mail:\u00a0araujoft@ufrrj.br<\/p>\n<p><strong>\u00c1reas de interesse: <\/strong>Agroecologia, agricultura org\u00e2nica, defesa sanit\u00e1ria vegetal, diagnose de enfermidades vegetais, propaga\u00e7\u00e3o de plantas, orqu\u00eddeas e brom\u00e9lia, plantas ornamentais tropicais, floricultura, arboricultura, medicinais, fitobacteriologia, prote\u00e7\u00e3o de cultivares, cana-de-a\u00e7\u00facar, algod\u00e3o, mandioca e biocombust\u00edveis.<\/p>\n<p><strong>Lab<\/strong><\/p>\n<p>Laborat\u00f3rio de Propaga\u00e7\u00e3o de Plantas (LPP)<\/p>\n<p>Laborat\u00f3rio de Cl\u00ednica Vegetal (LCV)<\/p>\n<p>Laborat\u00f3rio de Cultura de Tecidos\u00a0Vegetais (LCTV)<\/p>\n<p>Laborat\u00f3rio de Fitossanidade<\/p>\n<p><a href=\"http:\/\/lattes.cnpq.br\/4668715535047425\">http:\/\/lattes.cnpq.br\/4668715535047425<\/a><\/p>\n<p><a href=\"https:\/\/orcid.org\/0000-0003-4970-9443\">https:\/\/orcid.org\/0000-0003-4970-9443<\/a><\/p>\n<p>&nbsp;<\/p>\n<p><strong>LEANDRO AZEVEDO<\/strong><\/p>\n<p>Professor Associado<\/p>\n<p>E-mail:\u00a0azevedo.ufrrj@gmail.com<\/p>\n<p><strong>\u00c1reas de interesse: <\/strong>Nutri\u00e7\u00e3o Mineral de Plantas, Biologia Molecular, Biotecnologia Vegetal e Fisiologia Vegetal<\/p>\n<p><strong>Lab<\/strong><\/p>\n<p>Laborat\u00f3rio de Nutri\u00e7\u00e3o Mineral de Plantas (LNMP)<\/p>\n<p><a href=\"http:\/\/lattes.cnpq.br\/4704465400011358\">http:\/\/lattes.cnpq.br\/4704465400011358<\/a><\/p>\n<p><a href=\"https:\/\/orcid.org\/0000-0002-2595-9432\">https:\/\/orcid.org\/0000-0002-2595-9432<\/a><\/p>\n<p><strong>\u00a0<\/strong><strong>\u00a0<\/strong><\/p>\n<p><strong>MARCOS BACIS CEDDIA<\/strong><\/p>\n<p>Professor Titular<\/p>\n<p>E-mail:\u00a0marcosceddia@gmail.com<\/p>\n<p><strong>\u00c1reas de interesse: <\/strong>Mapeamento Digital de solos, atuando principalmente nos seguintes temas: f\u00edsica do solo, geoestat\u00edstica, agroecologia e agricultura digital.<\/p>\n<p><strong>Lab<\/strong><\/p>\n<p>Laborat\u00f3rio de \u00c1gua e Solo em Agroecossistemas (LASA)<\/p>\n<p>Laborat\u00f3rio de Agricultura Digital (LAD)<\/p>\n<p>Laborat\u00f3rio de Gest\u00e3o de Solo, \u00c1gua e Res\u00edduos (LAGSAR)<\/p>\n<p><a href=\"http:\/\/lattes.cnpq.br\/2115137917689655\">http:\/\/lattes.cnpq.br\/2115137917689655<\/a><\/p>\n<p><a href=\"https:\/\/orcid.org\/0000-0002-8611-314X\">https:\/\/orcid.org\/0000-0002-8611-314X<\/a><\/p>\n<p>&nbsp;<\/p>\n<p><strong>\u00a0<\/strong><strong>NELSON MOURA BRASIL DO AMARAL SOBRINHO<\/strong><\/p>\n<p>Professor Titular<\/p>\n<p>E-mail:\u00a0nmbdas@gmail.com<\/p>\n<p><strong>\u00c1reas de interesse: <\/strong>Polui\u00e7\u00e3o do Solo, atuando principalmente nos seguintes temas: metais pesados, res\u00edduos industriais, contamina\u00e7\u00e3o ambiental por metais pesados, remedia\u00e7\u00e3o de \u00e1reas contaminadas e fitorremedia\u00e7\u00e3o.<\/p>\n<p><a href=\"http:\/\/lattes.cnpq.br\/8349031396398015\">http:\/\/lattes.cnpq.br\/8349031396398015<\/a><\/p>\n<p><a href=\"https:\/\/orcid.org\/0000-0002-5053-7338\">https:\/\/orcid.org\/0000-0002-5053-7338<\/a><\/p>\n<p>&nbsp;<\/p>\n<p><strong>PEDRO CORREA DAMASCENO JUNIOR<\/strong><\/p>\n<p>Professor Associado<\/p>\n<p>E-mail:\u00a0damascenojunior2009@gmail.com<\/p>\n<p><strong>\u00c1reas de interesse: <\/strong>melhoramento gen\u00e9tico visando a produ\u00e7\u00e3o de metab\u00f3litos secund\u00e1rios em esp\u00e9cies vegetais com potencial medicinal.<\/p>\n<p><strong>Lab<\/strong><\/p>\n<p>Laborat\u00f3rio de Citogen\u00e9tica e Biologia Molecular de Plantas (LCBMP)<\/p>\n<p>Laborat\u00f3rio de Recursos Gen\u00e9ticos Vegetais (LRGV)<\/p>\n<p><a href=\"http:\/\/lattes.cnpq.br\/3493599001978076\">http:\/\/lattes.cnpq.br\/3493599001978076<\/a><\/p>\n<p><a href=\"https:\/\/orcid.org\/0000-0001-8879-4850\">https:\/\/orcid.org\/0000-0001-8879-4850<\/a><\/p>\n<p><strong>\u00a0<\/strong><\/p>\n<p><strong>\u00a0<\/strong><strong>RICARDO MOTTA MIRANDA<\/strong><\/p>\n<p>Professor Titular<\/p>\n<p>E-mail:\u00a0<a href=\"mailto:rmottam@ufrrj.br\"><strong>rmottam@ufrrj.br<\/strong><\/a><\/p>\n<p><strong>\u00c1reas de interesse: <\/strong>Fisiologia de Plantas Cultivadas, atuando principalmente nos seguintes temas: paisagismo, floricultura e pantas ornamentais, cultura de tecidos vegetais, micropropaga\u00e7\u00e3o, regula\u00e7\u00e3o fisiol\u00f3gica do crescimento e desenvolvimento de plantas.<\/p>\n<p>http:\/\/lattes.cnpq.br\/3898126903821400<img loading=\"lazy\" decoding=\"async\" class=\" wp-image-1458 aligncenter\" src=\"https:\/\/institutos.ufrrj.br\/ia\/wp-content\/uploads\/sites\/102\/2023\/07\/logo_horizonal_-1-300x212.png\" alt=\"\" width=\"410\" height=\"290\" srcset=\"https:\/\/institutos.ufrrj.br\/ia\/wp-content\/uploads\/sites\/102\/2023\/07\/logo_horizonal_-1-300x212.png 300w, https:\/\/institutos.ufrrj.br\/ia\/wp-content\/uploads\/sites\/102\/2023\/07\/logo_horizonal_-1-1024x724.png 1024w, https:\/\/institutos.ufrrj.br\/ia\/wp-content\/uploads\/sites\/102\/2023\/07\/logo_horizonal_-1-768x543.png 768w, https:\/\/institutos.ufrrj.br\/ia\/wp-content\/uploads\/sites\/102\/2023\/07\/logo_horizonal_-1-1536x1086.png 1536w, https:\/\/institutos.ufrrj.br\/ia\/wp-content\/uploads\/sites\/102\/2023\/07\/logo_horizonal_-1.png 2000w\" sizes=\"auto, (max-width: 410px) 100vw, 410px\" \/><\/p>\n","protected":false},"excerpt":{"rendered":"<p>&nbsp; &nbsp; ADELSON PAULO DE ARA\u00daJO Professor Titular E-mail:\u00a0aparaujo@ufrrj.br \u00c1reas de interesse Nutri\u00e7\u00e3o Mineral de Plantas, Fertilidade do Solo e <a class=\"read-more\" href=\"https:\/\/institutos.ufrrj.br\/ia\/agrotecnologias\/corpo-docente\/\">&#8230; <em>leia mais <\/em> <i class=\"fa fa-long-arrow-right\"><\/i><\/a><\/p>\n","protected":false},"author":20,"featured_media":0,"parent":557,"menu_order":0,"comment_status":"closed","ping_status":"closed","template":"","meta":{"_acf_changed":false,"_themeisle_gutenberg_block_has_review":false,"footnotes":"","_links_to":"","_links_to_target":""},"class_list":["post-562","page","type-page","status-publish","hentry"],"acf":[],"_links":{"self":[{"href":"https:\/\/institutos.ufrrj.br\/ia\/wp-json\/wp\/v2\/pages\/562","targetHints":{"allow":["GET"]}}],"collection":[{"href":"https:\/\/institutos.ufrrj.br\/ia\/wp-json\/wp\/v2\/pages"}],"about":[{"href":"https:\/\/institutos.ufrrj.br\/ia\/wp-json\/wp\/v2\/types\/page"}],"author":[{"embeddable":true,"href":"https:\/\/institutos.ufrrj.br\/ia\/wp-json\/wp\/v2\/users\/20"}],"replies":[{"embeddable":true,"href":"https:\/\/institutos.ufrrj.br\/ia\/wp-json\/wp\/v2\/comments?post=562"}],"version-history":[{"count":12,"href":"https:\/\/institutos.ufrrj.br\/ia\/wp-json\/wp\/v2\/pages\/562\/revisions"}],"predecessor-version":[{"id":1561,"href":"https:\/\/institutos.ufrrj.br\/ia\/wp-json\/wp\/v2\/pages\/562\/revisions\/1561"}],"up":[{"embeddable":true,"href":"https:\/\/institutos.ufrrj.br\/ia\/wp-json\/wp\/v2\/pages\/557"}],"wp:attachment":[{"href":"https:\/\/institutos.ufrrj.br\/ia\/wp-json\/wp\/v2\/media?parent=562"}],"curies":[{"name":"wp","href":"https:\/\/api.w.org\/{rel}","templated":true}]}}