{"id":564,"date":"2021-12-07T11:15:04","date_gmt":"2021-12-07T14:15:04","guid":{"rendered":"http:\/\/institutos.ufrrj.br\/ia\/?page_id=564"},"modified":"2026-02-19T10:02:10","modified_gmt":"2026-02-19T13:02:10","slug":"disciplinas","status":"publish","type":"page","link":"https:\/\/institutos.ufrrj.br\/ia\/agrotecnologias\/disciplinas\/","title":{"rendered":"ENSINO"},"content":{"rendered":"<p>O objetivo estrat\u00e9gico do Departamento de Agrotecnologias e Sustentabilidade (DATS) no plano de ensino da gradua\u00e7\u00e3o \u00e9 fortalecer o ensino nas disciplinas j\u00e1 oferecidas \u00e0 gradua\u00e7\u00e3o e propor novas disciplinas que atendam \u00e0 forma\u00e7\u00e3o atual, englobando tecnologias modernas e sustent\u00e1veis aplicadas \u00e0 agricultura.<\/p>\n<p>Lecionar as disciplinas em n\u00edvel de gradua\u00e7\u00e3o tem sido a miss\u00e3o fundamental do Departamento de Agrotecnologias e Sustentabilidade desde sua cria\u00e7\u00e3o. Atualmente, s\u00e3o ofertadas quatro disciplinas obrigat\u00f3rias e quatro disciplinas optativas para atender a demanda da UFRRJ em seus cursos de gradua\u00e7\u00e3o. No ano de 2023, o DATS prop\u00f4s, e a UFRRJ aprovou, um novo elenco de disciplinas para gradua\u00e7\u00e3o. As disciplinas aprovadas foram: 1) Agricultura digital; 2) Seguran\u00e7a do Solo; 3) Recupera\u00e7\u00e3o de \u00c1reas Contaminadas. Essas novas disciplinas visam a atender as novas demandas que surgem para a forma\u00e7\u00e3o do discente de Agronomia.<\/p>\n<p>&nbsp;<\/p>\n<h3>GRADUA\u00c7\u00c3O<\/h3>\n<p>No ensino da gradua\u00e7\u00e3o, os docentes do Departamento de Agrotecnologias e Sustentabilidade oferecem disciplinas aos cursos de Agronomia, Geografia, Arquitetura e Urbanismo, conforme descritas a seguir:<\/p>\n<p><u>Agronomia:<\/u><\/p>\n<p>IA-109 &#8211; Propaga\u00e7\u00e3o de Plantas<\/p>\n<p>IA-121 &#8211; Introdu\u00e7\u00e3o \u00e0 Agronomia<\/p>\n<p>IA-123 &#8211; Plantas Medicinais e Arom\u00e1ticas<\/p>\n<p>IA-131 &#8211; Agroecologia e Agricultura Org\u00e2nica<\/p>\n<p>IA-133 &#8211; Produ\u00e7\u00e3o e Fisiologia de Sementes<\/p>\n<p><span class=\"\" lang=\"PT-BR\" xml:lang=\"PT-BR\" data-contrast=\"none\"><span class=\"\">IA135 &#8211;<\/span><\/span> <span class=\"\" lang=\"PT-BR\" xml:lang=\"PT-BR\" data-contrast=\"none\"><span class=\"\">Recupera\u00e7\u00e3o de \u00c1reas Contaminadas<\/span><\/span><\/p>\n<p>IA136 &#8211;\u00a0Seguran\u00e7a do Solo<\/p>\n<p><span class=\"\" lang=\"PT-BR\" xml:lang=\"PT-BR\" data-contrast=\"none\"><span class=\"\">IA137 &#8211;<\/span><\/span> <span class=\"\" lang=\"PT-BR\" xml:lang=\"PT-BR\" data-contrast=\"none\"><span class=\"\">Agricultura Digital<\/span><\/span><\/p>\n<p><u>Geografia:<\/u><\/p>\n<p>IA-132 &#8211; Geografia e Agroecologia<\/p>\n<p>IA-325 &#8211; Pedologia Aplicada<\/p>\n<p><u>Arquitetura e Urbanismo:<\/u><\/p>\n<p>IA-125 &#8211; Paisagismo e Meio Ambiente<img loading=\"lazy\" decoding=\"async\" class=\"wp-image-1458 aligncenter\" src=\"https:\/\/institutos.ufrrj.br\/ia\/wp-content\/uploads\/sites\/102\/2023\/07\/logo_horizonal_-1-300x212.png\" alt=\"\" width=\"490\" height=\"346\" srcset=\"https:\/\/institutos.ufrrj.br\/ia\/wp-content\/uploads\/sites\/102\/2023\/07\/logo_horizonal_-1-300x212.png 300w, https:\/\/institutos.ufrrj.br\/ia\/wp-content\/uploads\/sites\/102\/2023\/07\/logo_horizonal_-1-1024x724.png 1024w, https:\/\/institutos.ufrrj.br\/ia\/wp-content\/uploads\/sites\/102\/2023\/07\/logo_horizonal_-1-768x543.png 768w, https:\/\/institutos.ufrrj.br\/ia\/wp-content\/uploads\/sites\/102\/2023\/07\/logo_horizonal_-1-1536x1086.png 1536w, https:\/\/institutos.ufrrj.br\/ia\/wp-content\/uploads\/sites\/102\/2023\/07\/logo_horizonal_-1.png 2000w\" sizes=\"auto, (max-width: 490px) 100vw, 490px\" \/><\/p>\n<p><strong>\u00a0<\/strong><\/p>\n","protected":false},"excerpt":{"rendered":"<p>O objetivo estrat\u00e9gico do Departamento de Agrotecnologias e Sustentabilidade (DATS) no plano de ensino da gradua\u00e7\u00e3o \u00e9 fortalecer o ensino <a class=\"read-more\" href=\"https:\/\/institutos.ufrrj.br\/ia\/agrotecnologias\/disciplinas\/\">&#8230; <em>leia mais <\/em> <i class=\"fa fa-long-arrow-right\"><\/i><\/a><\/p>\n","protected":false},"author":20,"featured_media":0,"parent":557,"menu_order":0,"comment_status":"closed","ping_status":"closed","template":"","meta":{"_acf_changed":false,"_themeisle_gutenberg_block_has_review":false,"footnotes":"","_links_to":"","_links_to_target":""},"class_list":["post-564","page","type-page","status-publish","hentry"],"acf":[],"_links":{"self":[{"href":"https:\/\/institutos.ufrrj.br\/ia\/wp-json\/wp\/v2\/pages\/564","targetHints":{"allow":["GET"]}}],"collection":[{"href":"https:\/\/institutos.ufrrj.br\/ia\/wp-json\/wp\/v2\/pages"}],"about":[{"href":"https:\/\/institutos.ufrrj.br\/ia\/wp-json\/wp\/v2\/types\/page"}],"author":[{"embeddable":true,"href":"https:\/\/institutos.ufrrj.br\/ia\/wp-json\/wp\/v2\/users\/20"}],"replies":[{"embeddable":true,"href":"https:\/\/institutos.ufrrj.br\/ia\/wp-json\/wp\/v2\/comments?post=564"}],"version-history":[{"count":16,"href":"https:\/\/institutos.ufrrj.br\/ia\/wp-json\/wp\/v2\/pages\/564\/revisions"}],"predecessor-version":[{"id":2406,"href":"https:\/\/institutos.ufrrj.br\/ia\/wp-json\/wp\/v2\/pages\/564\/revisions\/2406"}],"up":[{"embeddable":true,"href":"https:\/\/institutos.ufrrj.br\/ia\/wp-json\/wp\/v2\/pages\/557"}],"wp:attachment":[{"href":"https:\/\/institutos.ufrrj.br\/ia\/wp-json\/wp\/v2\/media?parent=564"}],"curies":[{"name":"wp","href":"https:\/\/api.w.org\/{rel}","templated":true}]}}