{"id":566,"date":"2021-12-07T11:15:29","date_gmt":"2021-12-07T14:15:29","guid":{"rendered":"http:\/\/institutos.ufrrj.br\/ia\/?page_id=566"},"modified":"2023-07-26T16:07:00","modified_gmt":"2023-07-26T19:07:00","slug":"pesquisa","status":"publish","type":"page","link":"https:\/\/institutos.ufrrj.br\/ia\/agrotecnologias\/pesquisa\/","title":{"rendered":"PESQUISA"},"content":{"rendered":"<p>&nbsp;<\/p>\n<p>O Departamento de Agrotecnologias e Sustentabilidade (DATS) possui projetos de pesquisa, financiados por institui\u00e7\u00f5es p\u00fablicas e privadas, que permitem a participa\u00e7\u00e3o e a forma\u00e7\u00e3o dos discentes e uma continuidade do aprendizado, atrav\u00e9s da forte intera\u00e7\u00e3o docente-discente, resultando na inicia\u00e7\u00e3o do aluno na pesquisa cient\u00edfica. O DATS possui \u00e0s seguintes linhas de pesquisa:<\/p>\n<p>&nbsp;<\/p>\n<p><strong>Tecnologias de Produ\u00e7\u00e3o e Agricultura Digital <\/strong><\/p>\n<p>Profa. Claudia Antonia Vieira Rossetto<\/p>\n<p>Prof. Marcos Bacis Ceddia<\/p>\n<p>Prof. Ricardo Motta Miranda<\/p>\n<p>&nbsp;<\/p>\n<p><strong>Sustentabilidade de Agroecossistemas<\/strong><\/p>\n<p>Prof. Adelson Ara\u00fajo<\/p>\n<p>Profa. Anelise Dias<\/p>\n<p>Prof. Ant\u00f4nio Carlos de Sousa Abboud<\/p>\n<p>Profa. \u00c9rika Fl\u00e1via Machado Pinheiro<\/p>\n<p>Prof. Joao Sebasti\u00e3o de Paula Ara\u00fajo<\/p>\n<p>Prof. Nelson Moura Brasil do Amaral Sobrinho<\/p>\n<p>&nbsp;<\/p>\n<p><strong>Biotecnologia e Inova\u00e7\u00e3o<\/strong><\/p>\n<p>Prof. Carlos Alberto Bucher<\/p>\n<p>Prof. Pedro Correa Damasceno Junior<\/p>\n<p>Prof. Leandro Azevedo<\/p>\n<p><img loading=\"lazy\" decoding=\"async\" class=\" wp-image-1458 aligncenter\" src=\"https:\/\/institutos.ufrrj.br\/ia\/wp-content\/uploads\/sites\/102\/2023\/07\/logo_horizonal_-1-300x212.png\" alt=\"\" width=\"433\" height=\"306\" srcset=\"https:\/\/institutos.ufrrj.br\/ia\/wp-content\/uploads\/sites\/102\/2023\/07\/logo_horizonal_-1-300x212.png 300w, https:\/\/institutos.ufrrj.br\/ia\/wp-content\/uploads\/sites\/102\/2023\/07\/logo_horizonal_-1-1024x724.png 1024w, https:\/\/institutos.ufrrj.br\/ia\/wp-content\/uploads\/sites\/102\/2023\/07\/logo_horizonal_-1-768x543.png 768w, https:\/\/institutos.ufrrj.br\/ia\/wp-content\/uploads\/sites\/102\/2023\/07\/logo_horizonal_-1-1536x1086.png 1536w, https:\/\/institutos.ufrrj.br\/ia\/wp-content\/uploads\/sites\/102\/2023\/07\/logo_horizonal_-1.png 2000w\" sizes=\"auto, (max-width: 433px) 100vw, 433px\" \/><\/p>\n","protected":false},"excerpt":{"rendered":"<p>&nbsp; O Departamento de Agrotecnologias e Sustentabilidade (DATS) possui projetos de pesquisa, financiados por institui\u00e7\u00f5es p\u00fablicas e privadas, que permitem <a class=\"read-more\" href=\"https:\/\/institutos.ufrrj.br\/ia\/agrotecnologias\/pesquisa\/\">&#8230; <em>leia mais <\/em> <i class=\"fa fa-long-arrow-right\"><\/i><\/a><\/p>\n","protected":false},"author":20,"featured_media":0,"parent":557,"menu_order":0,"comment_status":"closed","ping_status":"closed","template":"","meta":{"_acf_changed":false,"_themeisle_gutenberg_block_has_review":false,"footnotes":"","_links_to":"","_links_to_target":""},"class_list":["post-566","page","type-page","status-publish","hentry"],"acf":[],"_links":{"self":[{"href":"https:\/\/institutos.ufrrj.br\/ia\/wp-json\/wp\/v2\/pages\/566","targetHints":{"allow":["GET"]}}],"collection":[{"href":"https:\/\/institutos.ufrrj.br\/ia\/wp-json\/wp\/v2\/pages"}],"about":[{"href":"https:\/\/institutos.ufrrj.br\/ia\/wp-json\/wp\/v2\/types\/page"}],"author":[{"embeddable":true,"href":"https:\/\/institutos.ufrrj.br\/ia\/wp-json\/wp\/v2\/users\/20"}],"replies":[{"embeddable":true,"href":"https:\/\/institutos.ufrrj.br\/ia\/wp-json\/wp\/v2\/comments?post=566"}],"version-history":[{"count":7,"href":"https:\/\/institutos.ufrrj.br\/ia\/wp-json\/wp\/v2\/pages\/566\/revisions"}],"predecessor-version":[{"id":1571,"href":"https:\/\/institutos.ufrrj.br\/ia\/wp-json\/wp\/v2\/pages\/566\/revisions\/1571"}],"up":[{"embeddable":true,"href":"https:\/\/institutos.ufrrj.br\/ia\/wp-json\/wp\/v2\/pages\/557"}],"wp:attachment":[{"href":"https:\/\/institutos.ufrrj.br\/ia\/wp-json\/wp\/v2\/media?parent=566"}],"curies":[{"name":"wp","href":"https:\/\/api.w.org\/{rel}","templated":true}]}}