{"id":569,"date":"2021-12-07T11:16:22","date_gmt":"2021-12-07T14:16:22","guid":{"rendered":"http:\/\/institutos.ufrrj.br\/ia\/?page_id=569"},"modified":"2023-07-26T15:59:41","modified_gmt":"2023-07-26T18:59:41","slug":"extensao","status":"publish","type":"page","link":"https:\/\/institutos.ufrrj.br\/ia\/agrotecnologias\/extensao\/","title":{"rendered":"EXTENS\u00c3O"},"content":{"rendered":"<p>O DATS tem um corpo docente com projetos de extens\u00e3o de alta qualidade e tem como meta ampliar ainda mais as a\u00e7\u00f5es de extens\u00e3o, assim como a sua integra\u00e7\u00e3o com o ensino e a pesquisa. A extens\u00e3o \u00e9 feita em trabalhos conjuntos para a avalia\u00e7\u00e3o da produ\u00e7\u00e3o agr\u00edcola e de outros fatores relacionados e englobam temas como: agroecologia, seguran\u00e7a alimentar, seguran\u00e7a do solo, biotecnologia, agricultura digital, monitoramento do carbono no solo, polui\u00e7\u00e3o do solo, sistemas de manejo do solo, produ\u00e7\u00e3o de plantas, manejo e tratamento de res\u00edduos agr\u00edcolas, produ\u00e7\u00e3o de insumos agr\u00edcolas, entre outros. O Departamento aprovou, em dezembro de 2021, a <strong>Atividade Acad\u00eamica de Extens\u00e3o em Agrotecnologias e Sustentabilidade<\/strong>.<\/p>\n<p>&nbsp;<\/p>\n<h2><strong>Projetos de Extens\u00e3o do DATS:<\/strong><\/h2>\n<p>&nbsp;<\/p>\n<h4>1) Exposi\u00e7\u00e3o de Orqu\u00eddeas e Brom\u00e9lias da UFRRJ<\/h4>\n<h4>2) Feira da\u00a0Agricultura Familiar<\/h4>\n<h4>3) PROJETO INOVA<\/h4>\n<h4>4) PROJETO FARMACOP\u00c9IA<\/h4>\n<h4>5) Protocolo de Medi\u00e7\u00e3o, Relato e Verifica\u00e7\u00e3o: Monitoramento do Carbono no Solo para a Produ\u00e7\u00e3o Agropecu\u00e1ria Sustent\u00e1vel de Baixa Emiss\u00e3o de Carbono<\/h4>\n<h4>6) Transfer\u00eancia de Tecnologia de Baixo Custo para o Tratamento de Res\u00edduos Agropecu\u00e1rios<\/h4>\n<p><img loading=\"lazy\" decoding=\"async\" class=\" wp-image-1458 aligncenter\" src=\"https:\/\/institutos.ufrrj.br\/ia\/wp-content\/uploads\/sites\/102\/2023\/07\/logo_horizonal_-1-300x212.png\" alt=\"\" width=\"433\" height=\"306\" srcset=\"https:\/\/institutos.ufrrj.br\/ia\/wp-content\/uploads\/sites\/102\/2023\/07\/logo_horizonal_-1-300x212.png 300w, https:\/\/institutos.ufrrj.br\/ia\/wp-content\/uploads\/sites\/102\/2023\/07\/logo_horizonal_-1-1024x724.png 1024w, https:\/\/institutos.ufrrj.br\/ia\/wp-content\/uploads\/sites\/102\/2023\/07\/logo_horizonal_-1-768x543.png 768w, https:\/\/institutos.ufrrj.br\/ia\/wp-content\/uploads\/sites\/102\/2023\/07\/logo_horizonal_-1-1536x1086.png 1536w, https:\/\/institutos.ufrrj.br\/ia\/wp-content\/uploads\/sites\/102\/2023\/07\/logo_horizonal_-1.png 2000w\" sizes=\"auto, (max-width: 433px) 100vw, 433px\" \/><\/p>\n<h4><\/h4>\n<h3><\/h3>\n","protected":false},"excerpt":{"rendered":"<p>O DATS tem um corpo docente com projetos de extens\u00e3o de alta qualidade e tem como meta ampliar ainda mais <a class=\"read-more\" href=\"https:\/\/institutos.ufrrj.br\/ia\/agrotecnologias\/extensao\/\">&#8230; <em>leia mais <\/em> <i class=\"fa fa-long-arrow-right\"><\/i><\/a><\/p>\n","protected":false},"author":20,"featured_media":0,"parent":557,"menu_order":0,"comment_status":"closed","ping_status":"closed","template":"","meta":{"_acf_changed":false,"_themeisle_gutenberg_block_has_review":false,"footnotes":"","_links_to":"","_links_to_target":""},"class_list":["post-569","page","type-page","status-publish","hentry"],"acf":[],"_links":{"self":[{"href":"https:\/\/institutos.ufrrj.br\/ia\/wp-json\/wp\/v2\/pages\/569","targetHints":{"allow":["GET"]}}],"collection":[{"href":"https:\/\/institutos.ufrrj.br\/ia\/wp-json\/wp\/v2\/pages"}],"about":[{"href":"https:\/\/institutos.ufrrj.br\/ia\/wp-json\/wp\/v2\/types\/page"}],"author":[{"embeddable":true,"href":"https:\/\/institutos.ufrrj.br\/ia\/wp-json\/wp\/v2\/users\/20"}],"replies":[{"embeddable":true,"href":"https:\/\/institutos.ufrrj.br\/ia\/wp-json\/wp\/v2\/comments?post=569"}],"version-history":[{"count":13,"href":"https:\/\/institutos.ufrrj.br\/ia\/wp-json\/wp\/v2\/pages\/569\/revisions"}],"predecessor-version":[{"id":1562,"href":"https:\/\/institutos.ufrrj.br\/ia\/wp-json\/wp\/v2\/pages\/569\/revisions\/1562"}],"up":[{"embeddable":true,"href":"https:\/\/institutos.ufrrj.br\/ia\/wp-json\/wp\/v2\/pages\/557"}],"wp:attachment":[{"href":"https:\/\/institutos.ufrrj.br\/ia\/wp-json\/wp\/v2\/media?parent=569"}],"curies":[{"name":"wp","href":"https:\/\/api.w.org\/{rel}","templated":true}]}}