{"id":571,"date":"2021-12-07T11:16:58","date_gmt":"2021-12-07T14:16:58","guid":{"rendered":"http:\/\/institutos.ufrrj.br\/ia\/?page_id=571"},"modified":"2023-07-26T16:07:19","modified_gmt":"2023-07-26T19:07:19","slug":"laboratorios","status":"publish","type":"page","link":"https:\/\/institutos.ufrrj.br\/ia\/agrotecnologias\/laboratorios\/","title":{"rendered":"LABORAT\u00d3RIOS"},"content":{"rendered":"<table width=\"614\">\n<tbody>\n<tr>\n<td width=\"340\"><strong>1) Laborat\u00f3rio de An\u00e1lises de Sementes (LAS)<\/strong><\/p>\n<p>&nbsp;<\/td>\n<td width=\"274\">Coordenadora: Claudia Antonia Vieira Rossetto<\/p>\n<p>Vice-Coordenadora: \u00c9rika Pinheiro<\/p>\n<p>&nbsp;<\/td>\n<\/tr>\n<tr>\n<td width=\"340\"><strong>2) Laborat\u00f3rio de Citogen\u00e9tica e Biologia Molecular de Plantas (LCBMP)<\/strong><\/p>\n<p>Link:\u00a0<a href=\"https:\/\/damascenojunior200.wixsite.com\/labcitobiomol\">https:\/\/damascenojunior200.wixsite.com\/labcitobiomol<\/a><\/td>\n<td width=\"274\">Coordenador: Pedro Corr\u00eaa Damasceno Junior<\/p>\n<p>Vice-Coordenadora: Fernanda da Silva Ferreira<\/p>\n<p>&nbsp;<\/td>\n<\/tr>\n<tr>\n<td width=\"340\"><strong>3) Laborat\u00f3rio de Recursos Gen\u00e9ticos Vegetais (LRGV)<\/strong><\/p>\n<p>&nbsp;<\/td>\n<td width=\"274\">Coordenador: Pedro Corr\u00eaa Damasceno Junior<\/p>\n<p>Vice-coordenador: Marco Andr\u00e9 Alves de Souza<\/p>\n<p>&nbsp;<\/td>\n<\/tr>\n<tr>\n<td width=\"340\"><strong>4) Laborat\u00f3rio de Mat\u00e9ria Org\u00e2nica do Solo (LMOS)<\/strong><\/p>\n<p>&nbsp;<\/td>\n<td width=\"274\">Coordenadora: \u00c9rika Pinheiro<\/p>\n<p>Vice- Coordenador: Marcos Bacis Ceddia<\/p>\n<p>&nbsp;<\/td>\n<\/tr>\n<tr>\n<td width=\"340\"><strong>5) Laborat\u00f3rio de Propaga\u00e7\u00e3o de Plantas (LPP)<\/strong><\/p>\n<p>&nbsp;<\/td>\n<td width=\"274\">Coordenador: Jo\u00e3o Sebasti\u00e3o de Paula Araujo<\/p>\n<p>Vice-coordenador: Ricardo Motta Miranda<\/p>\n<p>&nbsp;<\/td>\n<\/tr>\n<tr>\n<td width=\"340\"><strong>6) Laborat\u00f3rio de Cl\u00ednica Vegetal (LCV)<\/strong><\/p>\n<p>&nbsp;<\/td>\n<td width=\"274\">Coordenador: Jo\u00e3o Sebasti\u00e3o de Paula Araujo<\/p>\n<p>&nbsp;<\/td>\n<\/tr>\n<tr>\n<td width=\"340\"><strong>7) Laborat\u00f3rio de Cultura de Tecidos\u00a0Vegetais (LCTV)<\/strong><\/p>\n<p>&nbsp;<\/td>\n<td width=\"274\">Coordenador: Jo\u00e3o Sebasti\u00e3o de Paula Araujo<\/p>\n<p>Vice-coordenador: Ricardo Motta Miranda<\/td>\n<\/tr>\n<tr>\n<td width=\"340\"><strong>8) Laborat\u00f3rio de Fitossanidade\u00a0 \u201cProf. Osamu Kimura\u201d (LFPOK)<\/strong><\/td>\n<td width=\"274\">Coordenador: Jo\u00e3o Sebasti\u00e3o de Paula Araujo<\/p>\n<p>&nbsp;<\/td>\n<\/tr>\n<tr>\n<td width=\"340\"><strong>9) Laborat\u00f3rio de Nutri\u00e7\u00e3o Mineral de Plantas (LNMP)<\/strong><\/td>\n<td width=\"274\">Coordenador: Leandro Azevedo Santos<\/p>\n<p>Vice-Coordenador:<\/p>\n<p>Manlio Silvestre Fernandes<\/p>\n<p>&nbsp;<\/td>\n<\/tr>\n<tr>\n<td width=\"340\"><strong>10) Laborat\u00f3rio de \u00c1gua e Solo em Agroecossistemas (LASA)<\/strong><\/p>\n<p>&nbsp;<\/td>\n<td width=\"274\">Coordenador: Marcos Bacis Ceddia<\/p>\n<p>Vice-Coordenadora: \u00c9rika Pinheiro<\/p>\n<p>&nbsp;<\/td>\n<\/tr>\n<tr>\n<td width=\"340\"><strong>11) Laborat\u00f3rio de Agricultura Digital (LAD)<\/strong><\/p>\n<p>&nbsp;<\/td>\n<td width=\"274\">Coordenador: Marcos Bacis Ceddia<\/p>\n<p>Professor\/DATS\/Instituto de Agronomia<\/p>\n<p>Vice-Coordenadora: \u00c9rika Pinheiro<\/p>\n<p>&nbsp;<\/td>\n<\/tr>\n<tr>\n<td width=\"340\"><strong>12) Laborat\u00f3rio de Gest\u00e3o de Solo, \u00c1gua e Res\u00edduos (LAGSAR)<\/strong><\/p>\n<p>&nbsp;<\/td>\n<td width=\"274\">Coordenador: Marcos Bacis Ceddia<\/p>\n<p>Vice-Coordenadora: \u00c9rika Pinheiro<\/p>\n<p>&nbsp;<\/td>\n<\/tr>\n<tr>\n<td width=\"340\"><strong>13) Soloteca (SOL)<\/strong><\/p>\n<p>&nbsp;<\/td>\n<td width=\"274\">Coordenador: Marcos Bacis Ceddia<\/p>\n<p>&nbsp;<\/p>\n<p>Vice-Coordenadora: \u00c9rika Pinheiro<\/p>\n<p>&nbsp;<\/td>\n<\/tr>\n<\/tbody>\n<\/table>\n<p><img loading=\"lazy\" decoding=\"async\" class=\" wp-image-1458 aligncenter\" src=\"https:\/\/institutos.ufrrj.br\/ia\/wp-content\/uploads\/sites\/102\/2023\/07\/logo_horizonal_-1-300x212.png\" alt=\"\" width=\"457\" height=\"323\" srcset=\"https:\/\/institutos.ufrrj.br\/ia\/wp-content\/uploads\/sites\/102\/2023\/07\/logo_horizonal_-1-300x212.png 300w, https:\/\/institutos.ufrrj.br\/ia\/wp-content\/uploads\/sites\/102\/2023\/07\/logo_horizonal_-1-1024x724.png 1024w, https:\/\/institutos.ufrrj.br\/ia\/wp-content\/uploads\/sites\/102\/2023\/07\/logo_horizonal_-1-768x543.png 768w, https:\/\/institutos.ufrrj.br\/ia\/wp-content\/uploads\/sites\/102\/2023\/07\/logo_horizonal_-1-1536x1086.png 1536w, https:\/\/institutos.ufrrj.br\/ia\/wp-content\/uploads\/sites\/102\/2023\/07\/logo_horizonal_-1.png 2000w\" sizes=\"auto, (max-width: 457px) 100vw, 457px\" \/><\/p>\n","protected":false},"excerpt":{"rendered":"<p>1) Laborat\u00f3rio de An\u00e1lises de Sementes (LAS) &nbsp; Coordenadora: Claudia Antonia Vieira Rossetto Vice-Coordenadora: \u00c9rika Pinheiro &nbsp; 2) Laborat\u00f3rio de <a class=\"read-more\" href=\"https:\/\/institutos.ufrrj.br\/ia\/agrotecnologias\/laboratorios\/\">&#8230; <em>leia mais <\/em> <i class=\"fa fa-long-arrow-right\"><\/i><\/a><\/p>\n","protected":false},"author":20,"featured_media":0,"parent":557,"menu_order":0,"comment_status":"closed","ping_status":"closed","template":"","meta":{"_acf_changed":false,"_themeisle_gutenberg_block_has_review":false,"footnotes":"","_links_to":"","_links_to_target":""},"class_list":["post-571","page","type-page","status-publish","hentry"],"acf":[],"_links":{"self":[{"href":"https:\/\/institutos.ufrrj.br\/ia\/wp-json\/wp\/v2\/pages\/571","targetHints":{"allow":["GET"]}}],"collection":[{"href":"https:\/\/institutos.ufrrj.br\/ia\/wp-json\/wp\/v2\/pages"}],"about":[{"href":"https:\/\/institutos.ufrrj.br\/ia\/wp-json\/wp\/v2\/types\/page"}],"author":[{"embeddable":true,"href":"https:\/\/institutos.ufrrj.br\/ia\/wp-json\/wp\/v2\/users\/20"}],"replies":[{"embeddable":true,"href":"https:\/\/institutos.ufrrj.br\/ia\/wp-json\/wp\/v2\/comments?post=571"}],"version-history":[{"count":12,"href":"https:\/\/institutos.ufrrj.br\/ia\/wp-json\/wp\/v2\/pages\/571\/revisions"}],"predecessor-version":[{"id":1572,"href":"https:\/\/institutos.ufrrj.br\/ia\/wp-json\/wp\/v2\/pages\/571\/revisions\/1572"}],"up":[{"embeddable":true,"href":"https:\/\/institutos.ufrrj.br\/ia\/wp-json\/wp\/v2\/pages\/557"}],"wp:attachment":[{"href":"https:\/\/institutos.ufrrj.br\/ia\/wp-json\/wp\/v2\/media?parent=571"}],"curies":[{"name":"wp","href":"https:\/\/api.w.org\/{rel}","templated":true}]}}