{"id":596,"date":"2021-12-07T13:25:34","date_gmt":"2021-12-07T16:25:34","guid":{"rendered":"http:\/\/institutos.ufrrj.br\/ia\/?page_id=596"},"modified":"2021-12-10T10:28:46","modified_gmt":"2021-12-10T13:28:46","slug":"lista-de-egressos-cadastrados","status":"publish","type":"page","link":"https:\/\/institutos.ufrrj.br\/ia\/egresso\/lista-de-egressos-cadastrados\/","title":{"rendered":"Lista de egressos cadastrados"},"content":{"rendered":"<table id=\"igsv-18xkuFMAX4ktMftTr5Mbr3m4g2tqhande4cgQZBwCBIQ\" class=\"igsv-table\" lang=\"pt-BR\" style=\"\" ><thead>\n<tr id=\"igsv-18xkuFMAX4ktMftTr5Mbr3m4g2tqhande4cgQZBwCBIQ-row-1\" class=\"row-1 odd\"><th class=\"col-1 odd\"><div>Nome<\/div><\/th><th class=\"col-2 even\"><div>Apelido<\/div><\/th><th class=\"col-3 odd\"><div>Ano de formatura<\/div><\/th><th class=\"col-4 even\"><div>E-mail<\/div><\/th><th class=\"col-5 odd\"><div>Local de trabalho<\/div><\/th><th class=\"col-6 even\"><div>Locais  de trabalho anteriores<\/div><\/th><th class=\"col-7 odd\"><div>Coment\u00e1rios<\/div><\/th><\/tr><\/thead><tbody>\n<tr id=\"igsv-18xkuFMAX4ktMftTr5Mbr3m4g2tqhande4cgQZBwCBIQ-row-2\" class=\"row-2 even\"><td class=\"col-1 odd\">Everaldo Zonta<\/td><td class=\"col-2 even\">Zonta<\/td><td class=\"col-3 odd\">1992<\/td><td class=\"col-4 even\"><a href=\"mailto:ezonta@ufrrj.br\">ezonta@ufrrj.br<\/a><\/td><td class=\"col-5 odd\">UFRRJ<\/td><td class=\"col-6 even\"><\/td><td class=\"col-7 odd\"><\/td><\/tr><tr id=\"igsv-18xkuFMAX4ktMftTr5Mbr3m4g2tqhande4cgQZBwCBIQ-row-3\" class=\"row-3 odd\"><td class=\"col-1 odd\">Alexandre Porto Salmi <\/td><td class=\"col-2 even\">Salminho<\/td><td class=\"col-3 odd\">2005<\/td><td class=\"col-4 even\"><a href=\"mailto:salmiufrrj@gmail.com\">salmiufrrj@gmail.com<\/a><\/td><td class=\"col-5 odd\">UFRRJ <\/td><td class=\"col-6 even\"><br \/>\nUFRRJ <\/td><td class=\"col-7 odd\">Departamento de Fitotecnia- UFRRJ <\/td><\/tr><tr id=\"igsv-18xkuFMAX4ktMftTr5Mbr3m4g2tqhande4cgQZBwCBIQ-row-4\" class=\"row-4 even\"><td class=\"col-1 odd\">Felipe da Costa Brasil<\/td><td class=\"col-2 even\">Felipe Brasil<\/td><td class=\"col-3 odd\">1997<\/td><td class=\"col-4 even\"><a href=\"mailto:felipebrasil@costabrasilengenharia.com.br\">felipebrasil@costabrasilengenharia.com.br<\/a><\/td><td class=\"col-5 odd\">Costa Brasil Engenharia, Meio Ambiente e Agropecu\u00e1ria LTDA<\/td><td class=\"col-6 even\">Universidade Severino Sombra - Vassouras; <\/td><td class=\"col-7 odd\"><\/td><\/tr><tr id=\"igsv-18xkuFMAX4ktMftTr5Mbr3m4g2tqhande4cgQZBwCBIQ-row-5\" class=\"row-5 odd\"><td class=\"col-1 odd\">RICARDO LUIZ LOURO BERBARA<\/td><td class=\"col-2 even\"><\/td><td class=\"col-3 odd\">1983<\/td><td class=\"col-4 even\"><a href=\"mailto:rberbara@gmail.com\">rberbara@gmail.com<\/a><\/td><td class=\"col-5 odd\">UFRRJ-Instituto de Agronomia<\/td><td class=\"col-6 even\">Sempre na Rural onde cada dia \u00e9 diferente do outro. De t\u00e9dio ou monotonia n\u00e3o padecemos aqui.<\/td><td class=\"col-7 odd\">Viva a UFRRJ - Agronomia!<\/td><\/tr><tr id=\"igsv-18xkuFMAX4ktMftTr5Mbr3m4g2tqhande4cgQZBwCBIQ-row-6\" class=\"row-6 even\"><td class=\"col-1 odd\">GILSON CASSIANO DE GOES FILHO<\/td><td class=\"col-2 even\"><\/td><td class=\"col-3 odd\">1999<\/td><td class=\"col-4 even\"><a href=\"mailto:gilsongoesfilho@gmail.com\">gilsongoesfilho@gmail.com<\/a><\/td><td class=\"col-5 odd\">IFRJ<\/td><td class=\"col-6 even\"><\/td><td class=\"col-7 odd\"><\/td><\/tr><tr id=\"igsv-18xkuFMAX4ktMftTr5Mbr3m4g2tqhande4cgQZBwCBIQ-row-7\" class=\"row-7 odd\"><td class=\"col-1 odd\">Adelar Jos\u00e9 Fabian <\/td><td class=\"col-2 even\"><\/td><td class=\"col-3 odd\">1993<\/td><td class=\"col-4 even\"><a href=\"mailto:adelarfabian@gmail.com\">adelarfabian@gmail.com<\/a><\/td><td class=\"col-5 odd\">IFTM campus Uberaba MG<\/td><td class=\"col-6 even\">1 - CIEP Ernane do Amaral Peixoto- Mag\u00e9-RJ; (1991 a 1993)<br \/>\n2 - Escola Municipal Agr\u00edcola em Campo Novo do Parecis - MT; (1994)<br \/>\n3 - CEFET Cuiab\u00e1 MT; (1995 - 1998)<br \/>\n4 - EAF Uberaba MG; (1999 - 2002)<br \/>\n5 - CEFET Uberaba MG; (2003 a 2008)<br \/>\n6 - IFTM campus Uberaba MG; ( 2009 ...)<\/td><td class=\"col-7 odd\">Gentileza ap\u00f3s certo tempo compartilhar a planilha de resposta ao formul\u00e1rio no Drive <\/td><\/tr><tr id=\"igsv-18xkuFMAX4ktMftTr5Mbr3m4g2tqhande4cgQZBwCBIQ-row-8\" class=\"row-8 even\"><td class=\"col-1 odd\">Leonardo da Costa Lopes<\/td><td class=\"col-2 even\">L\u00e9o<\/td><td class=\"col-3 odd\">2000<\/td><td class=\"col-4 even\"><a href=\"mailto:leolopes_agro@hotmail.com\">leolopes_agro@hotmail.com<\/a><\/td><td class=\"col-5 odd\">ITERJ <\/td><td class=\"col-6 even\"><\/td><td class=\"col-7 odd\"><\/td><\/tr><tr id=\"igsv-18xkuFMAX4ktMftTr5Mbr3m4g2tqhande4cgQZBwCBIQ-row-9\" class=\"row-9 odd\"><td class=\"col-1 odd\">Lucia Helena Maria de Almeida<\/td><td class=\"col-2 even\"><\/td><td class=\"col-3 odd\">1995\/1 em 30\/09.<\/td><td class=\"col-4 even\"><a href=\"mailto:luciabsj@gmail.com\">luciabsj@gmail.com<\/a><\/td><td class=\"col-5 odd\">F\u00f3rum Itabora\u00ed: Pol\u00edtica, Ci\u00eancia e Cultura na Sa\u00fade (Fiocruz em Petr\u00f3polis)<\/td><td class=\"col-6 even\">Fazendinha Agroecol\u00f3gica Km 47; ABIO; Pesagro-Rio; IFAS; Governo do Distrito Federal; FETAET <\/td><td class=\"col-7 odd\">Excelente iniciafiva para mobilizar os egressos para a defesa e apoio \u00e0 UFRRJ e ao IA! <\/td><\/tr><tr id=\"igsv-18xkuFMAX4ktMftTr5Mbr3m4g2tqhande4cgQZBwCBIQ-row-10\" class=\"row-10 even\"><td class=\"col-1 odd\">Marcio Osvaldo Lima Magalh\u00e3es<\/td><td class=\"col-2 even\"><\/td><td class=\"col-3 odd\">2006<\/td><td class=\"col-4 even\"><a href=\"mailto:marciomagalhaes@gmail.com\">marciomagalhaes@gmail.com<\/a><\/td><td class=\"col-5 odd\">UNEMAT<\/td><td class=\"col-6 even\"><\/td><td class=\"col-7 odd\"><\/td><\/tr><tr id=\"igsv-18xkuFMAX4ktMftTr5Mbr3m4g2tqhande4cgQZBwCBIQ-row-11\" class=\"row-11 odd\"><td class=\"col-1 odd\">Amaury da Silva dos Santos<\/td><td class=\"col-2 even\">Amaury<\/td><td class=\"col-3 odd\">1992<\/td><td class=\"col-4 even\"><a href=\"mailto:amaurysantosbr67@gmail.com\">amaurysantosbr67@gmail.com<\/a><\/td><td class=\"col-5 odd\">Embrapa Tabuleiros Costeiros <\/td><td class=\"col-6 even\">Instituto Biologico.SP <\/td><td class=\"col-7 odd\">Mestrado Fitotenia - UFRRJ. Doutorado Produ\u00e7\u00e3o Vegetal - UENF<\/td><\/tr><tr id=\"igsv-18xkuFMAX4ktMftTr5Mbr3m4g2tqhande4cgQZBwCBIQ-row-12\" class=\"row-12 even\"><td class=\"col-1 odd\">Dennys Zsolt Santos<\/td><td class=\"col-2 even\"><\/td><td class=\"col-3 odd\">1999<\/td><td class=\"col-4 even\"><a href=\"mailto:dennys.zsolt@gmail.com\">dennys.zsolt@gmail.com<\/a><\/td><td class=\"col-5 odd\">Instituto Vital Brazil S\/A<\/td><td class=\"col-6 even\">Herbarium Laborat\u00f3rio Bot\u00e2nico, ALKO do Brasil<\/td><td class=\"col-7 odd\">Excelente iniciativa! <\/td><\/tr><tr id=\"igsv-18xkuFMAX4ktMftTr5Mbr3m4g2tqhande4cgQZBwCBIQ-row-13\" class=\"row-13 odd\"><td class=\"col-1 odd\">Sheyla Oliveira da Fonseca<\/td><td class=\"col-2 even\"><\/td><td class=\"col-3 odd\">1981 (mar\u00e7o)<\/td><td class=\"col-4 even\"><a href=\"mailto:sheylacastor@gmail.com\">sheylacastor@gmail.com<\/a><\/td><td class=\"col-5 odd\">Aposentada<\/td><td class=\"col-6 even\">Prefeitura da Cidade do Rio de Janeiro; INCRA.<\/td><td class=\"col-7 odd\">Vamos realizar o dia do ex-aluno???<\/td><\/tr><tr id=\"igsv-18xkuFMAX4ktMftTr5Mbr3m4g2tqhande4cgQZBwCBIQ-row-14\" class=\"row-14 even\"><td class=\"col-1 odd\">JOS\u00c9 WILSON PEREIRA DA SILVA<\/td><td class=\"col-2 even\">Z\u00c9<\/td><td class=\"col-3 odd\">2002<\/td><td class=\"col-4 even\"><a href=\"mailto:jwilsonps@ufpa.br\">jwilsonps@ufpa.br<\/a><\/td><td class=\"col-5 odd\">UNIVERSIDADE FEDERAL DO PAR\u00c1<\/td><td class=\"col-6 even\">INSTITUTO FEDERAL DO TOCANTINS<\/td><td class=\"col-7 odd\"><\/td><\/tr><tr id=\"igsv-18xkuFMAX4ktMftTr5Mbr3m4g2tqhande4cgQZBwCBIQ-row-15\" class=\"row-15 odd\"><td class=\"col-1 odd\">Ademir Junior Fornaciari<\/td><td class=\"col-2 even\">Junior<\/td><td class=\"col-3 odd\">2017<\/td><td class=\"col-4 even\"><a href=\"mailto:juniorfornaciari94@gmail.com\">juniorfornaciari94@gmail.com<\/a><\/td><td class=\"col-5 odd\">Cooabriel <\/td><td class=\"col-6 even\">Corteva<\/td><td class=\"col-7 odd\"><\/td><\/tr><tr id=\"igsv-18xkuFMAX4ktMftTr5Mbr3m4g2tqhande4cgQZBwCBIQ-row-16\" class=\"row-16 even\"><td class=\"col-1 odd\">PEDRO DE SOUZA CALEGARO<\/td><td class=\"col-2 even\">Pedro Calegaro<\/td><td class=\"col-3 odd\">2017<\/td><td class=\"col-4 even\"><a href=\"mailto:pedrosouzacalegaro@gmail.com\">pedrosouzacalegaro@gmail.com<\/a><\/td><td class=\"col-5 odd\"><\/td><td class=\"col-6 even\"><\/td><td class=\"col-7 odd\"><\/td><\/tr><tr id=\"igsv-18xkuFMAX4ktMftTr5Mbr3m4g2tqhande4cgQZBwCBIQ-row-17\" class=\"row-17 odd\"><td class=\"col-1 odd\">Bruno Cesar Ferreira Gon\u00e7alves <\/td><td class=\"col-2 even\"><\/td><td class=\"col-3 odd\">2020<\/td><td class=\"col-4 even\"><a href=\"mailto:brunocesar_ns@hotmail.com\">brunocesar_ns@hotmail.com<\/a><\/td><td class=\"col-5 odd\"><\/td><td class=\"col-6 even\"><\/td><td class=\"col-7 odd\"><\/td><\/tr><tr id=\"igsv-18xkuFMAX4ktMftTr5Mbr3m4g2tqhande4cgQZBwCBIQ-row-18\" class=\"row-18 even\"><td class=\"col-1 odd\">Vera L\u00facia da Silva Santos<\/td><td class=\"col-2 even\">Veralu<\/td><td class=\"col-3 odd\">1999<\/td><td class=\"col-4 even\"><a href=\"mailto:veralueduba@gmail.com\">veralueduba@gmail.com<\/a><\/td><td class=\"col-5 odd\">Desempregada<\/td><td class=\"col-6 even\">Pesagro, RJ, Abio, Embrapa Agrobiologia, Faculdade Zacarias de Goes, ASCOOB.<\/td><td class=\"col-7 odd\"><\/td><\/tr><tr id=\"igsv-18xkuFMAX4ktMftTr5Mbr3m4g2tqhande4cgQZBwCBIQ-row-19\" class=\"row-19 odd\"><td class=\"col-1 odd\">MATHEUS HENRIQUE PACIELLO DE AZEREDO<\/td><td class=\"col-2 even\"><\/td><td class=\"col-3 odd\">2017<\/td><td class=\"col-4 even\"><a href=\"mailto:matheus.paciello@gmail.com\">matheus.paciello@gmail.com<\/a><\/td><td class=\"col-5 odd\">Carlos e Sergio Tripas e Condimentos LTDA<\/td><td class=\"col-6 even\"><\/td><td class=\"col-7 odd\"><\/td><\/tr><tr id=\"igsv-18xkuFMAX4ktMftTr5Mbr3m4g2tqhande4cgQZBwCBIQ-row-20\" class=\"row-20 even\"><td class=\"col-1 odd\">Nelson Mazur <\/td><td class=\"col-2 even\">Nelson<\/td><td class=\"col-3 odd\">1977<\/td><td class=\"col-4 even\"><a href=\"mailto:nelsonmazur@gmail.com\">nelsonmazur@gmail.com<\/a><\/td><td class=\"col-5 odd\">UFRRJ <\/td><td class=\"col-6 even\"><\/td><td class=\"col-7 odd\"><\/td><\/tr><tr id=\"igsv-18xkuFMAX4ktMftTr5Mbr3m4g2tqhande4cgQZBwCBIQ-row-21\" class=\"row-21 odd\"><td class=\"col-1 odd\">Jos\u00e9 Luiz Thomaz Pereira<\/td><td class=\"col-2 even\">Z\u00e9 Luiz <\/td><td class=\"col-3 odd\">1984<\/td><td class=\"col-4 even\"><a href=\"mailto:zl61tp@gmail.com\">zl61tp@gmail.com<\/a><\/td><td class=\"col-5 odd\">Secret\u00e1ria da Fazenda<\/td><td class=\"col-6 even\"><\/td><td class=\"col-7 odd\"><\/td><\/tr><tr id=\"igsv-18xkuFMAX4ktMftTr5Mbr3m4g2tqhande4cgQZBwCBIQ-row-22\" class=\"row-22 even\"><td class=\"col-1 odd\">ALFREDO DE FREITAS GUIMARAES<\/td><td class=\"col-2 even\">Alfredo<\/td><td class=\"col-3 odd\">1992<\/td><td class=\"col-4 even\"><a href=\"mailto:alfredofguima@gmail.com\">alfredofguima@gmail.com<\/a><\/td><td class=\"col-5 odd\">Juiz de Fora <\/td><td class=\"col-6 even\">Petr\u00f3polis<\/td><td class=\"col-7 odd\"><\/td><\/tr><tr id=\"igsv-18xkuFMAX4ktMftTr5Mbr3m4g2tqhande4cgQZBwCBIQ-row-23\" class=\"row-23 odd\"><td class=\"col-1 odd\">Rennan do Amaral Bastos<\/td><td class=\"col-2 even\"><\/td><td class=\"col-3 odd\">2011<\/td><td class=\"col-4 even\"><a href=\"mailto:rennan.bastos@ifac.edu.br\">rennan.bastos@ifac.edu.br<\/a><\/td><td class=\"col-5 odd\">Instituto Federal de Educa\u00e7\u00e3o, Ci\u00eancia e Tecnologia do Acre<\/td><td class=\"col-6 even\">Instituto Federal de Educa\u00e7\u00e3o, Ci\u00eancia e Tecnologia de Minas Gerais<\/td><td class=\"col-7 odd\"><\/td><\/tr><tr id=\"igsv-18xkuFMAX4ktMftTr5Mbr3m4g2tqhande4cgQZBwCBIQ-row-24\" class=\"row-24 even\"><td class=\"col-1 odd\">Flamarion Pinto da Motta.<\/td><td class=\"col-2 even\">Z\u00e9 Colm\u00e9ia Dr. Peso Pesado.<\/td><td class=\"col-3 odd\">1.984 - Trancou matr\u00edcula.<\/td><td class=\"col-4 even\"><a href=\"mailto:viver.ntg@terra.com.br\">viver.ntg@terra.com.br<\/a><\/td><td class=\"col-5 odd\">Poder Judici\u00e1rio da Uni\u00e3o \/ Professor Universit\u00e1rio do RJ - Aposentado.<\/td><td class=\"col-6 even\">Propriet\u00e1rio rural e comercial.<\/td><td class=\"col-7 odd\">Realizou trabalho cient\u00edfico sobre plantas invasoras em cultura de arroz sequeiro e irrigado; carpoteca; psicultura; atuou na implanta\u00e7\u00e3o do jardim bot\u00e2nico da U.F.R.R.J.; est\u00e1gio profissional supervisionado, etc.<\/td><\/tr><tr id=\"igsv-18xkuFMAX4ktMftTr5Mbr3m4g2tqhande4cgQZBwCBIQ-row-25\" class=\"row-25 odd\"><td class=\"col-1 odd\">Jos\u00e9 Luiz de Medeiros<\/td><td class=\"col-2 even\">Ded\u00e9<\/td><td class=\"col-3 odd\">1992<\/td><td class=\"col-4 even\"><a href=\"mailto:jlcre1967@gmail.com\">jlcre1967@gmail.com<\/a><\/td><td class=\"col-5 odd\">Aposentado Sec Ed DF<\/td><td class=\"col-6 even\">Empaer MT<\/td><td class=\"col-7 odd\">Rural uma paix\u00e3o<\/td><\/tr><tr id=\"igsv-18xkuFMAX4ktMftTr5Mbr3m4g2tqhande4cgQZBwCBIQ-row-26\" class=\"row-26 even\"><td class=\"col-1 odd\">Rafael Amaral Ramos<\/td><td class=\"col-2 even\">Amaral<\/td><td class=\"col-3 odd\">2019<\/td><td class=\"col-4 even\"><a href=\"mailto:rafael.amaral.ramos@gmail.com\">rafael.amaral.ramos@gmail.com<\/a><\/td><td class=\"col-5 odd\"><\/td><td class=\"col-6 even\">TACO<\/td><td class=\"col-7 odd\"><\/td><\/tr><tr id=\"igsv-18xkuFMAX4ktMftTr5Mbr3m4g2tqhande4cgQZBwCBIQ-row-27\" class=\"row-27 odd\"><td class=\"col-1 odd\">Denise dos Santos Pereira<\/td><td class=\"col-2 even\"><\/td><td class=\"col-3 odd\">1994<\/td><td class=\"col-4 even\"><a href=\"mailto:deniseaurnheimer@gmail.com\">deniseaurnheimer@gmail.com<\/a><\/td><td class=\"col-5 odd\">Secretaria municipal de Sa\u00fade de Concei\u00e7\u00e3o de Macabu RJ<\/td><td class=\"col-6 even\">Cooperativa Cedro<\/td><td class=\"col-7 odd\"><\/td><\/tr><tr id=\"igsv-18xkuFMAX4ktMftTr5Mbr3m4g2tqhande4cgQZBwCBIQ-row-28\" class=\"row-28 even\"><td class=\"col-1 odd\">Samara Stefanny Neris da Silva <\/td><td class=\"col-2 even\">Samara<\/td><td class=\"col-3 odd\">2018<\/td><td class=\"col-4 even\"><a href=\"mailto:sstefany2017@gmail.com\">sstefany2017@gmail.com<\/a><\/td><td class=\"col-5 odd\">Renassaince<\/td><td class=\"col-6 even\">Prefeitura municipal de Itapaci <\/td><td class=\"col-7 odd\"><\/td><\/tr><tr id=\"igsv-18xkuFMAX4ktMftTr5Mbr3m4g2tqhande4cgQZBwCBIQ-row-29\" class=\"row-29 odd\"><td class=\"col-1 odd\">Rafaela Eloi de Almeida Alves<\/td><td class=\"col-2 even\">Rafaela Eloi<\/td><td class=\"col-3 odd\">2006<\/td><td class=\"col-4 even\"><a href=\"mailto:rafaela.alves@ifsuldeminas.edu.br\">rafaela.alves@ifsuldeminas.edu.br<\/a><\/td><td class=\"col-5 odd\">IFSULDEMINAS - Campus Inconfidentes<\/td><td class=\"col-6 even\"><\/td><td class=\"col-7 odd\"><\/td><\/tr><tr id=\"igsv-18xkuFMAX4ktMftTr5Mbr3m4g2tqhande4cgQZBwCBIQ-row-30\" class=\"row-30 even\"><td class=\"col-1 odd\">Charle Costa dos Santos<\/td><td class=\"col-2 even\">Baianinho <\/td><td class=\"col-3 odd\">2021<\/td><td class=\"col-4 even\"><a href=\"mailto:charlecostadossantos@gmail.com\">charlecostadossantos@gmail.com<\/a><\/td><td class=\"col-5 odd\"><\/td><td class=\"col-6 even\">TRENA - Consultoria e Projetos Agropecu\u00e1rios<\/td><td class=\"col-7 odd\"><\/td><\/tr><tr id=\"igsv-18xkuFMAX4ktMftTr5Mbr3m4g2tqhande4cgQZBwCBIQ-row-31\" class=\"row-31 odd\"><td class=\"col-1 odd\">vladimir de avila inacio<\/td><td class=\"col-2 even\">vladimir<\/td><td class=\"col-3 odd\">2010<\/td><td class=\"col-4 even\"><a href=\"mailto:vladimirfpx@gmail.com\">vladimirfpx@gmail.com<\/a><\/td><td class=\"col-5 odd\">Educador fisico<\/td><td class=\"col-6 even\">asilo<\/td><td class=\"col-7 odd\"><\/td><\/tr><tr id=\"igsv-18xkuFMAX4ktMftTr5Mbr3m4g2tqhande4cgQZBwCBIQ-row-32\" class=\"row-32 even\"><td class=\"col-1 odd\">Manoel Diniz Fernandes<\/td><td class=\"col-2 even\">Diniz<\/td><td class=\"col-3 odd\">1976<\/td><td class=\"col-4 even\"><a href=\"mailto:manecodiniz@gmail.com\">manecodiniz@gmail.com<\/a><\/td><td class=\"col-5 odd\">Aposentado <\/td><td class=\"col-6 even\">Incra, Fertibr\u00e1s, Ferticitrus, Prefeitura de Bernardino de Campos <\/td><td class=\"col-7 odd\"><\/td><\/tr><tr id=\"igsv-18xkuFMAX4ktMftTr5Mbr3m4g2tqhande4cgQZBwCBIQ-row-33\" class=\"row-33 odd\"><td class=\"col-1 odd\">Cristiane Matos da Silva<\/td><td class=\"col-2 even\">Cris<\/td><td class=\"col-3 odd\">2005<\/td><td class=\"col-4 even\"><a href=\"mailto:cristiane.silva@uemasul.edu.br\">cristiane.silva@uemasul.edu.br<\/a><\/td><td class=\"col-5 odd\">Universidade Estadual da Regi\u00e3o Tocantina do Maranh\u00e3o -UEMASUL<\/td><td class=\"col-6 even\">Universidade Estadual do Maranh\u00e3o <\/td><td class=\"col-7 odd\">Sou Professora efetiva do curso de Engenharia Florestal Bacharelado, Coordenadora do Laborat\u00f3rio de Irriga\u00e7\u00e3o, Hidr\u00e1ulica e Hidrologia do Centro de Ci\u00eancias Agr\u00e1rias da UEMASUL,  respons\u00e1vel pelas disciplinas de Hidr\u00e1ulica Aplicada, Hidrologia e Manejo de Bacias Hidrogr\u00e1ficas, Meteorologia e Climatologia<\/td><\/tr><tr id=\"igsv-18xkuFMAX4ktMftTr5Mbr3m4g2tqhande4cgQZBwCBIQ-row-34\" class=\"row-34 even\"><td class=\"col-1 odd\">lucas roel<\/td><td class=\"col-2 even\"><\/td><td class=\"col-3 odd\">2020<\/td><td class=\"col-4 even\"><a href=\"mailto:lucasroel96@gmail.com\">lucasroel96@gmail.com<\/a><\/td><td class=\"col-5 odd\">rua grana 298<\/td><td class=\"col-6 even\">estrada da cacuia 661<\/td><td class=\"col-7 odd\">gostaria de ingressar no curso de agronomia, pois no rio de janeiro n\u00e3o tem outra faculdade que ofere\u00e7a, necessito demais se poss\u00edvel <\/td><\/tr><tr id=\"igsv-18xkuFMAX4ktMftTr5Mbr3m4g2tqhande4cgQZBwCBIQ-row-35\" class=\"row-35 odd\"><td class=\"col-1 odd\">Leonardo Jos\u00e9 Silva Viana<\/td><td class=\"col-2 even\">Leo Viana ou Leo Neg\u00e3o<\/td><td class=\"col-3 odd\">1995<\/td><td class=\"col-4 even\"><a href=\"mailto:lviana2005@gmail.com\">lviana2005@gmail.com<\/a><\/td><td class=\"col-5 odd\">Prefeitura da Cidade do Rio de Janeiro - Instituto Rio Patrim\u00f4nio da Humanidade<\/td><td class=\"col-6 even\">Prefeitura da Cidade do Rio de Janeiro - Secretaria Municipal de Meio Ambiente<\/td><td class=\"col-7 odd\"><\/td><\/tr><tr id=\"igsv-18xkuFMAX4ktMftTr5Mbr3m4g2tqhande4cgQZBwCBIQ-row-36\" class=\"row-36 even\"><td class=\"col-1 odd\">jhonata castro<\/td><td class=\"col-2 even\">jhonata<\/td><td class=\"col-3 odd\">2023<\/td><td class=\"col-4 even\"><a href=\"mailto:jhonyluiz05@gmail.com\">jhonyluiz05@gmail.com<\/a><\/td><td class=\"col-5 odd\"><\/td><td class=\"col-6 even\"><\/td><td class=\"col-7 odd\"><\/td><\/tr><tr id=\"igsv-18xkuFMAX4ktMftTr5Mbr3m4g2tqhande4cgQZBwCBIQ-row-37\" class=\"row-37 odd\"><td class=\"col-1 odd\">Vitor All\u00e3o Sena<\/td><td class=\"col-2 even\">Vitor<\/td><td class=\"col-3 odd\">2020<\/td><td class=\"col-4 even\"><a href=\"mailto:vitorallao@hotmail.com\">vitorallao@hotmail.com<\/a><\/td><td class=\"col-5 odd\">Centro municipal de sa\u00fade <\/td><td class=\"col-6 even\">Burger King <\/td><td class=\"col-7 odd\">Por favor, me ajudem, eu quero muito me especializar em agronomia, estou igual doido atr\u00e1s desse curso, por\u00e9m \u00e9 uma \u00e1rea muito escassa no ramo educacional. Esse ano estou correndo atr\u00e1s de todas as possibilidades para seguir meu sonho, por\u00e9m, est\u00e1 muito dif\u00edcil encontrar alguma faculdade com esse curso.<\/td><\/tr><tr id=\"igsv-18xkuFMAX4ktMftTr5Mbr3m4g2tqhande4cgQZBwCBIQ-row-38\" class=\"row-38 even\"><td class=\"col-1 odd\">KAUA MAHONEI AIRES DOS SANTOS SOUZA <\/td><td class=\"col-2 even\">AIRES<\/td><td class=\"col-3 odd\">2022<\/td><td class=\"col-4 even\"><a href=\"mailto:kauaaires54@gmail.com\">kauaaires54@gmail.com<\/a><\/td><td class=\"col-5 odd\">Casa da agricultura cachoeira paulista<\/td><td class=\"col-6 even\">CRDmais agencia financeira<\/td><td class=\"col-7 odd\"><\/td><\/tr><tr id=\"igsv-18xkuFMAX4ktMftTr5Mbr3m4g2tqhande4cgQZBwCBIQ-row-39\" class=\"row-39 odd\"><td class=\"col-1 odd\">RAFAEL DOS SANTOS DA SILVA<\/td><td class=\"col-2 even\">RAFAEL<\/td><td class=\"col-3 odd\">2006<\/td><td class=\"col-4 even\"><a href=\"mailto:2015.RAFAEL.SANTOS.SILVA@GMAIL.COM\">2015.RAFAEL.SANTOS.SILVA@GMAIL.COM<\/a><\/td><td class=\"col-5 odd\">FIOCRUZ-(BIOMANGUINHOS)<\/td><td class=\"col-6 even\">DEMILLUS<\/td><td class=\"col-7 odd\"><\/td><\/tr><tr id=\"igsv-18xkuFMAX4ktMftTr5Mbr3m4g2tqhande4cgQZBwCBIQ-row-40\" class=\"row-40 even\"><td class=\"col-1 odd\">Ygor Potentini <\/td><td class=\"col-2 even\">Potentini <\/td><td class=\"col-3 odd\">2020<\/td><td class=\"col-4 even\"><a href=\"mailto:ygorferreira44@gmail.com\">ygorferreira44@gmail.com<\/a><\/td><td class=\"col-5 odd\"><\/td><td class=\"col-6 even\">DICON atacad\u00e3o <\/td><td class=\"col-7 odd\">Quero muito realizar o meu sonho, de se formar em agronomia.<\/td><\/tr><tr id=\"igsv-18xkuFMAX4ktMftTr5Mbr3m4g2tqhande4cgQZBwCBIQ-row-41\" class=\"row-41 odd\"><td class=\"col-1 odd\">Diego Barbosa<\/td><td class=\"col-2 even\">Diego<\/td><td class=\"col-3 odd\">2018<\/td><td class=\"col-4 even\"><a href=\"mailto:dbarbosa@smsub.prefeitura.sp.gov.br\">dbarbosa@smsub.prefeitura.sp.gov.br<\/a><\/td><td class=\"col-5 odd\">Prefeitura Municipal de S\u00e3o Paulo - SMSub - Subprefeitura Mooca\/Unidade de \u00c1reas Verdes<\/td><td class=\"col-6 even\">Garden Service Paisagismo e Manuten\u00e7\u00e3o, CEASA-RJ, Beija-flor Agropecu\u00e1ria Ltda.<\/td><td class=\"col-7 odd\"><\/td><\/tr><tr id=\"igsv-18xkuFMAX4ktMftTr5Mbr3m4g2tqhande4cgQZBwCBIQ-row-42\" class=\"row-42 even\"><td class=\"col-1 odd\">luiz davi dos santos vidal<\/td><td class=\"col-2 even\"><\/td><td class=\"col-3 odd\">2024<\/td><td class=\"col-4 even\"><a href=\"mailto:luizdavidossantosvidal@gmail.com\">luizdavidossantosvidal@gmail.com<\/a><\/td><td class=\"col-5 odd\"><\/td><td class=\"col-6 even\"><\/td><td class=\"col-7 odd\"><\/td><\/tr><tr id=\"igsv-18xkuFMAX4ktMftTr5Mbr3m4g2tqhande4cgQZBwCBIQ-row-43\" class=\"row-43 odd\"><td class=\"col-1 odd\">Andr\u00e9 Lu\u00eds Mendes da Silva <\/td><td class=\"col-2 even\"><\/td><td class=\"col-3 odd\">2008<\/td><td class=\"col-4 even\"><a href=\"mailto:andretabebuia@gmail.com\">andretabebuia@gmail.com<\/a><\/td><td class=\"col-5 odd\">Prefeitura de S\u00e3o Paulo<\/td><td class=\"col-6 even\"><\/td><td class=\"col-7 odd\"><\/td><\/tr><tr id=\"igsv-18xkuFMAX4ktMftTr5Mbr3m4g2tqhande4cgQZBwCBIQ-row-44\" class=\"row-44 even\"><td class=\"col-1 odd\">Jo\u00e3o Paulo Francisco<\/td><td class=\"col-2 even\">Jo\u00e3o<\/td><td class=\"col-3 odd\">2012<\/td><td class=\"col-4 even\"><a href=\"mailto:jpfranciso2@uem.br\">jpfranciso2@uem.br<\/a><\/td><td class=\"col-5 odd\">Universidade Estadual de Maring\u00e1 (UEM)<\/td><td class=\"col-6 even\">Escola Superior de Agricultura &quot;Luiz de Queiroz&quot; (ESALQ\/USP)<\/td><td class=\"col-7 odd\">Turma do Primeiro per\u00edodo de 2007.<\/td><\/tr><tr id=\"igsv-18xkuFMAX4ktMftTr5Mbr3m4g2tqhande4cgQZBwCBIQ-row-45\" class=\"row-45 odd\"><td class=\"col-1 odd\">Jos\u00e9 Roberto Fernandes Salles <\/td><td class=\"col-2 even\"><\/td><td class=\"col-3 odd\">1985<\/td><td class=\"col-4 even\"><a href=\"mailto:josesalles13@gmail.com\">josesalles13@gmail.com<\/a><\/td><td class=\"col-5 odd\">Prefeitura de itaborai <\/td><td class=\"col-6 even\">Fiocruz<\/td><td class=\"col-7 odd\"><\/td><\/tr><\/tbody><\/table>\n","protected":false},"excerpt":{"rendered":"","protected":false},"author":20,"featured_media":0,"parent":591,"menu_order":0,"comment_status":"closed","ping_status":"closed","template":"","meta":{"_acf_changed":false,"_themeisle_gutenberg_block_has_review":false,"footnotes":"","_links_to":"","_links_to_target":""},"class_list":["post-596","page","type-page","status-publish","hentry"],"acf":[],"_links":{"self":[{"href":"https:\/\/institutos.ufrrj.br\/ia\/wp-json\/wp\/v2\/pages\/596","targetHints":{"allow":["GET"]}}],"collection":[{"href":"https:\/\/institutos.ufrrj.br\/ia\/wp-json\/wp\/v2\/pages"}],"about":[{"href":"https:\/\/institutos.ufrrj.br\/ia\/wp-json\/wp\/v2\/types\/page"}],"author":[{"embeddable":true,"href":"https:\/\/institutos.ufrrj.br\/ia\/wp-json\/wp\/v2\/users\/20"}],"replies":[{"embeddable":true,"href":"https:\/\/institutos.ufrrj.br\/ia\/wp-json\/wp\/v2\/comments?post=596"}],"version-history":[{"count":17,"href":"https:\/\/institutos.ufrrj.br\/ia\/wp-json\/wp\/v2\/pages\/596\/revisions"}],"predecessor-version":[{"id":627,"href":"https:\/\/institutos.ufrrj.br\/ia\/wp-json\/wp\/v2\/pages\/596\/revisions\/627"}],"up":[{"embeddable":true,"href":"https:\/\/institutos.ufrrj.br\/ia\/wp-json\/wp\/v2\/pages\/591"}],"wp:attachment":[{"href":"https:\/\/institutos.ufrrj.br\/ia\/wp-json\/wp\/v2\/media?parent=596"}],"curies":[{"name":"wp","href":"https:\/\/api.w.org\/{rel}","templated":true}]}}