{"id":80,"date":"2016-04-18T16:39:24","date_gmt":"2016-04-18T16:39:24","guid":{"rendered":"http:\/\/institutos.ufrrj.br\/ia\/?page_id=80"},"modified":"2025-04-25T08:09:47","modified_gmt":"2025-04-25T11:09:47","slug":"chefia","status":"publish","type":"page","link":"https:\/\/institutos.ufrrj.br\/ia\/fitotecnia\/chefia\/","title":{"rendered":"Chefia e Colegiado"},"content":{"rendered":"<p style=\"font-weight: 400\"><strong>HIST\u00d3RICO:\u00a0<\/strong>O\u00a0Departamento de Fitotecnia\u00a0da UFRRJ, foi criado oficialmente em 1974, quando\u00a0\u00a0aprovado o Estatuto e Regimento Geral da UFRRJ, conforme Parecer n\u00ba 3.716\/74 do Conselho Federal de Educa\u00e7\u00e3o, publicado no D.OU. de 02\/12\/1974, modificando assim a estrutura da Institui\u00e7\u00e3o, sendo criadas Unidades Universit\u00e1rias (Institutos) e subunidades de ensino (Departamentos).<\/p>\n<p><strong>\u00a0 \u00a0 \u00a0 \u00a0 \u00a0 \u00a0 \u00a0Chefe<\/strong><\/p>\n<p><strong>\u00a0<\/strong><img loading=\"lazy\" decoding=\"async\" class=\"wp-image-488 alignnone\" src=\"http:\/\/institutos.ufrrj.br\/ia\/wp-content\/uploads\/sites\/102\/2021\/11\/Foto-salmi-300x300.jpg\" alt=\"\" width=\"158\" height=\"158\" srcset=\"https:\/\/institutos.ufrrj.br\/ia\/wp-content\/uploads\/sites\/102\/2021\/11\/Foto-salmi-300x300.jpg 300w, https:\/\/institutos.ufrrj.br\/ia\/wp-content\/uploads\/sites\/102\/2021\/11\/Foto-salmi-150x150.jpg 150w, https:\/\/institutos.ufrrj.br\/ia\/wp-content\/uploads\/sites\/102\/2021\/11\/Foto-salmi-768x768.jpg 768w, https:\/\/institutos.ufrrj.br\/ia\/wp-content\/uploads\/sites\/102\/2021\/11\/Foto-salmi-1024x1024.jpg 1024w, https:\/\/institutos.ufrrj.br\/ia\/wp-content\/uploads\/sites\/102\/2021\/11\/Foto-salmi-100x100.jpg 100w, https:\/\/institutos.ufrrj.br\/ia\/wp-content\/uploads\/sites\/102\/2021\/11\/Foto-salmi.jpg 1234w\" sizes=\"auto, (max-width: 158px) 100vw, 158px\" \/><\/p>\n<p>Alexandre Porto Salmi<\/p>\n<p><a href=\"http:\/\/lattes.cnpq.br\/9848288680904091\">http:\/\/lattes.cnpq.br\/9848288680904091<\/a><\/p>\n<p>___________________________________________<\/p>\n<p><strong>\u00a0 \u00a0 \u00a0 \u00a0 Vice-Chefe<\/strong><\/p>\n<p>Luiz Beja Moreira<\/p>\n<p><a href=\"http:\/\/lattes.cnpq.br\/9988767331055759\">http:\/\/lattes.cnpq.br\/9988767331055759<\/a><\/p>\n<p>&nbsp;<\/p>\n<p>&nbsp;<\/p>\n","protected":false},"excerpt":{"rendered":"<p>HIST\u00d3RICO:\u00a0O\u00a0Departamento de Fitotecnia\u00a0da UFRRJ, foi criado oficialmente em 1974, quando\u00a0\u00a0aprovado o Estatuto e Regimento Geral da UFRRJ, conforme Parecer n\u00ba <a class=\"read-more\" href=\"https:\/\/institutos.ufrrj.br\/ia\/fitotecnia\/chefia\/\">&#8230; <em>leia mais <\/em> <i class=\"fa fa-long-arrow-right\"><\/i><\/a><\/p>\n","protected":false},"author":20,"featured_media":0,"parent":53,"menu_order":0,"comment_status":"closed","ping_status":"closed","template":"","meta":{"_acf_changed":false,"_themeisle_gutenberg_block_has_review":false,"footnotes":"","_links_to":"","_links_to_target":""},"class_list":["post-80","page","type-page","status-publish","hentry"],"acf":[],"_links":{"self":[{"href":"https:\/\/institutos.ufrrj.br\/ia\/wp-json\/wp\/v2\/pages\/80","targetHints":{"allow":["GET"]}}],"collection":[{"href":"https:\/\/institutos.ufrrj.br\/ia\/wp-json\/wp\/v2\/pages"}],"about":[{"href":"https:\/\/institutos.ufrrj.br\/ia\/wp-json\/wp\/v2\/types\/page"}],"author":[{"embeddable":true,"href":"https:\/\/institutos.ufrrj.br\/ia\/wp-json\/wp\/v2\/users\/20"}],"replies":[{"embeddable":true,"href":"https:\/\/institutos.ufrrj.br\/ia\/wp-json\/wp\/v2\/comments?post=80"}],"version-history":[{"count":23,"href":"https:\/\/institutos.ufrrj.br\/ia\/wp-json\/wp\/v2\/pages\/80\/revisions"}],"predecessor-version":[{"id":2195,"href":"https:\/\/institutos.ufrrj.br\/ia\/wp-json\/wp\/v2\/pages\/80\/revisions\/2195"}],"up":[{"embeddable":true,"href":"https:\/\/institutos.ufrrj.br\/ia\/wp-json\/wp\/v2\/pages\/53"}],"wp:attachment":[{"href":"https:\/\/institutos.ufrrj.br\/ia\/wp-json\/wp\/v2\/media?parent=80"}],"curies":[{"name":"wp","href":"https:\/\/api.w.org\/{rel}","templated":true}]}}