{"id":84,"date":"2016-04-18T16:40:31","date_gmt":"2016-04-18T16:40:31","guid":{"rendered":"http:\/\/institutos.ufrrj.br\/ia\/?page_id=84"},"modified":"2022-06-30T10:53:57","modified_gmt":"2022-06-30T13:53:57","slug":"disciplinas","status":"publish","type":"page","link":"https:\/\/institutos.ufrrj.br\/ia\/fitotecnia\/disciplinas\/","title":{"rendered":"Disciplinas"},"content":{"rendered":"<p><span style=\"color: #ff0000\">Requerimento Segunda CHAMADAS de Provas:<\/span><\/p>\n<p><img loading=\"lazy\" decoding=\"async\" class=\"alignnone  wp-image-885\" src=\"https:\/\/institutos.ufrrj.br\/ia\/wp-content\/uploads\/sites\/102\/2022\/06\/Word.jpg\" alt=\"\" width=\"53\" height=\"50\" \/> <a href=\"https:\/\/institutos.ufrrj.br\/ia\/wp-content\/uploads\/sites\/102\/2022\/06\/Requerimento2a-chamada-UFRRJ.doc\">Requerimento2a chamada UFRRJ<\/a><\/p>\n<p>______________________________________________<\/p>\n<p><strong>O Departamento de Fitotecnia oferece as seguintes disciplinas:<\/strong><\/p>\n<p><span style=\"color: #000000\">IA119 &#8211; <a style=\"color: #000000\" href=\"http:\/\/institutos.ufrrj.br\/ia\/wp-content\/uploads\/sites\/102\/2022\/03\/IA119-Controle-de-Plantas-Daninhas.pdf\">IA119-CONTROLE DE PLANTAS DANINHAS<\/a>\u00a0(GRADUA\u00c7\u00c3O)<\/span><\/p>\n<p><span style=\"color: #000000\"><a style=\"color: #000000\" href=\"http:\/\/institutos.ufrrj.br\/ia\/wp-content\/uploads\/sites\/102\/2019\/02\/IA-101-Cultura-de-Cereais.pdf\">IA101 &#8211; CULTURA DE CEREAIS &#8211; (GRADUA\u00c7\u00c3O)<\/a><\/span><\/p>\n<p><span style=\"color: #000000\"><a style=\"color: #000000\" href=\"http:\/\/institutos.ufrrj.br\/ia\/wp-content\/uploads\/sites\/102\/2019\/02\/IA-116-CPEOM...Cultura-de-Plantas-Estimulantes_-Oleaginosas-e-Medicinais.pdf\">IA116 &#8211; CULTURA DE PLANTAS ESTIMULANTES OLEAGINOSAS E MEDICINAIS (GRADUA\u00c7\u00c3O)<\/a><\/span><\/p>\n<p><span style=\"color: #000000\"><a style=\"color: #000000\" href=\"http:\/\/institutos.ufrrj.br\/ia\/wp-content\/uploads\/sites\/102\/2019\/02\/IA-117-SAC-SUC...Cultura-de-Plantas-Sacarinas_-Suculentas-e-Fibrosas.pdf\">IA117 &#8211; CULTURA DE PLANTAS SACARINAS, SUCULENTAS, OLEAGINOSAS E FIBROSAS (GRADUA\u00c7\u00c3O)<\/a><\/span><\/p>\n<p><span style=\"color: #000000\"><a style=\"color: #000000\" href=\"http:\/\/institutos.ufrrj.br\/ia\/wp-content\/uploads\/sites\/102\/2020\/08\/IA-122-EMENTA-1.pdf\">IA122 &#8211; FISIOLOGIA E TECNOLOGIA P\u00d3S-COLHEITA DE PRODUTOS VEGETAIS PEREC\u00cdVEIS (GRADUA\u00c7\u00c3O) <\/a><\/span><\/p>\n<p><span style=\"color: #000000\"><a style=\"color: #000000\" href=\"http:\/\/institutos.ufrrj.br\/ia\/wp-content\/uploads\/sites\/102\/2019\/02\/IA-115-Fisiologia-da-Produ\u00e7\u00e3o.pdf\">IA115 &#8211; FISIOLOGIA DA PRODU\u00c7\u00c3O (GRADUA\u00c7\u00c3O)<\/a><\/span><\/p>\n<p><span style=\"color: #000000\"><a style=\"color: #000000\" href=\"http:\/\/institutos.ufrrj.br\/ia\/wp-content\/uploads\/sites\/102\/2019\/02\/IA130-Fruticultura.pdf\">IA130 &#8211; FRUTICULTURA (GRADUA\u00c7\u00c3O) <\/a><\/span><\/p>\n<p><span style=\"color: #000000\"><a style=\"color: #000000\" href=\"http:\/\/institutos.ufrrj.br\/ia\/wp-content\/uploads\/sites\/102\/2020\/08\/IA105.pdf\">IA105 &#8211; FUNDAMENTOS DE HORTICULTURA (GRADUA\u00c7\u00c3O)<\/a><\/span><\/p>\n<p><span style=\"color: #000000\"><a style=\"color: #000000\" href=\"http:\/\/institutos.ufrrj.br\/ia\/wp-content\/uploads\/sites\/102\/2019\/02\/IA129-Olericultura.pdf\">IA129 &#8211; OLERICULTURA (GRADUA\u00c7\u00c3O) <\/a><\/span><\/p>\n<p><span style=\"color: #000000\"><a style=\"color: #000000\" href=\"http:\/\/institutos.ufrrj.br\/ia\/wp-content\/uploads\/sites\/102\/2019\/02\/IA-118-Paisagismo-Floricultura-e-Plantas-Ornamentais.pdf\">IA118 &#8211; PAISAGISMO FLORICULTURA E PLANTAS ORNAMENTAIS (GRADUA\u00c7\u00c3O)<\/a><\/span><\/p>\n<p><span style=\"color: #000000\"><a style=\"color: #000000\" href=\"http:\/\/institutos.ufrrj.br\/ia\/wp-content\/uploads\/sites\/102\/2020\/08\/Ementa-TAAGC-I.pdf\">IA126 &#8211; T\u00c9CNICAS AGR\u00cdCOLAS APLICADAS AS GRANDES CULTURAS I (GRADUA\u00c7\u00c3O)<\/a><\/span><\/p>\n<p><span style=\"color: #000000\"><a style=\"color: #000000\" href=\"http:\/\/institutos.ufrrj.br\/ia\/wp-content\/uploads\/sites\/102\/2020\/08\/Ementa-TAAGC-II.pdf\">IA127 &#8211; T\u00c9CNICAS AGR\u00cdCOLAS APLICADAS AS GRANDES CULTURAS II (GRADUA\u00c7\u00c3O)<\/a><\/span><\/p>\n<p><span style=\"color: #000000\">IA111 &#8211; <a style=\"color: #000000\" href=\"http:\/\/institutos.ufrrj.br\/ia\/wp-content\/uploads\/sites\/102\/2022\/03\/IA-111-Tecnologia-de-Sementes.pdf\">IA-111-TECNOLOGIA DE SEMENTES<\/a>\u00a0<a style=\"color: #000000\" href=\"http:\/\/institutos.ufrrj.br\/ia\/wp-content\/uploads\/sites\/102\/2020\/08\/Ementa-TAAGC-II.pdf\">(GRADUA\u00c7\u00c3O)<\/a><\/span><\/p>\n<p><span style=\"color: #000000\">IA 134 &#8211; <a style=\"color: #000000\" href=\"http:\/\/institutos.ufrrj.br\/ia\/wp-content\/uploads\/sites\/102\/2022\/03\/FRUTICULTURA-II-PRODU\u00c7\u00c3O-DE-FRUTASDE-CLIMA-SUBTROPICAL-E-TEMPERADO.pdf\">FRUTICULTURA II:\u00a0 PRODU\u00c7\u00c3O DE FRUTAS DE CLIMA SUBTROPICAL E TEMPERADO<\/a>\u00a0\u00a0<a style=\"color: #000000\" href=\"http:\/\/institutos.ufrrj.br\/ia\/wp-content\/uploads\/sites\/102\/2020\/08\/Ementa-TAAGC-II.pdf\">(GRADUA\u00c7\u00c3O)<\/a><\/span><\/p>\n","protected":false},"excerpt":{"rendered":"<p>Requerimento Segunda CHAMADAS de Provas: Requerimento2a chamada UFRRJ ______________________________________________ O Departamento de Fitotecnia oferece as seguintes disciplinas: IA119 &#8211; IA119-CONTROLE <a class=\"read-more\" href=\"https:\/\/institutos.ufrrj.br\/ia\/fitotecnia\/disciplinas\/\">&#8230; <em>leia mais <\/em> <i class=\"fa fa-long-arrow-right\"><\/i><\/a><\/p>\n","protected":false},"author":20,"featured_media":0,"parent":53,"menu_order":0,"comment_status":"closed","ping_status":"closed","template":"","meta":{"_acf_changed":false,"_themeisle_gutenberg_block_has_review":false,"footnotes":"","_links_to":"","_links_to_target":""},"class_list":["post-84","page","type-page","status-publish","hentry"],"acf":[],"_links":{"self":[{"href":"https:\/\/institutos.ufrrj.br\/ia\/wp-json\/wp\/v2\/pages\/84","targetHints":{"allow":["GET"]}}],"collection":[{"href":"https:\/\/institutos.ufrrj.br\/ia\/wp-json\/wp\/v2\/pages"}],"about":[{"href":"https:\/\/institutos.ufrrj.br\/ia\/wp-json\/wp\/v2\/types\/page"}],"author":[{"embeddable":true,"href":"https:\/\/institutos.ufrrj.br\/ia\/wp-json\/wp\/v2\/users\/20"}],"replies":[{"embeddable":true,"href":"https:\/\/institutos.ufrrj.br\/ia\/wp-json\/wp\/v2\/comments?post=84"}],"version-history":[{"count":18,"href":"https:\/\/institutos.ufrrj.br\/ia\/wp-json\/wp\/v2\/pages\/84\/revisions"}],"predecessor-version":[{"id":886,"href":"https:\/\/institutos.ufrrj.br\/ia\/wp-json\/wp\/v2\/pages\/84\/revisions\/886"}],"up":[{"embeddable":true,"href":"https:\/\/institutos.ufrrj.br\/ia\/wp-json\/wp\/v2\/pages\/53"}],"wp:attachment":[{"href":"https:\/\/institutos.ufrrj.br\/ia\/wp-json\/wp\/v2\/media?parent=84"}],"curies":[{"name":"wp","href":"https:\/\/api.w.org\/{rel}","templated":true}]}}