{"id":86,"date":"2016-04-18T16:41:03","date_gmt":"2016-04-18T16:41:03","guid":{"rendered":"http:\/\/institutos.ufrrj.br\/ia\/?page_id=86"},"modified":"2022-08-02T13:17:56","modified_gmt":"2022-08-02T16:17:56","slug":"laboratorios","status":"publish","type":"page","link":"https:\/\/institutos.ufrrj.br\/ia\/fitotecnia\/laboratorios\/","title":{"rendered":"Laborat\u00f3rios"},"content":{"rendered":"<p><strong>Laborat\u00f3rio da Rizosfera<\/strong><\/p>\n<p>Professor\u00a0Respons\u00e1vel: Dr. Jorge Jacob Neto<\/p>\n<p><strong>Laborat\u00f3rio de Plantas Daninhas e Pesticidas no Ambiente<\/strong><\/p>\n<p>Professor\u00a0Respons\u00e1vel: Dr. Aroldo Ferreira Lopes Machado<\/p>\n<p>Professora Respons\u00e1vel: Dra. Camila Ferreira de Pinho<\/p>\n<p><strong>Laborat\u00f3rio de Epidemiologia<\/strong><\/p>\n<p>Professora Respons\u00e1vel: Dra. Margarida Gor\u00e9te Ferreira do Carmo<\/p>\n<p><strong>Laborat\u00f3rio de Fisiologia Vegetal<\/strong><\/p>\n<p>Professor\u00a0Respons\u00e1vel: Dr. Carlos Pimentel<\/p>\n<p><strong>Laborat\u00f3rio do Caf\u00e9<\/strong><\/p>\n<p>Professor\u00a0Respons\u00e1vel: Dr. Alexandre Porto Salmi<\/p>\n<p><strong>Laborat\u00f3rio de Sementes<\/strong><\/p>\n<p>Professor\u00a0Respons\u00e1vel: Dr. Higino Marco Lopes<\/p>\n<p><strong>Laborat\u00f3rio de P\u00f3s-colheita<\/strong><\/p>\n<p>Professor Respons\u00e1vel: Dr. Rog\u00e9rio Gomes P\u00eago<\/p>\n<p>Professora Respons\u00e1vel: Dra. Regina\u00a0Celi\u00a0Cavestr\u00e9\u00a0Coneglian<\/p>\n<p>&nbsp;<\/p>\n<p>&nbsp;<\/p>\n","protected":false},"excerpt":{"rendered":"<p>Laborat\u00f3rio da Rizosfera Professor\u00a0Respons\u00e1vel: Dr. Jorge Jacob Neto Laborat\u00f3rio de Plantas Daninhas e Pesticidas no Ambiente Professor\u00a0Respons\u00e1vel: Dr. Aroldo Ferreira <a class=\"read-more\" href=\"https:\/\/institutos.ufrrj.br\/ia\/fitotecnia\/laboratorios\/\">&#8230; <em>leia mais <\/em> <i class=\"fa fa-long-arrow-right\"><\/i><\/a><\/p>\n","protected":false},"author":20,"featured_media":0,"parent":53,"menu_order":0,"comment_status":"closed","ping_status":"closed","template":"","meta":{"_acf_changed":false,"_themeisle_gutenberg_block_has_review":false,"footnotes":"","_links_to":"","_links_to_target":""},"class_list":["post-86","page","type-page","status-publish","hentry"],"acf":[],"_links":{"self":[{"href":"https:\/\/institutos.ufrrj.br\/ia\/wp-json\/wp\/v2\/pages\/86","targetHints":{"allow":["GET"]}}],"collection":[{"href":"https:\/\/institutos.ufrrj.br\/ia\/wp-json\/wp\/v2\/pages"}],"about":[{"href":"https:\/\/institutos.ufrrj.br\/ia\/wp-json\/wp\/v2\/types\/page"}],"author":[{"embeddable":true,"href":"https:\/\/institutos.ufrrj.br\/ia\/wp-json\/wp\/v2\/users\/20"}],"replies":[{"embeddable":true,"href":"https:\/\/institutos.ufrrj.br\/ia\/wp-json\/wp\/v2\/comments?post=86"}],"version-history":[{"count":10,"href":"https:\/\/institutos.ufrrj.br\/ia\/wp-json\/wp\/v2\/pages\/86\/revisions"}],"predecessor-version":[{"id":943,"href":"https:\/\/institutos.ufrrj.br\/ia\/wp-json\/wp\/v2\/pages\/86\/revisions\/943"}],"up":[{"embeddable":true,"href":"https:\/\/institutos.ufrrj.br\/ia\/wp-json\/wp\/v2\/pages\/53"}],"wp:attachment":[{"href":"https:\/\/institutos.ufrrj.br\/ia\/wp-json\/wp\/v2\/media?parent=86"}],"curies":[{"name":"wp","href":"https:\/\/api.w.org\/{rel}","templated":true}]}}