{"id":938,"date":"2022-08-02T13:10:49","date_gmt":"2022-08-02T16:10:49","guid":{"rendered":"https:\/\/institutos.ufrrj.br\/ia\/?page_id=938"},"modified":"2022-08-19T15:35:07","modified_gmt":"2022-08-19T18:35:07","slug":"noticias-dfito","status":"publish","type":"page","link":"https:\/\/institutos.ufrrj.br\/ia\/fitotecnia\/pesquisa\/noticias-dfito\/","title":{"rendered":"Departamento de Fitotecnia"},"content":{"rendered":"<p><strong>Reforma do Cafezal do Setor de Grandes Culturas:<\/strong><\/p>\n<p style=\"text-align: left\">Uma for\u00e7a tarefa aconteceu no dia 02 de agosto de 2022 no setor de Grandes Culturas do Departamento de Fitotecnia, com objetivo de reformar o cafezal do setor, por meio de poda. Contou-se nesta for\u00e7a tarefa com a ajuda fundamental, de toda for\u00e7a de trabalho do setor, funcion\u00e1rios t\u00e9cnicos administrativos, terceirizados, estagi\u00e1rios e estudantes da viv\u00eancia em Agronomia.<\/p>\n<p style=\"text-align: left\">Segundo o docente Alexandre Porto Salmi, este \u00e9 um tipo de poda denominado de recepa, que\u00a0 consiste em uma poda dr\u00e1stica, cortando os ramos ortotr\u00f3picos a uma altura de 20 a 40 cm do solo, chamada de \u201crecepa baixa\u201d, e com a rebrota das plantas, ocorre uma renova\u00e7\u00e3o da parte a\u00e9rea do cafezal, com maior vigor. Ap\u00f3s a realiza\u00e7\u00e3o da poda \u00e9 sempre interessante a aplica\u00e7\u00e3o de pasta bordalesa na face cortada do ramo ou mesmo a pulveriza\u00e7\u00e3o com calda bordalesa nos tocos, para fins de prote\u00e7\u00e3o contra incid\u00eancia de doen\u00e7as nas plantas, afirmou o professor do Departamento de Fitotecnia.<\/p>\n<p style=\"text-align: left\"><img loading=\"lazy\" decoding=\"async\" class=\" wp-image-939 alignleft\" src=\"https:\/\/institutos.ufrrj.br\/ia\/wp-content\/uploads\/sites\/102\/2022\/08\/recepa-a-169x300.jpg\" alt=\"\" width=\"184\" height=\"327\" srcset=\"https:\/\/institutos.ufrrj.br\/ia\/wp-content\/uploads\/sites\/102\/2022\/08\/recepa-a-169x300.jpg 169w, https:\/\/institutos.ufrrj.br\/ia\/wp-content\/uploads\/sites\/102\/2022\/08\/recepa-a-576x1024.jpg 576w, https:\/\/institutos.ufrrj.br\/ia\/wp-content\/uploads\/sites\/102\/2022\/08\/recepa-a-768x1366.jpg 768w, https:\/\/institutos.ufrrj.br\/ia\/wp-content\/uploads\/sites\/102\/2022\/08\/recepa-a-864x1536.jpg 864w, https:\/\/institutos.ufrrj.br\/ia\/wp-content\/uploads\/sites\/102\/2022\/08\/recepa-a.jpg 899w\" sizes=\"auto, (max-width: 184px) 100vw, 184px\" \/><img loading=\"lazy\" decoding=\"async\" class=\"alignnone wp-image-940\" src=\"https:\/\/institutos.ufrrj.br\/ia\/wp-content\/uploads\/sites\/102\/2022\/08\/Recepa-b-300x225.jpg\" alt=\"\" width=\"282\" height=\"211\" srcset=\"https:\/\/institutos.ufrrj.br\/ia\/wp-content\/uploads\/sites\/102\/2022\/08\/Recepa-b-300x225.jpg 300w, https:\/\/institutos.ufrrj.br\/ia\/wp-content\/uploads\/sites\/102\/2022\/08\/Recepa-b-1024x768.jpg 1024w, https:\/\/institutos.ufrrj.br\/ia\/wp-content\/uploads\/sites\/102\/2022\/08\/Recepa-b-768x576.jpg 768w, https:\/\/institutos.ufrrj.br\/ia\/wp-content\/uploads\/sites\/102\/2022\/08\/Recepa-b-1536x1152.jpg 1536w, https:\/\/institutos.ufrrj.br\/ia\/wp-content\/uploads\/sites\/102\/2022\/08\/Recepa-b-150x113.jpg 150w, https:\/\/institutos.ufrrj.br\/ia\/wp-content\/uploads\/sites\/102\/2022\/08\/Recepa-b-100x75.jpg 100w, https:\/\/institutos.ufrrj.br\/ia\/wp-content\/uploads\/sites\/102\/2022\/08\/Recepa-b.jpg 2000w\" sizes=\"auto, (max-width: 282px) 100vw, 282px\" \/><\/p>\n<p>&nbsp;<\/p>\n<p>&nbsp;<\/p>\n","protected":false},"excerpt":{"rendered":"<p>Reforma do Cafezal do Setor de Grandes Culturas: Uma for\u00e7a tarefa aconteceu no dia 02 de agosto de 2022 no <a class=\"read-more\" href=\"https:\/\/institutos.ufrrj.br\/ia\/fitotecnia\/pesquisa\/noticias-dfito\/\">&#8230; <em>leia mais <\/em> <i class=\"fa fa-long-arrow-right\"><\/i><\/a><\/p>\n","protected":false},"author":67,"featured_media":0,"parent":99,"menu_order":0,"comment_status":"closed","ping_status":"closed","template":"","meta":{"_acf_changed":false,"_themeisle_gutenberg_block_has_review":false,"footnotes":"","_links_to":"","_links_to_target":""},"class_list":["post-938","page","type-page","status-publish","hentry"],"acf":[],"_links":{"self":[{"href":"https:\/\/institutos.ufrrj.br\/ia\/wp-json\/wp\/v2\/pages\/938","targetHints":{"allow":["GET"]}}],"collection":[{"href":"https:\/\/institutos.ufrrj.br\/ia\/wp-json\/wp\/v2\/pages"}],"about":[{"href":"https:\/\/institutos.ufrrj.br\/ia\/wp-json\/wp\/v2\/types\/page"}],"author":[{"embeddable":true,"href":"https:\/\/institutos.ufrrj.br\/ia\/wp-json\/wp\/v2\/users\/67"}],"replies":[{"embeddable":true,"href":"https:\/\/institutos.ufrrj.br\/ia\/wp-json\/wp\/v2\/comments?post=938"}],"version-history":[{"count":10,"href":"https:\/\/institutos.ufrrj.br\/ia\/wp-json\/wp\/v2\/pages\/938\/revisions"}],"predecessor-version":[{"id":1890,"href":"https:\/\/institutos.ufrrj.br\/ia\/wp-json\/wp\/v2\/pages\/938\/revisions\/1890"}],"up":[{"embeddable":true,"href":"https:\/\/institutos.ufrrj.br\/ia\/wp-json\/wp\/v2\/pages\/99"}],"wp:attachment":[{"href":"https:\/\/institutos.ufrrj.br\/ia\/wp-json\/wp\/v2\/media?parent=938"}],"curies":[{"name":"wp","href":"https:\/\/api.w.org\/{rel}","templated":true}]}}