{"id":96,"date":"2016-04-18T16:42:28","date_gmt":"2016-04-18T16:42:28","guid":{"rendered":"http:\/\/institutos.ufrrj.br\/ia\/?page_id=96"},"modified":"2023-05-13T19:55:47","modified_gmt":"2023-05-13T22:55:47","slug":"oportunidades","status":"publish","type":"page","link":"https:\/\/institutos.ufrrj.br\/ia\/fitotecnia\/oportunidades\/","title":{"rendered":"Oportunidades"},"content":{"rendered":"<p>&nbsp;<\/p>\n<p>&nbsp;<\/p>\n<p>&nbsp;<\/p>\n<p><strong>Est\u00e1gio em Cafeicultura &#8211; Setor de Grandes Culturas<\/strong><\/p>\n<ul>\n<li>Manejo de Lavoura Cafeeira (Haver\u00e1 emiss\u00e3o de Declara\u00e7\u00e3o com carga hor\u00e1ria trabalhada)<\/li>\n<\/ul>\n<h5>Prof. Alexandre Porto Salmi &#8211; UFRRJ &#8211; IA &#8211; DFitotecnia<\/h5>\n<p>Contato: salmi@ufrrj.br<\/p>\n<p>&nbsp;<\/p>\n<p>_____________________________<\/p>\n<p><strong>Abaixo o link do Curso de Gradua\u00e7\u00e3o em Agronomia:<\/strong><\/p>\n<p><a href=\"https:\/\/cursos.ufrrj.br\/grad\/agronomia\/\">https:\/\/cursos.ufrrj.br\/grad\/agronomia\/<\/a><\/p>\n","protected":false},"excerpt":{"rendered":"<p>&nbsp; &nbsp; &nbsp; Est\u00e1gio em Cafeicultura &#8211; Setor de Grandes Culturas Manejo de Lavoura Cafeeira (Haver\u00e1 emiss\u00e3o de Declara\u00e7\u00e3o com <a class=\"read-more\" href=\"https:\/\/institutos.ufrrj.br\/ia\/fitotecnia\/oportunidades\/\">&#8230; <em>leia mais <\/em> <i class=\"fa fa-long-arrow-right\"><\/i><\/a><\/p>\n","protected":false},"author":20,"featured_media":0,"parent":53,"menu_order":0,"comment_status":"closed","ping_status":"closed","template":"","meta":{"_acf_changed":false,"_themeisle_gutenberg_block_has_review":false,"footnotes":"","_links_to":"","_links_to_target":""},"class_list":["post-96","page","type-page","status-publish","hentry"],"acf":[],"_links":{"self":[{"href":"https:\/\/institutos.ufrrj.br\/ia\/wp-json\/wp\/v2\/pages\/96","targetHints":{"allow":["GET"]}}],"collection":[{"href":"https:\/\/institutos.ufrrj.br\/ia\/wp-json\/wp\/v2\/pages"}],"about":[{"href":"https:\/\/institutos.ufrrj.br\/ia\/wp-json\/wp\/v2\/types\/page"}],"author":[{"embeddable":true,"href":"https:\/\/institutos.ufrrj.br\/ia\/wp-json\/wp\/v2\/users\/20"}],"replies":[{"embeddable":true,"href":"https:\/\/institutos.ufrrj.br\/ia\/wp-json\/wp\/v2\/comments?post=96"}],"version-history":[{"count":14,"href":"https:\/\/institutos.ufrrj.br\/ia\/wp-json\/wp\/v2\/pages\/96\/revisions"}],"predecessor-version":[{"id":1382,"href":"https:\/\/institutos.ufrrj.br\/ia\/wp-json\/wp\/v2\/pages\/96\/revisions\/1382"}],"up":[{"embeddable":true,"href":"https:\/\/institutos.ufrrj.br\/ia\/wp-json\/wp\/v2\/pages\/53"}],"wp:attachment":[{"href":"https:\/\/institutos.ufrrj.br\/ia\/wp-json\/wp\/v2\/media?parent=96"}],"curies":[{"name":"wp","href":"https:\/\/api.w.org\/{rel}","templated":true}]}}