{"id":99,"date":"2016-04-18T16:44:07","date_gmt":"2016-04-18T16:44:07","guid":{"rendered":"http:\/\/institutos.ufrrj.br\/ia\/?page_id=99"},"modified":"2019-02-04T17:24:55","modified_gmt":"2019-02-04T17:24:55","slug":"pesquisa","status":"publish","type":"page","link":"https:\/\/institutos.ufrrj.br\/ia\/fitotecnia\/pesquisa\/","title":{"rendered":"Pesquisa"},"content":{"rendered":"<p><strong>O Departamento de Fitotecnia da UFRRJ conta com dois programas de P\u00f3s-gradua\u00e7\u00e3o:<\/strong><\/p>\n<p>&nbsp;<\/p>\n<p>Programa de P\u00f3s-gradua\u00e7\u00e3o em Fitotecnia &#8211; PPGF &#8211;\u00a0<a href=\"http:\/\/cursos.ufrrj.br\/posgraduacao\/ppgf\/\">http:\/\/cursos.ufrrj.br\/posgraduacao\/ppgf\/<\/a><\/p>\n<p>Programa de P\u00f3s-gradua\u00e7\u00e3o em Agricultura Org\u00e2nica &#8211; PPGAO &#8211;\u00a0<a href=\"http:\/\/cursos.ufrrj.br\/posgraduacao\/ppgao\/\">http:\/\/cursos.ufrrj.br\/posgraduacao\/ppgao\/<\/a><\/p>\n","protected":false},"excerpt":{"rendered":"<p>O Departamento de Fitotecnia da UFRRJ conta com dois programas de P\u00f3s-gradua\u00e7\u00e3o: &nbsp; Programa de P\u00f3s-gradua\u00e7\u00e3o em Fitotecnia &#8211; PPGF <a class=\"read-more\" href=\"https:\/\/institutos.ufrrj.br\/ia\/fitotecnia\/pesquisa\/\">&#8230; <em>leia mais <\/em> <i class=\"fa fa-long-arrow-right\"><\/i><\/a><\/p>\n","protected":false},"author":20,"featured_media":0,"parent":53,"menu_order":0,"comment_status":"closed","ping_status":"closed","template":"","meta":{"_acf_changed":false,"_themeisle_gutenberg_block_has_review":false,"footnotes":"","_links_to":"","_links_to_target":""},"class_list":["post-99","page","type-page","status-publish","hentry"],"acf":[],"_links":{"self":[{"href":"https:\/\/institutos.ufrrj.br\/ia\/wp-json\/wp\/v2\/pages\/99","targetHints":{"allow":["GET"]}}],"collection":[{"href":"https:\/\/institutos.ufrrj.br\/ia\/wp-json\/wp\/v2\/pages"}],"about":[{"href":"https:\/\/institutos.ufrrj.br\/ia\/wp-json\/wp\/v2\/types\/page"}],"author":[{"embeddable":true,"href":"https:\/\/institutos.ufrrj.br\/ia\/wp-json\/wp\/v2\/users\/20"}],"replies":[{"embeddable":true,"href":"https:\/\/institutos.ufrrj.br\/ia\/wp-json\/wp\/v2\/comments?post=99"}],"version-history":[{"count":4,"href":"https:\/\/institutos.ufrrj.br\/ia\/wp-json\/wp\/v2\/pages\/99\/revisions"}],"predecessor-version":[{"id":332,"href":"https:\/\/institutos.ufrrj.br\/ia\/wp-json\/wp\/v2\/pages\/99\/revisions\/332"}],"up":[{"embeddable":true,"href":"https:\/\/institutos.ufrrj.br\/ia\/wp-json\/wp\/v2\/pages\/53"}],"wp:attachment":[{"href":"https:\/\/institutos.ufrrj.br\/ia\/wp-json\/wp\/v2\/media?parent=99"}],"curies":[{"name":"wp","href":"https:\/\/api.w.org\/{rel}","templated":true}]}}