{"id":1217,"date":"2021-09-27T19:18:54","date_gmt":"2021-09-27T19:18:54","guid":{"rendered":"http:\/\/institutos.ufrrj.br\/icbs\/?page_id=1217"},"modified":"2021-09-27T19:30:14","modified_gmt":"2021-09-27T19:30:14","slug":"2014-2","status":"publish","type":"page","link":"https:\/\/institutos.ufrrj.br\/icbs\/consuni-2\/2014-2\/","title":{"rendered":"2014"},"content":{"rendered":"<p><a href=\"http:\/\/institutos.ufrrj.br\/icbs\/wp-content\/uploads\/sites\/6\/2021\/09\/Ata-320\u00aa-reuni\u00e3o-CONSUNI-ICBS-24jan14.pdf\">Ata 320\u00aa reuni\u00e3o CONSUNI-ICBS (24jan14)<\/a><\/p>\n<p><a href=\"http:\/\/institutos.ufrrj.br\/icbs\/wp-content\/uploads\/sites\/6\/2021\/09\/Ata-321\u00aa-reuni\u00e3o-CONSUNI-ICBS-17fev14.pdf\">Ata 321\u00aa reuni\u00e3o CONSUNI-ICBS (17fev14)<\/a><\/p>\n<p><a href=\"http:\/\/institutos.ufrrj.br\/icbs\/wp-content\/uploads\/sites\/6\/2021\/09\/Ata-322\u00aa-reuni\u00e3o-CONSUNI-ICBS-11abr14.pdf\">Ata 322\u00aa reuni\u00e3o CONSUNI-ICBS (11abr14)<\/a><\/p>\n<p><a href=\"http:\/\/institutos.ufrrj.br\/icbs\/wp-content\/uploads\/sites\/6\/2021\/09\/Ata-323\u00aa-reuni\u00e3o-CONSUNI-ICBS-15maio14.pdf\">Ata 323\u00aa reuni\u00e3o CONSUNI-ICBS (15maio14)<\/a><\/p>\n<p><a href=\"http:\/\/institutos.ufrrj.br\/icbs\/wp-content\/uploads\/sites\/6\/2021\/09\/Ata-324\u00aa-reuni\u00e3o-CONSUNI-ICBS-06jun14.pdf\">Ata 324\u00aa reuni\u00e3o CONSUNI-ICBS (06jun14)<\/a><\/p>\n<p><a href=\"http:\/\/institutos.ufrrj.br\/icbs\/wp-content\/uploads\/sites\/6\/2021\/09\/Ata-325\u00aa-reuni\u00e3o-CONSUNI-ICBS-07jul14.pdf\">Ata 325\u00aa reuni\u00e3o CONSUNI-ICBS (07jul14)<\/a><\/p>\n<p><a href=\"http:\/\/institutos.ufrrj.br\/icbs\/wp-content\/uploads\/sites\/6\/2021\/09\/Ata-326\u00aa-reuni\u00e3o-CONSUNI-ICBS-10set14.pdf\">Ata 326\u00aa reuni\u00e3o CONSUNI-ICBS (10set14)<\/a><\/p>\n<p><a href=\"http:\/\/institutos.ufrrj.br\/icbs\/wp-content\/uploads\/sites\/6\/2021\/09\/Ata-327\u00aa-reuni\u00e3o-CONSUNI-ICBS-25set14.pdf\">Ata 327\u00aa reuni\u00e3o CONSUNI-ICBS (25set14)<\/a><\/p>\n<p><a href=\"http:\/\/institutos.ufrrj.br\/icbs\/wp-content\/uploads\/sites\/6\/2021\/09\/Ata-328\u00aa-reuni\u00e3o-CONSUNI-ICBS-07nov14.pdf\">Ata 328\u00aa reuni\u00e3o CONSUNI-ICBS (07nov14)<\/a><\/p>\n<p><a href=\"http:\/\/institutos.ufrrj.br\/icbs\/wp-content\/uploads\/sites\/6\/2021\/09\/Ata-329\u00aa-reuni\u00e3o-CONSUNI-ICBS-01dez14.pdf\">Ata 329\u00aa reuni\u00e3o CONSUNI-ICBS (01dez14)<\/a><\/p>\n","protected":false},"excerpt":{"rendered":"<p>Ata 320\u00aa reuni\u00e3o CONSUNI-ICBS (24jan14) Ata 321\u00aa reuni\u00e3o CONSUNI-ICBS (17fev14) Ata 322\u00aa reuni\u00e3o CONSUNI-ICBS (11abr14) Ata 323\u00aa reuni\u00e3o CONSUNI-ICBS (15maio14) Ata 324\u00aa [&hellip;]<\/p>\n","protected":false},"author":63,"featured_media":0,"parent":1128,"menu_order":0,"comment_status":"closed","ping_status":"closed","template":"","meta":{"_acf_changed":false,"_themeisle_gutenberg_block_has_review":false,"footnotes":"","_links_to":"","_links_to_target":""},"class_list":["post-1217","page","type-page","status-publish","hentry"],"acf":[],"yoast_head":"<!-- This site is optimized with the Yoast SEO plugin v26.8 - https:\/\/yoast.com\/product\/yoast-seo-wordpress\/ -->\n<title>2014 - Instituto de Ci\u00eancias Biol\u00f3gicas e da Sa\u00fade<\/title>\n<meta name=\"robots\" content=\"index, follow, max-snippet:-1, max-image-preview:large, max-video-preview:-1\" \/>\n<link rel=\"canonical\" href=\"https:\/\/institutos.ufrrj.br\/icbs\/consuni-2\/2014-2\/\" \/>\n<meta property=\"og:locale\" content=\"pt_BR\" \/>\n<meta property=\"og:type\" content=\"article\" \/>\n<meta property=\"og:title\" content=\"2014 - Instituto de Ci\u00eancias Biol\u00f3gicas e da Sa\u00fade\" \/>\n<meta property=\"og:description\" content=\"Ata 320\u00aa reuni\u00e3o CONSUNI-ICBS (24jan14) Ata 321\u00aa reuni\u00e3o CONSUNI-ICBS (17fev14) Ata 322\u00aa reuni\u00e3o CONSUNI-ICBS (11abr14) Ata 323\u00aa reuni\u00e3o CONSUNI-ICBS (15maio14) Ata 324\u00aa [&hellip;]\" \/>\n<meta property=\"og:url\" content=\"https:\/\/institutos.ufrrj.br\/icbs\/consuni-2\/2014-2\/\" \/>\n<meta property=\"og:site_name\" content=\"Instituto de Ci\u00eancias Biol\u00f3gicas e da Sa\u00fade\" \/>\n<meta property=\"article:modified_time\" content=\"2021-09-27T19:30:14+00:00\" \/>\n<meta name=\"twitter:card\" content=\"summary_large_image\" \/>\n<script type=\"application\/ld+json\" class=\"yoast-schema-graph\">{\"@context\":\"https:\/\/schema.org\",\"@graph\":[{\"@type\":\"WebPage\",\"@id\":\"https:\/\/institutos.ufrrj.br\/icbs\/consuni-2\/2014-2\/\",\"url\":\"https:\/\/institutos.ufrrj.br\/icbs\/consuni-2\/2014-2\/\",\"name\":\"2014 - Instituto de Ci\u00eancias Biol\u00f3gicas e da Sa\u00fade\",\"isPartOf\":{\"@id\":\"https:\/\/institutos.ufrrj.br\/icbs\/#website\"},\"datePublished\":\"2021-09-27T19:18:54+00:00\",\"dateModified\":\"2021-09-27T19:30:14+00:00\",\"breadcrumb\":{\"@id\":\"https:\/\/institutos.ufrrj.br\/icbs\/consuni-2\/2014-2\/#breadcrumb\"},\"inLanguage\":\"pt-BR\",\"potentialAction\":[{\"@type\":\"ReadAction\",\"target\":[\"https:\/\/institutos.ufrrj.br\/icbs\/consuni-2\/2014-2\/\"]}]},{\"@type\":\"BreadcrumbList\",\"@id\":\"https:\/\/institutos.ufrrj.br\/icbs\/consuni-2\/2014-2\/#breadcrumb\",\"itemListElement\":[{\"@type\":\"ListItem\",\"position\":1,\"name\":\"In\u00edcio\",\"item\":\"https:\/\/institutos.ufrrj.br\/icbs\/\"},{\"@type\":\"ListItem\",\"position\":2,\"name\":\"Atas\",\"item\":\"https:\/\/institutos.ufrrj.br\/icbs\/consuni-2\/\"},{\"@type\":\"ListItem\",\"position\":3,\"name\":\"2014\"}]},{\"@type\":\"WebSite\",\"@id\":\"https:\/\/institutos.ufrrj.br\/icbs\/#website\",\"url\":\"https:\/\/institutos.ufrrj.br\/icbs\/\",\"name\":\"ICBS - Instituto de Ci\u00eancias Biol\u00f3gicas e da Sa\u00fade\",\"description\":\"\",\"publisher\":{\"@id\":\"https:\/\/institutos.ufrrj.br\/icbs\/#organization\"},\"potentialAction\":[{\"@type\":\"SearchAction\",\"target\":{\"@type\":\"EntryPoint\",\"urlTemplate\":\"https:\/\/institutos.ufrrj.br\/icbs\/?s={search_term_string}\"},\"query-input\":{\"@type\":\"PropertyValueSpecification\",\"valueRequired\":true,\"valueName\":\"search_term_string\"}}],\"inLanguage\":\"pt-BR\"},{\"@type\":\"Organization\",\"@id\":\"https:\/\/institutos.ufrrj.br\/icbs\/#organization\",\"name\":\"UFRRJ - Universidade Federal Rural do Rio de Janeiro\",\"url\":\"https:\/\/institutos.ufrrj.br\/icbs\/\",\"logo\":{\"@type\":\"ImageObject\",\"inLanguage\":\"pt-BR\",\"@id\":\"https:\/\/institutos.ufrrj.br\/icbs\/#\/schema\/logo\/image\/\",\"url\":\"https:\/\/institutos.ufrrj.br\/icbs\/wp-content\/uploads\/sites\/6\/2022\/05\/Logo-ICBS.png\",\"contentUrl\":\"https:\/\/institutos.ufrrj.br\/icbs\/wp-content\/uploads\/sites\/6\/2022\/05\/Logo-ICBS.png\",\"width\":387,\"height\":371,\"caption\":\"UFRRJ - Universidade Federal Rural do Rio de Janeiro\"},\"image\":{\"@id\":\"https:\/\/institutos.ufrrj.br\/icbs\/#\/schema\/logo\/image\/\"}}]}<\/script>\n<!-- \/ Yoast SEO plugin. -->","yoast_head_json":{"title":"2014 - Instituto de Ci\u00eancias Biol\u00f3gicas e da Sa\u00fade","robots":{"index":"index","follow":"follow","max-snippet":"max-snippet:-1","max-image-preview":"max-image-preview:large","max-video-preview":"max-video-preview:-1"},"canonical":"https:\/\/institutos.ufrrj.br\/icbs\/consuni-2\/2014-2\/","og_locale":"pt_BR","og_type":"article","og_title":"2014 - Instituto de Ci\u00eancias Biol\u00f3gicas e da Sa\u00fade","og_description":"Ata 320\u00aa reuni\u00e3o CONSUNI-ICBS (24jan14) Ata 321\u00aa reuni\u00e3o CONSUNI-ICBS (17fev14) Ata 322\u00aa reuni\u00e3o CONSUNI-ICBS (11abr14) Ata 323\u00aa reuni\u00e3o CONSUNI-ICBS (15maio14) Ata 324\u00aa [&hellip;]","og_url":"https:\/\/institutos.ufrrj.br\/icbs\/consuni-2\/2014-2\/","og_site_name":"Instituto de Ci\u00eancias Biol\u00f3gicas e da Sa\u00fade","article_modified_time":"2021-09-27T19:30:14+00:00","twitter_card":"summary_large_image","schema":{"@context":"https:\/\/schema.org","@graph":[{"@type":"WebPage","@id":"https:\/\/institutos.ufrrj.br\/icbs\/consuni-2\/2014-2\/","url":"https:\/\/institutos.ufrrj.br\/icbs\/consuni-2\/2014-2\/","name":"2014 - Instituto de Ci\u00eancias Biol\u00f3gicas e da Sa\u00fade","isPartOf":{"@id":"https:\/\/institutos.ufrrj.br\/icbs\/#website"},"datePublished":"2021-09-27T19:18:54+00:00","dateModified":"2021-09-27T19:30:14+00:00","breadcrumb":{"@id":"https:\/\/institutos.ufrrj.br\/icbs\/consuni-2\/2014-2\/#breadcrumb"},"inLanguage":"pt-BR","potentialAction":[{"@type":"ReadAction","target":["https:\/\/institutos.ufrrj.br\/icbs\/consuni-2\/2014-2\/"]}]},{"@type":"BreadcrumbList","@id":"https:\/\/institutos.ufrrj.br\/icbs\/consuni-2\/2014-2\/#breadcrumb","itemListElement":[{"@type":"ListItem","position":1,"name":"In\u00edcio","item":"https:\/\/institutos.ufrrj.br\/icbs\/"},{"@type":"ListItem","position":2,"name":"Atas","item":"https:\/\/institutos.ufrrj.br\/icbs\/consuni-2\/"},{"@type":"ListItem","position":3,"name":"2014"}]},{"@type":"WebSite","@id":"https:\/\/institutos.ufrrj.br\/icbs\/#website","url":"https:\/\/institutos.ufrrj.br\/icbs\/","name":"ICBS - Instituto de Ci\u00eancias Biol\u00f3gicas e da Sa\u00fade","description":"","publisher":{"@id":"https:\/\/institutos.ufrrj.br\/icbs\/#organization"},"potentialAction":[{"@type":"SearchAction","target":{"@type":"EntryPoint","urlTemplate":"https:\/\/institutos.ufrrj.br\/icbs\/?s={search_term_string}"},"query-input":{"@type":"PropertyValueSpecification","valueRequired":true,"valueName":"search_term_string"}}],"inLanguage":"pt-BR"},{"@type":"Organization","@id":"https:\/\/institutos.ufrrj.br\/icbs\/#organization","name":"UFRRJ - Universidade Federal Rural do Rio de Janeiro","url":"https:\/\/institutos.ufrrj.br\/icbs\/","logo":{"@type":"ImageObject","inLanguage":"pt-BR","@id":"https:\/\/institutos.ufrrj.br\/icbs\/#\/schema\/logo\/image\/","url":"https:\/\/institutos.ufrrj.br\/icbs\/wp-content\/uploads\/sites\/6\/2022\/05\/Logo-ICBS.png","contentUrl":"https:\/\/institutos.ufrrj.br\/icbs\/wp-content\/uploads\/sites\/6\/2022\/05\/Logo-ICBS.png","width":387,"height":371,"caption":"UFRRJ - Universidade Federal Rural do Rio de Janeiro"},"image":{"@id":"https:\/\/institutos.ufrrj.br\/icbs\/#\/schema\/logo\/image\/"}}]}},"_links":{"self":[{"href":"https:\/\/institutos.ufrrj.br\/icbs\/wp-json\/wp\/v2\/pages\/1217","targetHints":{"allow":["GET"]}}],"collection":[{"href":"https:\/\/institutos.ufrrj.br\/icbs\/wp-json\/wp\/v2\/pages"}],"about":[{"href":"https:\/\/institutos.ufrrj.br\/icbs\/wp-json\/wp\/v2\/types\/page"}],"author":[{"embeddable":true,"href":"https:\/\/institutos.ufrrj.br\/icbs\/wp-json\/wp\/v2\/users\/63"}],"replies":[{"embeddable":true,"href":"https:\/\/institutos.ufrrj.br\/icbs\/wp-json\/wp\/v2\/comments?post=1217"}],"version-history":[{"count":3,"href":"https:\/\/institutos.ufrrj.br\/icbs\/wp-json\/wp\/v2\/pages\/1217\/revisions"}],"predecessor-version":[{"id":1263,"href":"https:\/\/institutos.ufrrj.br\/icbs\/wp-json\/wp\/v2\/pages\/1217\/revisions\/1263"}],"up":[{"embeddable":true,"href":"https:\/\/institutos.ufrrj.br\/icbs\/wp-json\/wp\/v2\/pages\/1128"}],"wp:attachment":[{"href":"https:\/\/institutos.ufrrj.br\/icbs\/wp-json\/wp\/v2\/media?parent=1217"}],"curies":[{"name":"wp","href":"https:\/\/api.w.org\/{rel}","templated":true}]}}