{"id":1221,"date":"2021-09-27T19:19:14","date_gmt":"2021-09-27T19:19:14","guid":{"rendered":"http:\/\/institutos.ufrrj.br\/icbs\/?page_id=1221"},"modified":"2021-09-27T19:45:49","modified_gmt":"2021-09-27T19:45:49","slug":"2016-2","status":"publish","type":"page","link":"https:\/\/institutos.ufrrj.br\/icbs\/consuni-2\/2016-2\/","title":{"rendered":"2016"},"content":{"rendered":"<p><a href=\"http:\/\/institutos.ufrrj.br\/icbs\/wp-content\/uploads\/sites\/6\/2021\/09\/Ata-340\u00aa-reuni\u00e3o-CONSUNI-ICBS-02mar16.pdf\">Ata 340\u00aa reuni\u00e3o CONSUNI-ICBS (02mar16)<\/a><\/p>\n<p><a href=\"http:\/\/institutos.ufrrj.br\/icbs\/wp-content\/uploads\/sites\/6\/2021\/09\/Ata-341\u00aa-reuni\u00e3o-CONSUNI-ICBS-07abril16.pdf\">Ata 341\u00aa reuni\u00e3o CONSUNI-ICBS (07abril16)<\/a><\/p>\n<p><a href=\"http:\/\/institutos.ufrrj.br\/icbs\/wp-content\/uploads\/sites\/6\/2021\/09\/Ata-342\u00aa-reuni\u00e3o-CONSUNI-ICBS-06maio16.pdf\">Ata 342\u00aa reuni\u00e3o CONSUNI-ICBS (06maio16)<\/a><\/p>\n<p><a href=\"http:\/\/institutos.ufrrj.br\/icbs\/wp-content\/uploads\/sites\/6\/2021\/09\/Ata-343\u00aa-reuni\u00e3o-CONSUNI-ICBS-06jun16.pdf\">Ata 343\u00aa reuni\u00e3o CONSUNI-ICBS (06jun16)<\/a><\/p>\n<p><a href=\"http:\/\/institutos.ufrrj.br\/icbs\/wp-content\/uploads\/sites\/6\/2021\/09\/Ata-344\u00aa-reuni\u00e3o-CONSUNI-ICBS-05jul16.pdf\">Ata 344\u00aa reuni\u00e3o CONSUNI-ICBS (05jul16)<\/a><\/p>\n<p><a href=\"http:\/\/institutos.ufrrj.br\/icbs\/wp-content\/uploads\/sites\/6\/2021\/09\/Ata-345\u00aa-reuni\u00e3o-CONSUNI-ICBS-03ago16.pdf\">Ata 345\u00aa reuni\u00e3o CONSUNI-ICBS (03ago16)<\/a><\/p>\n<p><a href=\"http:\/\/institutos.ufrrj.br\/icbs\/wp-content\/uploads\/sites\/6\/2021\/09\/Ata-346\u00aa-A-reuni\u00e3o-CONSUNI-ICBS-01set16.pdf\">Ata 346\u00aa-A reuni\u00e3o CONSUNI-ICBS (01set16)<\/a><\/p>\n<p><a href=\"http:\/\/institutos.ufrrj.br\/icbs\/wp-content\/uploads\/sites\/6\/2021\/09\/Ata-346\u00aa-B-reuni\u00e3o-CONSUNI-ICBS-27set16.pdf\">Ata 346\u00aa-B reuni\u00e3o CONSUNI-ICBS (27set16)<\/a><\/p>\n<p><a href=\"http:\/\/institutos.ufrrj.br\/icbs\/wp-content\/uploads\/sites\/6\/2021\/09\/Ata-347\u00aa-reuni\u00e3o-CONSUNI-ICBS-07out16.pdf\">Ata 347\u00aa reuni\u00e3o CONSUNI-ICBS (07out16)<\/a><\/p>\n<p><a href=\"http:\/\/institutos.ufrrj.br\/icbs\/wp-content\/uploads\/sites\/6\/2021\/09\/Ata-348\u00aa-A-reuni\u00e3o-CONSUNI-ICBS-07nov16.pdf\">Ata 348\u00aa-A reuni\u00e3o CONSUNI-ICBS (07nov16)<\/a><\/p>\n<p><a href=\"http:\/\/institutos.ufrrj.br\/icbs\/wp-content\/uploads\/sites\/6\/2021\/09\/Ata-348\u00aa-B-reuni\u00e3o-CONSUNI-ICBS-28nov16.pdf\">Ata 348\u00aa-B reuni\u00e3o CONSUNI-ICBS (28nov16)<\/a><\/p>\n<p><a href=\"http:\/\/institutos.ufrrj.br\/icbs\/wp-content\/uploads\/sites\/6\/2021\/09\/Ata-349\u00aa-reuni\u00e3o-CONSUNI-ICBS-06dez16.pdf\">Ata 349\u00aa reuni\u00e3o CONSUNI-ICBS (06dez16)<\/a><\/p>\n<p>&nbsp;<\/p>\n","protected":false},"excerpt":{"rendered":"<p>Ata 340\u00aa reuni\u00e3o CONSUNI-ICBS (02mar16) Ata 341\u00aa reuni\u00e3o CONSUNI-ICBS (07abril16) Ata 342\u00aa reuni\u00e3o CONSUNI-ICBS (06maio16) Ata 343\u00aa reuni\u00e3o CONSUNI-ICBS (06jun16) Ata 344\u00aa [&hellip;]<\/p>\n","protected":false},"author":63,"featured_media":0,"parent":1128,"menu_order":0,"comment_status":"closed","ping_status":"closed","template":"","meta":{"_acf_changed":false,"_themeisle_gutenberg_block_has_review":false,"footnotes":"","_links_to":"","_links_to_target":""},"class_list":["post-1221","page","type-page","status-publish","hentry"],"acf":[],"yoast_head":"<!-- This site is optimized with the Yoast SEO plugin v26.8 - https:\/\/yoast.com\/product\/yoast-seo-wordpress\/ -->\n<title>2016 - Instituto de Ci\u00eancias Biol\u00f3gicas e da Sa\u00fade<\/title>\n<meta name=\"robots\" content=\"index, follow, max-snippet:-1, max-image-preview:large, max-video-preview:-1\" \/>\n<link rel=\"canonical\" href=\"https:\/\/institutos.ufrrj.br\/icbs\/consuni-2\/2016-2\/\" \/>\n<meta property=\"og:locale\" content=\"pt_BR\" \/>\n<meta property=\"og:type\" content=\"article\" \/>\n<meta property=\"og:title\" content=\"2016 - Instituto de Ci\u00eancias Biol\u00f3gicas e da Sa\u00fade\" \/>\n<meta property=\"og:description\" content=\"Ata 340\u00aa reuni\u00e3o CONSUNI-ICBS (02mar16) Ata 341\u00aa reuni\u00e3o CONSUNI-ICBS (07abril16) Ata 342\u00aa reuni\u00e3o CONSUNI-ICBS (06maio16) Ata 343\u00aa reuni\u00e3o CONSUNI-ICBS (06jun16) Ata 344\u00aa [&hellip;]\" \/>\n<meta property=\"og:url\" content=\"https:\/\/institutos.ufrrj.br\/icbs\/consuni-2\/2016-2\/\" \/>\n<meta property=\"og:site_name\" content=\"Instituto de Ci\u00eancias Biol\u00f3gicas e da Sa\u00fade\" \/>\n<meta property=\"article:modified_time\" content=\"2021-09-27T19:45:49+00:00\" \/>\n<meta name=\"twitter:card\" content=\"summary_large_image\" \/>\n<script type=\"application\/ld+json\" class=\"yoast-schema-graph\">{\"@context\":\"https:\/\/schema.org\",\"@graph\":[{\"@type\":\"WebPage\",\"@id\":\"https:\/\/institutos.ufrrj.br\/icbs\/consuni-2\/2016-2\/\",\"url\":\"https:\/\/institutos.ufrrj.br\/icbs\/consuni-2\/2016-2\/\",\"name\":\"2016 - Instituto de Ci\u00eancias Biol\u00f3gicas e da Sa\u00fade\",\"isPartOf\":{\"@id\":\"https:\/\/institutos.ufrrj.br\/icbs\/#website\"},\"datePublished\":\"2021-09-27T19:19:14+00:00\",\"dateModified\":\"2021-09-27T19:45:49+00:00\",\"breadcrumb\":{\"@id\":\"https:\/\/institutos.ufrrj.br\/icbs\/consuni-2\/2016-2\/#breadcrumb\"},\"inLanguage\":\"pt-BR\",\"potentialAction\":[{\"@type\":\"ReadAction\",\"target\":[\"https:\/\/institutos.ufrrj.br\/icbs\/consuni-2\/2016-2\/\"]}]},{\"@type\":\"BreadcrumbList\",\"@id\":\"https:\/\/institutos.ufrrj.br\/icbs\/consuni-2\/2016-2\/#breadcrumb\",\"itemListElement\":[{\"@type\":\"ListItem\",\"position\":1,\"name\":\"In\u00edcio\",\"item\":\"https:\/\/institutos.ufrrj.br\/icbs\/\"},{\"@type\":\"ListItem\",\"position\":2,\"name\":\"Atas\",\"item\":\"https:\/\/institutos.ufrrj.br\/icbs\/consuni-2\/\"},{\"@type\":\"ListItem\",\"position\":3,\"name\":\"2016\"}]},{\"@type\":\"WebSite\",\"@id\":\"https:\/\/institutos.ufrrj.br\/icbs\/#website\",\"url\":\"https:\/\/institutos.ufrrj.br\/icbs\/\",\"name\":\"ICBS - Instituto de Ci\u00eancias Biol\u00f3gicas e da Sa\u00fade\",\"description\":\"\",\"publisher\":{\"@id\":\"https:\/\/institutos.ufrrj.br\/icbs\/#organization\"},\"potentialAction\":[{\"@type\":\"SearchAction\",\"target\":{\"@type\":\"EntryPoint\",\"urlTemplate\":\"https:\/\/institutos.ufrrj.br\/icbs\/?s={search_term_string}\"},\"query-input\":{\"@type\":\"PropertyValueSpecification\",\"valueRequired\":true,\"valueName\":\"search_term_string\"}}],\"inLanguage\":\"pt-BR\"},{\"@type\":\"Organization\",\"@id\":\"https:\/\/institutos.ufrrj.br\/icbs\/#organization\",\"name\":\"UFRRJ - Universidade Federal Rural do Rio de Janeiro\",\"url\":\"https:\/\/institutos.ufrrj.br\/icbs\/\",\"logo\":{\"@type\":\"ImageObject\",\"inLanguage\":\"pt-BR\",\"@id\":\"https:\/\/institutos.ufrrj.br\/icbs\/#\/schema\/logo\/image\/\",\"url\":\"https:\/\/institutos.ufrrj.br\/icbs\/wp-content\/uploads\/sites\/6\/2022\/05\/Logo-ICBS.png\",\"contentUrl\":\"https:\/\/institutos.ufrrj.br\/icbs\/wp-content\/uploads\/sites\/6\/2022\/05\/Logo-ICBS.png\",\"width\":387,\"height\":371,\"caption\":\"UFRRJ - Universidade Federal Rural do Rio de Janeiro\"},\"image\":{\"@id\":\"https:\/\/institutos.ufrrj.br\/icbs\/#\/schema\/logo\/image\/\"}}]}<\/script>\n<!-- \/ Yoast SEO plugin. -->","yoast_head_json":{"title":"2016 - Instituto de Ci\u00eancias Biol\u00f3gicas e da Sa\u00fade","robots":{"index":"index","follow":"follow","max-snippet":"max-snippet:-1","max-image-preview":"max-image-preview:large","max-video-preview":"max-video-preview:-1"},"canonical":"https:\/\/institutos.ufrrj.br\/icbs\/consuni-2\/2016-2\/","og_locale":"pt_BR","og_type":"article","og_title":"2016 - Instituto de Ci\u00eancias Biol\u00f3gicas e da Sa\u00fade","og_description":"Ata 340\u00aa reuni\u00e3o CONSUNI-ICBS (02mar16) Ata 341\u00aa reuni\u00e3o CONSUNI-ICBS (07abril16) Ata 342\u00aa reuni\u00e3o CONSUNI-ICBS (06maio16) Ata 343\u00aa reuni\u00e3o CONSUNI-ICBS (06jun16) Ata 344\u00aa [&hellip;]","og_url":"https:\/\/institutos.ufrrj.br\/icbs\/consuni-2\/2016-2\/","og_site_name":"Instituto de Ci\u00eancias Biol\u00f3gicas e da Sa\u00fade","article_modified_time":"2021-09-27T19:45:49+00:00","twitter_card":"summary_large_image","schema":{"@context":"https:\/\/schema.org","@graph":[{"@type":"WebPage","@id":"https:\/\/institutos.ufrrj.br\/icbs\/consuni-2\/2016-2\/","url":"https:\/\/institutos.ufrrj.br\/icbs\/consuni-2\/2016-2\/","name":"2016 - Instituto de Ci\u00eancias Biol\u00f3gicas e da Sa\u00fade","isPartOf":{"@id":"https:\/\/institutos.ufrrj.br\/icbs\/#website"},"datePublished":"2021-09-27T19:19:14+00:00","dateModified":"2021-09-27T19:45:49+00:00","breadcrumb":{"@id":"https:\/\/institutos.ufrrj.br\/icbs\/consuni-2\/2016-2\/#breadcrumb"},"inLanguage":"pt-BR","potentialAction":[{"@type":"ReadAction","target":["https:\/\/institutos.ufrrj.br\/icbs\/consuni-2\/2016-2\/"]}]},{"@type":"BreadcrumbList","@id":"https:\/\/institutos.ufrrj.br\/icbs\/consuni-2\/2016-2\/#breadcrumb","itemListElement":[{"@type":"ListItem","position":1,"name":"In\u00edcio","item":"https:\/\/institutos.ufrrj.br\/icbs\/"},{"@type":"ListItem","position":2,"name":"Atas","item":"https:\/\/institutos.ufrrj.br\/icbs\/consuni-2\/"},{"@type":"ListItem","position":3,"name":"2016"}]},{"@type":"WebSite","@id":"https:\/\/institutos.ufrrj.br\/icbs\/#website","url":"https:\/\/institutos.ufrrj.br\/icbs\/","name":"ICBS - Instituto de Ci\u00eancias Biol\u00f3gicas e da Sa\u00fade","description":"","publisher":{"@id":"https:\/\/institutos.ufrrj.br\/icbs\/#organization"},"potentialAction":[{"@type":"SearchAction","target":{"@type":"EntryPoint","urlTemplate":"https:\/\/institutos.ufrrj.br\/icbs\/?s={search_term_string}"},"query-input":{"@type":"PropertyValueSpecification","valueRequired":true,"valueName":"search_term_string"}}],"inLanguage":"pt-BR"},{"@type":"Organization","@id":"https:\/\/institutos.ufrrj.br\/icbs\/#organization","name":"UFRRJ - Universidade Federal Rural do Rio de Janeiro","url":"https:\/\/institutos.ufrrj.br\/icbs\/","logo":{"@type":"ImageObject","inLanguage":"pt-BR","@id":"https:\/\/institutos.ufrrj.br\/icbs\/#\/schema\/logo\/image\/","url":"https:\/\/institutos.ufrrj.br\/icbs\/wp-content\/uploads\/sites\/6\/2022\/05\/Logo-ICBS.png","contentUrl":"https:\/\/institutos.ufrrj.br\/icbs\/wp-content\/uploads\/sites\/6\/2022\/05\/Logo-ICBS.png","width":387,"height":371,"caption":"UFRRJ - Universidade Federal Rural do Rio de Janeiro"},"image":{"@id":"https:\/\/institutos.ufrrj.br\/icbs\/#\/schema\/logo\/image\/"}}]}},"_links":{"self":[{"href":"https:\/\/institutos.ufrrj.br\/icbs\/wp-json\/wp\/v2\/pages\/1221","targetHints":{"allow":["GET"]}}],"collection":[{"href":"https:\/\/institutos.ufrrj.br\/icbs\/wp-json\/wp\/v2\/pages"}],"about":[{"href":"https:\/\/institutos.ufrrj.br\/icbs\/wp-json\/wp\/v2\/types\/page"}],"author":[{"embeddable":true,"href":"https:\/\/institutos.ufrrj.br\/icbs\/wp-json\/wp\/v2\/users\/63"}],"replies":[{"embeddable":true,"href":"https:\/\/institutos.ufrrj.br\/icbs\/wp-json\/wp\/v2\/comments?post=1221"}],"version-history":[{"count":3,"href":"https:\/\/institutos.ufrrj.br\/icbs\/wp-json\/wp\/v2\/pages\/1221\/revisions"}],"predecessor-version":[{"id":1292,"href":"https:\/\/institutos.ufrrj.br\/icbs\/wp-json\/wp\/v2\/pages\/1221\/revisions\/1292"}],"up":[{"embeddable":true,"href":"https:\/\/institutos.ufrrj.br\/icbs\/wp-json\/wp\/v2\/pages\/1128"}],"wp:attachment":[{"href":"https:\/\/institutos.ufrrj.br\/icbs\/wp-json\/wp\/v2\/media?parent=1221"}],"curies":[{"name":"wp","href":"https:\/\/api.w.org\/{rel}","templated":true}]}}