{"id":1231,"date":"2021-09-27T19:20:01","date_gmt":"2021-09-27T19:20:01","guid":{"rendered":"http:\/\/institutos.ufrrj.br\/icbs\/?page_id=1231"},"modified":"2022-07-15T18:46:15","modified_gmt":"2022-07-15T18:46:15","slug":"2021-2","status":"publish","type":"page","link":"https:\/\/institutos.ufrrj.br\/icbs\/consuni-2\/2021-2\/","title":{"rendered":"2021"},"content":{"rendered":"<p><a href=\"http:\/\/institutos.ufrrj.br\/icbs\/wp-content\/uploads\/sites\/6\/2021\/10\/ATA-406-Consuni-09junho2021-5.pdf\">ATA 406 Consuni (09junho2021)<\/a><\/p>\n<p><a href=\"http:\/\/institutos.ufrrj.br\/icbs\/wp-content\/uploads\/sites\/6\/2021\/10\/ATA-407-Consuni-17julho2021-5.pdf\">ATA 407 Consuni (17julho2021)<\/a><\/p>\n<p><a href=\"http:\/\/institutos.ufrrj.br\/icbs\/wp-content\/uploads\/sites\/6\/2021\/10\/ATA-408-Consuni-16Julho2021-5.pdf\">ATA 408 Consuni (16Julho2021)<\/a><\/p>\n<p><a href=\"http:\/\/institutos.ufrrj.br\/icbs\/wp-content\/uploads\/sites\/6\/2021\/10\/ATA-409-Consuni-13Agosto2021-5.pdf\">ATA 409 Consuni (13Agosto2021)<\/a><\/p>\n<p><a href=\"http:\/\/institutos.ufrrj.br\/icbs\/wp-content\/uploads\/sites\/6\/2021\/10\/ATA-410-Consuni-27Agosto2021-5.pdf\">ATA 410 Consuni (27Agosto2021)<\/a><\/p>\n<p><a href=\"http:\/\/institutos.ufrrj.br\/icbs\/wp-content\/uploads\/sites\/6\/2021\/11\/ATA-411-Consuni-13Setembro2021.pdf\">ATA 411 Consuni (13Setembro2021)<\/a><\/p>\n<p><a href=\"http:\/\/institutos.ufrrj.br\/icbs\/wp-content\/uploads\/sites\/6\/2021\/11\/ATA-412-Consuni-13outubrobro2021.pdf\">ATA 412 Consuni (13outubrobro2021)<\/a><\/p>\n<p><a href=\"http:\/\/institutos.ufrrj.br\/icbs\/wp-content\/uploads\/sites\/6\/2021\/12\/ATA-413-Consuni-11novembro2021.pdf\">ATA 413 Consuni (11novembro2021)<\/a><\/p>\n<p><a href=\"https:\/\/institutos.ufrrj.br\/icbs\/wp-content\/uploads\/sites\/6\/2022\/07\/ATA-414-Consuni-16dezembro2021.pdf\">ATA 414 Consuni (16dezembro2021)<\/a><\/p>\n","protected":false},"excerpt":{"rendered":"<p>ATA 406 Consuni (09junho2021) ATA 407 Consuni (17julho2021) ATA 408 Consuni (16Julho2021) ATA 409 Consuni (13Agosto2021) ATA 410 Consuni (27Agosto2021) ATA 411 [&hellip;]<\/p>\n","protected":false},"author":63,"featured_media":0,"parent":1128,"menu_order":0,"comment_status":"closed","ping_status":"closed","template":"","meta":{"_acf_changed":false,"_themeisle_gutenberg_block_has_review":false,"footnotes":"","_links_to":"","_links_to_target":""},"class_list":["post-1231","page","type-page","status-publish","hentry"],"acf":[],"yoast_head":"<!-- This site is optimized with the Yoast SEO plugin v26.8 - https:\/\/yoast.com\/product\/yoast-seo-wordpress\/ -->\n<title>2021 - Instituto de Ci\u00eancias Biol\u00f3gicas e da Sa\u00fade<\/title>\n<meta name=\"robots\" content=\"index, follow, max-snippet:-1, max-image-preview:large, max-video-preview:-1\" \/>\n<link rel=\"canonical\" href=\"https:\/\/institutos.ufrrj.br\/icbs\/consuni-2\/2021-2\/\" \/>\n<meta property=\"og:locale\" content=\"pt_BR\" \/>\n<meta property=\"og:type\" content=\"article\" \/>\n<meta property=\"og:title\" content=\"2021 - Instituto de Ci\u00eancias Biol\u00f3gicas e da Sa\u00fade\" \/>\n<meta property=\"og:description\" content=\"ATA 406 Consuni (09junho2021) ATA 407 Consuni (17julho2021) ATA 408 Consuni (16Julho2021) ATA 409 Consuni (13Agosto2021) ATA 410 Consuni (27Agosto2021) ATA 411 [&hellip;]\" \/>\n<meta property=\"og:url\" content=\"https:\/\/institutos.ufrrj.br\/icbs\/consuni-2\/2021-2\/\" \/>\n<meta property=\"og:site_name\" content=\"Instituto de Ci\u00eancias Biol\u00f3gicas e da Sa\u00fade\" \/>\n<meta property=\"article:modified_time\" content=\"2022-07-15T18:46:15+00:00\" \/>\n<meta name=\"twitter:card\" content=\"summary_large_image\" \/>\n<script type=\"application\/ld+json\" class=\"yoast-schema-graph\">{\"@context\":\"https:\/\/schema.org\",\"@graph\":[{\"@type\":\"WebPage\",\"@id\":\"https:\/\/institutos.ufrrj.br\/icbs\/consuni-2\/2021-2\/\",\"url\":\"https:\/\/institutos.ufrrj.br\/icbs\/consuni-2\/2021-2\/\",\"name\":\"2021 - Instituto de Ci\u00eancias Biol\u00f3gicas e da Sa\u00fade\",\"isPartOf\":{\"@id\":\"https:\/\/institutos.ufrrj.br\/icbs\/#website\"},\"datePublished\":\"2021-09-27T19:20:01+00:00\",\"dateModified\":\"2022-07-15T18:46:15+00:00\",\"breadcrumb\":{\"@id\":\"https:\/\/institutos.ufrrj.br\/icbs\/consuni-2\/2021-2\/#breadcrumb\"},\"inLanguage\":\"pt-BR\",\"potentialAction\":[{\"@type\":\"ReadAction\",\"target\":[\"https:\/\/institutos.ufrrj.br\/icbs\/consuni-2\/2021-2\/\"]}]},{\"@type\":\"BreadcrumbList\",\"@id\":\"https:\/\/institutos.ufrrj.br\/icbs\/consuni-2\/2021-2\/#breadcrumb\",\"itemListElement\":[{\"@type\":\"ListItem\",\"position\":1,\"name\":\"In\u00edcio\",\"item\":\"https:\/\/institutos.ufrrj.br\/icbs\/\"},{\"@type\":\"ListItem\",\"position\":2,\"name\":\"Atas\",\"item\":\"https:\/\/institutos.ufrrj.br\/icbs\/consuni-2\/\"},{\"@type\":\"ListItem\",\"position\":3,\"name\":\"2021\"}]},{\"@type\":\"WebSite\",\"@id\":\"https:\/\/institutos.ufrrj.br\/icbs\/#website\",\"url\":\"https:\/\/institutos.ufrrj.br\/icbs\/\",\"name\":\"ICBS - Instituto de Ci\u00eancias Biol\u00f3gicas e da Sa\u00fade\",\"description\":\"\",\"publisher\":{\"@id\":\"https:\/\/institutos.ufrrj.br\/icbs\/#organization\"},\"potentialAction\":[{\"@type\":\"SearchAction\",\"target\":{\"@type\":\"EntryPoint\",\"urlTemplate\":\"https:\/\/institutos.ufrrj.br\/icbs\/?s={search_term_string}\"},\"query-input\":{\"@type\":\"PropertyValueSpecification\",\"valueRequired\":true,\"valueName\":\"search_term_string\"}}],\"inLanguage\":\"pt-BR\"},{\"@type\":\"Organization\",\"@id\":\"https:\/\/institutos.ufrrj.br\/icbs\/#organization\",\"name\":\"UFRRJ - Universidade Federal Rural do Rio de Janeiro\",\"url\":\"https:\/\/institutos.ufrrj.br\/icbs\/\",\"logo\":{\"@type\":\"ImageObject\",\"inLanguage\":\"pt-BR\",\"@id\":\"https:\/\/institutos.ufrrj.br\/icbs\/#\/schema\/logo\/image\/\",\"url\":\"https:\/\/institutos.ufrrj.br\/icbs\/wp-content\/uploads\/sites\/6\/2022\/05\/Logo-ICBS.png\",\"contentUrl\":\"https:\/\/institutos.ufrrj.br\/icbs\/wp-content\/uploads\/sites\/6\/2022\/05\/Logo-ICBS.png\",\"width\":387,\"height\":371,\"caption\":\"UFRRJ - Universidade Federal Rural do Rio de Janeiro\"},\"image\":{\"@id\":\"https:\/\/institutos.ufrrj.br\/icbs\/#\/schema\/logo\/image\/\"}}]}<\/script>\n<!-- \/ Yoast SEO plugin. -->","yoast_head_json":{"title":"2021 - Instituto de Ci\u00eancias Biol\u00f3gicas e da Sa\u00fade","robots":{"index":"index","follow":"follow","max-snippet":"max-snippet:-1","max-image-preview":"max-image-preview:large","max-video-preview":"max-video-preview:-1"},"canonical":"https:\/\/institutos.ufrrj.br\/icbs\/consuni-2\/2021-2\/","og_locale":"pt_BR","og_type":"article","og_title":"2021 - Instituto de Ci\u00eancias Biol\u00f3gicas e da Sa\u00fade","og_description":"ATA 406 Consuni (09junho2021) ATA 407 Consuni (17julho2021) ATA 408 Consuni (16Julho2021) ATA 409 Consuni (13Agosto2021) ATA 410 Consuni (27Agosto2021) ATA 411 [&hellip;]","og_url":"https:\/\/institutos.ufrrj.br\/icbs\/consuni-2\/2021-2\/","og_site_name":"Instituto de Ci\u00eancias Biol\u00f3gicas e da Sa\u00fade","article_modified_time":"2022-07-15T18:46:15+00:00","twitter_card":"summary_large_image","schema":{"@context":"https:\/\/schema.org","@graph":[{"@type":"WebPage","@id":"https:\/\/institutos.ufrrj.br\/icbs\/consuni-2\/2021-2\/","url":"https:\/\/institutos.ufrrj.br\/icbs\/consuni-2\/2021-2\/","name":"2021 - Instituto de Ci\u00eancias Biol\u00f3gicas e da Sa\u00fade","isPartOf":{"@id":"https:\/\/institutos.ufrrj.br\/icbs\/#website"},"datePublished":"2021-09-27T19:20:01+00:00","dateModified":"2022-07-15T18:46:15+00:00","breadcrumb":{"@id":"https:\/\/institutos.ufrrj.br\/icbs\/consuni-2\/2021-2\/#breadcrumb"},"inLanguage":"pt-BR","potentialAction":[{"@type":"ReadAction","target":["https:\/\/institutos.ufrrj.br\/icbs\/consuni-2\/2021-2\/"]}]},{"@type":"BreadcrumbList","@id":"https:\/\/institutos.ufrrj.br\/icbs\/consuni-2\/2021-2\/#breadcrumb","itemListElement":[{"@type":"ListItem","position":1,"name":"In\u00edcio","item":"https:\/\/institutos.ufrrj.br\/icbs\/"},{"@type":"ListItem","position":2,"name":"Atas","item":"https:\/\/institutos.ufrrj.br\/icbs\/consuni-2\/"},{"@type":"ListItem","position":3,"name":"2021"}]},{"@type":"WebSite","@id":"https:\/\/institutos.ufrrj.br\/icbs\/#website","url":"https:\/\/institutos.ufrrj.br\/icbs\/","name":"ICBS - Instituto de Ci\u00eancias Biol\u00f3gicas e da Sa\u00fade","description":"","publisher":{"@id":"https:\/\/institutos.ufrrj.br\/icbs\/#organization"},"potentialAction":[{"@type":"SearchAction","target":{"@type":"EntryPoint","urlTemplate":"https:\/\/institutos.ufrrj.br\/icbs\/?s={search_term_string}"},"query-input":{"@type":"PropertyValueSpecification","valueRequired":true,"valueName":"search_term_string"}}],"inLanguage":"pt-BR"},{"@type":"Organization","@id":"https:\/\/institutos.ufrrj.br\/icbs\/#organization","name":"UFRRJ - Universidade Federal Rural do Rio de Janeiro","url":"https:\/\/institutos.ufrrj.br\/icbs\/","logo":{"@type":"ImageObject","inLanguage":"pt-BR","@id":"https:\/\/institutos.ufrrj.br\/icbs\/#\/schema\/logo\/image\/","url":"https:\/\/institutos.ufrrj.br\/icbs\/wp-content\/uploads\/sites\/6\/2022\/05\/Logo-ICBS.png","contentUrl":"https:\/\/institutos.ufrrj.br\/icbs\/wp-content\/uploads\/sites\/6\/2022\/05\/Logo-ICBS.png","width":387,"height":371,"caption":"UFRRJ - Universidade Federal Rural do Rio de Janeiro"},"image":{"@id":"https:\/\/institutos.ufrrj.br\/icbs\/#\/schema\/logo\/image\/"}}]}},"_links":{"self":[{"href":"https:\/\/institutos.ufrrj.br\/icbs\/wp-json\/wp\/v2\/pages\/1231","targetHints":{"allow":["GET"]}}],"collection":[{"href":"https:\/\/institutos.ufrrj.br\/icbs\/wp-json\/wp\/v2\/pages"}],"about":[{"href":"https:\/\/institutos.ufrrj.br\/icbs\/wp-json\/wp\/v2\/types\/page"}],"author":[{"embeddable":true,"href":"https:\/\/institutos.ufrrj.br\/icbs\/wp-json\/wp\/v2\/users\/63"}],"replies":[{"embeddable":true,"href":"https:\/\/institutos.ufrrj.br\/icbs\/wp-json\/wp\/v2\/comments?post=1231"}],"version-history":[{"count":7,"href":"https:\/\/institutos.ufrrj.br\/icbs\/wp-json\/wp\/v2\/pages\/1231\/revisions"}],"predecessor-version":[{"id":2036,"href":"https:\/\/institutos.ufrrj.br\/icbs\/wp-json\/wp\/v2\/pages\/1231\/revisions\/2036"}],"up":[{"embeddable":true,"href":"https:\/\/institutos.ufrrj.br\/icbs\/wp-json\/wp\/v2\/pages\/1128"}],"wp:attachment":[{"href":"https:\/\/institutos.ufrrj.br\/icbs\/wp-json\/wp\/v2\/media?parent=1231"}],"curies":[{"name":"wp","href":"https:\/\/api.w.org\/{rel}","templated":true}]}}