{"id":1456,"date":"2021-11-03T14:47:32","date_gmt":"2021-11-03T14:47:32","guid":{"rendered":"http:\/\/institutos.ufrrj.br\/icbs\/?page_id=1456"},"modified":"2021-12-14T17:45:45","modified_gmt":"2021-12-14T17:45:45","slug":"corpodocente","status":"publish","type":"page","link":"https:\/\/institutos.ufrrj.br\/icbs\/departamento-de-biologia-animal\/corpodocente\/","title":{"rendered":"Corpo Docente"},"content":{"rendered":"<p>&nbsp;<\/p>\n<p>O Departamento de Biologia Animal (DBA) \u00e9 integrado por 25 professores distribu\u00eddos nas tr\u00eas \u00e1reas did\u00e1ticas, como segue (ordem alfab\u00e9tica):<\/p>\n<p>&nbsp;<\/p>\n<table>\n<tbody>\n<tr>\n<td colspan=\"3\">\n<p style=\"text-align: center\"><strong>\u00a0<\/strong><strong>\u00c1REA DE BIOLOGIA<\/strong><\/p>\n<\/td>\n<\/tr>\n<tr>\n<td><strong>Nome do professor:<\/strong><\/td>\n<td><strong>E-mail:<\/strong><\/td>\n<td><strong>Curr\u00edculo Lattes:<\/strong><\/td>\n<\/tr>\n<tr>\n<td>ANA CLAUDIA FERREIRA SOUZA<\/td>\n<td><a href=\"mailto:ana.clfs@gmail.com\" target=\"_blank\" rel=\"noopener\">ana.clfs@gmail.com<\/a><\/td>\n<td><a href=\"http:\/\/lattes.cnpq.br\/9375636564821511\" target=\"_blank\" rel=\"noopener\">http:\/\/lattes.cnpq.br\/9375636564821511<\/a><\/td>\n<\/tr>\n<tr>\n<td>BRUNO PEREIRA BERTO<\/td>\n<td><a href=\"mailto:bertobp@ufrrj.br\" target=\"_blank\" rel=\"noopener\">bertobp@ufrrj.br<\/a><\/td>\n<td><a href=\"http:\/\/lattes.cnpq.br\/6463344507508582\" target=\"_blank\" rel=\"noopener\">http:\/\/lattes.cnpq.br\/6463344507508582<\/a><\/td>\n<\/tr>\n<tr>\n<td>MICHELLE DANIELE DOS SANTOS CLAPP<\/td>\n<td><a href=\"mailto:michelledaniele@yahoo.com.br\" target=\"_blank\" rel=\"noopener\">michelledaniele@yahoo.com.br<\/a><\/td>\n<td><a href=\"http:\/\/lattes.cnpq.br\/4056181485200783\" target=\"_blank\" rel=\"noopener\">http:\/\/lattes.cnpq.br\/4056181485200783<\/a><\/td>\n<\/tr>\n<tr>\n<td>RAFAEL DE ALMEIDA TUBINO<\/td>\n<td><a href=\"mailto:rattubino@gmail.com\" target=\"_blank\" rel=\"noopener\">rattubino@gmail.com<\/a><\/td>\n<td><a href=\"http:\/\/lattes.cnpq.br\/3833439576748268\" target=\"_blank\" rel=\"noopener\">http:\/\/lattes.cnpq.br\/3833439576748268<\/a><\/td>\n<\/tr>\n<tr>\n<td>SOLANGE VIANA PASCHOAL BLANCO BRANDOLINI<\/td>\n<td><a href=\"mailto:solangeb@ufrrj.br\" target=\"_blank\" rel=\"noopener\">solangeb@ufrrj.br<\/a><\/td>\n<td><a href=\"http:\/\/lattes.cnpq.br\/9701521760232197\" target=\"_blank\" rel=\"noopener\">http:\/\/lattes.cnpq.br\/9701521760232197<\/a><\/td>\n<\/tr>\n<tr>\n<td>VANESSA BARRETO XAVIER<\/td>\n<td><a href=\"mailto:vanessaxavier09@yahoo.com.br\" target=\"_blank\" rel=\"noopener\">vanessaxavier09@yahoo.com.br<\/a><\/td>\n<td><a href=\"http:\/\/lattes.cnpq.br\/5341405911461503\" target=\"_blank\" rel=\"noopener\">http:\/\/lattes.cnpq.br\/5341405911461503<\/a><\/td>\n<\/tr>\n<tr>\n<td>VIVIANE MOREIRA DE LIMA<\/td>\n<td><a href=\"mailto:vilima@ufrrj.br\" target=\"_blank\" rel=\"noopener\">vilima@ufrrj.br<\/a><\/td>\n<td><a href=\"http:\/\/lattes.cnpq.br\/9519411446795300\" target=\"_blank\" rel=\"noopener\">http:\/\/lattes.cnpq.br\/9519411446795300<\/a><\/td>\n<\/tr>\n<tr>\n<td>WALLACE MARTINS DE ARAUJO<\/td>\n<td><a href=\"mailto:wallacem_bio@yahoo.com.br\" target=\"_blank\" rel=\"noopener\">wallacem_bio@yahoo.com.br<\/a><\/td>\n<td><a href=\"http:\/\/lattes.cnpq.br\/4209287812276459\" target=\"_blank\" rel=\"noopener\">http:\/\/lattes.cnpq.br\/4209287812276459<\/a><\/td>\n<\/tr>\n<\/tbody>\n<\/table>\n<p>&nbsp;<\/p>\n<table>\n<tbody>\n<tr>\n<td colspan=\"3\">\n<p style=\"text-align: center\"><strong>\u00c1REA DE ZOOLOGIA<\/strong><\/p>\n<\/td>\n<\/tr>\n<tr>\n<td><strong>Nome do professor:<\/strong><\/td>\n<td><strong>E-mail:<\/strong><\/td>\n<td><strong>Curr\u00edculo Lattes:<\/strong><\/td>\n<\/tr>\n<tr>\n<td>ANA CLAUDIA DOS SANTOS BRASIL<\/td>\n<td><a href=\"mailto:acbrasil@gmail.com\" target=\"_blank\" rel=\"noopener\">acbrasil@gmail.com<\/a><\/td>\n<td><a href=\"http:\/\/lattes.cnpq.br\/0818376374888652\" target=\"_blank\" rel=\"noopener\">http:\/\/lattes.cnpq.br\/0818376374888652<\/a><\/td>\n<\/tr>\n<tr>\n<td>ANDRE QUEIROZ DE PADUA<\/td>\n<td><a href=\"mailto:andreqpadua@gmail.com\" target=\"_blank\" rel=\"noopener\">andreqpadua@gmail.com<\/a><\/td>\n<td><a href=\"http:\/\/lattes.cnpq.br\/0873563423524723\">http:\/\/lattes.cnpq.br\/0873563423524723<\/a><\/td>\n<\/tr>\n<tr>\n<td>ANTONIO JOSE MAYHE NUNES<\/td>\n<td><a href=\"mailto:antmayhenun@gmail.com\" target=\"_blank\" rel=\"noopener\">antmayhenun@gmail.com<\/a><\/td>\n<td><a href=\"http:\/\/lattes.cnpq.br\/1121613117782715\" target=\"_blank\" rel=\"noopener\">http:\/\/lattes.cnpq.br\/1121613117782715<\/a><\/td>\n<\/tr>\n<tr>\n<td>CARLOS EDUARDO LUSTOSA ESBERARD<\/td>\n<td><a href=\"mailto:ceesberard@gmail.com\" target=\"_blank\" rel=\"noopener\">ceesberard@gmail.com<\/a><\/td>\n<td><a href=\"http:\/\/lattes.cnpq.br\/7813242083249913\" target=\"_blank\" rel=\"noopener\">http:\/\/lattes.cnpq.br\/7813242083249913<\/a><\/td>\n<\/tr>\n<tr>\n<td>FRANCISCO GERSON ARA\u00daJO<\/td>\n<td><a href=\"mailto:gersonufrrj@gmail.com\" target=\"_blank\" rel=\"noopener\">gersonufrrj@gmail.com<\/a><\/td>\n<td><a href=\"http:\/\/lattes.cnpq.br\/7898069293489622\" target=\"_blank\" rel=\"noopener\">http:\/\/lattes.cnpq.br\/7898069293489622<\/a><\/td>\n<\/tr>\n<tr>\n<td>HELIO RICARDO DA SILVA<\/td>\n<td><a href=\"mailto:heliorsilva@gmail.com\" target=\"_blank\" rel=\"noopener\">heliorsilva@gmail.com<\/a><\/td>\n<td><a href=\"http:\/\/lattes.cnpq.br\/3461611572212548\" target=\"_blank\" rel=\"noopener\">http:\/\/lattes.cnpq.br\/3461611572212548<\/a><\/td>\n<\/tr>\n<tr>\n<td>ILDEMAR FERREIRA<\/td>\n<td><a href=\"mailto:guaratibanofeliz@gmail.com\" target=\"_blank\" rel=\"noopener\">guaratibanofeliz@gmail.com<\/a><\/td>\n<td><a href=\"http:\/\/lattes.cnpq.br\/9716949971860244\" target=\"_blank\" rel=\"noopener\">http:\/\/lattes.cnpq.br\/9716949971860244<\/a><\/td>\n<\/tr>\n<tr>\n<td>KARINA ANNES KEUNECKE<\/td>\n<td><a href=\"mailto:keunecke@ufrrj.br\" target=\"_blank\" rel=\"noopener\">keunecke@ufrrj.br<\/a><\/td>\n<td><a href=\"http:\/\/lattes.cnpq.br\/1646794264862179\" target=\"_blank\" rel=\"noopener\">http:\/\/lattes.cnpq.br\/1646794264862179<\/a><\/td>\n<\/tr>\n<tr>\n<td>LEANDRO LOURENCO DUMAS<\/td>\n<td><a href=\"mailto:lldumas82@gmail.com\" target=\"_blank\" rel=\"noopener\">lldumas82@gmail.com<\/a><\/td>\n<td><a href=\"http:\/\/lattes.cnpq.br\/3138608062711228\" target=\"_blank\" rel=\"noopener\">http:\/\/lattes.cnpq.br\/3138608062711228<\/a><\/td>\n<\/tr>\n<tr>\n<td>LEONARDO SILVESTRE GOMES ROCHA<\/td>\n<td><a href=\"mailto:leosilvestreufrrj@gmail.com\" target=\"_blank\" rel=\"noopener\">leosilvestreufrrj@gmail.com<\/a><\/td>\n<td><a href=\"http:\/\/lattes.cnpq.br\/6372263850553522\" target=\"_blank\" rel=\"noopener\">http:\/\/lattes.cnpq.br\/6372263850553522<\/a><\/td>\n<\/tr>\n<tr>\n<td>PATRICIA ALVES ABRUNHOSA<\/td>\n<td><a href=\"mailto:pabrunhosa@gmail.com\" target=\"_blank\" rel=\"noopener\">pabrunhosa@gmail.com<\/a><\/td>\n<td><a href=\"http:\/\/lattes.cnpq.br\/9201661808650981\" target=\"_blank\" rel=\"noopener\">http:\/\/lattes.cnpq.br\/9201661808650981<\/a><\/td>\n<\/tr>\n<\/tbody>\n<\/table>\n<p>&nbsp;<\/p>\n<table>\n<tbody>\n<tr>\n<td colspan=\"3\">\n<p style=\"text-align: center\"><strong>\u00c1REA DE HISTOLOGIA\u00a0E EMBRIOLOGIA<\/strong><\/p>\n<\/td>\n<\/tr>\n<tr>\n<td><strong>Nome do professor:<\/strong><\/td>\n<td><strong>E-mail:<\/strong><\/td>\n<td><strong>Curr\u00edculo Lattes:<\/strong><\/td>\n<\/tr>\n<tr>\n<td>ADRIANA VENTURA<\/td>\n<td><a href=\"mailto:ventura-ufrrj@hotmail.com\" target=\"_blank\" rel=\"noopener\">ventura-ufrrj@hotmail.com<\/a><\/td>\n<td><a href=\"http:\/\/lattes.cnpq.br\/2808781795007792\" target=\"_blank\" rel=\"noopener\">http:\/\/lattes.cnpq.br\/2808781795007792<\/a><\/td>\n<\/tr>\n<tr>\n<td>APARECIDA ALVES DO NASCIMENTO<\/td>\n<td><a href=\"mailto:cidanasci@ufrrj.br\" target=\"_blank\" rel=\"noopener\">cidanasci@ufrrj.br<\/a><\/td>\n<td><a href=\"http:\/\/lattes.cnpq.br\/9303894913891155\" target=\"_blank\" rel=\"noopener\">http:\/\/lattes.cnpq.br\/9303894913891155<\/a><\/td>\n<\/tr>\n<tr>\n<td>LEILANE MARIA BARCELLOS NEPOMUCENO<\/td>\n<td><a href=\"mailto:leibarcellos@gmail.com\" target=\"_blank\" rel=\"noopener\">leibarcellos@gmail.com<\/a><\/td>\n<td><a href=\"http:\/\/lattes.cnpq.br\/6262205349813599\" target=\"_blank\" rel=\"noopener\">http:\/\/lattes.cnpq.br\/6262205349813599<\/a><\/td>\n<\/tr>\n<tr>\n<td>MARCOS ANTONIO JOSE DOS SANTOS<\/td>\n<td><a href=\"mailto:MAJSANTOS@UFRRJ.BR\" target=\"_blank\" rel=\"noopener\">MAJSANTOS@UFRRJ.BR<\/a><\/td>\n<td><a href=\"http:\/\/lattes.cnpq.br\/9985993556227081\" target=\"_blank\" rel=\"noopener\">http:\/\/lattes.cnpq.br\/9985993556227081<\/a><\/td>\n<\/tr>\n<tr>\n<td>ROSA MARIA MARCOS MENDES<\/td>\n<td><a href=\"mailto:rsmendes3@gmail.com\" target=\"_blank\" rel=\"noopener\">rsmendes3@gmail.com<\/a><\/td>\n<td><a href=\"http:\/\/lattes.cnpq.br\/8316753264980772\" target=\"_blank\" rel=\"noopener\">http:\/\/lattes.cnpq.br\/8316753264980772<\/a><\/td>\n<\/tr>\n<tr>\n<td>VINICIUS REZENDE RIBEIRO<\/td>\n<td><a href=\"mailto:vinireribeiro@uol.com.br\" target=\"_blank\" rel=\"noopener\">vinireribeiro@uol.com.br<\/a><\/td>\n<td><a href=\"http:\/\/lattes.cnpq.br\/5543295734876402\" target=\"_blank\" rel=\"noopener\">http:\/\/lattes.cnpq.br\/5543295734876402<\/a><\/td>\n<\/tr>\n<\/tbody>\n<\/table>\n<p>&nbsp;<\/p>\n","protected":false},"excerpt":{"rendered":"<p>&nbsp; O Departamento de Biologia Animal (DBA) \u00e9 integrado por 25 professores distribu\u00eddos nas tr\u00eas \u00e1reas did\u00e1ticas, como segue (ordem alfab\u00e9tica): &nbsp; [&hellip;]<\/p>\n","protected":false},"author":64,"featured_media":0,"parent":1445,"menu_order":0,"comment_status":"closed","ping_status":"closed","template":"","meta":{"_acf_changed":false,"_themeisle_gutenberg_block_has_review":false,"footnotes":"","_links_to":"","_links_to_target":""},"class_list":["post-1456","page","type-page","status-publish","hentry"],"acf":[],"yoast_head":"<!-- This site is optimized with the Yoast SEO plugin v26.8 - https:\/\/yoast.com\/product\/yoast-seo-wordpress\/ -->\n<title>Corpo Docente - Instituto de Ci\u00eancias Biol\u00f3gicas e da Sa\u00fade<\/title>\n<meta name=\"robots\" content=\"index, follow, max-snippet:-1, max-image-preview:large, max-video-preview:-1\" \/>\n<link rel=\"canonical\" href=\"https:\/\/institutos.ufrrj.br\/icbs\/departamento-de-biologia-animal\/corpodocente\/\" \/>\n<meta property=\"og:locale\" content=\"pt_BR\" \/>\n<meta property=\"og:type\" content=\"article\" \/>\n<meta property=\"og:title\" content=\"Corpo Docente - Instituto de Ci\u00eancias Biol\u00f3gicas e da Sa\u00fade\" \/>\n<meta property=\"og:description\" content=\"&nbsp; O Departamento de Biologia Animal (DBA) \u00e9 integrado por 25 professores distribu\u00eddos nas tr\u00eas \u00e1reas did\u00e1ticas, como segue (ordem alfab\u00e9tica): &nbsp; [&hellip;]\" \/>\n<meta property=\"og:url\" content=\"https:\/\/institutos.ufrrj.br\/icbs\/departamento-de-biologia-animal\/corpodocente\/\" \/>\n<meta property=\"og:site_name\" content=\"Instituto de Ci\u00eancias Biol\u00f3gicas e da Sa\u00fade\" \/>\n<meta property=\"article:modified_time\" content=\"2021-12-14T17:45:45+00:00\" \/>\n<meta name=\"twitter:card\" content=\"summary_large_image\" \/>\n<meta name=\"twitter:label1\" content=\"Est. tempo de leitura\" \/>\n\t<meta name=\"twitter:data1\" content=\"2 minutos\" \/>\n<script type=\"application\/ld+json\" class=\"yoast-schema-graph\">{\"@context\":\"https:\/\/schema.org\",\"@graph\":[{\"@type\":\"WebPage\",\"@id\":\"https:\/\/institutos.ufrrj.br\/icbs\/departamento-de-biologia-animal\/corpodocente\/\",\"url\":\"https:\/\/institutos.ufrrj.br\/icbs\/departamento-de-biologia-animal\/corpodocente\/\",\"name\":\"Corpo Docente - Instituto de Ci\u00eancias Biol\u00f3gicas e da Sa\u00fade\",\"isPartOf\":{\"@id\":\"https:\/\/institutos.ufrrj.br\/icbs\/#website\"},\"datePublished\":\"2021-11-03T14:47:32+00:00\",\"dateModified\":\"2021-12-14T17:45:45+00:00\",\"breadcrumb\":{\"@id\":\"https:\/\/institutos.ufrrj.br\/icbs\/departamento-de-biologia-animal\/corpodocente\/#breadcrumb\"},\"inLanguage\":\"pt-BR\",\"potentialAction\":[{\"@type\":\"ReadAction\",\"target\":[\"https:\/\/institutos.ufrrj.br\/icbs\/departamento-de-biologia-animal\/corpodocente\/\"]}]},{\"@type\":\"BreadcrumbList\",\"@id\":\"https:\/\/institutos.ufrrj.br\/icbs\/departamento-de-biologia-animal\/corpodocente\/#breadcrumb\",\"itemListElement\":[{\"@type\":\"ListItem\",\"position\":1,\"name\":\"In\u00edcio\",\"item\":\"https:\/\/institutos.ufrrj.br\/icbs\/\"},{\"@type\":\"ListItem\",\"position\":2,\"name\":\"Departamento de Biologia Animal\",\"item\":\"https:\/\/institutos.ufrrj.br\/icbs\/departamento-de-biologia-animal\/\"},{\"@type\":\"ListItem\",\"position\":3,\"name\":\"Corpo Docente\"}]},{\"@type\":\"WebSite\",\"@id\":\"https:\/\/institutos.ufrrj.br\/icbs\/#website\",\"url\":\"https:\/\/institutos.ufrrj.br\/icbs\/\",\"name\":\"ICBS - Instituto de Ci\u00eancias Biol\u00f3gicas e da Sa\u00fade\",\"description\":\"\",\"publisher\":{\"@id\":\"https:\/\/institutos.ufrrj.br\/icbs\/#organization\"},\"potentialAction\":[{\"@type\":\"SearchAction\",\"target\":{\"@type\":\"EntryPoint\",\"urlTemplate\":\"https:\/\/institutos.ufrrj.br\/icbs\/?s={search_term_string}\"},\"query-input\":{\"@type\":\"PropertyValueSpecification\",\"valueRequired\":true,\"valueName\":\"search_term_string\"}}],\"inLanguage\":\"pt-BR\"},{\"@type\":\"Organization\",\"@id\":\"https:\/\/institutos.ufrrj.br\/icbs\/#organization\",\"name\":\"UFRRJ - Universidade Federal Rural do Rio de Janeiro\",\"url\":\"https:\/\/institutos.ufrrj.br\/icbs\/\",\"logo\":{\"@type\":\"ImageObject\",\"inLanguage\":\"pt-BR\",\"@id\":\"https:\/\/institutos.ufrrj.br\/icbs\/#\/schema\/logo\/image\/\",\"url\":\"https:\/\/institutos.ufrrj.br\/icbs\/wp-content\/uploads\/sites\/6\/2022\/05\/Logo-ICBS.png\",\"contentUrl\":\"https:\/\/institutos.ufrrj.br\/icbs\/wp-content\/uploads\/sites\/6\/2022\/05\/Logo-ICBS.png\",\"width\":387,\"height\":371,\"caption\":\"UFRRJ - Universidade Federal Rural do Rio de Janeiro\"},\"image\":{\"@id\":\"https:\/\/institutos.ufrrj.br\/icbs\/#\/schema\/logo\/image\/\"}}]}<\/script>\n<!-- \/ Yoast SEO plugin. -->","yoast_head_json":{"title":"Corpo Docente - Instituto de Ci\u00eancias Biol\u00f3gicas e da Sa\u00fade","robots":{"index":"index","follow":"follow","max-snippet":"max-snippet:-1","max-image-preview":"max-image-preview:large","max-video-preview":"max-video-preview:-1"},"canonical":"https:\/\/institutos.ufrrj.br\/icbs\/departamento-de-biologia-animal\/corpodocente\/","og_locale":"pt_BR","og_type":"article","og_title":"Corpo Docente - Instituto de Ci\u00eancias Biol\u00f3gicas e da Sa\u00fade","og_description":"&nbsp; O Departamento de Biologia Animal (DBA) \u00e9 integrado por 25 professores distribu\u00eddos nas tr\u00eas \u00e1reas did\u00e1ticas, como segue (ordem alfab\u00e9tica): &nbsp; [&hellip;]","og_url":"https:\/\/institutos.ufrrj.br\/icbs\/departamento-de-biologia-animal\/corpodocente\/","og_site_name":"Instituto de Ci\u00eancias Biol\u00f3gicas e da Sa\u00fade","article_modified_time":"2021-12-14T17:45:45+00:00","twitter_card":"summary_large_image","twitter_misc":{"Est. tempo de leitura":"2 minutos"},"schema":{"@context":"https:\/\/schema.org","@graph":[{"@type":"WebPage","@id":"https:\/\/institutos.ufrrj.br\/icbs\/departamento-de-biologia-animal\/corpodocente\/","url":"https:\/\/institutos.ufrrj.br\/icbs\/departamento-de-biologia-animal\/corpodocente\/","name":"Corpo Docente - Instituto de Ci\u00eancias Biol\u00f3gicas e da Sa\u00fade","isPartOf":{"@id":"https:\/\/institutos.ufrrj.br\/icbs\/#website"},"datePublished":"2021-11-03T14:47:32+00:00","dateModified":"2021-12-14T17:45:45+00:00","breadcrumb":{"@id":"https:\/\/institutos.ufrrj.br\/icbs\/departamento-de-biologia-animal\/corpodocente\/#breadcrumb"},"inLanguage":"pt-BR","potentialAction":[{"@type":"ReadAction","target":["https:\/\/institutos.ufrrj.br\/icbs\/departamento-de-biologia-animal\/corpodocente\/"]}]},{"@type":"BreadcrumbList","@id":"https:\/\/institutos.ufrrj.br\/icbs\/departamento-de-biologia-animal\/corpodocente\/#breadcrumb","itemListElement":[{"@type":"ListItem","position":1,"name":"In\u00edcio","item":"https:\/\/institutos.ufrrj.br\/icbs\/"},{"@type":"ListItem","position":2,"name":"Departamento de Biologia Animal","item":"https:\/\/institutos.ufrrj.br\/icbs\/departamento-de-biologia-animal\/"},{"@type":"ListItem","position":3,"name":"Corpo Docente"}]},{"@type":"WebSite","@id":"https:\/\/institutos.ufrrj.br\/icbs\/#website","url":"https:\/\/institutos.ufrrj.br\/icbs\/","name":"ICBS - Instituto de Ci\u00eancias Biol\u00f3gicas e da Sa\u00fade","description":"","publisher":{"@id":"https:\/\/institutos.ufrrj.br\/icbs\/#organization"},"potentialAction":[{"@type":"SearchAction","target":{"@type":"EntryPoint","urlTemplate":"https:\/\/institutos.ufrrj.br\/icbs\/?s={search_term_string}"},"query-input":{"@type":"PropertyValueSpecification","valueRequired":true,"valueName":"search_term_string"}}],"inLanguage":"pt-BR"},{"@type":"Organization","@id":"https:\/\/institutos.ufrrj.br\/icbs\/#organization","name":"UFRRJ - Universidade Federal Rural do Rio de Janeiro","url":"https:\/\/institutos.ufrrj.br\/icbs\/","logo":{"@type":"ImageObject","inLanguage":"pt-BR","@id":"https:\/\/institutos.ufrrj.br\/icbs\/#\/schema\/logo\/image\/","url":"https:\/\/institutos.ufrrj.br\/icbs\/wp-content\/uploads\/sites\/6\/2022\/05\/Logo-ICBS.png","contentUrl":"https:\/\/institutos.ufrrj.br\/icbs\/wp-content\/uploads\/sites\/6\/2022\/05\/Logo-ICBS.png","width":387,"height":371,"caption":"UFRRJ - Universidade Federal Rural do Rio de Janeiro"},"image":{"@id":"https:\/\/institutos.ufrrj.br\/icbs\/#\/schema\/logo\/image\/"}}]}},"_links":{"self":[{"href":"https:\/\/institutos.ufrrj.br\/icbs\/wp-json\/wp\/v2\/pages\/1456","targetHints":{"allow":["GET"]}}],"collection":[{"href":"https:\/\/institutos.ufrrj.br\/icbs\/wp-json\/wp\/v2\/pages"}],"about":[{"href":"https:\/\/institutos.ufrrj.br\/icbs\/wp-json\/wp\/v2\/types\/page"}],"author":[{"embeddable":true,"href":"https:\/\/institutos.ufrrj.br\/icbs\/wp-json\/wp\/v2\/users\/64"}],"replies":[{"embeddable":true,"href":"https:\/\/institutos.ufrrj.br\/icbs\/wp-json\/wp\/v2\/comments?post=1456"}],"version-history":[{"count":19,"href":"https:\/\/institutos.ufrrj.br\/icbs\/wp-json\/wp\/v2\/pages\/1456\/revisions"}],"predecessor-version":[{"id":1618,"href":"https:\/\/institutos.ufrrj.br\/icbs\/wp-json\/wp\/v2\/pages\/1456\/revisions\/1618"}],"up":[{"embeddable":true,"href":"https:\/\/institutos.ufrrj.br\/icbs\/wp-json\/wp\/v2\/pages\/1445"}],"wp:attachment":[{"href":"https:\/\/institutos.ufrrj.br\/icbs\/wp-json\/wp\/v2\/media?parent=1456"}],"curies":[{"name":"wp","href":"https:\/\/api.w.org\/{rel}","templated":true}]}}