{"id":1501,"date":"2021-11-03T16:32:19","date_gmt":"2021-11-03T16:32:19","guid":{"rendered":"http:\/\/institutos.ufrrj.br\/icbs\/?page_id=1501"},"modified":"2022-02-23T14:27:16","modified_gmt":"2022-02-23T14:27:16","slug":"disciplinas-de-graduacao","status":"publish","type":"page","link":"https:\/\/institutos.ufrrj.br\/icbs\/departamento-de-biologia-animal\/disciplinas-de-graduacao\/","title":{"rendered":"Disciplinas de Gradua\u00e7\u00e3o"},"content":{"rendered":"<p>&nbsp;<\/p>\n<p>Os professores das distintas \u00e1reas did\u00e1ticas do Departamento de Biologia Animal (DBA) oferecem disciplinas em diferentes Cursos de Gradua\u00e7\u00e3o, conforme a tabela abaixo:<\/p>\n<p>&nbsp;<\/p>\n<table>\n<tbody>\n<tr>\n<td style=\"text-align: center\" colspan=\"3\"><strong>\u00c1REA DE BIOLOGIA<\/strong><\/td>\n<\/tr>\n<tr>\n<td><strong>C\u00f3digo:<\/strong><\/td>\n<td><strong>Disciplina:<\/strong><\/td>\n<td><strong>Cursos de Gradua\u00e7\u00e3o atendidos:<\/strong><\/td>\n<\/tr>\n<tr>\n<td>IB-108<\/td>\n<td>Biologia Celular<\/td>\n<td>Ci\u00eancias Biol\u00f3gicas<\/td>\n<\/tr>\n<tr>\n<td>IB-157<\/td>\n<td>Introdu\u00e7\u00e3o \u00e0 Biologia<\/td>\n<td><span style=\"font-weight: 400\">Ci\u00eancias Agr\u00edcolas;\u00a0<\/span>Educa\u00e7\u00e3o F\u00edsica; <span style=\"font-weight: 400\">Engenharia Agr\u00edcola e Ambiental;\u00a0<\/span>Engenharia de Alimentos<\/td>\n<\/tr>\n<tr>\n<td>IB-161<\/td>\n<td>Biologia Humana<\/td>\n<td>Ci\u00eancias Biol\u00f3gicas; Psicologia<\/td>\n<\/tr>\n<tr>\n<td>IB-174<\/td>\n<td>Fundamentos Biol\u00f3gicos da Parasitologia Humana<\/td>\n<td>Ci\u00eancias Biol\u00f3gicas<\/td>\n<\/tr>\n<tr>\n<td>IB-176<\/td>\n<td>Biologia e Ecologia do Parasitismo<\/td>\n<td>Ci\u00eancias Biol\u00f3gicas<\/td>\n<\/tr>\n<tr>\n<td>IB-181<\/td>\n<td>Princ\u00edpios de Taxonomia e Nomenclatura<\/td>\n<td>Ci\u00eancias Biol\u00f3gicas<\/td>\n<\/tr>\n<tr>\n<td>IB-183<\/td>\n<td>Biologia Celular e Molecular<\/td>\n<td>Farm\u00e1cia; Ci\u00eancias Biol\u00f3gicas<\/td>\n<\/tr>\n<tr>\n<td>IB-191<\/td>\n<td>Biologia Molecular Aplicada<\/td>\n<td>Farm\u00e1cia<\/td>\n<\/tr>\n<tr>\n<td>IB-193<\/td>\n<td>T\u00e9cnicas Laboratoriais em Biologia Parasit\u00e1ria<\/td>\n<td>Ci\u00eancias Biol\u00f3gicas<\/td>\n<\/tr>\n<tr>\n<td>IB-194<\/td>\n<td>Biologia do C\u00e2ncer<\/td>\n<td>Farm\u00e1cia; Ci\u00eancias Biol\u00f3gicas<\/td>\n<\/tr>\n<\/tbody>\n<\/table>\n<p>&nbsp;<\/p>\n<table>\n<tbody>\n<tr>\n<td colspan=\"3\">\n<p style=\"text-align: center\"><strong>\u00c1REA DE HISTOLOGIA E EMBRIOLOGIA<\/strong><\/p>\n<\/td>\n<\/tr>\n<tr>\n<td><strong>C\u00f3digo:<\/strong><\/td>\n<td><strong>Disciplina:<\/strong><\/td>\n<td><strong>Cursos de Gradua\u00e7\u00e3o atendidos:<\/strong><\/td>\n<\/tr>\n<tr>\n<td>IB-152<\/td>\n<td>Histologia Animal I<\/td>\n<td>Medicina Veterin\u00e1ria<\/td>\n<\/tr>\n<tr>\n<td>IB-153<\/td>\n<td>Histologia Animal II<\/td>\n<td>Ci\u00eancias Biol\u00f3gicas;\u00a0Medicina Veterin\u00e1ria<\/td>\n<\/tr>\n<tr>\n<td>IB-154<\/td>\n<td>Histologia B\u00e1sica<\/td>\n<td>Zootecnia<\/td>\n<\/tr>\n<tr>\n<td>IB-155<\/td>\n<td>Embriologia<\/td>\n<td>Medicina Veterin\u00e1ria<\/td>\n<\/tr>\n<tr>\n<td>IB-163<\/td>\n<td>T\u00e9cnicas Histol\u00f3gicas<\/td>\n<td>Ci\u00eancias Biol\u00f3gicas;\u00a0Medicina Veterin\u00e1ria; Farm\u00e1cia<\/td>\n<\/tr>\n<tr>\n<td>IB-182<\/td>\n<td>Histologia Animal<\/td>\n<td>Ci\u00eancias Biol\u00f3gicas<\/td>\n<\/tr>\n<tr>\n<td>IB-184<\/td>\n<td>Embriologia Humana<\/td>\n<td>Farm\u00e1cia<\/td>\n<\/tr>\n<tr>\n<td>IB-185<\/td>\n<td>Histologia Humana<\/td>\n<td>Farm\u00e1cia<\/td>\n<\/tr>\n<tr>\n<td>IB-190<\/td>\n<td>Embriologia Animal<\/td>\n<td>Ci\u00eancias Biol\u00f3gicas<\/td>\n<\/tr>\n<\/tbody>\n<\/table>\n<p>&nbsp;<\/p>\n<table>\n<tbody>\n<tr>\n<td colspan=\"3\">\n<p style=\"text-align: center\"><strong>\u00c1REA DE ZOOLOGIA<\/strong><\/p>\n<\/td>\n<\/tr>\n<tr>\n<td><strong>C\u00f3digo:<\/strong><\/td>\n<td><strong>Disciplina:<\/strong><\/td>\n<td><strong>Cursos de Gradua\u00e7\u00e3o atendidos:<\/strong><\/td>\n<\/tr>\n<tr>\n<td>IB-106<\/td>\n<td>Biogeografia<\/td>\n<td>Ci\u00eancias Biol\u00f3gicas<\/td>\n<\/tr>\n<tr>\n<td>IB-115<\/td>\n<td>Ictiologia<\/td>\n<td>Ci\u00eancias Biol\u00f3gicas<\/td>\n<\/tr>\n<tr>\n<td>IB-117<\/td>\n<td>Zoologia de Invertebrados<\/td>\n<td>Ci\u00eancias Biol\u00f3gicas<\/td>\n<\/tr>\n<tr>\n<td>IB-118<\/td>\n<td>Zoologia de Invertebrados<\/td>\n<td>Ci\u00eancias Biol\u00f3gicas<\/td>\n<\/tr>\n<tr>\n<td>IB-119<\/td>\n<td>Zoologia de Invertebrados<\/td>\n<td>Ci\u00eancias Biol\u00f3gicas<\/td>\n<\/tr>\n<tr>\n<td>IB-120<\/td>\n<td>Zoologia dos Cordados I<\/td>\n<td>Ci\u00eancias Biol\u00f3gicas<\/td>\n<\/tr>\n<tr>\n<td>IB-150<\/td>\n<td>Zoologia dos Cordados II<\/td>\n<td>Ci\u00eancias Biol\u00f3gicas<\/td>\n<\/tr>\n<tr>\n<td>IB-151<\/td>\n<td>Zoologia Geral<\/td>\n<td>Ci\u00eancias Biol\u00f3gicas<\/td>\n<\/tr>\n<tr>\n<td>IB-160<\/td>\n<td>Biologia Marinha<\/td>\n<td>Ci\u00eancias Biol\u00f3gicas<\/td>\n<\/tr>\n<tr>\n<td>IB-164<\/td>\n<td>Introdu\u00e7\u00e3o ao Estudo dos Cordados<\/td>\n<td>Ci\u00eancias Biol\u00f3gicas<\/td>\n<\/tr>\n<tr>\n<td>IB-166<\/td>\n<td>T\u00e9cnicas de Coleta e Prepara\u00e7\u00e3o de Material Zool\u00f3gico<\/td>\n<td>Ci\u00eancias Biol\u00f3gicas<\/td>\n<\/tr>\n<tr>\n<td>IB-168<\/td>\n<td>Comportamento Animal<\/td>\n<td>Ci\u00eancias Biol\u00f3gicas<\/td>\n<\/tr>\n<tr>\n<td>IB-169<\/td>\n<td>Animais Pe\u00e7onhentos<\/td>\n<td>Ci\u00eancias Biol\u00f3gicas<\/td>\n<\/tr>\n<tr>\n<td>IB-171<\/td>\n<td>Ecologia de Comunidades<\/td>\n<td>Ci\u00eancias Biol\u00f3gicas<\/td>\n<\/tr>\n<tr>\n<td>IB-172<\/td>\n<td>Sistem\u00e1tica Filogen\u00e9tica<\/td>\n<td>Ci\u00eancias Biol\u00f3gicas<\/td>\n<\/tr>\n<\/tbody>\n<\/table>\n<p>&nbsp;<\/p>\n","protected":false},"excerpt":{"rendered":"<p>&nbsp; Os professores das distintas \u00e1reas did\u00e1ticas do Departamento de Biologia Animal (DBA) oferecem disciplinas em diferentes Cursos de Gradua\u00e7\u00e3o, conforme a [&hellip;]<\/p>\n","protected":false},"author":65,"featured_media":0,"parent":1445,"menu_order":0,"comment_status":"closed","ping_status":"closed","template":"","meta":{"_acf_changed":false,"_themeisle_gutenberg_block_has_review":false,"footnotes":"","_links_to":"","_links_to_target":""},"class_list":["post-1501","page","type-page","status-publish","hentry"],"acf":[],"yoast_head":"<!-- This site is optimized with the Yoast SEO plugin v26.8 - https:\/\/yoast.com\/product\/yoast-seo-wordpress\/ -->\n<title>Disciplinas de Gradua\u00e7\u00e3o - Instituto de Ci\u00eancias Biol\u00f3gicas e da Sa\u00fade<\/title>\n<meta name=\"robots\" content=\"index, follow, max-snippet:-1, max-image-preview:large, max-video-preview:-1\" \/>\n<link rel=\"canonical\" href=\"https:\/\/institutos.ufrrj.br\/icbs\/departamento-de-biologia-animal\/disciplinas-de-graduacao\/\" \/>\n<meta property=\"og:locale\" content=\"pt_BR\" \/>\n<meta property=\"og:type\" content=\"article\" \/>\n<meta property=\"og:title\" content=\"Disciplinas de Gradua\u00e7\u00e3o - Instituto de Ci\u00eancias Biol\u00f3gicas e da Sa\u00fade\" \/>\n<meta property=\"og:description\" content=\"&nbsp; Os professores das distintas \u00e1reas did\u00e1ticas do Departamento de Biologia Animal (DBA) oferecem disciplinas em diferentes Cursos de Gradua\u00e7\u00e3o, conforme a [&hellip;]\" \/>\n<meta property=\"og:url\" content=\"https:\/\/institutos.ufrrj.br\/icbs\/departamento-de-biologia-animal\/disciplinas-de-graduacao\/\" \/>\n<meta property=\"og:site_name\" content=\"Instituto de Ci\u00eancias Biol\u00f3gicas e da Sa\u00fade\" \/>\n<meta property=\"article:modified_time\" content=\"2022-02-23T14:27:16+00:00\" \/>\n<meta name=\"twitter:card\" content=\"summary_large_image\" \/>\n<meta name=\"twitter:label1\" content=\"Est. tempo de leitura\" \/>\n\t<meta name=\"twitter:data1\" content=\"2 minutos\" \/>\n<script type=\"application\/ld+json\" class=\"yoast-schema-graph\">{\"@context\":\"https:\/\/schema.org\",\"@graph\":[{\"@type\":\"WebPage\",\"@id\":\"https:\/\/institutos.ufrrj.br\/icbs\/departamento-de-biologia-animal\/disciplinas-de-graduacao\/\",\"url\":\"https:\/\/institutos.ufrrj.br\/icbs\/departamento-de-biologia-animal\/disciplinas-de-graduacao\/\",\"name\":\"Disciplinas de Gradua\u00e7\u00e3o - Instituto de Ci\u00eancias Biol\u00f3gicas e da Sa\u00fade\",\"isPartOf\":{\"@id\":\"https:\/\/institutos.ufrrj.br\/icbs\/#website\"},\"datePublished\":\"2021-11-03T16:32:19+00:00\",\"dateModified\":\"2022-02-23T14:27:16+00:00\",\"breadcrumb\":{\"@id\":\"https:\/\/institutos.ufrrj.br\/icbs\/departamento-de-biologia-animal\/disciplinas-de-graduacao\/#breadcrumb\"},\"inLanguage\":\"pt-BR\",\"potentialAction\":[{\"@type\":\"ReadAction\",\"target\":[\"https:\/\/institutos.ufrrj.br\/icbs\/departamento-de-biologia-animal\/disciplinas-de-graduacao\/\"]}]},{\"@type\":\"BreadcrumbList\",\"@id\":\"https:\/\/institutos.ufrrj.br\/icbs\/departamento-de-biologia-animal\/disciplinas-de-graduacao\/#breadcrumb\",\"itemListElement\":[{\"@type\":\"ListItem\",\"position\":1,\"name\":\"In\u00edcio\",\"item\":\"https:\/\/institutos.ufrrj.br\/icbs\/\"},{\"@type\":\"ListItem\",\"position\":2,\"name\":\"Departamento de Biologia Animal\",\"item\":\"https:\/\/institutos.ufrrj.br\/icbs\/departamento-de-biologia-animal\/\"},{\"@type\":\"ListItem\",\"position\":3,\"name\":\"Disciplinas de Gradua\u00e7\u00e3o\"}]},{\"@type\":\"WebSite\",\"@id\":\"https:\/\/institutos.ufrrj.br\/icbs\/#website\",\"url\":\"https:\/\/institutos.ufrrj.br\/icbs\/\",\"name\":\"ICBS - Instituto de Ci\u00eancias Biol\u00f3gicas e da Sa\u00fade\",\"description\":\"\",\"publisher\":{\"@id\":\"https:\/\/institutos.ufrrj.br\/icbs\/#organization\"},\"potentialAction\":[{\"@type\":\"SearchAction\",\"target\":{\"@type\":\"EntryPoint\",\"urlTemplate\":\"https:\/\/institutos.ufrrj.br\/icbs\/?s={search_term_string}\"},\"query-input\":{\"@type\":\"PropertyValueSpecification\",\"valueRequired\":true,\"valueName\":\"search_term_string\"}}],\"inLanguage\":\"pt-BR\"},{\"@type\":\"Organization\",\"@id\":\"https:\/\/institutos.ufrrj.br\/icbs\/#organization\",\"name\":\"UFRRJ - Universidade Federal Rural do Rio de Janeiro\",\"url\":\"https:\/\/institutos.ufrrj.br\/icbs\/\",\"logo\":{\"@type\":\"ImageObject\",\"inLanguage\":\"pt-BR\",\"@id\":\"https:\/\/institutos.ufrrj.br\/icbs\/#\/schema\/logo\/image\/\",\"url\":\"https:\/\/institutos.ufrrj.br\/icbs\/wp-content\/uploads\/sites\/6\/2022\/05\/Logo-ICBS.png\",\"contentUrl\":\"https:\/\/institutos.ufrrj.br\/icbs\/wp-content\/uploads\/sites\/6\/2022\/05\/Logo-ICBS.png\",\"width\":387,\"height\":371,\"caption\":\"UFRRJ - Universidade Federal Rural do Rio de Janeiro\"},\"image\":{\"@id\":\"https:\/\/institutos.ufrrj.br\/icbs\/#\/schema\/logo\/image\/\"}}]}<\/script>\n<!-- \/ Yoast SEO plugin. -->","yoast_head_json":{"title":"Disciplinas de Gradua\u00e7\u00e3o - Instituto de Ci\u00eancias Biol\u00f3gicas e da Sa\u00fade","robots":{"index":"index","follow":"follow","max-snippet":"max-snippet:-1","max-image-preview":"max-image-preview:large","max-video-preview":"max-video-preview:-1"},"canonical":"https:\/\/institutos.ufrrj.br\/icbs\/departamento-de-biologia-animal\/disciplinas-de-graduacao\/","og_locale":"pt_BR","og_type":"article","og_title":"Disciplinas de Gradua\u00e7\u00e3o - Instituto de Ci\u00eancias Biol\u00f3gicas e da Sa\u00fade","og_description":"&nbsp; Os professores das distintas \u00e1reas did\u00e1ticas do Departamento de Biologia Animal (DBA) oferecem disciplinas em diferentes Cursos de Gradua\u00e7\u00e3o, conforme a [&hellip;]","og_url":"https:\/\/institutos.ufrrj.br\/icbs\/departamento-de-biologia-animal\/disciplinas-de-graduacao\/","og_site_name":"Instituto de Ci\u00eancias Biol\u00f3gicas e da Sa\u00fade","article_modified_time":"2022-02-23T14:27:16+00:00","twitter_card":"summary_large_image","twitter_misc":{"Est. tempo de leitura":"2 minutos"},"schema":{"@context":"https:\/\/schema.org","@graph":[{"@type":"WebPage","@id":"https:\/\/institutos.ufrrj.br\/icbs\/departamento-de-biologia-animal\/disciplinas-de-graduacao\/","url":"https:\/\/institutos.ufrrj.br\/icbs\/departamento-de-biologia-animal\/disciplinas-de-graduacao\/","name":"Disciplinas de Gradua\u00e7\u00e3o - Instituto de Ci\u00eancias Biol\u00f3gicas e da Sa\u00fade","isPartOf":{"@id":"https:\/\/institutos.ufrrj.br\/icbs\/#website"},"datePublished":"2021-11-03T16:32:19+00:00","dateModified":"2022-02-23T14:27:16+00:00","breadcrumb":{"@id":"https:\/\/institutos.ufrrj.br\/icbs\/departamento-de-biologia-animal\/disciplinas-de-graduacao\/#breadcrumb"},"inLanguage":"pt-BR","potentialAction":[{"@type":"ReadAction","target":["https:\/\/institutos.ufrrj.br\/icbs\/departamento-de-biologia-animal\/disciplinas-de-graduacao\/"]}]},{"@type":"BreadcrumbList","@id":"https:\/\/institutos.ufrrj.br\/icbs\/departamento-de-biologia-animal\/disciplinas-de-graduacao\/#breadcrumb","itemListElement":[{"@type":"ListItem","position":1,"name":"In\u00edcio","item":"https:\/\/institutos.ufrrj.br\/icbs\/"},{"@type":"ListItem","position":2,"name":"Departamento de Biologia Animal","item":"https:\/\/institutos.ufrrj.br\/icbs\/departamento-de-biologia-animal\/"},{"@type":"ListItem","position":3,"name":"Disciplinas de Gradua\u00e7\u00e3o"}]},{"@type":"WebSite","@id":"https:\/\/institutos.ufrrj.br\/icbs\/#website","url":"https:\/\/institutos.ufrrj.br\/icbs\/","name":"ICBS - Instituto de Ci\u00eancias Biol\u00f3gicas e da Sa\u00fade","description":"","publisher":{"@id":"https:\/\/institutos.ufrrj.br\/icbs\/#organization"},"potentialAction":[{"@type":"SearchAction","target":{"@type":"EntryPoint","urlTemplate":"https:\/\/institutos.ufrrj.br\/icbs\/?s={search_term_string}"},"query-input":{"@type":"PropertyValueSpecification","valueRequired":true,"valueName":"search_term_string"}}],"inLanguage":"pt-BR"},{"@type":"Organization","@id":"https:\/\/institutos.ufrrj.br\/icbs\/#organization","name":"UFRRJ - Universidade Federal Rural do Rio de Janeiro","url":"https:\/\/institutos.ufrrj.br\/icbs\/","logo":{"@type":"ImageObject","inLanguage":"pt-BR","@id":"https:\/\/institutos.ufrrj.br\/icbs\/#\/schema\/logo\/image\/","url":"https:\/\/institutos.ufrrj.br\/icbs\/wp-content\/uploads\/sites\/6\/2022\/05\/Logo-ICBS.png","contentUrl":"https:\/\/institutos.ufrrj.br\/icbs\/wp-content\/uploads\/sites\/6\/2022\/05\/Logo-ICBS.png","width":387,"height":371,"caption":"UFRRJ - Universidade Federal Rural do Rio de Janeiro"},"image":{"@id":"https:\/\/institutos.ufrrj.br\/icbs\/#\/schema\/logo\/image\/"}}]}},"_links":{"self":[{"href":"https:\/\/institutos.ufrrj.br\/icbs\/wp-json\/wp\/v2\/pages\/1501","targetHints":{"allow":["GET"]}}],"collection":[{"href":"https:\/\/institutos.ufrrj.br\/icbs\/wp-json\/wp\/v2\/pages"}],"about":[{"href":"https:\/\/institutos.ufrrj.br\/icbs\/wp-json\/wp\/v2\/types\/page"}],"author":[{"embeddable":true,"href":"https:\/\/institutos.ufrrj.br\/icbs\/wp-json\/wp\/v2\/users\/65"}],"replies":[{"embeddable":true,"href":"https:\/\/institutos.ufrrj.br\/icbs\/wp-json\/wp\/v2\/comments?post=1501"}],"version-history":[{"count":14,"href":"https:\/\/institutos.ufrrj.br\/icbs\/wp-json\/wp\/v2\/pages\/1501\/revisions"}],"predecessor-version":[{"id":1708,"href":"https:\/\/institutos.ufrrj.br\/icbs\/wp-json\/wp\/v2\/pages\/1501\/revisions\/1708"}],"up":[{"embeddable":true,"href":"https:\/\/institutos.ufrrj.br\/icbs\/wp-json\/wp\/v2\/pages\/1445"}],"wp:attachment":[{"href":"https:\/\/institutos.ufrrj.br\/icbs\/wp-json\/wp\/v2\/media?parent=1501"}],"curies":[{"name":"wp","href":"https:\/\/api.w.org\/{rel}","templated":true}]}}