{"id":1692,"date":"2022-02-15T20:14:24","date_gmt":"2022-02-15T20:14:24","guid":{"rendered":"http:\/\/institutos.ufrrj.br\/icbs\/?page_id=1692"},"modified":"2023-11-06T16:42:17","modified_gmt":"2023-11-06T19:42:17","slug":"2022-2","status":"publish","type":"page","link":"https:\/\/institutos.ufrrj.br\/icbs\/consuni-2\/2022-2\/","title":{"rendered":"2022"},"content":{"rendered":"<p>&nbsp;<\/p>\n<p>&#8211; <a href=\"https:\/\/institutos.ufrrj.br\/icbs\/wp-content\/uploads\/sites\/6\/2022\/07\/ATA-415-Consuni-17janeiro2022.pdf\" target=\"_blank\" rel=\"noopener\">ATA CONSUNI de 17 de janeiro<\/a><\/p>\n<p>&#8211; <a href=\"https:\/\/institutos.ufrrj.br\/icbs\/wp-content\/uploads\/sites\/6\/2022\/07\/ATA-416-Consuni-16fevereiro2022.pdf\" target=\"_blank\" rel=\"noopener\">ATA CONSUNI de 16 de fevereiro<\/a><\/p>\n<p>&#8211; <a href=\"https:\/\/institutos.ufrrj.br\/icbs\/wp-content\/uploads\/sites\/6\/2022\/08\/Ata-Consuni-Extra-20abril2022.pdf\" target=\"_blank\" rel=\"noopener\">ATA CONSUNI EXTRA de 20 de abril<\/a><\/p>\n<p>&#8211; <a href=\"https:\/\/institutos.ufrrj.br\/icbs\/wp-content\/uploads\/sites\/6\/2022\/07\/ATA-419-Consuni-maio2022.pdf\" target=\"_blank\" rel=\"noopener\">ATA CONSUNI de 17 de maio<\/a><\/p>\n<p>&#8211; <a href=\"https:\/\/institutos.ufrrj.br\/icbs\/wp-content\/uploads\/sites\/6\/2022\/07\/ATA-420-Consuni-junho2022.pdf\" target=\"_blank\" rel=\"noopener\">ATA CONSUNI de 14 de junho<\/a><\/p>\n<p>&#8211; <a href=\"https:\/\/institutos.ufrrj.br\/icbs\/wp-content\/uploads\/sites\/6\/2022\/08\/Ata-421-14julho2022.pdf\" target=\"_blank\" rel=\"noopener\">ATA CONSUNI de 14 de julho<\/a><\/p>\n<p>&#8211; <a href=\"https:\/\/institutos.ufrrj.br\/icbs\/wp-content\/uploads\/sites\/6\/2022\/08\/Ata-Consuni-Extra-02agosti2022.pdf\" target=\"_blank\" rel=\"noopener\">ATA CONSUNI EXTRA de 02 de agosto<\/a><\/p>\n<p>&#8211; <a href=\"https:\/\/institutos.ufrrj.br\/icbs\/wp-content\/uploads\/sites\/6\/2023\/11\/ata-consuni-17-agosto-2022.pdf\" target=\"_blank\" rel=\"noopener\">ATA CONSUNI de 17 de agosto<\/a><\/p>\n<p>&#8211; <a href=\"https:\/\/institutos.ufrrj.br\/icbs\/wp-content\/uploads\/sites\/6\/2023\/11\/ata-consuni-31-agosto-2022.pdf\" target=\"_blank\" rel=\"noopener\">ATA CONSUNI EXTRA de 31 de agosto<\/a><\/p>\n<p>&#8211; <a href=\"https:\/\/institutos.ufrrj.br\/icbs\/wp-content\/uploads\/sites\/6\/2023\/11\/ata-consuni-16-setembro-2022.pdf\" target=\"_blank\" rel=\"noopener\">ATA CONSUNI de 16 de setembro<\/a><\/p>\n<p>&#8211; <a href=\"https:\/\/institutos.ufrrj.br\/icbs\/wp-content\/uploads\/sites\/6\/2023\/11\/ata-consuni-07-outubro-2022.pdf\" target=\"_blank\" rel=\"noopener\">ATA CONSUNI EXTRA de 27 de outubro<\/a><\/p>\n<p>&#8211; <a href=\"https:\/\/institutos.ufrrj.br\/icbs\/wp-content\/uploads\/sites\/6\/2023\/11\/ata-consuni-17-novembro-2022-1.pdf\" target=\"_blank\" rel=\"noopener\">ATA CONSUNI de 17 de novembro<\/a><\/p>\n","protected":false},"excerpt":{"rendered":"<p>&nbsp; &#8211; ATA CONSUNI de 17 de janeiro &#8211; ATA CONSUNI de 16 de fevereiro &#8211; ATA CONSUNI EXTRA de 20 de [&hellip;]<\/p>\n","protected":false},"author":63,"featured_media":0,"parent":1128,"menu_order":0,"comment_status":"closed","ping_status":"closed","template":"","meta":{"_acf_changed":false,"_themeisle_gutenberg_block_has_review":false,"footnotes":"","_links_to":"","_links_to_target":""},"class_list":["post-1692","page","type-page","status-publish","hentry"],"acf":[],"yoast_head":"<!-- This site is optimized with the Yoast SEO plugin v26.8 - https:\/\/yoast.com\/product\/yoast-seo-wordpress\/ -->\n<title>2022 - Instituto de Ci\u00eancias Biol\u00f3gicas e da Sa\u00fade<\/title>\n<meta name=\"robots\" content=\"index, follow, max-snippet:-1, max-image-preview:large, max-video-preview:-1\" \/>\n<link rel=\"canonical\" href=\"https:\/\/institutos.ufrrj.br\/icbs\/consuni-2\/2022-2\/\" \/>\n<meta property=\"og:locale\" content=\"pt_BR\" \/>\n<meta property=\"og:type\" content=\"article\" \/>\n<meta property=\"og:title\" content=\"2022 - Instituto de Ci\u00eancias Biol\u00f3gicas e da Sa\u00fade\" \/>\n<meta property=\"og:description\" content=\"&nbsp; &#8211; ATA CONSUNI de 17 de janeiro &#8211; ATA CONSUNI de 16 de fevereiro &#8211; ATA CONSUNI EXTRA de 20 de [&hellip;]\" \/>\n<meta property=\"og:url\" content=\"https:\/\/institutos.ufrrj.br\/icbs\/consuni-2\/2022-2\/\" \/>\n<meta property=\"og:site_name\" content=\"Instituto de Ci\u00eancias Biol\u00f3gicas e da Sa\u00fade\" \/>\n<meta property=\"article:modified_time\" content=\"2023-11-06T19:42:17+00:00\" \/>\n<meta name=\"twitter:card\" content=\"summary_large_image\" \/>\n<script type=\"application\/ld+json\" class=\"yoast-schema-graph\">{\"@context\":\"https:\/\/schema.org\",\"@graph\":[{\"@type\":\"WebPage\",\"@id\":\"https:\/\/institutos.ufrrj.br\/icbs\/consuni-2\/2022-2\/\",\"url\":\"https:\/\/institutos.ufrrj.br\/icbs\/consuni-2\/2022-2\/\",\"name\":\"2022 - Instituto de Ci\u00eancias Biol\u00f3gicas e da Sa\u00fade\",\"isPartOf\":{\"@id\":\"https:\/\/institutos.ufrrj.br\/icbs\/#website\"},\"datePublished\":\"2022-02-15T20:14:24+00:00\",\"dateModified\":\"2023-11-06T19:42:17+00:00\",\"breadcrumb\":{\"@id\":\"https:\/\/institutos.ufrrj.br\/icbs\/consuni-2\/2022-2\/#breadcrumb\"},\"inLanguage\":\"pt-BR\",\"potentialAction\":[{\"@type\":\"ReadAction\",\"target\":[\"https:\/\/institutos.ufrrj.br\/icbs\/consuni-2\/2022-2\/\"]}]},{\"@type\":\"BreadcrumbList\",\"@id\":\"https:\/\/institutos.ufrrj.br\/icbs\/consuni-2\/2022-2\/#breadcrumb\",\"itemListElement\":[{\"@type\":\"ListItem\",\"position\":1,\"name\":\"In\u00edcio\",\"item\":\"https:\/\/institutos.ufrrj.br\/icbs\/\"},{\"@type\":\"ListItem\",\"position\":2,\"name\":\"Atas\",\"item\":\"https:\/\/institutos.ufrrj.br\/icbs\/consuni-2\/\"},{\"@type\":\"ListItem\",\"position\":3,\"name\":\"2022\"}]},{\"@type\":\"WebSite\",\"@id\":\"https:\/\/institutos.ufrrj.br\/icbs\/#website\",\"url\":\"https:\/\/institutos.ufrrj.br\/icbs\/\",\"name\":\"ICBS - Instituto de Ci\u00eancias Biol\u00f3gicas e da Sa\u00fade\",\"description\":\"\",\"publisher\":{\"@id\":\"https:\/\/institutos.ufrrj.br\/icbs\/#organization\"},\"potentialAction\":[{\"@type\":\"SearchAction\",\"target\":{\"@type\":\"EntryPoint\",\"urlTemplate\":\"https:\/\/institutos.ufrrj.br\/icbs\/?s={search_term_string}\"},\"query-input\":{\"@type\":\"PropertyValueSpecification\",\"valueRequired\":true,\"valueName\":\"search_term_string\"}}],\"inLanguage\":\"pt-BR\"},{\"@type\":\"Organization\",\"@id\":\"https:\/\/institutos.ufrrj.br\/icbs\/#organization\",\"name\":\"UFRRJ - Universidade Federal Rural do Rio de Janeiro\",\"url\":\"https:\/\/institutos.ufrrj.br\/icbs\/\",\"logo\":{\"@type\":\"ImageObject\",\"inLanguage\":\"pt-BR\",\"@id\":\"https:\/\/institutos.ufrrj.br\/icbs\/#\/schema\/logo\/image\/\",\"url\":\"https:\/\/institutos.ufrrj.br\/icbs\/wp-content\/uploads\/sites\/6\/2022\/05\/Logo-ICBS.png\",\"contentUrl\":\"https:\/\/institutos.ufrrj.br\/icbs\/wp-content\/uploads\/sites\/6\/2022\/05\/Logo-ICBS.png\",\"width\":387,\"height\":371,\"caption\":\"UFRRJ - Universidade Federal Rural do Rio de Janeiro\"},\"image\":{\"@id\":\"https:\/\/institutos.ufrrj.br\/icbs\/#\/schema\/logo\/image\/\"}}]}<\/script>\n<!-- \/ Yoast SEO plugin. -->","yoast_head_json":{"title":"2022 - Instituto de Ci\u00eancias Biol\u00f3gicas e da Sa\u00fade","robots":{"index":"index","follow":"follow","max-snippet":"max-snippet:-1","max-image-preview":"max-image-preview:large","max-video-preview":"max-video-preview:-1"},"canonical":"https:\/\/institutos.ufrrj.br\/icbs\/consuni-2\/2022-2\/","og_locale":"pt_BR","og_type":"article","og_title":"2022 - Instituto de Ci\u00eancias Biol\u00f3gicas e da Sa\u00fade","og_description":"&nbsp; &#8211; ATA CONSUNI de 17 de janeiro &#8211; ATA CONSUNI de 16 de fevereiro &#8211; ATA CONSUNI EXTRA de 20 de [&hellip;]","og_url":"https:\/\/institutos.ufrrj.br\/icbs\/consuni-2\/2022-2\/","og_site_name":"Instituto de Ci\u00eancias Biol\u00f3gicas e da Sa\u00fade","article_modified_time":"2023-11-06T19:42:17+00:00","twitter_card":"summary_large_image","schema":{"@context":"https:\/\/schema.org","@graph":[{"@type":"WebPage","@id":"https:\/\/institutos.ufrrj.br\/icbs\/consuni-2\/2022-2\/","url":"https:\/\/institutos.ufrrj.br\/icbs\/consuni-2\/2022-2\/","name":"2022 - Instituto de Ci\u00eancias Biol\u00f3gicas e da Sa\u00fade","isPartOf":{"@id":"https:\/\/institutos.ufrrj.br\/icbs\/#website"},"datePublished":"2022-02-15T20:14:24+00:00","dateModified":"2023-11-06T19:42:17+00:00","breadcrumb":{"@id":"https:\/\/institutos.ufrrj.br\/icbs\/consuni-2\/2022-2\/#breadcrumb"},"inLanguage":"pt-BR","potentialAction":[{"@type":"ReadAction","target":["https:\/\/institutos.ufrrj.br\/icbs\/consuni-2\/2022-2\/"]}]},{"@type":"BreadcrumbList","@id":"https:\/\/institutos.ufrrj.br\/icbs\/consuni-2\/2022-2\/#breadcrumb","itemListElement":[{"@type":"ListItem","position":1,"name":"In\u00edcio","item":"https:\/\/institutos.ufrrj.br\/icbs\/"},{"@type":"ListItem","position":2,"name":"Atas","item":"https:\/\/institutos.ufrrj.br\/icbs\/consuni-2\/"},{"@type":"ListItem","position":3,"name":"2022"}]},{"@type":"WebSite","@id":"https:\/\/institutos.ufrrj.br\/icbs\/#website","url":"https:\/\/institutos.ufrrj.br\/icbs\/","name":"ICBS - Instituto de Ci\u00eancias Biol\u00f3gicas e da Sa\u00fade","description":"","publisher":{"@id":"https:\/\/institutos.ufrrj.br\/icbs\/#organization"},"potentialAction":[{"@type":"SearchAction","target":{"@type":"EntryPoint","urlTemplate":"https:\/\/institutos.ufrrj.br\/icbs\/?s={search_term_string}"},"query-input":{"@type":"PropertyValueSpecification","valueRequired":true,"valueName":"search_term_string"}}],"inLanguage":"pt-BR"},{"@type":"Organization","@id":"https:\/\/institutos.ufrrj.br\/icbs\/#organization","name":"UFRRJ - Universidade Federal Rural do Rio de Janeiro","url":"https:\/\/institutos.ufrrj.br\/icbs\/","logo":{"@type":"ImageObject","inLanguage":"pt-BR","@id":"https:\/\/institutos.ufrrj.br\/icbs\/#\/schema\/logo\/image\/","url":"https:\/\/institutos.ufrrj.br\/icbs\/wp-content\/uploads\/sites\/6\/2022\/05\/Logo-ICBS.png","contentUrl":"https:\/\/institutos.ufrrj.br\/icbs\/wp-content\/uploads\/sites\/6\/2022\/05\/Logo-ICBS.png","width":387,"height":371,"caption":"UFRRJ - Universidade Federal Rural do Rio de Janeiro"},"image":{"@id":"https:\/\/institutos.ufrrj.br\/icbs\/#\/schema\/logo\/image\/"}}]}},"_links":{"self":[{"href":"https:\/\/institutos.ufrrj.br\/icbs\/wp-json\/wp\/v2\/pages\/1692","targetHints":{"allow":["GET"]}}],"collection":[{"href":"https:\/\/institutos.ufrrj.br\/icbs\/wp-json\/wp\/v2\/pages"}],"about":[{"href":"https:\/\/institutos.ufrrj.br\/icbs\/wp-json\/wp\/v2\/types\/page"}],"author":[{"embeddable":true,"href":"https:\/\/institutos.ufrrj.br\/icbs\/wp-json\/wp\/v2\/users\/63"}],"replies":[{"embeddable":true,"href":"https:\/\/institutos.ufrrj.br\/icbs\/wp-json\/wp\/v2\/comments?post=1692"}],"version-history":[{"count":23,"href":"https:\/\/institutos.ufrrj.br\/icbs\/wp-json\/wp\/v2\/pages\/1692\/revisions"}],"predecessor-version":[{"id":2595,"href":"https:\/\/institutos.ufrrj.br\/icbs\/wp-json\/wp\/v2\/pages\/1692\/revisions\/2595"}],"up":[{"embeddable":true,"href":"https:\/\/institutos.ufrrj.br\/icbs\/wp-json\/wp\/v2\/pages\/1128"}],"wp:attachment":[{"href":"https:\/\/institutos.ufrrj.br\/icbs\/wp-json\/wp\/v2\/media?parent=1692"}],"curies":[{"name":"wp","href":"https:\/\/api.w.org\/{rel}","templated":true}]}}