{"id":1982,"date":"2022-07-11T18:29:29","date_gmt":"2022-07-11T18:29:29","guid":{"rendered":"https:\/\/institutos.ufrrj.br\/icbs\/?page_id=1982"},"modified":"2024-01-31T12:26:50","modified_gmt":"2024-01-31T15:26:50","slug":"disciplinas","status":"publish","type":"page","link":"https:\/\/institutos.ufrrj.br\/icbs\/departamento-de-genetica\/disciplinas\/","title":{"rendered":"Disciplinas"},"content":{"rendered":"<p><strong>Disciplinas obrigat\u00f3rias:<\/strong><\/p>\n<p>IB453 &#8211; BASES GEN\u00c9TICAS DO MELHORAMENTO ANIMAL<\/p>\n<p>&nbsp;<\/p>\n<p>IB452 &#8211; BASES GEN\u00c9TICAS DO MELHORAMENTO VEGETAL<\/p>\n<p>&nbsp;<\/p>\n<p>IB402 &#8211; EVOLU\u00c7\u00c3O<\/p>\n<p>&nbsp;<\/p>\n<p>IB461 &#8211; GEN\u00c9TICA ANIMAL<\/p>\n<p>&nbsp;<\/p>\n<p>IB460 &#8211; GEN\u00c9TICA APLICADA \u00c0 FARM\u00c1CIA<\/p>\n<p>&nbsp;<\/p>\n<p>IB450 &#8211; GEN\u00c9TICA B\u00c1SICA<\/p>\n<p>&nbsp;<\/p>\n<p>IB404 &#8211; GEN\u00c9TICA MOLECULAR<\/p>\n<p>&nbsp;<\/p>\n<p>IB454 &#8211; GEN\u00c9TICA QUANTITATIVA<\/p>\n<p>&nbsp;<\/p>\n<p>IB458 &#8211; GEN\u00c9TICA VEGETAL<\/p>\n<p>&nbsp;<\/p>\n<p>IB451 &#8211; INTRODU\u00c7\u00c3O \u00c0 GEN\u00c9TICA DO MELHORAMENTO ANIMAL<\/p>\n<p>&nbsp;<\/p>\n<p>IB466 &#8211; GEN\u00c9TICA GERAL E HUMANA<\/p>\n<p>&nbsp;<\/p>\n<p><strong>Disciplinas optativas<\/strong><\/p>\n<p>IB405 &#8211; GEN\u00c9TICA DE MICRORGANISMOS<\/p>\n<p>&nbsp;<\/p>\n<p>IB464 &#8211; BIOINFORM\u00c1TICA<\/p>\n<p>&nbsp;<\/p>\n<p>IB470 &#8211; BIOTECNOLOGIA APLICADA AO MELHORAMENTO GEN\u00c9TICO VEGETAL<\/p>\n<p>&nbsp;<\/p>\n","protected":false},"excerpt":{"rendered":"<p>Disciplinas obrigat\u00f3rias: IB453 &#8211; BASES GEN\u00c9TICAS DO MELHORAMENTO ANIMAL &nbsp; IB452 &#8211; BASES GEN\u00c9TICAS DO MELHORAMENTO VEGETAL &nbsp; IB402 &#8211; EVOLU\u00c7\u00c3O &nbsp; [&hellip;]<\/p>\n","protected":false},"author":20,"featured_media":0,"parent":553,"menu_order":0,"comment_status":"closed","ping_status":"closed","template":"","meta":{"_acf_changed":false,"_themeisle_gutenberg_block_has_review":false,"footnotes":"","_links_to":"","_links_to_target":""},"class_list":["post-1982","page","type-page","status-publish","hentry"],"acf":[],"yoast_head":"<!-- This site is optimized with the Yoast SEO plugin v26.8 - https:\/\/yoast.com\/product\/yoast-seo-wordpress\/ -->\n<title>Disciplinas - Instituto de Ci\u00eancias Biol\u00f3gicas e da Sa\u00fade<\/title>\n<meta name=\"robots\" content=\"index, follow, max-snippet:-1, max-image-preview:large, max-video-preview:-1\" \/>\n<link rel=\"canonical\" href=\"https:\/\/institutos.ufrrj.br\/icbs\/departamento-de-genetica\/disciplinas\/\" \/>\n<meta property=\"og:locale\" content=\"pt_BR\" \/>\n<meta property=\"og:type\" content=\"article\" \/>\n<meta property=\"og:title\" content=\"Disciplinas - Instituto de Ci\u00eancias Biol\u00f3gicas e da Sa\u00fade\" \/>\n<meta property=\"og:description\" content=\"Disciplinas obrigat\u00f3rias: IB453 &#8211; BASES GEN\u00c9TICAS DO MELHORAMENTO ANIMAL &nbsp; IB452 &#8211; BASES GEN\u00c9TICAS DO MELHORAMENTO VEGETAL &nbsp; IB402 &#8211; EVOLU\u00c7\u00c3O &nbsp; [&hellip;]\" \/>\n<meta property=\"og:url\" content=\"https:\/\/institutos.ufrrj.br\/icbs\/departamento-de-genetica\/disciplinas\/\" \/>\n<meta property=\"og:site_name\" content=\"Instituto de Ci\u00eancias Biol\u00f3gicas e da Sa\u00fade\" \/>\n<meta property=\"article:modified_time\" content=\"2024-01-31T15:26:50+00:00\" \/>\n<meta name=\"twitter:card\" content=\"summary_large_image\" \/>\n<meta name=\"twitter:label1\" content=\"Est. tempo de leitura\" \/>\n\t<meta name=\"twitter:data1\" content=\"1 minuto\" \/>\n<script type=\"application\/ld+json\" class=\"yoast-schema-graph\">{\"@context\":\"https:\/\/schema.org\",\"@graph\":[{\"@type\":\"WebPage\",\"@id\":\"https:\/\/institutos.ufrrj.br\/icbs\/departamento-de-genetica\/disciplinas\/\",\"url\":\"https:\/\/institutos.ufrrj.br\/icbs\/departamento-de-genetica\/disciplinas\/\",\"name\":\"Disciplinas - Instituto de Ci\u00eancias Biol\u00f3gicas e da Sa\u00fade\",\"isPartOf\":{\"@id\":\"https:\/\/institutos.ufrrj.br\/icbs\/#website\"},\"datePublished\":\"2022-07-11T18:29:29+00:00\",\"dateModified\":\"2024-01-31T15:26:50+00:00\",\"breadcrumb\":{\"@id\":\"https:\/\/institutos.ufrrj.br\/icbs\/departamento-de-genetica\/disciplinas\/#breadcrumb\"},\"inLanguage\":\"pt-BR\",\"potentialAction\":[{\"@type\":\"ReadAction\",\"target\":[\"https:\/\/institutos.ufrrj.br\/icbs\/departamento-de-genetica\/disciplinas\/\"]}]},{\"@type\":\"BreadcrumbList\",\"@id\":\"https:\/\/institutos.ufrrj.br\/icbs\/departamento-de-genetica\/disciplinas\/#breadcrumb\",\"itemListElement\":[{\"@type\":\"ListItem\",\"position\":1,\"name\":\"In\u00edcio\",\"item\":\"https:\/\/institutos.ufrrj.br\/icbs\/\"},{\"@type\":\"ListItem\",\"position\":2,\"name\":\"Departamento de Gen\u00e9tica\",\"item\":\"https:\/\/institutos.ufrrj.br\/icbs\/departamento-de-genetica\/\"},{\"@type\":\"ListItem\",\"position\":3,\"name\":\"Disciplinas\"}]},{\"@type\":\"WebSite\",\"@id\":\"https:\/\/institutos.ufrrj.br\/icbs\/#website\",\"url\":\"https:\/\/institutos.ufrrj.br\/icbs\/\",\"name\":\"ICBS - Instituto de Ci\u00eancias Biol\u00f3gicas e da Sa\u00fade\",\"description\":\"\",\"publisher\":{\"@id\":\"https:\/\/institutos.ufrrj.br\/icbs\/#organization\"},\"potentialAction\":[{\"@type\":\"SearchAction\",\"target\":{\"@type\":\"EntryPoint\",\"urlTemplate\":\"https:\/\/institutos.ufrrj.br\/icbs\/?s={search_term_string}\"},\"query-input\":{\"@type\":\"PropertyValueSpecification\",\"valueRequired\":true,\"valueName\":\"search_term_string\"}}],\"inLanguage\":\"pt-BR\"},{\"@type\":\"Organization\",\"@id\":\"https:\/\/institutos.ufrrj.br\/icbs\/#organization\",\"name\":\"UFRRJ - Universidade Federal Rural do Rio de Janeiro\",\"url\":\"https:\/\/institutos.ufrrj.br\/icbs\/\",\"logo\":{\"@type\":\"ImageObject\",\"inLanguage\":\"pt-BR\",\"@id\":\"https:\/\/institutos.ufrrj.br\/icbs\/#\/schema\/logo\/image\/\",\"url\":\"https:\/\/institutos.ufrrj.br\/icbs\/wp-content\/uploads\/sites\/6\/2022\/05\/Logo-ICBS.png\",\"contentUrl\":\"https:\/\/institutos.ufrrj.br\/icbs\/wp-content\/uploads\/sites\/6\/2022\/05\/Logo-ICBS.png\",\"width\":387,\"height\":371,\"caption\":\"UFRRJ - Universidade Federal Rural do Rio de Janeiro\"},\"image\":{\"@id\":\"https:\/\/institutos.ufrrj.br\/icbs\/#\/schema\/logo\/image\/\"}}]}<\/script>\n<!-- \/ Yoast SEO plugin. -->","yoast_head_json":{"title":"Disciplinas - Instituto de Ci\u00eancias Biol\u00f3gicas e da Sa\u00fade","robots":{"index":"index","follow":"follow","max-snippet":"max-snippet:-1","max-image-preview":"max-image-preview:large","max-video-preview":"max-video-preview:-1"},"canonical":"https:\/\/institutos.ufrrj.br\/icbs\/departamento-de-genetica\/disciplinas\/","og_locale":"pt_BR","og_type":"article","og_title":"Disciplinas - Instituto de Ci\u00eancias Biol\u00f3gicas e da Sa\u00fade","og_description":"Disciplinas obrigat\u00f3rias: IB453 &#8211; BASES GEN\u00c9TICAS DO MELHORAMENTO ANIMAL &nbsp; IB452 &#8211; BASES GEN\u00c9TICAS DO MELHORAMENTO VEGETAL &nbsp; IB402 &#8211; EVOLU\u00c7\u00c3O &nbsp; [&hellip;]","og_url":"https:\/\/institutos.ufrrj.br\/icbs\/departamento-de-genetica\/disciplinas\/","og_site_name":"Instituto de Ci\u00eancias Biol\u00f3gicas e da Sa\u00fade","article_modified_time":"2024-01-31T15:26:50+00:00","twitter_card":"summary_large_image","twitter_misc":{"Est. tempo de leitura":"1 minuto"},"schema":{"@context":"https:\/\/schema.org","@graph":[{"@type":"WebPage","@id":"https:\/\/institutos.ufrrj.br\/icbs\/departamento-de-genetica\/disciplinas\/","url":"https:\/\/institutos.ufrrj.br\/icbs\/departamento-de-genetica\/disciplinas\/","name":"Disciplinas - Instituto de Ci\u00eancias Biol\u00f3gicas e da Sa\u00fade","isPartOf":{"@id":"https:\/\/institutos.ufrrj.br\/icbs\/#website"},"datePublished":"2022-07-11T18:29:29+00:00","dateModified":"2024-01-31T15:26:50+00:00","breadcrumb":{"@id":"https:\/\/institutos.ufrrj.br\/icbs\/departamento-de-genetica\/disciplinas\/#breadcrumb"},"inLanguage":"pt-BR","potentialAction":[{"@type":"ReadAction","target":["https:\/\/institutos.ufrrj.br\/icbs\/departamento-de-genetica\/disciplinas\/"]}]},{"@type":"BreadcrumbList","@id":"https:\/\/institutos.ufrrj.br\/icbs\/departamento-de-genetica\/disciplinas\/#breadcrumb","itemListElement":[{"@type":"ListItem","position":1,"name":"In\u00edcio","item":"https:\/\/institutos.ufrrj.br\/icbs\/"},{"@type":"ListItem","position":2,"name":"Departamento de Gen\u00e9tica","item":"https:\/\/institutos.ufrrj.br\/icbs\/departamento-de-genetica\/"},{"@type":"ListItem","position":3,"name":"Disciplinas"}]},{"@type":"WebSite","@id":"https:\/\/institutos.ufrrj.br\/icbs\/#website","url":"https:\/\/institutos.ufrrj.br\/icbs\/","name":"ICBS - Instituto de Ci\u00eancias Biol\u00f3gicas e da Sa\u00fade","description":"","publisher":{"@id":"https:\/\/institutos.ufrrj.br\/icbs\/#organization"},"potentialAction":[{"@type":"SearchAction","target":{"@type":"EntryPoint","urlTemplate":"https:\/\/institutos.ufrrj.br\/icbs\/?s={search_term_string}"},"query-input":{"@type":"PropertyValueSpecification","valueRequired":true,"valueName":"search_term_string"}}],"inLanguage":"pt-BR"},{"@type":"Organization","@id":"https:\/\/institutos.ufrrj.br\/icbs\/#organization","name":"UFRRJ - Universidade Federal Rural do Rio de Janeiro","url":"https:\/\/institutos.ufrrj.br\/icbs\/","logo":{"@type":"ImageObject","inLanguage":"pt-BR","@id":"https:\/\/institutos.ufrrj.br\/icbs\/#\/schema\/logo\/image\/","url":"https:\/\/institutos.ufrrj.br\/icbs\/wp-content\/uploads\/sites\/6\/2022\/05\/Logo-ICBS.png","contentUrl":"https:\/\/institutos.ufrrj.br\/icbs\/wp-content\/uploads\/sites\/6\/2022\/05\/Logo-ICBS.png","width":387,"height":371,"caption":"UFRRJ - Universidade Federal Rural do Rio de Janeiro"},"image":{"@id":"https:\/\/institutos.ufrrj.br\/icbs\/#\/schema\/logo\/image\/"}}]}},"_links":{"self":[{"href":"https:\/\/institutos.ufrrj.br\/icbs\/wp-json\/wp\/v2\/pages\/1982","targetHints":{"allow":["GET"]}}],"collection":[{"href":"https:\/\/institutos.ufrrj.br\/icbs\/wp-json\/wp\/v2\/pages"}],"about":[{"href":"https:\/\/institutos.ufrrj.br\/icbs\/wp-json\/wp\/v2\/types\/page"}],"author":[{"embeddable":true,"href":"https:\/\/institutos.ufrrj.br\/icbs\/wp-json\/wp\/v2\/users\/20"}],"replies":[{"embeddable":true,"href":"https:\/\/institutos.ufrrj.br\/icbs\/wp-json\/wp\/v2\/comments?post=1982"}],"version-history":[{"count":7,"href":"https:\/\/institutos.ufrrj.br\/icbs\/wp-json\/wp\/v2\/pages\/1982\/revisions"}],"predecessor-version":[{"id":2623,"href":"https:\/\/institutos.ufrrj.br\/icbs\/wp-json\/wp\/v2\/pages\/1982\/revisions\/2623"}],"up":[{"embeddable":true,"href":"https:\/\/institutos.ufrrj.br\/icbs\/wp-json\/wp\/v2\/pages\/553"}],"wp:attachment":[{"href":"https:\/\/institutos.ufrrj.br\/icbs\/wp-json\/wp\/v2\/media?parent=1982"}],"curies":[{"name":"wp","href":"https:\/\/api.w.org\/{rel}","templated":true}]}}