{"id":1988,"date":"2022-07-11T18:31:33","date_gmt":"2022-07-11T18:31:33","guid":{"rendered":"https:\/\/institutos.ufrrj.br\/icbs\/?page_id=1988"},"modified":"2022-07-11T22:09:28","modified_gmt":"2022-07-11T22:09:28","slug":"monitoria","status":"publish","type":"page","link":"https:\/\/institutos.ufrrj.br\/icbs\/departamento-de-genetica\/monitoria\/","title":{"rendered":"Monitoria"},"content":{"rendered":"<table>\n<tbody>\n<tr>\n<td colspan=\"3\" width=\"933\"><strong>MONITORIAS 2022.1<\/strong><\/td>\n<\/tr>\n<tr>\n<td width=\"359\"><strong>Disciplinas<\/strong><\/td>\n<td width=\"302\"><strong>Monitor<\/strong><\/td>\n<td width=\"272\"><strong>Hor\u00e1rio<\/strong><\/td>\n<\/tr>\n<tr>\n<td rowspan=\"2\" width=\"359\">IB451 &#8211; INTRODU\u00c7\u00c3O \u00c0 GEN\u00c9TICA DO MELHORAMENTO ANIMAL<\/p>\n<p>IB453 &#8211; BASES GEN\u00c9TICAS DO MELHORAMENTO ANIMAL<\/p>\n<p>IB454 &#8211; GEN\u00c9TICA QUANTITATIVA<\/td>\n<td width=\"302\">LETHISSIA AMORIM DA SILVA COELHO<\/td>\n<td width=\"272\">Segunda 8 \u00e0s 12 h<\/p>\n<p>Sexta 8 \u00e0s 12 h; 13 \u00e0s 17 h<\/td>\n<\/tr>\n<tr>\n<td width=\"302\">ADRIANA DE LIMA E SILVA<\/td>\n<td width=\"272\">Segunda 7 \u00e0s 12 h; 15 \u00e0s 18 h<\/p>\n<p>Ter\u00e7a 10 \u00e0s 12 h; 13 \u00e0s 15 h<\/td>\n<\/tr>\n<tr>\n<td width=\"359\">IB460 &#8211; GEN\u00c9TICA APLICADA \u00c0 FARM\u00c1CIA<\/td>\n<td width=\"302\">ALEXANDRE FELIPE DE ARAUJO DESIDERIO<\/td>\n<td width=\"272\">&nbsp;<\/td>\n<\/tr>\n<tr>\n<td width=\"359\">IB404 &#8211; GEN\u00c9TICA MOLECULAR<\/td>\n<td width=\"302\">ALINE CRISTINE DE OLIVEIRA TEIXEIRA<\/td>\n<td width=\"272\">Segunda, ter\u00e7a, quarta e quinta 8 \u00e0s 10 h<\/p>\n<p>Ter\u00e7a 13 \u00e0s 17 h<\/td>\n<\/tr>\n<tr>\n<td rowspan=\"2\" width=\"359\">IB450 &#8211; GEN\u00c9TICA B\u00c1SICA<\/p>\n<p>IB455 &#8211; GEN\u00c9TICA GERAL<\/p>\n<p>IB461 &#8211; GEN\u00c9TICA ANIMAL<\/td>\n<td width=\"302\">THIAGO FRANCO DE PAULA<\/td>\n<td width=\"272\">Quarta 10 \u00e0s 17 h<\/p>\n<p>Quinta 13 \u00e0s 20 h<\/td>\n<\/tr>\n<tr>\n<td width=\"302\">YGOR EGIDIO DE OLIVEIRA<\/td>\n<td width=\"272\">Quarta 17 \u00e0s 19 h<\/p>\n<p>Sexta 8 \u00e0s 12h; 13 \u00e0s 17 h<\/td>\n<\/tr>\n<tr>\n<td width=\"359\">IB458 &#8211; GEN\u00c9TICA VEGETAL<\/td>\n<td width=\"302\">KHAMYRIS SANT ANA FERNANDES<\/td>\n<td width=\"272\">Segunda 10-12<\/p>\n<p>Ter\u00e7a 13-15<\/p>\n<p>Sexta 8 \u00e0s 12 h; 13 \u00e0s 17 h<\/td>\n<\/tr>\n<\/tbody>\n<\/table>\n","protected":false},"excerpt":{"rendered":"<p>MONITORIAS 2022.1 Disciplinas Monitor Hor\u00e1rio IB451 &#8211; INTRODU\u00c7\u00c3O \u00c0 GEN\u00c9TICA DO MELHORAMENTO ANIMAL IB453 &#8211; BASES GEN\u00c9TICAS DO MELHORAMENTO ANIMAL IB454 &#8211; [&hellip;]<\/p>\n","protected":false},"author":20,"featured_media":0,"parent":553,"menu_order":0,"comment_status":"closed","ping_status":"closed","template":"","meta":{"_acf_changed":false,"_themeisle_gutenberg_block_has_review":false,"footnotes":"","_links_to":"","_links_to_target":""},"class_list":["post-1988","page","type-page","status-publish","hentry"],"acf":[],"yoast_head":"<!-- This site is optimized with the Yoast SEO plugin v26.8 - https:\/\/yoast.com\/product\/yoast-seo-wordpress\/ -->\n<title>Monitoria - Instituto de Ci\u00eancias Biol\u00f3gicas e da Sa\u00fade<\/title>\n<meta name=\"robots\" content=\"index, follow, max-snippet:-1, max-image-preview:large, max-video-preview:-1\" \/>\n<link rel=\"canonical\" href=\"https:\/\/institutos.ufrrj.br\/icbs\/departamento-de-genetica\/monitoria\/\" \/>\n<meta property=\"og:locale\" content=\"pt_BR\" \/>\n<meta property=\"og:type\" content=\"article\" \/>\n<meta property=\"og:title\" content=\"Monitoria - Instituto de Ci\u00eancias Biol\u00f3gicas e da Sa\u00fade\" \/>\n<meta property=\"og:description\" content=\"MONITORIAS 2022.1 Disciplinas Monitor Hor\u00e1rio IB451 &#8211; INTRODU\u00c7\u00c3O \u00c0 GEN\u00c9TICA DO MELHORAMENTO ANIMAL IB453 &#8211; BASES GEN\u00c9TICAS DO MELHORAMENTO ANIMAL IB454 &#8211; [&hellip;]\" \/>\n<meta property=\"og:url\" content=\"https:\/\/institutos.ufrrj.br\/icbs\/departamento-de-genetica\/monitoria\/\" \/>\n<meta property=\"og:site_name\" content=\"Instituto de Ci\u00eancias Biol\u00f3gicas e da Sa\u00fade\" \/>\n<meta property=\"article:modified_time\" content=\"2022-07-11T22:09:28+00:00\" \/>\n<meta name=\"twitter:card\" content=\"summary_large_image\" \/>\n<meta name=\"twitter:label1\" content=\"Est. tempo de leitura\" \/>\n\t<meta name=\"twitter:data1\" content=\"1 minuto\" \/>\n<script type=\"application\/ld+json\" class=\"yoast-schema-graph\">{\"@context\":\"https:\/\/schema.org\",\"@graph\":[{\"@type\":\"WebPage\",\"@id\":\"https:\/\/institutos.ufrrj.br\/icbs\/departamento-de-genetica\/monitoria\/\",\"url\":\"https:\/\/institutos.ufrrj.br\/icbs\/departamento-de-genetica\/monitoria\/\",\"name\":\"Monitoria - Instituto de Ci\u00eancias Biol\u00f3gicas e da Sa\u00fade\",\"isPartOf\":{\"@id\":\"https:\/\/institutos.ufrrj.br\/icbs\/#website\"},\"datePublished\":\"2022-07-11T18:31:33+00:00\",\"dateModified\":\"2022-07-11T22:09:28+00:00\",\"breadcrumb\":{\"@id\":\"https:\/\/institutos.ufrrj.br\/icbs\/departamento-de-genetica\/monitoria\/#breadcrumb\"},\"inLanguage\":\"pt-BR\",\"potentialAction\":[{\"@type\":\"ReadAction\",\"target\":[\"https:\/\/institutos.ufrrj.br\/icbs\/departamento-de-genetica\/monitoria\/\"]}]},{\"@type\":\"BreadcrumbList\",\"@id\":\"https:\/\/institutos.ufrrj.br\/icbs\/departamento-de-genetica\/monitoria\/#breadcrumb\",\"itemListElement\":[{\"@type\":\"ListItem\",\"position\":1,\"name\":\"In\u00edcio\",\"item\":\"https:\/\/institutos.ufrrj.br\/icbs\/\"},{\"@type\":\"ListItem\",\"position\":2,\"name\":\"Departamento de Gen\u00e9tica\",\"item\":\"https:\/\/institutos.ufrrj.br\/icbs\/departamento-de-genetica\/\"},{\"@type\":\"ListItem\",\"position\":3,\"name\":\"Monitoria\"}]},{\"@type\":\"WebSite\",\"@id\":\"https:\/\/institutos.ufrrj.br\/icbs\/#website\",\"url\":\"https:\/\/institutos.ufrrj.br\/icbs\/\",\"name\":\"ICBS - Instituto de Ci\u00eancias Biol\u00f3gicas e da Sa\u00fade\",\"description\":\"\",\"publisher\":{\"@id\":\"https:\/\/institutos.ufrrj.br\/icbs\/#organization\"},\"potentialAction\":[{\"@type\":\"SearchAction\",\"target\":{\"@type\":\"EntryPoint\",\"urlTemplate\":\"https:\/\/institutos.ufrrj.br\/icbs\/?s={search_term_string}\"},\"query-input\":{\"@type\":\"PropertyValueSpecification\",\"valueRequired\":true,\"valueName\":\"search_term_string\"}}],\"inLanguage\":\"pt-BR\"},{\"@type\":\"Organization\",\"@id\":\"https:\/\/institutos.ufrrj.br\/icbs\/#organization\",\"name\":\"UFRRJ - Universidade Federal Rural do Rio de Janeiro\",\"url\":\"https:\/\/institutos.ufrrj.br\/icbs\/\",\"logo\":{\"@type\":\"ImageObject\",\"inLanguage\":\"pt-BR\",\"@id\":\"https:\/\/institutos.ufrrj.br\/icbs\/#\/schema\/logo\/image\/\",\"url\":\"https:\/\/institutos.ufrrj.br\/icbs\/wp-content\/uploads\/sites\/6\/2022\/05\/Logo-ICBS.png\",\"contentUrl\":\"https:\/\/institutos.ufrrj.br\/icbs\/wp-content\/uploads\/sites\/6\/2022\/05\/Logo-ICBS.png\",\"width\":387,\"height\":371,\"caption\":\"UFRRJ - Universidade Federal Rural do Rio de Janeiro\"},\"image\":{\"@id\":\"https:\/\/institutos.ufrrj.br\/icbs\/#\/schema\/logo\/image\/\"}}]}<\/script>\n<!-- \/ Yoast SEO plugin. -->","yoast_head_json":{"title":"Monitoria - Instituto de Ci\u00eancias Biol\u00f3gicas e da Sa\u00fade","robots":{"index":"index","follow":"follow","max-snippet":"max-snippet:-1","max-image-preview":"max-image-preview:large","max-video-preview":"max-video-preview:-1"},"canonical":"https:\/\/institutos.ufrrj.br\/icbs\/departamento-de-genetica\/monitoria\/","og_locale":"pt_BR","og_type":"article","og_title":"Monitoria - Instituto de Ci\u00eancias Biol\u00f3gicas e da Sa\u00fade","og_description":"MONITORIAS 2022.1 Disciplinas Monitor Hor\u00e1rio IB451 &#8211; INTRODU\u00c7\u00c3O \u00c0 GEN\u00c9TICA DO MELHORAMENTO ANIMAL IB453 &#8211; BASES GEN\u00c9TICAS DO MELHORAMENTO ANIMAL IB454 &#8211; [&hellip;]","og_url":"https:\/\/institutos.ufrrj.br\/icbs\/departamento-de-genetica\/monitoria\/","og_site_name":"Instituto de Ci\u00eancias Biol\u00f3gicas e da Sa\u00fade","article_modified_time":"2022-07-11T22:09:28+00:00","twitter_card":"summary_large_image","twitter_misc":{"Est. tempo de leitura":"1 minuto"},"schema":{"@context":"https:\/\/schema.org","@graph":[{"@type":"WebPage","@id":"https:\/\/institutos.ufrrj.br\/icbs\/departamento-de-genetica\/monitoria\/","url":"https:\/\/institutos.ufrrj.br\/icbs\/departamento-de-genetica\/monitoria\/","name":"Monitoria - Instituto de Ci\u00eancias Biol\u00f3gicas e da Sa\u00fade","isPartOf":{"@id":"https:\/\/institutos.ufrrj.br\/icbs\/#website"},"datePublished":"2022-07-11T18:31:33+00:00","dateModified":"2022-07-11T22:09:28+00:00","breadcrumb":{"@id":"https:\/\/institutos.ufrrj.br\/icbs\/departamento-de-genetica\/monitoria\/#breadcrumb"},"inLanguage":"pt-BR","potentialAction":[{"@type":"ReadAction","target":["https:\/\/institutos.ufrrj.br\/icbs\/departamento-de-genetica\/monitoria\/"]}]},{"@type":"BreadcrumbList","@id":"https:\/\/institutos.ufrrj.br\/icbs\/departamento-de-genetica\/monitoria\/#breadcrumb","itemListElement":[{"@type":"ListItem","position":1,"name":"In\u00edcio","item":"https:\/\/institutos.ufrrj.br\/icbs\/"},{"@type":"ListItem","position":2,"name":"Departamento de Gen\u00e9tica","item":"https:\/\/institutos.ufrrj.br\/icbs\/departamento-de-genetica\/"},{"@type":"ListItem","position":3,"name":"Monitoria"}]},{"@type":"WebSite","@id":"https:\/\/institutos.ufrrj.br\/icbs\/#website","url":"https:\/\/institutos.ufrrj.br\/icbs\/","name":"ICBS - Instituto de Ci\u00eancias Biol\u00f3gicas e da Sa\u00fade","description":"","publisher":{"@id":"https:\/\/institutos.ufrrj.br\/icbs\/#organization"},"potentialAction":[{"@type":"SearchAction","target":{"@type":"EntryPoint","urlTemplate":"https:\/\/institutos.ufrrj.br\/icbs\/?s={search_term_string}"},"query-input":{"@type":"PropertyValueSpecification","valueRequired":true,"valueName":"search_term_string"}}],"inLanguage":"pt-BR"},{"@type":"Organization","@id":"https:\/\/institutos.ufrrj.br\/icbs\/#organization","name":"UFRRJ - Universidade Federal Rural do Rio de Janeiro","url":"https:\/\/institutos.ufrrj.br\/icbs\/","logo":{"@type":"ImageObject","inLanguage":"pt-BR","@id":"https:\/\/institutos.ufrrj.br\/icbs\/#\/schema\/logo\/image\/","url":"https:\/\/institutos.ufrrj.br\/icbs\/wp-content\/uploads\/sites\/6\/2022\/05\/Logo-ICBS.png","contentUrl":"https:\/\/institutos.ufrrj.br\/icbs\/wp-content\/uploads\/sites\/6\/2022\/05\/Logo-ICBS.png","width":387,"height":371,"caption":"UFRRJ - Universidade Federal Rural do Rio de Janeiro"},"image":{"@id":"https:\/\/institutos.ufrrj.br\/icbs\/#\/schema\/logo\/image\/"}}]}},"_links":{"self":[{"href":"https:\/\/institutos.ufrrj.br\/icbs\/wp-json\/wp\/v2\/pages\/1988","targetHints":{"allow":["GET"]}}],"collection":[{"href":"https:\/\/institutos.ufrrj.br\/icbs\/wp-json\/wp\/v2\/pages"}],"about":[{"href":"https:\/\/institutos.ufrrj.br\/icbs\/wp-json\/wp\/v2\/types\/page"}],"author":[{"embeddable":true,"href":"https:\/\/institutos.ufrrj.br\/icbs\/wp-json\/wp\/v2\/users\/20"}],"replies":[{"embeddable":true,"href":"https:\/\/institutos.ufrrj.br\/icbs\/wp-json\/wp\/v2\/comments?post=1988"}],"version-history":[{"count":2,"href":"https:\/\/institutos.ufrrj.br\/icbs\/wp-json\/wp\/v2\/pages\/1988\/revisions"}],"predecessor-version":[{"id":2002,"href":"https:\/\/institutos.ufrrj.br\/icbs\/wp-json\/wp\/v2\/pages\/1988\/revisions\/2002"}],"up":[{"embeddable":true,"href":"https:\/\/institutos.ufrrj.br\/icbs\/wp-json\/wp\/v2\/pages\/553"}],"wp:attachment":[{"href":"https:\/\/institutos.ufrrj.br\/icbs\/wp-json\/wp\/v2\/media?parent=1988"}],"curies":[{"name":"wp","href":"https:\/\/api.w.org\/{rel}","templated":true}]}}