{"id":242,"date":"2015-08-18T20:14:02","date_gmt":"2015-08-18T20:14:02","guid":{"rendered":"http:\/\/institutos.ufrrj.br\/ib\/?page_id=242"},"modified":"2016-03-29T17:31:26","modified_gmt":"2016-03-29T17:31:26","slug":"transparencia-3","status":"publish","type":"page","link":"https:\/\/institutos.ufrrj.br\/icbs\/transparencia-3\/","title":{"rendered":"Transpar\u00eancia"},"content":{"rendered":"<table style=\"height: 376px\" border=\"0\" width=\"735\" bgcolor=\"#E4E4E4\">\n<tbody>\n<tr>\n<td width=\"87%\">\n<div class=\"style22\" align=\"left\">\n<div align=\"center\"><strong>Plano de gest\u00e3o 2013 &#8211; 2017<\/strong><\/div>\n<\/div>\n<\/td>\n<\/tr>\n<tr>\n<td style=\"text-align: -webkit-center\" bgcolor=\"#FFFFFF\">\n<p style=\"text-align: center\"><a title=\"&gt;&gt;Transpar\u00eancia Instituto de Biologia \u2013 UFRRJ\" href=\"http:\/\/institutos.ufrrj.br\/ib\/wp-content\/uploads\/sites\/6\/2015\/07\/Plano_de_gestao_-2013_2017.pdf\"><img loading=\"lazy\" decoding=\"async\" class=\"wp-image-191 size-full\" src=\"http:\/\/institutos.ufrrj.br\/ib\/wp-content\/uploads\/sites\/6\/2015\/07\/pdf-icon-64x64.png\" alt=\"pdf-icon-64x64\" width=\"64\" height=\"64\" \/><\/a><\/p>\n<p style=\"text-align: center\">\n<\/td>\n<\/tr>\n<tr>\n<td>\n<div align=\"center\"><span class=\"style11\"><strong>Seis meses da <span class=\"style22\">gest\u00e3o 2013 &#8211; 2017<\/span><\/strong><\/span><\/div>\n<\/td>\n<\/tr>\n<tr>\n<td bgcolor=\"#FFFFFF\">\n<p class=\"style11\" style=\"text-align: center\" align=\"center\"><a title=\"&gt;&gt;Transpar\u00eancia Instituto de Biologia \u2013 UFRRJ\" href=\"http:\/\/institutos.ufrrj.br\/ib\/wp-content\/uploads\/sites\/6\/2015\/07\/Seis_meses_da_gestao_2013_2017.pdf\" target=\"_blank\"><img loading=\"lazy\" decoding=\"async\" class=\"size-full wp-image-191\" src=\"http:\/\/institutos.ufrrj.br\/ib\/wp-content\/uploads\/sites\/6\/2015\/07\/pdf-icon-64x64.png\" alt=\"pdf-icon-64x64\" width=\"64\" height=\"64\" \/><\/a><\/p>\n<p>&nbsp;<\/td>\n<\/tr>\n<\/tbody>\n<\/table>\n<p>&nbsp;<\/p>\n","protected":false},"excerpt":{"rendered":"<p>Plano de gest\u00e3o 2013 &#8211; 2017 Seis meses da gest\u00e3o 2013 &#8211; 2017 &nbsp; &nbsp;<\/p>\n","protected":false},"author":9,"featured_media":0,"parent":0,"menu_order":0,"comment_status":"open","ping_status":"open","template":"","meta":{"_acf_changed":false,"_themeisle_gutenberg_block_has_review":false,"footnotes":"","_links_to":"","_links_to_target":""},"class_list":["post-242","page","type-page","status-publish","hentry"],"acf":[],"yoast_head":"<!-- This site is optimized with the Yoast SEO plugin v26.8 - https:\/\/yoast.com\/product\/yoast-seo-wordpress\/ -->\n<title>Transpar\u00eancia - Instituto de Ci\u00eancias Biol\u00f3gicas e da Sa\u00fade<\/title>\n<meta name=\"robots\" content=\"index, follow, max-snippet:-1, max-image-preview:large, max-video-preview:-1\" \/>\n<link rel=\"canonical\" href=\"https:\/\/institutos.ufrrj.br\/icbs\/transparencia-3\/\" \/>\n<meta property=\"og:locale\" content=\"pt_BR\" \/>\n<meta property=\"og:type\" content=\"article\" \/>\n<meta property=\"og:title\" content=\"Transpar\u00eancia - Instituto de Ci\u00eancias Biol\u00f3gicas e da Sa\u00fade\" \/>\n<meta property=\"og:description\" content=\"Plano de gest\u00e3o 2013 &#8211; 2017 Seis meses da gest\u00e3o 2013 &#8211; 2017 &nbsp; &nbsp;\" \/>\n<meta property=\"og:url\" content=\"https:\/\/institutos.ufrrj.br\/icbs\/transparencia-3\/\" \/>\n<meta property=\"og:site_name\" content=\"Instituto de Ci\u00eancias Biol\u00f3gicas e da Sa\u00fade\" \/>\n<meta property=\"article:modified_time\" content=\"2016-03-29T17:31:26+00:00\" \/>\n<meta property=\"og:image\" content=\"https:\/\/institutos.ufrrj.br\/icbs\/wp-content\/uploads\/sites\/6\/2015\/07\/pdf-icon-64x64.png\" \/>\n\t<meta property=\"og:image:width\" content=\"64\" \/>\n\t<meta property=\"og:image:height\" content=\"64\" \/>\n\t<meta property=\"og:image:type\" content=\"image\/png\" \/>\n<meta name=\"twitter:card\" content=\"summary_large_image\" \/>\n<script type=\"application\/ld+json\" class=\"yoast-schema-graph\">{\"@context\":\"https:\/\/schema.org\",\"@graph\":[{\"@type\":\"WebPage\",\"@id\":\"https:\/\/institutos.ufrrj.br\/icbs\/transparencia-3\/\",\"url\":\"https:\/\/institutos.ufrrj.br\/icbs\/transparencia-3\/\",\"name\":\"Transpar\u00eancia - Instituto de Ci\u00eancias Biol\u00f3gicas e da Sa\u00fade\",\"isPartOf\":{\"@id\":\"https:\/\/institutos.ufrrj.br\/icbs\/#website\"},\"primaryImageOfPage\":{\"@id\":\"https:\/\/institutos.ufrrj.br\/icbs\/transparencia-3\/#primaryimage\"},\"image\":{\"@id\":\"https:\/\/institutos.ufrrj.br\/icbs\/transparencia-3\/#primaryimage\"},\"thumbnailUrl\":\"http:\/\/institutos.ufrrj.br\/ib\/wp-content\/uploads\/sites\/6\/2015\/07\/pdf-icon-64x64.png\",\"datePublished\":\"2015-08-18T20:14:02+00:00\",\"dateModified\":\"2016-03-29T17:31:26+00:00\",\"breadcrumb\":{\"@id\":\"https:\/\/institutos.ufrrj.br\/icbs\/transparencia-3\/#breadcrumb\"},\"inLanguage\":\"pt-BR\",\"potentialAction\":[{\"@type\":\"ReadAction\",\"target\":[\"https:\/\/institutos.ufrrj.br\/icbs\/transparencia-3\/\"]}]},{\"@type\":\"ImageObject\",\"inLanguage\":\"pt-BR\",\"@id\":\"https:\/\/institutos.ufrrj.br\/icbs\/transparencia-3\/#primaryimage\",\"url\":\"http:\/\/institutos.ufrrj.br\/ib\/wp-content\/uploads\/sites\/6\/2015\/07\/pdf-icon-64x64.png\",\"contentUrl\":\"http:\/\/institutos.ufrrj.br\/ib\/wp-content\/uploads\/sites\/6\/2015\/07\/pdf-icon-64x64.png\"},{\"@type\":\"BreadcrumbList\",\"@id\":\"https:\/\/institutos.ufrrj.br\/icbs\/transparencia-3\/#breadcrumb\",\"itemListElement\":[{\"@type\":\"ListItem\",\"position\":1,\"name\":\"In\u00edcio\",\"item\":\"https:\/\/institutos.ufrrj.br\/icbs\/\"},{\"@type\":\"ListItem\",\"position\":2,\"name\":\"Transpar\u00eancia\"}]},{\"@type\":\"WebSite\",\"@id\":\"https:\/\/institutos.ufrrj.br\/icbs\/#website\",\"url\":\"https:\/\/institutos.ufrrj.br\/icbs\/\",\"name\":\"ICBS - Instituto de Ci\u00eancias Biol\u00f3gicas e da Sa\u00fade\",\"description\":\"\",\"publisher\":{\"@id\":\"https:\/\/institutos.ufrrj.br\/icbs\/#organization\"},\"potentialAction\":[{\"@type\":\"SearchAction\",\"target\":{\"@type\":\"EntryPoint\",\"urlTemplate\":\"https:\/\/institutos.ufrrj.br\/icbs\/?s={search_term_string}\"},\"query-input\":{\"@type\":\"PropertyValueSpecification\",\"valueRequired\":true,\"valueName\":\"search_term_string\"}}],\"inLanguage\":\"pt-BR\"},{\"@type\":\"Organization\",\"@id\":\"https:\/\/institutos.ufrrj.br\/icbs\/#organization\",\"name\":\"UFRRJ - Universidade Federal Rural do Rio de Janeiro\",\"url\":\"https:\/\/institutos.ufrrj.br\/icbs\/\",\"logo\":{\"@type\":\"ImageObject\",\"inLanguage\":\"pt-BR\",\"@id\":\"https:\/\/institutos.ufrrj.br\/icbs\/#\/schema\/logo\/image\/\",\"url\":\"https:\/\/institutos.ufrrj.br\/icbs\/wp-content\/uploads\/sites\/6\/2022\/05\/Logo-ICBS.png\",\"contentUrl\":\"https:\/\/institutos.ufrrj.br\/icbs\/wp-content\/uploads\/sites\/6\/2022\/05\/Logo-ICBS.png\",\"width\":387,\"height\":371,\"caption\":\"UFRRJ - Universidade Federal Rural do Rio de Janeiro\"},\"image\":{\"@id\":\"https:\/\/institutos.ufrrj.br\/icbs\/#\/schema\/logo\/image\/\"}}]}<\/script>\n<!-- \/ Yoast SEO plugin. -->","yoast_head_json":{"title":"Transpar\u00eancia - Instituto de Ci\u00eancias Biol\u00f3gicas e da Sa\u00fade","robots":{"index":"index","follow":"follow","max-snippet":"max-snippet:-1","max-image-preview":"max-image-preview:large","max-video-preview":"max-video-preview:-1"},"canonical":"https:\/\/institutos.ufrrj.br\/icbs\/transparencia-3\/","og_locale":"pt_BR","og_type":"article","og_title":"Transpar\u00eancia - Instituto de Ci\u00eancias Biol\u00f3gicas e da Sa\u00fade","og_description":"Plano de gest\u00e3o 2013 &#8211; 2017 Seis meses da gest\u00e3o 2013 &#8211; 2017 &nbsp; &nbsp;","og_url":"https:\/\/institutos.ufrrj.br\/icbs\/transparencia-3\/","og_site_name":"Instituto de Ci\u00eancias Biol\u00f3gicas e da Sa\u00fade","article_modified_time":"2016-03-29T17:31:26+00:00","og_image":[{"width":64,"height":64,"url":"https:\/\/institutos.ufrrj.br\/icbs\/wp-content\/uploads\/sites\/6\/2015\/07\/pdf-icon-64x64.png","type":"image\/png"}],"twitter_card":"summary_large_image","schema":{"@context":"https:\/\/schema.org","@graph":[{"@type":"WebPage","@id":"https:\/\/institutos.ufrrj.br\/icbs\/transparencia-3\/","url":"https:\/\/institutos.ufrrj.br\/icbs\/transparencia-3\/","name":"Transpar\u00eancia - Instituto de Ci\u00eancias Biol\u00f3gicas e da Sa\u00fade","isPartOf":{"@id":"https:\/\/institutos.ufrrj.br\/icbs\/#website"},"primaryImageOfPage":{"@id":"https:\/\/institutos.ufrrj.br\/icbs\/transparencia-3\/#primaryimage"},"image":{"@id":"https:\/\/institutos.ufrrj.br\/icbs\/transparencia-3\/#primaryimage"},"thumbnailUrl":"http:\/\/institutos.ufrrj.br\/ib\/wp-content\/uploads\/sites\/6\/2015\/07\/pdf-icon-64x64.png","datePublished":"2015-08-18T20:14:02+00:00","dateModified":"2016-03-29T17:31:26+00:00","breadcrumb":{"@id":"https:\/\/institutos.ufrrj.br\/icbs\/transparencia-3\/#breadcrumb"},"inLanguage":"pt-BR","potentialAction":[{"@type":"ReadAction","target":["https:\/\/institutos.ufrrj.br\/icbs\/transparencia-3\/"]}]},{"@type":"ImageObject","inLanguage":"pt-BR","@id":"https:\/\/institutos.ufrrj.br\/icbs\/transparencia-3\/#primaryimage","url":"http:\/\/institutos.ufrrj.br\/ib\/wp-content\/uploads\/sites\/6\/2015\/07\/pdf-icon-64x64.png","contentUrl":"http:\/\/institutos.ufrrj.br\/ib\/wp-content\/uploads\/sites\/6\/2015\/07\/pdf-icon-64x64.png"},{"@type":"BreadcrumbList","@id":"https:\/\/institutos.ufrrj.br\/icbs\/transparencia-3\/#breadcrumb","itemListElement":[{"@type":"ListItem","position":1,"name":"In\u00edcio","item":"https:\/\/institutos.ufrrj.br\/icbs\/"},{"@type":"ListItem","position":2,"name":"Transpar\u00eancia"}]},{"@type":"WebSite","@id":"https:\/\/institutos.ufrrj.br\/icbs\/#website","url":"https:\/\/institutos.ufrrj.br\/icbs\/","name":"ICBS - Instituto de Ci\u00eancias Biol\u00f3gicas e da Sa\u00fade","description":"","publisher":{"@id":"https:\/\/institutos.ufrrj.br\/icbs\/#organization"},"potentialAction":[{"@type":"SearchAction","target":{"@type":"EntryPoint","urlTemplate":"https:\/\/institutos.ufrrj.br\/icbs\/?s={search_term_string}"},"query-input":{"@type":"PropertyValueSpecification","valueRequired":true,"valueName":"search_term_string"}}],"inLanguage":"pt-BR"},{"@type":"Organization","@id":"https:\/\/institutos.ufrrj.br\/icbs\/#organization","name":"UFRRJ - Universidade Federal Rural do Rio de Janeiro","url":"https:\/\/institutos.ufrrj.br\/icbs\/","logo":{"@type":"ImageObject","inLanguage":"pt-BR","@id":"https:\/\/institutos.ufrrj.br\/icbs\/#\/schema\/logo\/image\/","url":"https:\/\/institutos.ufrrj.br\/icbs\/wp-content\/uploads\/sites\/6\/2022\/05\/Logo-ICBS.png","contentUrl":"https:\/\/institutos.ufrrj.br\/icbs\/wp-content\/uploads\/sites\/6\/2022\/05\/Logo-ICBS.png","width":387,"height":371,"caption":"UFRRJ - Universidade Federal Rural do Rio de Janeiro"},"image":{"@id":"https:\/\/institutos.ufrrj.br\/icbs\/#\/schema\/logo\/image\/"}}]}},"_links":{"self":[{"href":"https:\/\/institutos.ufrrj.br\/icbs\/wp-json\/wp\/v2\/pages\/242","targetHints":{"allow":["GET"]}}],"collection":[{"href":"https:\/\/institutos.ufrrj.br\/icbs\/wp-json\/wp\/v2\/pages"}],"about":[{"href":"https:\/\/institutos.ufrrj.br\/icbs\/wp-json\/wp\/v2\/types\/page"}],"author":[{"embeddable":true,"href":"https:\/\/institutos.ufrrj.br\/icbs\/wp-json\/wp\/v2\/users\/9"}],"replies":[{"embeddable":true,"href":"https:\/\/institutos.ufrrj.br\/icbs\/wp-json\/wp\/v2\/comments?post=242"}],"version-history":[{"count":8,"href":"https:\/\/institutos.ufrrj.br\/icbs\/wp-json\/wp\/v2\/pages\/242\/revisions"}],"predecessor-version":[{"id":318,"href":"https:\/\/institutos.ufrrj.br\/icbs\/wp-json\/wp\/v2\/pages\/242\/revisions\/318"}],"wp:attachment":[{"href":"https:\/\/institutos.ufrrj.br\/icbs\/wp-json\/wp\/v2\/media?parent=242"}],"curies":[{"name":"wp","href":"https:\/\/api.w.org\/{rel}","templated":true}]}}