{"id":2863,"date":"2026-01-06T11:28:51","date_gmt":"2026-01-06T14:28:51","guid":{"rendered":"https:\/\/institutos.ufrrj.br\/icbs\/?page_id=2863"},"modified":"2026-01-15T11:39:23","modified_gmt":"2026-01-15T14:39:23","slug":"composicao","status":"publish","type":"page","link":"https:\/\/institutos.ufrrj.br\/icbs\/composicao\/","title":{"rendered":"Composi\u00e7\u00e3o"},"content":{"rendered":"<table dir=\"ltr\" style=\"height: 1048px;\" border=\"1\" width=\"656\" cellspacing=\"0\" cellpadding=\"0\" data-sheets-root=\"1\" data-sheets-baot=\"1\">\n<colgroup>\n<col width=\"142\" \/>\n<col width=\"118\" \/>\n<col width=\"275\" \/><\/colgroup>\n<tbody>\n<tr>\n<td colspan=\"1\" rowspan=\"2\">\n<h4 style=\"text-align: center;\"><strong>Departamentos<\/strong><\/h4>\n<\/td>\n<td style=\"text-align: center;\" colspan=\"2\" rowspan=\"1\">\n<h4><strong>Membros do CONSUNI-ICBS<\/strong><\/h4>\n<\/td>\n<\/tr>\n<tr>\n<td style=\"text-align: center;\">Chefia<\/p>\n<p>Vice-Chefia<\/td>\n<td style=\"text-align: center;\">Nome<\/td>\n<\/tr>\n<tr>\n<td colspan=\"1\" rowspan=\"2\">\n<div style=\"text-align: center;\"><strong>Dire\u00e7\u00e3o ICBS<\/strong><\/div>\n<\/td>\n<td colspan=\"2\" rowspan=\"1\">Ana Cl\u00e1udia Ferreira Souza<\/td>\n<\/tr>\n<tr>\n<td colspan=\"2\" rowspan=\"1\">Bruno Guimar\u00e3es Marinho<\/td>\n<\/tr>\n<tr>\n<td colspan=\"1\" rowspan=\"2\">\n<div style=\"text-align: center;\"><strong>Anatomia Animal e Humana<\/strong><\/div>\n<\/td>\n<td colspan=\"2\" rowspan=\"1\">Andr\u00e9 Luiz da Silva Mendes<\/td>\n<\/tr>\n<tr>\n<td colspan=\"2\" rowspan=\"1\">Fabricio Duarte de Almeida<\/td>\n<\/tr>\n<tr>\n<td colspan=\"1\" rowspan=\"2\">\n<div style=\"text-align: center;\"><strong>Biologia Animal<\/strong><\/div>\n<\/td>\n<td colspan=\"2\" rowspan=\"1\">Wallace Martins de Ara\u00fajo<\/td>\n<\/tr>\n<tr>\n<td colspan=\"2\" rowspan=\"1\">Adriana Ventura<\/td>\n<\/tr>\n<tr>\n<td colspan=\"1\" rowspan=\"2\">\n<div style=\"text-align: center;\"><strong>Bot\u00e2nica<\/strong><\/div>\n<\/td>\n<td colspan=\"2\" rowspan=\"1\">Maria Ver\u00f4nica Leite Pereira Moura<\/td>\n<\/tr>\n<tr>\n<td colspan=\"2\" rowspan=\"1\">Jacira Rabelo Lima<\/td>\n<\/tr>\n<tr>\n<td colspan=\"1\" rowspan=\"2\">\n<div style=\"text-align: center;\"><strong>Ci\u00eancias Farmac\u00eauticas<\/strong><\/div>\n<\/td>\n<td colspan=\"2\" rowspan=\"1\">Renata Barbosa Lacerda<\/td>\n<\/tr>\n<tr>\n<td colspan=\"2\" rowspan=\"1\">Taynah da Silva Pinheiro<\/td>\n<\/tr>\n<tr>\n<td colspan=\"1\" rowspan=\"2\">\n<div style=\"text-align: center;\"><strong>Ci\u00eancias Fisiol\u00f3gicas<\/strong><\/div>\n<\/td>\n<td colspan=\"2\" rowspan=\"1\">Michelle Cavalcanti Porto Marassi<\/td>\n<\/tr>\n<tr>\n<td colspan=\"2\" rowspan=\"1\">Alba Cenelia Matos da Silva<\/td>\n<\/tr>\n<tr>\n<td colspan=\"1\" rowspan=\"2\">\n<div style=\"text-align: center;\"><strong>Entomologia e Fitopatologia<\/strong><\/div>\n<\/td>\n<td colspan=\"2\" rowspan=\"1\">Helena Guglielmi Montano<\/td>\n<\/tr>\n<tr>\n<td colspan=\"2\" rowspan=\"1\">Elen de Lima Aguiar Menezes<\/td>\n<\/tr>\n<tr>\n<td colspan=\"1\" rowspan=\"2\">\n<div style=\"text-align: center;\"><strong>Gen\u00e9tica<\/strong><\/div>\n<\/td>\n<td colspan=\"2\" rowspan=\"1\">Marina Mortati Dias Barbero<\/td>\n<\/tr>\n<tr>\n<td colspan=\"2\" rowspan=\"1\">Felipe Bastos Rocha<\/td>\n<\/tr>\n<tr>\n<td colspan=\"1\" rowspan=\"2\">\n<div style=\"text-align: center;\"><strong>Gradua\u00e7\u00e3o em Ci\u00eancias Biol\u00f3gicas<\/strong><\/div>\n<\/td>\n<td colspan=\"2\" rowspan=\"1\">Ana Claudia dos Santos Brasil<\/td>\n<\/tr>\n<tr>\n<td colspan=\"2\" rowspan=\"1\">Helena Regina Pinto Lima<\/td>\n<\/tr>\n<tr>\n<td colspan=\"1\" rowspan=\"2\">\n<div style=\"text-align: center;\"><strong>Gradua\u00e7\u00e3o em Farm\u00e1cia<\/strong><\/div>\n<\/td>\n<td colspan=\"2\" rowspan=\"1\">Bianca Fernandes Glauser<\/td>\n<\/tr>\n<tr>\n<td colspan=\"2\" rowspan=\"1\">Erika Yoko Suzuki<\/td>\n<\/tr>\n<tr>\n<td colspan=\"1\" rowspan=\"2\">\n<div style=\"text-align: center;\"><strong>P\u00f3s-Gradua\u00e7\u00e3o em Biologia Animal<\/strong><\/div>\n<\/td>\n<td colspan=\"2\" rowspan=\"1\">Francisco Gerson Araujo<\/td>\n<\/tr>\n<tr>\n<td style=\"text-align: center;\" colspan=\"2\" rowspan=\"1\">&#8211;<\/td>\n<\/tr>\n<tr>\n<td colspan=\"1\" rowspan=\"2\">\n<div style=\"text-align: center;\"><strong>P\u00f3s-Gradua\u00e7\u00e3o em Fitossanidade e Biotecnologia Aplicada<\/strong><\/div>\n<\/td>\n<td colspan=\"2\" rowspan=\"1\">Paulo Sergio Torres Brioso<\/td>\n<\/tr>\n<tr>\n<td colspan=\"2\" rowspan=\"1\">Fabio Souto de Almeida<\/td>\n<\/tr>\n<tr>\n<td colspan=\"1\" rowspan=\"2\">\n<div style=\"text-align: center;\"><strong>P\u00f3s-Gradua\u00e7\u00e3o Multic\u00eantrico em Ci\u00eancias Fisiol\u00f3gicas<\/strong><\/div>\n<\/td>\n<td colspan=\"2\" rowspan=\"1\">Wellington da Silva Cort\u00eas<\/td>\n<\/tr>\n<tr>\n<td colspan=\"2\" rowspan=\"1\">David do Carmo Malvar<\/td>\n<\/tr>\n<tr>\n<td colspan=\"1\" rowspan=\"3\">\n<div style=\"text-align: center;\"><strong>Representante Discente<\/strong><\/div>\n<\/td>\n<td colspan=\"2\" rowspan=\"1\">Lorena da Costa Wilpert<\/td>\n<\/tr>\n<tr>\n<td colspan=\"2\" rowspan=\"1\">Victoria Cunha Pereira Gribel<\/td>\n<\/tr>\n<tr>\n<td colspan=\"2\" rowspan=\"1\">Ana Beatriz da Silva Campos<\/td>\n<\/tr>\n<tr>\n<td style=\"text-align: center;\"><strong>Representante Docente<\/strong><\/td>\n<td colspan=\"2\" rowspan=\"1\">Luciana Macedo Brito (DCFar)<\/td>\n<\/tr>\n<tr>\n<td colspan=\"1\" rowspan=\"2\">\n<div style=\"text-align: center;\"><strong>Representante TAE<\/strong><\/div>\n<\/td>\n<td colspan=\"2\" rowspan=\"1\">Luciana Ferreira Mattos Colli<\/td>\n<\/tr>\n<tr>\n<td colspan=\"2\" rowspan=\"1\">Franklin Rezende Rodrigues<\/td>\n<\/tr>\n<\/tbody>\n<\/table>\n","protected":false},"excerpt":{"rendered":"<p>Departamentos Membros do CONSUNI-ICBS Chefia Vice-Chefia Nome Dire\u00e7\u00e3o ICBS Ana Cl\u00e1udia Ferreira Souza Bruno Guimar\u00e3es Marinho Anatomia Animal e Humana Andr\u00e9 Luiz [&hellip;]<\/p>\n","protected":false},"author":102,"featured_media":0,"parent":0,"menu_order":0,"comment_status":"closed","ping_status":"closed","template":"","meta":{"_acf_changed":false,"_themeisle_gutenberg_block_has_review":false,"footnotes":"","_links_to":"","_links_to_target":""},"class_list":["post-2863","page","type-page","status-publish","hentry"],"acf":[],"yoast_head":"<!-- This site is optimized with the Yoast SEO plugin v26.8 - https:\/\/yoast.com\/product\/yoast-seo-wordpress\/ -->\n<title>Composi\u00e7\u00e3o - Instituto de Ci\u00eancias Biol\u00f3gicas e da Sa\u00fade<\/title>\n<meta name=\"robots\" content=\"index, follow, max-snippet:-1, max-image-preview:large, max-video-preview:-1\" \/>\n<link rel=\"canonical\" href=\"https:\/\/institutos.ufrrj.br\/icbs\/composicao\/\" \/>\n<meta property=\"og:locale\" content=\"pt_BR\" \/>\n<meta property=\"og:type\" content=\"article\" \/>\n<meta property=\"og:title\" content=\"Composi\u00e7\u00e3o - Instituto de Ci\u00eancias Biol\u00f3gicas e da Sa\u00fade\" \/>\n<meta property=\"og:description\" content=\"Departamentos Membros do CONSUNI-ICBS Chefia Vice-Chefia Nome Dire\u00e7\u00e3o ICBS Ana Cl\u00e1udia Ferreira Souza Bruno Guimar\u00e3es Marinho Anatomia Animal e Humana Andr\u00e9 Luiz [&hellip;]\" \/>\n<meta property=\"og:url\" content=\"https:\/\/institutos.ufrrj.br\/icbs\/composicao\/\" \/>\n<meta property=\"og:site_name\" content=\"Instituto de Ci\u00eancias Biol\u00f3gicas e da Sa\u00fade\" \/>\n<meta property=\"article:modified_time\" content=\"2026-01-15T14:39:23+00:00\" \/>\n<meta name=\"twitter:card\" content=\"summary_large_image\" \/>\n<meta name=\"twitter:label1\" content=\"Est. tempo de leitura\" \/>\n\t<meta name=\"twitter:data1\" content=\"1 minuto\" \/>\n<script type=\"application\/ld+json\" class=\"yoast-schema-graph\">{\"@context\":\"https:\/\/schema.org\",\"@graph\":[{\"@type\":\"WebPage\",\"@id\":\"https:\/\/institutos.ufrrj.br\/icbs\/composicao\/\",\"url\":\"https:\/\/institutos.ufrrj.br\/icbs\/composicao\/\",\"name\":\"Composi\u00e7\u00e3o - Instituto de Ci\u00eancias Biol\u00f3gicas e da Sa\u00fade\",\"isPartOf\":{\"@id\":\"https:\/\/institutos.ufrrj.br\/icbs\/#website\"},\"datePublished\":\"2026-01-06T14:28:51+00:00\",\"dateModified\":\"2026-01-15T14:39:23+00:00\",\"breadcrumb\":{\"@id\":\"https:\/\/institutos.ufrrj.br\/icbs\/composicao\/#breadcrumb\"},\"inLanguage\":\"pt-BR\",\"potentialAction\":[{\"@type\":\"ReadAction\",\"target\":[\"https:\/\/institutos.ufrrj.br\/icbs\/composicao\/\"]}]},{\"@type\":\"BreadcrumbList\",\"@id\":\"https:\/\/institutos.ufrrj.br\/icbs\/composicao\/#breadcrumb\",\"itemListElement\":[{\"@type\":\"ListItem\",\"position\":1,\"name\":\"In\u00edcio\",\"item\":\"https:\/\/institutos.ufrrj.br\/icbs\/\"},{\"@type\":\"ListItem\",\"position\":2,\"name\":\"Composi\u00e7\u00e3o\"}]},{\"@type\":\"WebSite\",\"@id\":\"https:\/\/institutos.ufrrj.br\/icbs\/#website\",\"url\":\"https:\/\/institutos.ufrrj.br\/icbs\/\",\"name\":\"ICBS - Instituto de Ci\u00eancias Biol\u00f3gicas e da Sa\u00fade\",\"description\":\"\",\"publisher\":{\"@id\":\"https:\/\/institutos.ufrrj.br\/icbs\/#organization\"},\"potentialAction\":[{\"@type\":\"SearchAction\",\"target\":{\"@type\":\"EntryPoint\",\"urlTemplate\":\"https:\/\/institutos.ufrrj.br\/icbs\/?s={search_term_string}\"},\"query-input\":{\"@type\":\"PropertyValueSpecification\",\"valueRequired\":true,\"valueName\":\"search_term_string\"}}],\"inLanguage\":\"pt-BR\"},{\"@type\":\"Organization\",\"@id\":\"https:\/\/institutos.ufrrj.br\/icbs\/#organization\",\"name\":\"UFRRJ - Universidade Federal Rural do Rio de Janeiro\",\"url\":\"https:\/\/institutos.ufrrj.br\/icbs\/\",\"logo\":{\"@type\":\"ImageObject\",\"inLanguage\":\"pt-BR\",\"@id\":\"https:\/\/institutos.ufrrj.br\/icbs\/#\/schema\/logo\/image\/\",\"url\":\"https:\/\/institutos.ufrrj.br\/icbs\/wp-content\/uploads\/sites\/6\/2022\/05\/Logo-ICBS.png\",\"contentUrl\":\"https:\/\/institutos.ufrrj.br\/icbs\/wp-content\/uploads\/sites\/6\/2022\/05\/Logo-ICBS.png\",\"width\":387,\"height\":371,\"caption\":\"UFRRJ - Universidade Federal Rural do Rio de Janeiro\"},\"image\":{\"@id\":\"https:\/\/institutos.ufrrj.br\/icbs\/#\/schema\/logo\/image\/\"}}]}<\/script>\n<!-- \/ Yoast SEO plugin. -->","yoast_head_json":{"title":"Composi\u00e7\u00e3o - Instituto de Ci\u00eancias Biol\u00f3gicas e da Sa\u00fade","robots":{"index":"index","follow":"follow","max-snippet":"max-snippet:-1","max-image-preview":"max-image-preview:large","max-video-preview":"max-video-preview:-1"},"canonical":"https:\/\/institutos.ufrrj.br\/icbs\/composicao\/","og_locale":"pt_BR","og_type":"article","og_title":"Composi\u00e7\u00e3o - Instituto de Ci\u00eancias Biol\u00f3gicas e da Sa\u00fade","og_description":"Departamentos Membros do CONSUNI-ICBS Chefia Vice-Chefia Nome Dire\u00e7\u00e3o ICBS Ana Cl\u00e1udia Ferreira Souza Bruno Guimar\u00e3es Marinho Anatomia Animal e Humana Andr\u00e9 Luiz [&hellip;]","og_url":"https:\/\/institutos.ufrrj.br\/icbs\/composicao\/","og_site_name":"Instituto de Ci\u00eancias Biol\u00f3gicas e da Sa\u00fade","article_modified_time":"2026-01-15T14:39:23+00:00","twitter_card":"summary_large_image","twitter_misc":{"Est. tempo de leitura":"1 minuto"},"schema":{"@context":"https:\/\/schema.org","@graph":[{"@type":"WebPage","@id":"https:\/\/institutos.ufrrj.br\/icbs\/composicao\/","url":"https:\/\/institutos.ufrrj.br\/icbs\/composicao\/","name":"Composi\u00e7\u00e3o - Instituto de Ci\u00eancias Biol\u00f3gicas e da Sa\u00fade","isPartOf":{"@id":"https:\/\/institutos.ufrrj.br\/icbs\/#website"},"datePublished":"2026-01-06T14:28:51+00:00","dateModified":"2026-01-15T14:39:23+00:00","breadcrumb":{"@id":"https:\/\/institutos.ufrrj.br\/icbs\/composicao\/#breadcrumb"},"inLanguage":"pt-BR","potentialAction":[{"@type":"ReadAction","target":["https:\/\/institutos.ufrrj.br\/icbs\/composicao\/"]}]},{"@type":"BreadcrumbList","@id":"https:\/\/institutos.ufrrj.br\/icbs\/composicao\/#breadcrumb","itemListElement":[{"@type":"ListItem","position":1,"name":"In\u00edcio","item":"https:\/\/institutos.ufrrj.br\/icbs\/"},{"@type":"ListItem","position":2,"name":"Composi\u00e7\u00e3o"}]},{"@type":"WebSite","@id":"https:\/\/institutos.ufrrj.br\/icbs\/#website","url":"https:\/\/institutos.ufrrj.br\/icbs\/","name":"ICBS - Instituto de Ci\u00eancias Biol\u00f3gicas e da Sa\u00fade","description":"","publisher":{"@id":"https:\/\/institutos.ufrrj.br\/icbs\/#organization"},"potentialAction":[{"@type":"SearchAction","target":{"@type":"EntryPoint","urlTemplate":"https:\/\/institutos.ufrrj.br\/icbs\/?s={search_term_string}"},"query-input":{"@type":"PropertyValueSpecification","valueRequired":true,"valueName":"search_term_string"}}],"inLanguage":"pt-BR"},{"@type":"Organization","@id":"https:\/\/institutos.ufrrj.br\/icbs\/#organization","name":"UFRRJ - Universidade Federal Rural do Rio de Janeiro","url":"https:\/\/institutos.ufrrj.br\/icbs\/","logo":{"@type":"ImageObject","inLanguage":"pt-BR","@id":"https:\/\/institutos.ufrrj.br\/icbs\/#\/schema\/logo\/image\/","url":"https:\/\/institutos.ufrrj.br\/icbs\/wp-content\/uploads\/sites\/6\/2022\/05\/Logo-ICBS.png","contentUrl":"https:\/\/institutos.ufrrj.br\/icbs\/wp-content\/uploads\/sites\/6\/2022\/05\/Logo-ICBS.png","width":387,"height":371,"caption":"UFRRJ - Universidade Federal Rural do Rio de Janeiro"},"image":{"@id":"https:\/\/institutos.ufrrj.br\/icbs\/#\/schema\/logo\/image\/"}}]}},"_links":{"self":[{"href":"https:\/\/institutos.ufrrj.br\/icbs\/wp-json\/wp\/v2\/pages\/2863","targetHints":{"allow":["GET"]}}],"collection":[{"href":"https:\/\/institutos.ufrrj.br\/icbs\/wp-json\/wp\/v2\/pages"}],"about":[{"href":"https:\/\/institutos.ufrrj.br\/icbs\/wp-json\/wp\/v2\/types\/page"}],"author":[{"embeddable":true,"href":"https:\/\/institutos.ufrrj.br\/icbs\/wp-json\/wp\/v2\/users\/102"}],"replies":[{"embeddable":true,"href":"https:\/\/institutos.ufrrj.br\/icbs\/wp-json\/wp\/v2\/comments?post=2863"}],"version-history":[{"count":11,"href":"https:\/\/institutos.ufrrj.br\/icbs\/wp-json\/wp\/v2\/pages\/2863\/revisions"}],"predecessor-version":[{"id":2975,"href":"https:\/\/institutos.ufrrj.br\/icbs\/wp-json\/wp\/v2\/pages\/2863\/revisions\/2975"}],"wp:attachment":[{"href":"https:\/\/institutos.ufrrj.br\/icbs\/wp-json\/wp\/v2\/media?parent=2863"}],"curies":[{"name":"wp","href":"https:\/\/api.w.org\/{rel}","templated":true}]}}