{"id":2869,"date":"2026-01-06T11:29:29","date_gmt":"2026-01-06T14:29:29","guid":{"rendered":"https:\/\/institutos.ufrrj.br\/icbs\/?page_id=2869"},"modified":"2026-01-15T11:38:37","modified_gmt":"2026-01-15T14:38:37","slug":"calendario-de-reunioes","status":"publish","type":"page","link":"https:\/\/institutos.ufrrj.br\/icbs\/calendario-de-reunioes\/","title":{"rendered":"Calend\u00e1rio de Reuni\u00f5es"},"content":{"rendered":"<table style=\"height: 465px;\" width=\"636\">\n<tbody>\n<tr>\n<td style=\"text-align: center; font-weight: bold; font-size:20px\" colspan=\"4\">CONSUNI &#8211; 2026<\/td>\n<\/tr>\n<tr>\n<td style=\"text-align: center;\"><span style=\"font-weight: bold;\">M\u00caS<\/span><\/td>\n<td style=\"text-align: center;\"><span style=\"font-weight: bold;\">DIA DA SEMANA<\/span><\/td>\n<td style=\"text-align: center;\"><span style=\"font-weight: bold;\">DATA<\/span><\/td>\n<td style=\"text-align: center;\"><span style=\"font-weight: bold;\">HOR\u00c1RIO<\/span><\/td>\n<\/tr>\n<tr>\n<td style=\"text-align: center;\"><span style=\"font-weight: 400;\">JANEIRO<\/span><\/td>\n<td style=\"text-align: center;\"><span style=\"font-weight: 400;\">TER\u00c7A-FEIRA<\/span><\/td>\n<td style=\"text-align: center;\"><span style=\"font-weight: 400;\">13\/01\/2026<\/span><\/td>\n<td style=\"text-align: center;\"><span style=\"font-weight: 400;\">13:30<\/span><\/td>\n<\/tr>\n<tr>\n<td style=\"text-align: center;\"><span style=\"font-weight: 400;\">FEVEREIRO<\/span><\/td>\n<td style=\"text-align: center;\"><span style=\"font-weight: 400;\">SEGUNDA-FEIRA<\/span><\/td>\n<td style=\"text-align: center;\"><span style=\"font-weight: 400;\">23\/02\/2026<\/span><\/td>\n<td style=\"text-align: center;\"><span style=\"font-weight: 400;\">13:30<\/span><\/td>\n<\/tr>\n<tr>\n<td style=\"text-align: center;\"><span style=\"font-weight: 400;\">MAR\u00c7O<\/span><\/td>\n<td style=\"text-align: center;\"><span style=\"font-weight: 400;\">QUARTA-FEIRA\u00a0<\/span><\/td>\n<td style=\"text-align: center;\"><span style=\"font-weight: 400;\">18\/03\/2026<\/span><\/td>\n<td style=\"text-align: center;\"><span style=\"font-weight: 400;\">08:30<\/span><\/td>\n<\/tr>\n<tr>\n<td style=\"text-align: center;\"><span style=\"font-weight: 400;\">ABRIL<\/span><\/td>\n<td style=\"text-align: center;\"><span style=\"font-weight: 400;\">QUARTA-FEIRA<\/span><\/td>\n<td style=\"text-align: center;\"><span style=\"font-weight: 400;\">15\/04\/2026<\/span><\/td>\n<td style=\"text-align: center;\"><span style=\"font-weight: 400;\">13:30<\/span><\/td>\n<\/tr>\n<tr>\n<td style=\"text-align: center;\"><span style=\"font-weight: 400;\">MAIO<\/span><\/td>\n<td style=\"text-align: center;\"><span style=\"font-weight: 400;\">SEGUNDA-FEIRA<\/span><\/td>\n<td style=\"text-align: center;\"><span style=\"font-weight: 400;\">18\/05\/2026<\/span><\/td>\n<td style=\"text-align: center;\"><span style=\"font-weight: 400;\">08:30<\/span><\/td>\n<\/tr>\n<tr>\n<td style=\"text-align: center;\"><span style=\"font-weight: 400;\">JUNHO<\/span><\/td>\n<td style=\"text-align: center;\"><span style=\"font-weight: 400;\">TER\u00c7A-FEIRA\u00a0<\/span><\/td>\n<td style=\"text-align: center;\"><span style=\"font-weight: 400;\">16\/06\/2026<\/span><\/td>\n<td style=\"text-align: center;\"><span style=\"font-weight: 400;\">13:30<\/span><\/td>\n<\/tr>\n<tr>\n<td style=\"text-align: center;\"><span style=\"font-weight: 400;\">JULHO<\/span><\/td>\n<td style=\"text-align: center;\"><span style=\"font-weight: 400;\">SEXTA-FEIRA<\/span><\/td>\n<td style=\"text-align: center;\"><span style=\"font-weight: 400;\">10\/07\/2026<\/span><\/td>\n<td style=\"text-align: center;\"><span style=\"font-weight: 400;\">08:30<\/span><\/td>\n<\/tr>\n<tr>\n<td style=\"text-align: center;\"><span style=\"font-weight: 400;\">AGOSTO<\/span><\/td>\n<td style=\"text-align: center;\"><span style=\"font-weight: 400;\">SEGUNDA-FEIRA<\/span><\/td>\n<td style=\"text-align: center;\"><span style=\"font-weight: 400;\">17\/08\/2026<\/span><\/td>\n<td style=\"text-align: center;\"><span style=\"font-weight: 400;\">08:30<\/span><\/td>\n<\/tr>\n<tr>\n<td style=\"text-align: center;\"><span style=\"font-weight: 400;\">SETEMBRO<\/span><\/td>\n<td style=\"text-align: center;\"><span style=\"font-weight: 400;\">TER\u00c7A-FEIRA<\/span><\/td>\n<td style=\"text-align: center;\"><span style=\"font-weight: 400;\">15\/09\/2026<\/span><\/td>\n<td style=\"text-align: center;\"><span style=\"font-weight: 400;\">13:30<\/span><\/td>\n<\/tr>\n<tr>\n<td style=\"text-align: center;\"><span style=\"font-weight: 400;\">OUTUBRO<\/span><\/td>\n<td style=\"text-align: center;\"><span style=\"font-weight: 400;\">QUINTA-FEIRA<\/span><\/td>\n<td style=\"text-align: center;\"><span style=\"font-weight: 400;\">15\/10\/2026<\/span><\/td>\n<td style=\"text-align: center;\"><span style=\"font-weight: 400;\">13:30<\/span><\/td>\n<\/tr>\n<tr>\n<td style=\"text-align: center;\"><span style=\"font-weight: 400;\">NOVEMBRO<\/span><\/td>\n<td style=\"text-align: center;\"><span style=\"font-weight: 400;\">TER\u00c7A-FEIRA<\/span><\/td>\n<td style=\"text-align: center;\"><span style=\"font-weight: 400;\">17\/11\/2026<\/span><\/td>\n<td style=\"text-align: center;\"><span style=\"font-weight: 400;\">08:30<\/span><\/td>\n<\/tr>\n<tr>\n<td style=\"text-align: center;\"><span style=\"font-weight: 400;\">DEZEMBRO<\/span><\/td>\n<td style=\"text-align: center;\"><span style=\"font-weight: 400;\">QUINTA-FEIRA<\/span><\/td>\n<td style=\"text-align: center;\"><span style=\"font-weight: 400;\">10\/12\/2026<\/span><\/td>\n<td style=\"text-align: center;\"><span style=\"font-weight: 400;\">08:30<\/span><\/td>\n<\/tr>\n<\/tbody>\n<\/table>\n","protected":false},"excerpt":{"rendered":"<p>CONSUNI &#8211; 2026 M\u00caS DIA DA SEMANA DATA HOR\u00c1RIO JANEIRO TER\u00c7A-FEIRA 13\/01\/2026 13:30 FEVEREIRO SEGUNDA-FEIRA 23\/02\/2026 13:30 MAR\u00c7O QUARTA-FEIRA\u00a0 18\/03\/2026 08:30 ABRIL [&hellip;]<\/p>\n","protected":false},"author":102,"featured_media":0,"parent":0,"menu_order":0,"comment_status":"closed","ping_status":"closed","template":"","meta":{"_acf_changed":false,"_themeisle_gutenberg_block_has_review":false,"footnotes":"","_links_to":"","_links_to_target":""},"class_list":["post-2869","page","type-page","status-publish","hentry"],"acf":[],"yoast_head":"<!-- This site is optimized with the Yoast SEO plugin v26.8 - https:\/\/yoast.com\/product\/yoast-seo-wordpress\/ -->\n<title>Calend\u00e1rio de Reuni\u00f5es - Instituto de Ci\u00eancias Biol\u00f3gicas e da Sa\u00fade<\/title>\n<meta name=\"robots\" content=\"index, follow, max-snippet:-1, max-image-preview:large, max-video-preview:-1\" \/>\n<link rel=\"canonical\" href=\"https:\/\/institutos.ufrrj.br\/icbs\/calendario-de-reunioes\/\" \/>\n<meta property=\"og:locale\" content=\"pt_BR\" \/>\n<meta property=\"og:type\" content=\"article\" \/>\n<meta property=\"og:title\" content=\"Calend\u00e1rio de Reuni\u00f5es - Instituto de Ci\u00eancias Biol\u00f3gicas e da Sa\u00fade\" \/>\n<meta property=\"og:description\" content=\"CONSUNI &#8211; 2026 M\u00caS DIA DA SEMANA DATA HOR\u00c1RIO JANEIRO TER\u00c7A-FEIRA 13\/01\/2026 13:30 FEVEREIRO SEGUNDA-FEIRA 23\/02\/2026 13:30 MAR\u00c7O QUARTA-FEIRA\u00a0 18\/03\/2026 08:30 ABRIL [&hellip;]\" \/>\n<meta property=\"og:url\" content=\"https:\/\/institutos.ufrrj.br\/icbs\/calendario-de-reunioes\/\" \/>\n<meta property=\"og:site_name\" content=\"Instituto de Ci\u00eancias Biol\u00f3gicas e da Sa\u00fade\" \/>\n<meta property=\"article:modified_time\" content=\"2026-01-15T14:38:37+00:00\" \/>\n<meta name=\"twitter:card\" content=\"summary_large_image\" \/>\n<script type=\"application\/ld+json\" class=\"yoast-schema-graph\">{\"@context\":\"https:\/\/schema.org\",\"@graph\":[{\"@type\":\"WebPage\",\"@id\":\"https:\/\/institutos.ufrrj.br\/icbs\/calendario-de-reunioes\/\",\"url\":\"https:\/\/institutos.ufrrj.br\/icbs\/calendario-de-reunioes\/\",\"name\":\"Calend\u00e1rio de Reuni\u00f5es - Instituto de Ci\u00eancias Biol\u00f3gicas e da Sa\u00fade\",\"isPartOf\":{\"@id\":\"https:\/\/institutos.ufrrj.br\/icbs\/#website\"},\"datePublished\":\"2026-01-06T14:29:29+00:00\",\"dateModified\":\"2026-01-15T14:38:37+00:00\",\"breadcrumb\":{\"@id\":\"https:\/\/institutos.ufrrj.br\/icbs\/calendario-de-reunioes\/#breadcrumb\"},\"inLanguage\":\"pt-BR\",\"potentialAction\":[{\"@type\":\"ReadAction\",\"target\":[\"https:\/\/institutos.ufrrj.br\/icbs\/calendario-de-reunioes\/\"]}]},{\"@type\":\"BreadcrumbList\",\"@id\":\"https:\/\/institutos.ufrrj.br\/icbs\/calendario-de-reunioes\/#breadcrumb\",\"itemListElement\":[{\"@type\":\"ListItem\",\"position\":1,\"name\":\"In\u00edcio\",\"item\":\"https:\/\/institutos.ufrrj.br\/icbs\/\"},{\"@type\":\"ListItem\",\"position\":2,\"name\":\"Calend\u00e1rio de Reuni\u00f5es\"}]},{\"@type\":\"WebSite\",\"@id\":\"https:\/\/institutos.ufrrj.br\/icbs\/#website\",\"url\":\"https:\/\/institutos.ufrrj.br\/icbs\/\",\"name\":\"ICBS - Instituto de Ci\u00eancias Biol\u00f3gicas e da Sa\u00fade\",\"description\":\"\",\"publisher\":{\"@id\":\"https:\/\/institutos.ufrrj.br\/icbs\/#organization\"},\"potentialAction\":[{\"@type\":\"SearchAction\",\"target\":{\"@type\":\"EntryPoint\",\"urlTemplate\":\"https:\/\/institutos.ufrrj.br\/icbs\/?s={search_term_string}\"},\"query-input\":{\"@type\":\"PropertyValueSpecification\",\"valueRequired\":true,\"valueName\":\"search_term_string\"}}],\"inLanguage\":\"pt-BR\"},{\"@type\":\"Organization\",\"@id\":\"https:\/\/institutos.ufrrj.br\/icbs\/#organization\",\"name\":\"UFRRJ - Universidade Federal Rural do Rio de Janeiro\",\"url\":\"https:\/\/institutos.ufrrj.br\/icbs\/\",\"logo\":{\"@type\":\"ImageObject\",\"inLanguage\":\"pt-BR\",\"@id\":\"https:\/\/institutos.ufrrj.br\/icbs\/#\/schema\/logo\/image\/\",\"url\":\"https:\/\/institutos.ufrrj.br\/icbs\/wp-content\/uploads\/sites\/6\/2022\/05\/Logo-ICBS.png\",\"contentUrl\":\"https:\/\/institutos.ufrrj.br\/icbs\/wp-content\/uploads\/sites\/6\/2022\/05\/Logo-ICBS.png\",\"width\":387,\"height\":371,\"caption\":\"UFRRJ - Universidade Federal Rural do Rio de Janeiro\"},\"image\":{\"@id\":\"https:\/\/institutos.ufrrj.br\/icbs\/#\/schema\/logo\/image\/\"}}]}<\/script>\n<!-- \/ Yoast SEO plugin. -->","yoast_head_json":{"title":"Calend\u00e1rio de Reuni\u00f5es - Instituto de Ci\u00eancias Biol\u00f3gicas e da Sa\u00fade","robots":{"index":"index","follow":"follow","max-snippet":"max-snippet:-1","max-image-preview":"max-image-preview:large","max-video-preview":"max-video-preview:-1"},"canonical":"https:\/\/institutos.ufrrj.br\/icbs\/calendario-de-reunioes\/","og_locale":"pt_BR","og_type":"article","og_title":"Calend\u00e1rio de Reuni\u00f5es - Instituto de Ci\u00eancias Biol\u00f3gicas e da Sa\u00fade","og_description":"CONSUNI &#8211; 2026 M\u00caS DIA DA SEMANA DATA HOR\u00c1RIO JANEIRO TER\u00c7A-FEIRA 13\/01\/2026 13:30 FEVEREIRO SEGUNDA-FEIRA 23\/02\/2026 13:30 MAR\u00c7O QUARTA-FEIRA\u00a0 18\/03\/2026 08:30 ABRIL [&hellip;]","og_url":"https:\/\/institutos.ufrrj.br\/icbs\/calendario-de-reunioes\/","og_site_name":"Instituto de Ci\u00eancias Biol\u00f3gicas e da Sa\u00fade","article_modified_time":"2026-01-15T14:38:37+00:00","twitter_card":"summary_large_image","schema":{"@context":"https:\/\/schema.org","@graph":[{"@type":"WebPage","@id":"https:\/\/institutos.ufrrj.br\/icbs\/calendario-de-reunioes\/","url":"https:\/\/institutos.ufrrj.br\/icbs\/calendario-de-reunioes\/","name":"Calend\u00e1rio de Reuni\u00f5es - Instituto de Ci\u00eancias Biol\u00f3gicas e da Sa\u00fade","isPartOf":{"@id":"https:\/\/institutos.ufrrj.br\/icbs\/#website"},"datePublished":"2026-01-06T14:29:29+00:00","dateModified":"2026-01-15T14:38:37+00:00","breadcrumb":{"@id":"https:\/\/institutos.ufrrj.br\/icbs\/calendario-de-reunioes\/#breadcrumb"},"inLanguage":"pt-BR","potentialAction":[{"@type":"ReadAction","target":["https:\/\/institutos.ufrrj.br\/icbs\/calendario-de-reunioes\/"]}]},{"@type":"BreadcrumbList","@id":"https:\/\/institutos.ufrrj.br\/icbs\/calendario-de-reunioes\/#breadcrumb","itemListElement":[{"@type":"ListItem","position":1,"name":"In\u00edcio","item":"https:\/\/institutos.ufrrj.br\/icbs\/"},{"@type":"ListItem","position":2,"name":"Calend\u00e1rio de Reuni\u00f5es"}]},{"@type":"WebSite","@id":"https:\/\/institutos.ufrrj.br\/icbs\/#website","url":"https:\/\/institutos.ufrrj.br\/icbs\/","name":"ICBS - Instituto de Ci\u00eancias Biol\u00f3gicas e da Sa\u00fade","description":"","publisher":{"@id":"https:\/\/institutos.ufrrj.br\/icbs\/#organization"},"potentialAction":[{"@type":"SearchAction","target":{"@type":"EntryPoint","urlTemplate":"https:\/\/institutos.ufrrj.br\/icbs\/?s={search_term_string}"},"query-input":{"@type":"PropertyValueSpecification","valueRequired":true,"valueName":"search_term_string"}}],"inLanguage":"pt-BR"},{"@type":"Organization","@id":"https:\/\/institutos.ufrrj.br\/icbs\/#organization","name":"UFRRJ - Universidade Federal Rural do Rio de Janeiro","url":"https:\/\/institutos.ufrrj.br\/icbs\/","logo":{"@type":"ImageObject","inLanguage":"pt-BR","@id":"https:\/\/institutos.ufrrj.br\/icbs\/#\/schema\/logo\/image\/","url":"https:\/\/institutos.ufrrj.br\/icbs\/wp-content\/uploads\/sites\/6\/2022\/05\/Logo-ICBS.png","contentUrl":"https:\/\/institutos.ufrrj.br\/icbs\/wp-content\/uploads\/sites\/6\/2022\/05\/Logo-ICBS.png","width":387,"height":371,"caption":"UFRRJ - Universidade Federal Rural do Rio de Janeiro"},"image":{"@id":"https:\/\/institutos.ufrrj.br\/icbs\/#\/schema\/logo\/image\/"}}]}},"_links":{"self":[{"href":"https:\/\/institutos.ufrrj.br\/icbs\/wp-json\/wp\/v2\/pages\/2869","targetHints":{"allow":["GET"]}}],"collection":[{"href":"https:\/\/institutos.ufrrj.br\/icbs\/wp-json\/wp\/v2\/pages"}],"about":[{"href":"https:\/\/institutos.ufrrj.br\/icbs\/wp-json\/wp\/v2\/types\/page"}],"author":[{"embeddable":true,"href":"https:\/\/institutos.ufrrj.br\/icbs\/wp-json\/wp\/v2\/users\/102"}],"replies":[{"embeddable":true,"href":"https:\/\/institutos.ufrrj.br\/icbs\/wp-json\/wp\/v2\/comments?post=2869"}],"version-history":[{"count":22,"href":"https:\/\/institutos.ufrrj.br\/icbs\/wp-json\/wp\/v2\/pages\/2869\/revisions"}],"predecessor-version":[{"id":2974,"href":"https:\/\/institutos.ufrrj.br\/icbs\/wp-json\/wp\/v2\/pages\/2869\/revisions\/2974"}],"wp:attachment":[{"href":"https:\/\/institutos.ufrrj.br\/icbs\/wp-json\/wp\/v2\/media?parent=2869"}],"curies":[{"name":"wp","href":"https:\/\/api.w.org\/{rel}","templated":true}]}}