{"id":2931,"date":"2026-01-15T09:19:13","date_gmt":"2026-01-15T12:19:13","guid":{"rendered":"https:\/\/institutos.ufrrj.br\/icbs\/?page_id=2931"},"modified":"2026-01-15T11:09:44","modified_gmt":"2026-01-15T14:09:44","slug":"historico-do-icbs","status":"publish","type":"page","link":"https:\/\/institutos.ufrrj.br\/icbs\/historico-do-icbs\/","title":{"rendered":"Hist\u00f3ria do ICBS"},"content":{"rendered":"<div style=\"text-align: justify;\">\nA Sra. Lucy Oliveira de Paula Costa, ent\u00e3o primeira Secret\u00e1ria Administrativa do Instituto de Biologia, elaborou o seguinte hist\u00f3rico:<\/p>\n<hr>\n<p>Em 1970, atrav\u00e9s da Portatia do Magn\u00edfico Reitor, Professor H\u00e9lio Saul Barreto, foi elaborado a cria\u00e7\u00e3o de nove Institutos para melhor coordenar as atividades de Ensino, Pesquisa e Extens\u00e3o ocasi\u00e3o em que foi criado o Instituto de Biologia, que seria um Instituto de ensino b\u00e1sico, ministrando as primeiras disciplinas para nove cursos de gradua\u00e7\u00e3o.<\/p>\n<p>Atrav\u00e9s a Portaria n\u00ba 135, de 17\/07\/1970, do Magn\u00edfico Reitor, foi designado o Professor Adjunto Jos\u00e9 Lob\u00e3o Guimar\u00e3es como Diretor do referido Instituto at\u00e9 que fosse feita a elei\u00e7\u00e3o pelos docentes, indicando o futuro Diretor.<\/p>\n<p>Por Decreto do Exmo. Sr. Presidente da Rep\u00fablica, de 01\/07\/1971, publicada no D.O. de 02\/07\/1971, para cumprir um mandado de quatro anos, foi nomeado o Professor acima citado como Diretor do Instituto de Biologia da UFRRJ.<\/p>\n<p>Ap\u00f3s instalar seu gabinete, o Sr. Diretor indicou a Sra. Lucy Oliveira de Paula Costa para exercer o cargo de Chefe da Secretaria do Instituto, com posse e exerc\u00edcio a partir de 09\/08\/1971.<\/p>\n<p>O Instituto de Biologia era composto de quatro Departamentos, assim discriminados: Departamento de Biologia Animal (DBA), Departamento de Biologia Vegetal (DBV), Departamento de Ci\u00eancias Fisiol\u00f3gicas (DCF) e Departamento de Gen\u00e9tica (DG). O Diretor subdividiu-os em \u00c1reas que passariam a tratar de assuntos espec\u00edficos e reuniriam as disciplinas correlatas.<\/p>\n<p>No DBA, que passou a ter a sigla 01, foram criadas as \u00c1reas de Anatomia Animal, Histologia, Parasitologia e Zoologia.<\/p>\n<p>No DBV, que passou a ter a sigla 02, foram criadas as \u00c1reas de Bot\u00e2nica, Entomologia, Fitopatologia e Microbiologia.<\/p>\n<p>No DCF, que passou a ter a sigla 03, foram criadas as \u00c1reas de Farmacologia, Fisiologia Animal, Fisiologia Vegetal e Ci\u00eancias Fisiol\u00f3gicas.<\/p>\n<p>No DG, que passou a ter a sigla 04, foram criadas as \u00c1reas de Gen\u00e9tica B\u00e1sica, Gen\u00e9tica Quantitativa, Melhoramento Vegetal e Melhoramento Animal.<\/p>\n<p>Foi instalado o Conselho Departamental, composto pelos Chefes de Departamentos, presidido pelo Diretor do Instituto e secretariado pela Chefe da Secretaria. Atrav\u00e9s das reuni\u00f5es eram estudados os assuntos relacionados com problemas de ensino e de administra\u00e7\u00e3o com registros em atas.<\/p>\n<p>Em 1972, o sistema de ensino na Universidade modificou passando de sistema &#8220;seriado&#8221; para sistema de &#8220;cr\u00e9ditos&#8221; para os alunos que ingressassem a partir daquele ano. Todas as disciplinas seriam ministradas por semestre e a avalia\u00e7\u00e3o seria registrada atrav\u00e9s de conceitos.<\/p>\n<p>Ficou afeto a Secretaria receber todos os formul\u00e1rios dos Departamentos, retirar uma via e encaminhar atrav\u00e9s de of\u00edcio uma via ao Decanato de Gradua\u00e7\u00e3o, Divis\u00e3o de Registros Gerais.<\/p>\n<p>Terminado o mandado do 1\u00ba Diretor, assumiu a Dire\u00e7\u00e3o a Vice-Diretora, Professora Maria do Carmo da Costa Monteiro, que permaneceu no cargo at\u00e9 a nomea\u00e7\u00e3o do novo titular, isto ocorreu em 1977, quando tomou posse e entrou em exerc\u00edcio o Professor Adriano L\u00facio Peracchi, sendo Vice-Diretor o Professor Sila Ten\u00f3rio de Albuquerque, permanecendo na chefia da Secretaria a mesma servidora.<\/p>\n<p>V\u00e1rios professores assumiram a Dire\u00e7\u00e3o do Instituto de Biologia. Em agosto de 2015 atrav\u00e9s da Delibera\u00e7\u00e3o n\u00ba 55, de 31 de agosto de 2015 do Conselho Universit\u00e1rio da UFRRJ, foi alterado o nome de Instituto de Biologia (IB) para Instituto de Ci\u00eancias Biol\u00f3gicas e da Sa\u00fade (ICBS), estando a frente da Dire\u00e7\u00e3o a Prof\u00aa. Solange Viana Paschoal Blanco Brandolini.<\/p>\n<hr \/>\n<p>O texto acima foi transcrito do livro &#8220;Conhecendo Do Instituto de Biologia at\u00e9 o Instituto de Ci\u00eancias Biol\u00f3gicas e da Sa\u00fade da UFRuralRJ&#8221;, 2020, dos Professores Roberto de Xerez, Bi\u00f3logo, e Aurino Florencio de Lima, Engenheiro Agr\u00f4nomo.<\/p>\n<\/div>\n","protected":false},"excerpt":{"rendered":"<p>A Sra. Lucy Oliveira de Paula Costa, ent\u00e3o primeira Secret\u00e1ria Administrativa do Instituto de Biologia, elaborou o seguinte hist\u00f3rico: Em 1970, atrav\u00e9s [&hellip;]<\/p>\n","protected":false},"author":102,"featured_media":0,"parent":0,"menu_order":0,"comment_status":"closed","ping_status":"closed","template":"","meta":{"_acf_changed":false,"_themeisle_gutenberg_block_has_review":false,"footnotes":"","_links_to":"","_links_to_target":""},"class_list":["post-2931","page","type-page","status-publish","hentry"],"acf":[],"yoast_head":"<!-- This site is optimized with the Yoast SEO plugin v26.8 - https:\/\/yoast.com\/product\/yoast-seo-wordpress\/ -->\n<title>Hist\u00f3ria do ICBS - Instituto de Ci\u00eancias Biol\u00f3gicas e da Sa\u00fade<\/title>\n<meta name=\"robots\" content=\"index, follow, max-snippet:-1, max-image-preview:large, max-video-preview:-1\" \/>\n<link rel=\"canonical\" href=\"https:\/\/institutos.ufrrj.br\/icbs\/historico-do-icbs\/\" \/>\n<meta property=\"og:locale\" content=\"pt_BR\" \/>\n<meta property=\"og:type\" content=\"article\" \/>\n<meta property=\"og:title\" content=\"Hist\u00f3ria do ICBS - Instituto de Ci\u00eancias Biol\u00f3gicas e da Sa\u00fade\" \/>\n<meta property=\"og:description\" content=\"A Sra. Lucy Oliveira de Paula Costa, ent\u00e3o primeira Secret\u00e1ria Administrativa do Instituto de Biologia, elaborou o seguinte hist\u00f3rico: Em 1970, atrav\u00e9s [&hellip;]\" \/>\n<meta property=\"og:url\" content=\"https:\/\/institutos.ufrrj.br\/icbs\/historico-do-icbs\/\" \/>\n<meta property=\"og:site_name\" content=\"Instituto de Ci\u00eancias Biol\u00f3gicas e da Sa\u00fade\" \/>\n<meta property=\"article:modified_time\" content=\"2026-01-15T14:09:44+00:00\" \/>\n<meta name=\"twitter:card\" content=\"summary_large_image\" \/>\n<meta name=\"twitter:label1\" content=\"Est. tempo de leitura\" \/>\n\t<meta name=\"twitter:data1\" content=\"3 minutos\" \/>\n<script type=\"application\/ld+json\" class=\"yoast-schema-graph\">{\"@context\":\"https:\/\/schema.org\",\"@graph\":[{\"@type\":\"WebPage\",\"@id\":\"https:\/\/institutos.ufrrj.br\/icbs\/historico-do-icbs\/\",\"url\":\"https:\/\/institutos.ufrrj.br\/icbs\/historico-do-icbs\/\",\"name\":\"Hist\u00f3ria do ICBS - Instituto de Ci\u00eancias Biol\u00f3gicas e da Sa\u00fade\",\"isPartOf\":{\"@id\":\"https:\/\/institutos.ufrrj.br\/icbs\/#website\"},\"datePublished\":\"2026-01-15T12:19:13+00:00\",\"dateModified\":\"2026-01-15T14:09:44+00:00\",\"breadcrumb\":{\"@id\":\"https:\/\/institutos.ufrrj.br\/icbs\/historico-do-icbs\/#breadcrumb\"},\"inLanguage\":\"pt-BR\",\"potentialAction\":[{\"@type\":\"ReadAction\",\"target\":[\"https:\/\/institutos.ufrrj.br\/icbs\/historico-do-icbs\/\"]}]},{\"@type\":\"BreadcrumbList\",\"@id\":\"https:\/\/institutos.ufrrj.br\/icbs\/historico-do-icbs\/#breadcrumb\",\"itemListElement\":[{\"@type\":\"ListItem\",\"position\":1,\"name\":\"In\u00edcio\",\"item\":\"https:\/\/institutos.ufrrj.br\/icbs\/\"},{\"@type\":\"ListItem\",\"position\":2,\"name\":\"Hist\u00f3ria do ICBS\"}]},{\"@type\":\"WebSite\",\"@id\":\"https:\/\/institutos.ufrrj.br\/icbs\/#website\",\"url\":\"https:\/\/institutos.ufrrj.br\/icbs\/\",\"name\":\"ICBS - Instituto de Ci\u00eancias Biol\u00f3gicas e da Sa\u00fade\",\"description\":\"\",\"publisher\":{\"@id\":\"https:\/\/institutos.ufrrj.br\/icbs\/#organization\"},\"potentialAction\":[{\"@type\":\"SearchAction\",\"target\":{\"@type\":\"EntryPoint\",\"urlTemplate\":\"https:\/\/institutos.ufrrj.br\/icbs\/?s={search_term_string}\"},\"query-input\":{\"@type\":\"PropertyValueSpecification\",\"valueRequired\":true,\"valueName\":\"search_term_string\"}}],\"inLanguage\":\"pt-BR\"},{\"@type\":\"Organization\",\"@id\":\"https:\/\/institutos.ufrrj.br\/icbs\/#organization\",\"name\":\"UFRRJ - Universidade Federal Rural do Rio de Janeiro\",\"url\":\"https:\/\/institutos.ufrrj.br\/icbs\/\",\"logo\":{\"@type\":\"ImageObject\",\"inLanguage\":\"pt-BR\",\"@id\":\"https:\/\/institutos.ufrrj.br\/icbs\/#\/schema\/logo\/image\/\",\"url\":\"https:\/\/institutos.ufrrj.br\/icbs\/wp-content\/uploads\/sites\/6\/2022\/05\/Logo-ICBS.png\",\"contentUrl\":\"https:\/\/institutos.ufrrj.br\/icbs\/wp-content\/uploads\/sites\/6\/2022\/05\/Logo-ICBS.png\",\"width\":387,\"height\":371,\"caption\":\"UFRRJ - Universidade Federal Rural do Rio de Janeiro\"},\"image\":{\"@id\":\"https:\/\/institutos.ufrrj.br\/icbs\/#\/schema\/logo\/image\/\"}}]}<\/script>\n<!-- \/ Yoast SEO plugin. -->","yoast_head_json":{"title":"Hist\u00f3ria do ICBS - Instituto de Ci\u00eancias Biol\u00f3gicas e da Sa\u00fade","robots":{"index":"index","follow":"follow","max-snippet":"max-snippet:-1","max-image-preview":"max-image-preview:large","max-video-preview":"max-video-preview:-1"},"canonical":"https:\/\/institutos.ufrrj.br\/icbs\/historico-do-icbs\/","og_locale":"pt_BR","og_type":"article","og_title":"Hist\u00f3ria do ICBS - Instituto de Ci\u00eancias Biol\u00f3gicas e da Sa\u00fade","og_description":"A Sra. Lucy Oliveira de Paula Costa, ent\u00e3o primeira Secret\u00e1ria Administrativa do Instituto de Biologia, elaborou o seguinte hist\u00f3rico: Em 1970, atrav\u00e9s [&hellip;]","og_url":"https:\/\/institutos.ufrrj.br\/icbs\/historico-do-icbs\/","og_site_name":"Instituto de Ci\u00eancias Biol\u00f3gicas e da Sa\u00fade","article_modified_time":"2026-01-15T14:09:44+00:00","twitter_card":"summary_large_image","twitter_misc":{"Est. tempo de leitura":"3 minutos"},"schema":{"@context":"https:\/\/schema.org","@graph":[{"@type":"WebPage","@id":"https:\/\/institutos.ufrrj.br\/icbs\/historico-do-icbs\/","url":"https:\/\/institutos.ufrrj.br\/icbs\/historico-do-icbs\/","name":"Hist\u00f3ria do ICBS - Instituto de Ci\u00eancias Biol\u00f3gicas e da Sa\u00fade","isPartOf":{"@id":"https:\/\/institutos.ufrrj.br\/icbs\/#website"},"datePublished":"2026-01-15T12:19:13+00:00","dateModified":"2026-01-15T14:09:44+00:00","breadcrumb":{"@id":"https:\/\/institutos.ufrrj.br\/icbs\/historico-do-icbs\/#breadcrumb"},"inLanguage":"pt-BR","potentialAction":[{"@type":"ReadAction","target":["https:\/\/institutos.ufrrj.br\/icbs\/historico-do-icbs\/"]}]},{"@type":"BreadcrumbList","@id":"https:\/\/institutos.ufrrj.br\/icbs\/historico-do-icbs\/#breadcrumb","itemListElement":[{"@type":"ListItem","position":1,"name":"In\u00edcio","item":"https:\/\/institutos.ufrrj.br\/icbs\/"},{"@type":"ListItem","position":2,"name":"Hist\u00f3ria do ICBS"}]},{"@type":"WebSite","@id":"https:\/\/institutos.ufrrj.br\/icbs\/#website","url":"https:\/\/institutos.ufrrj.br\/icbs\/","name":"ICBS - Instituto de Ci\u00eancias Biol\u00f3gicas e da Sa\u00fade","description":"","publisher":{"@id":"https:\/\/institutos.ufrrj.br\/icbs\/#organization"},"potentialAction":[{"@type":"SearchAction","target":{"@type":"EntryPoint","urlTemplate":"https:\/\/institutos.ufrrj.br\/icbs\/?s={search_term_string}"},"query-input":{"@type":"PropertyValueSpecification","valueRequired":true,"valueName":"search_term_string"}}],"inLanguage":"pt-BR"},{"@type":"Organization","@id":"https:\/\/institutos.ufrrj.br\/icbs\/#organization","name":"UFRRJ - Universidade Federal Rural do Rio de Janeiro","url":"https:\/\/institutos.ufrrj.br\/icbs\/","logo":{"@type":"ImageObject","inLanguage":"pt-BR","@id":"https:\/\/institutos.ufrrj.br\/icbs\/#\/schema\/logo\/image\/","url":"https:\/\/institutos.ufrrj.br\/icbs\/wp-content\/uploads\/sites\/6\/2022\/05\/Logo-ICBS.png","contentUrl":"https:\/\/institutos.ufrrj.br\/icbs\/wp-content\/uploads\/sites\/6\/2022\/05\/Logo-ICBS.png","width":387,"height":371,"caption":"UFRRJ - Universidade Federal Rural do Rio de Janeiro"},"image":{"@id":"https:\/\/institutos.ufrrj.br\/icbs\/#\/schema\/logo\/image\/"}}]}},"_links":{"self":[{"href":"https:\/\/institutos.ufrrj.br\/icbs\/wp-json\/wp\/v2\/pages\/2931","targetHints":{"allow":["GET"]}}],"collection":[{"href":"https:\/\/institutos.ufrrj.br\/icbs\/wp-json\/wp\/v2\/pages"}],"about":[{"href":"https:\/\/institutos.ufrrj.br\/icbs\/wp-json\/wp\/v2\/types\/page"}],"author":[{"embeddable":true,"href":"https:\/\/institutos.ufrrj.br\/icbs\/wp-json\/wp\/v2\/users\/102"}],"replies":[{"embeddable":true,"href":"https:\/\/institutos.ufrrj.br\/icbs\/wp-json\/wp\/v2\/comments?post=2931"}],"version-history":[{"count":18,"href":"https:\/\/institutos.ufrrj.br\/icbs\/wp-json\/wp\/v2\/pages\/2931\/revisions"}],"predecessor-version":[{"id":2953,"href":"https:\/\/institutos.ufrrj.br\/icbs\/wp-json\/wp\/v2\/pages\/2931\/revisions\/2953"}],"wp:attachment":[{"href":"https:\/\/institutos.ufrrj.br\/icbs\/wp-json\/wp\/v2\/media?parent=2931"}],"curies":[{"name":"wp","href":"https:\/\/api.w.org\/{rel}","templated":true}]}}