{"id":431,"date":"2016-04-04T13:37:09","date_gmt":"2016-04-04T13:37:09","guid":{"rendered":"http:\/\/institutos.ufrrj.br\/ib\/?page_id=431"},"modified":"2024-07-19T14:47:07","modified_gmt":"2024-07-19T17:47:07","slug":"departamento-de-botanica","status":"publish","type":"page","link":"https:\/\/institutos.ufrrj.br\/icbs\/departamento-de-botanica\/","title":{"rendered":"Departamento de Bot\u00e2nica"},"content":{"rendered":"<p><a href=\"http:\/\/institutos.ufrrj.br\/icbs\/wp-content\/uploads\/sites\/6\/2021\/02\/logo_color_vert02.jpg\"><img loading=\"lazy\" decoding=\"async\" class=\"wp-image-1049 alignleft\" src=\"http:\/\/institutos.ufrrj.br\/icbs\/wp-content\/uploads\/sites\/6\/2021\/02\/logo_color_vert02-300x290.jpg\" alt=\"\" width=\"152\" height=\"147\" srcset=\"https:\/\/institutos.ufrrj.br\/icbs\/wp-content\/uploads\/sites\/6\/2021\/02\/logo_color_vert02-300x290.jpg 300w, https:\/\/institutos.ufrrj.br\/icbs\/wp-content\/uploads\/sites\/6\/2021\/02\/logo_color_vert02-768x742.jpg 768w, https:\/\/institutos.ufrrj.br\/icbs\/wp-content\/uploads\/sites\/6\/2021\/02\/logo_color_vert02-1024x989.jpg 1024w, https:\/\/institutos.ufrrj.br\/icbs\/wp-content\/uploads\/sites\/6\/2021\/02\/logo_color_vert02.jpg 1632w\" sizes=\"auto, (max-width: 152px) 100vw, 152px\" \/><\/a>O Departamento de Bot\u00e2nica (DB), localizado no Instituto de Ci\u00eancias Biol\u00f3gicas e da Sa\u00fade, nasceu do desmembramento ocorrido em 1994, do Departamento de Biologia Vegetal.<\/p>\n<p>Atualmente, o Departamento atende aos alunos dos cursos de gradua\u00e7\u00e3o (Agronomia, Ci\u00eancias Agr\u00edcolas, Ci\u00eancias Biol\u00f3gicas, Engenharia Florestal, Engenharia Agr\u00edcola e Ambiental e Zootecnia), ministrando disciplinas e oferecendo est\u00e1gios, contando com um corpo docente de 15 professores efetivos (13 Doutores e 2 Mestres) e quatro t\u00e9cnicos administrativos.<\/p>\n<p>O Departamento de Bot\u00e2nica tamb\u00e9m possui um Herb\u00e1rio (RBR), registrado e reconhecido internacionalmente, que serve de refer\u00eancia a in\u00fameras atividades de ensino, pesquisa e extens\u00e3o.<\/p>\n<p>&nbsp;<\/p>\n<p style=\"text-align: center\">Chefe do Departamento:<br \/>\nProfa. Dra. Maria Veronica Leite Pereira Moura<\/p>\n<p style=\"text-align: center\">Vice Chefe:<br \/>\nProfa. Dra. Jacira Rabelo Lima<\/p>\n","protected":false},"excerpt":{"rendered":"<p>O Departamento de Bot\u00e2nica (DB), localizado no Instituto de Ci\u00eancias Biol\u00f3gicas e da Sa\u00fade, nasceu do desmembramento ocorrido em 1994, do Departamento [&hellip;]<\/p>\n","protected":false},"author":16,"featured_media":0,"parent":0,"menu_order":0,"comment_status":"closed","ping_status":"closed","template":"","meta":{"_acf_changed":false,"_themeisle_gutenberg_block_has_review":false,"footnotes":"","_links_to":"","_links_to_target":""},"class_list":["post-431","page","type-page","status-publish","hentry"],"acf":[],"yoast_head":"<!-- This site is optimized with the Yoast SEO plugin v26.8 - https:\/\/yoast.com\/product\/yoast-seo-wordpress\/ -->\n<title>Departamento de Bot\u00e2nica - Instituto de Ci\u00eancias Biol\u00f3gicas e da Sa\u00fade<\/title>\n<meta name=\"robots\" content=\"index, follow, max-snippet:-1, max-image-preview:large, max-video-preview:-1\" \/>\n<link rel=\"canonical\" href=\"https:\/\/institutos.ufrrj.br\/icbs\/departamento-de-botanica\/\" \/>\n<meta property=\"og:locale\" content=\"pt_BR\" \/>\n<meta property=\"og:type\" content=\"article\" \/>\n<meta property=\"og:title\" content=\"Departamento de Bot\u00e2nica - Instituto de Ci\u00eancias Biol\u00f3gicas e da Sa\u00fade\" \/>\n<meta property=\"og:description\" content=\"O Departamento de Bot\u00e2nica (DB), localizado no Instituto de Ci\u00eancias Biol\u00f3gicas e da Sa\u00fade, nasceu do desmembramento ocorrido em 1994, do Departamento [&hellip;]\" \/>\n<meta property=\"og:url\" content=\"https:\/\/institutos.ufrrj.br\/icbs\/departamento-de-botanica\/\" \/>\n<meta property=\"og:site_name\" content=\"Instituto de Ci\u00eancias Biol\u00f3gicas e da Sa\u00fade\" \/>\n<meta property=\"article:modified_time\" content=\"2024-07-19T17:47:07+00:00\" \/>\n<meta property=\"og:image\" content=\"https:\/\/institutos.ufrrj.br\/icbs\/wp-content\/uploads\/sites\/6\/2021\/02\/logo_color_vert02.jpg\" \/>\n\t<meta property=\"og:image:width\" content=\"1632\" \/>\n\t<meta property=\"og:image:height\" content=\"1577\" \/>\n\t<meta property=\"og:image:type\" content=\"image\/jpeg\" \/>\n<meta name=\"twitter:card\" content=\"summary_large_image\" \/>\n<meta name=\"twitter:label1\" content=\"Est. tempo de leitura\" \/>\n\t<meta name=\"twitter:data1\" content=\"1 minuto\" \/>\n<script type=\"application\/ld+json\" class=\"yoast-schema-graph\">{\"@context\":\"https:\/\/schema.org\",\"@graph\":[{\"@type\":\"WebPage\",\"@id\":\"https:\/\/institutos.ufrrj.br\/icbs\/departamento-de-botanica\/\",\"url\":\"https:\/\/institutos.ufrrj.br\/icbs\/departamento-de-botanica\/\",\"name\":\"Departamento de Bot\u00e2nica - Instituto de Ci\u00eancias Biol\u00f3gicas e da Sa\u00fade\",\"isPartOf\":{\"@id\":\"https:\/\/institutos.ufrrj.br\/icbs\/#website\"},\"primaryImageOfPage\":{\"@id\":\"https:\/\/institutos.ufrrj.br\/icbs\/departamento-de-botanica\/#primaryimage\"},\"image\":{\"@id\":\"https:\/\/institutos.ufrrj.br\/icbs\/departamento-de-botanica\/#primaryimage\"},\"thumbnailUrl\":\"http:\/\/institutos.ufrrj.br\/icbs\/wp-content\/uploads\/sites\/6\/2021\/02\/logo_color_vert02-300x290.jpg\",\"datePublished\":\"2016-04-04T13:37:09+00:00\",\"dateModified\":\"2024-07-19T17:47:07+00:00\",\"breadcrumb\":{\"@id\":\"https:\/\/institutos.ufrrj.br\/icbs\/departamento-de-botanica\/#breadcrumb\"},\"inLanguage\":\"pt-BR\",\"potentialAction\":[{\"@type\":\"ReadAction\",\"target\":[\"https:\/\/institutos.ufrrj.br\/icbs\/departamento-de-botanica\/\"]}]},{\"@type\":\"ImageObject\",\"inLanguage\":\"pt-BR\",\"@id\":\"https:\/\/institutos.ufrrj.br\/icbs\/departamento-de-botanica\/#primaryimage\",\"url\":\"https:\/\/institutos.ufrrj.br\/icbs\/wp-content\/uploads\/sites\/6\/2021\/02\/logo_color_vert02.jpg\",\"contentUrl\":\"https:\/\/institutos.ufrrj.br\/icbs\/wp-content\/uploads\/sites\/6\/2021\/02\/logo_color_vert02.jpg\",\"width\":1632,\"height\":1577},{\"@type\":\"BreadcrumbList\",\"@id\":\"https:\/\/institutos.ufrrj.br\/icbs\/departamento-de-botanica\/#breadcrumb\",\"itemListElement\":[{\"@type\":\"ListItem\",\"position\":1,\"name\":\"In\u00edcio\",\"item\":\"https:\/\/institutos.ufrrj.br\/icbs\/\"},{\"@type\":\"ListItem\",\"position\":2,\"name\":\"Departamento de Bot\u00e2nica\"}]},{\"@type\":\"WebSite\",\"@id\":\"https:\/\/institutos.ufrrj.br\/icbs\/#website\",\"url\":\"https:\/\/institutos.ufrrj.br\/icbs\/\",\"name\":\"ICBS - Instituto de Ci\u00eancias Biol\u00f3gicas e da Sa\u00fade\",\"description\":\"\",\"publisher\":{\"@id\":\"https:\/\/institutos.ufrrj.br\/icbs\/#organization\"},\"potentialAction\":[{\"@type\":\"SearchAction\",\"target\":{\"@type\":\"EntryPoint\",\"urlTemplate\":\"https:\/\/institutos.ufrrj.br\/icbs\/?s={search_term_string}\"},\"query-input\":{\"@type\":\"PropertyValueSpecification\",\"valueRequired\":true,\"valueName\":\"search_term_string\"}}],\"inLanguage\":\"pt-BR\"},{\"@type\":\"Organization\",\"@id\":\"https:\/\/institutos.ufrrj.br\/icbs\/#organization\",\"name\":\"UFRRJ - Universidade Federal Rural do Rio de Janeiro\",\"url\":\"https:\/\/institutos.ufrrj.br\/icbs\/\",\"logo\":{\"@type\":\"ImageObject\",\"inLanguage\":\"pt-BR\",\"@id\":\"https:\/\/institutos.ufrrj.br\/icbs\/#\/schema\/logo\/image\/\",\"url\":\"https:\/\/institutos.ufrrj.br\/icbs\/wp-content\/uploads\/sites\/6\/2022\/05\/Logo-ICBS.png\",\"contentUrl\":\"https:\/\/institutos.ufrrj.br\/icbs\/wp-content\/uploads\/sites\/6\/2022\/05\/Logo-ICBS.png\",\"width\":387,\"height\":371,\"caption\":\"UFRRJ - Universidade Federal Rural do Rio de Janeiro\"},\"image\":{\"@id\":\"https:\/\/institutos.ufrrj.br\/icbs\/#\/schema\/logo\/image\/\"}}]}<\/script>\n<!-- \/ Yoast SEO plugin. -->","yoast_head_json":{"title":"Departamento de Bot\u00e2nica - Instituto de Ci\u00eancias Biol\u00f3gicas e da Sa\u00fade","robots":{"index":"index","follow":"follow","max-snippet":"max-snippet:-1","max-image-preview":"max-image-preview:large","max-video-preview":"max-video-preview:-1"},"canonical":"https:\/\/institutos.ufrrj.br\/icbs\/departamento-de-botanica\/","og_locale":"pt_BR","og_type":"article","og_title":"Departamento de Bot\u00e2nica - Instituto de Ci\u00eancias Biol\u00f3gicas e da Sa\u00fade","og_description":"O Departamento de Bot\u00e2nica (DB), localizado no Instituto de Ci\u00eancias Biol\u00f3gicas e da Sa\u00fade, nasceu do desmembramento ocorrido em 1994, do Departamento [&hellip;]","og_url":"https:\/\/institutos.ufrrj.br\/icbs\/departamento-de-botanica\/","og_site_name":"Instituto de Ci\u00eancias Biol\u00f3gicas e da Sa\u00fade","article_modified_time":"2024-07-19T17:47:07+00:00","og_image":[{"width":1632,"height":1577,"url":"https:\/\/institutos.ufrrj.br\/icbs\/wp-content\/uploads\/sites\/6\/2021\/02\/logo_color_vert02.jpg","type":"image\/jpeg"}],"twitter_card":"summary_large_image","twitter_misc":{"Est. tempo de leitura":"1 minuto"},"schema":{"@context":"https:\/\/schema.org","@graph":[{"@type":"WebPage","@id":"https:\/\/institutos.ufrrj.br\/icbs\/departamento-de-botanica\/","url":"https:\/\/institutos.ufrrj.br\/icbs\/departamento-de-botanica\/","name":"Departamento de Bot\u00e2nica - Instituto de Ci\u00eancias Biol\u00f3gicas e da Sa\u00fade","isPartOf":{"@id":"https:\/\/institutos.ufrrj.br\/icbs\/#website"},"primaryImageOfPage":{"@id":"https:\/\/institutos.ufrrj.br\/icbs\/departamento-de-botanica\/#primaryimage"},"image":{"@id":"https:\/\/institutos.ufrrj.br\/icbs\/departamento-de-botanica\/#primaryimage"},"thumbnailUrl":"http:\/\/institutos.ufrrj.br\/icbs\/wp-content\/uploads\/sites\/6\/2021\/02\/logo_color_vert02-300x290.jpg","datePublished":"2016-04-04T13:37:09+00:00","dateModified":"2024-07-19T17:47:07+00:00","breadcrumb":{"@id":"https:\/\/institutos.ufrrj.br\/icbs\/departamento-de-botanica\/#breadcrumb"},"inLanguage":"pt-BR","potentialAction":[{"@type":"ReadAction","target":["https:\/\/institutos.ufrrj.br\/icbs\/departamento-de-botanica\/"]}]},{"@type":"ImageObject","inLanguage":"pt-BR","@id":"https:\/\/institutos.ufrrj.br\/icbs\/departamento-de-botanica\/#primaryimage","url":"https:\/\/institutos.ufrrj.br\/icbs\/wp-content\/uploads\/sites\/6\/2021\/02\/logo_color_vert02.jpg","contentUrl":"https:\/\/institutos.ufrrj.br\/icbs\/wp-content\/uploads\/sites\/6\/2021\/02\/logo_color_vert02.jpg","width":1632,"height":1577},{"@type":"BreadcrumbList","@id":"https:\/\/institutos.ufrrj.br\/icbs\/departamento-de-botanica\/#breadcrumb","itemListElement":[{"@type":"ListItem","position":1,"name":"In\u00edcio","item":"https:\/\/institutos.ufrrj.br\/icbs\/"},{"@type":"ListItem","position":2,"name":"Departamento de Bot\u00e2nica"}]},{"@type":"WebSite","@id":"https:\/\/institutos.ufrrj.br\/icbs\/#website","url":"https:\/\/institutos.ufrrj.br\/icbs\/","name":"ICBS - Instituto de Ci\u00eancias Biol\u00f3gicas e da Sa\u00fade","description":"","publisher":{"@id":"https:\/\/institutos.ufrrj.br\/icbs\/#organization"},"potentialAction":[{"@type":"SearchAction","target":{"@type":"EntryPoint","urlTemplate":"https:\/\/institutos.ufrrj.br\/icbs\/?s={search_term_string}"},"query-input":{"@type":"PropertyValueSpecification","valueRequired":true,"valueName":"search_term_string"}}],"inLanguage":"pt-BR"},{"@type":"Organization","@id":"https:\/\/institutos.ufrrj.br\/icbs\/#organization","name":"UFRRJ - Universidade Federal Rural do Rio de Janeiro","url":"https:\/\/institutos.ufrrj.br\/icbs\/","logo":{"@type":"ImageObject","inLanguage":"pt-BR","@id":"https:\/\/institutos.ufrrj.br\/icbs\/#\/schema\/logo\/image\/","url":"https:\/\/institutos.ufrrj.br\/icbs\/wp-content\/uploads\/sites\/6\/2022\/05\/Logo-ICBS.png","contentUrl":"https:\/\/institutos.ufrrj.br\/icbs\/wp-content\/uploads\/sites\/6\/2022\/05\/Logo-ICBS.png","width":387,"height":371,"caption":"UFRRJ - Universidade Federal Rural do Rio de Janeiro"},"image":{"@id":"https:\/\/institutos.ufrrj.br\/icbs\/#\/schema\/logo\/image\/"}}]}},"_links":{"self":[{"href":"https:\/\/institutos.ufrrj.br\/icbs\/wp-json\/wp\/v2\/pages\/431","targetHints":{"allow":["GET"]}}],"collection":[{"href":"https:\/\/institutos.ufrrj.br\/icbs\/wp-json\/wp\/v2\/pages"}],"about":[{"href":"https:\/\/institutos.ufrrj.br\/icbs\/wp-json\/wp\/v2\/types\/page"}],"author":[{"embeddable":true,"href":"https:\/\/institutos.ufrrj.br\/icbs\/wp-json\/wp\/v2\/users\/16"}],"replies":[{"embeddable":true,"href":"https:\/\/institutos.ufrrj.br\/icbs\/wp-json\/wp\/v2\/comments?post=431"}],"version-history":[{"count":12,"href":"https:\/\/institutos.ufrrj.br\/icbs\/wp-json\/wp\/v2\/pages\/431\/revisions"}],"predecessor-version":[{"id":2636,"href":"https:\/\/institutos.ufrrj.br\/icbs\/wp-json\/wp\/v2\/pages\/431\/revisions\/2636"}],"wp:attachment":[{"href":"https:\/\/institutos.ufrrj.br\/icbs\/wp-json\/wp\/v2\/media?parent=431"}],"curies":[{"name":"wp","href":"https:\/\/api.w.org\/{rel}","templated":true}]}}