{"id":434,"date":"2016-04-04T13:37:54","date_gmt":"2016-04-04T13:37:54","guid":{"rendered":"http:\/\/institutos.ufrrj.br\/ib\/?page_id=434"},"modified":"2024-07-19T14:46:43","modified_gmt":"2024-07-19T17:46:43","slug":"docentes","status":"publish","type":"page","link":"https:\/\/institutos.ufrrj.br\/icbs\/departamento-de-botanica\/docentes\/","title":{"rendered":"Docentes"},"content":{"rendered":"<h3><\/h3>\n<div>\n<table cellspacing=\"0\" cellpadding=\"0\" align=\"left\">\n<tbody>\n<tr>\n<td align=\"left\" valign=\"top\">\n<table cellspacing=\"0\" cellpadding=\"0\" align=\"left\">\n<tbody>\n<tr>\n<td valign=\"top\"><img loading=\"lazy\" decoding=\"async\" src=\"http:\/\/r1.ufrrj.br\/wp\/ib\/wp-content\/uploads\/image\/DEBOT\/Denise.jpg\" alt=\"\" width=\"100\" height=\"125\" align=\"left\" \/><\/p>\n<p><strong>Denise Monte Braz<\/strong><\/p>\n<p>Professora Associada &#8211; D3<\/p>\n<p>Doutora<\/p>\n<p>\u00c1reas de Atua\u00e7\u00e3o:Taxonomia e Flor\u00edstica de Faner\u00f3gamas. Morfologia Externa.<\/p>\n<p>Disciplinas Lecionadas:\u00a0IB-603; IB-605<\/p>\n<p><a href=\"http:\/\/buscatextual.cnpq.br\/buscatextual\/visualizacv.do?id=K4790406D2\">Curriculum Lattes<\/a><\/p>\n<p>E-mail:\u00a0<a href=\"mailto:dmbraz@ufrrj.br\">dmbraz@ufrrj.br<\/a><\/p>\n<div>______________________________________________________________________________<\/div>\n<h3><img loading=\"lazy\" decoding=\"async\" src=\"http:\/\/r1.ufrrj.br\/wp\/ib\/wp-content\/uploads\/image\/DEBOT\/Eliane.jpg\" alt=\"\" width=\"100\" height=\"125\" align=\"left\" \/><\/h3>\n<p><strong>Eliane de Lima Jacques<\/strong><\/p>\n<p>Professora Associada &#8211; D4<\/p>\n<p>Doutora<\/p>\n<p>\u00c1reas de Atua\u00e7\u00e3o: Taxonomia de Faner\u00f3gamas; Begoniaceae.<\/p>\n<p>Disciplinas Lecionadas: IB-606<\/p>\n<p><a href=\"http:\/\/buscatextual.cnpq.br\/buscatextual\/visualizacv.do?id=K4785687P6\">Curriculum Lattes<\/a><\/p>\n<p>E-mail:\u00a0<a href=\"mailto:ejacques@ufrrj.br\">ejacques@ufrrj.br<\/a><\/p>\n<div>______________________________________________________________________________<\/div>\n<div><\/div>\n<h3><img loading=\"lazy\" decoding=\"async\" src=\"http:\/\/r1.ufrrj.br\/wp\/ib\/wp-content\/uploads\/image\/DEBOT\/Genise_1.jpg\" alt=\"\" width=\"100\" height=\"120\" align=\"left\" \/><\/h3>\n<p><strong>Genise Vieira Freire<\/strong><\/p>\n<p>Professora Associada- D4<\/p>\n<p>Doutora<\/p>\n<p>\u00c1rea de atua\u00e7\u00e3o:\u00a0Taxonomia e Flor\u00edstica de Faner\u00f3gamas, Sapindaceae.<\/p>\n<p>Disciplinas Lecionadas: IB-607<\/p>\n<p><a href=\"http:\/\/buscatextual.cnpq.br\/buscatextual\/visualizacv.do?id=K4783649E8\">Curriculum Lattes<\/a><\/p>\n<p>E-mail:<a href=\"mailto:somer@ufrrj.br\">somer@ufrrj.br<\/a><\/p>\n<p>&nbsp;<\/p>\n<div>______________________________________________________________________________<\/div>\n<div><\/div>\n<div><img loading=\"lazy\" decoding=\"async\" src=\"http:\/\/r1.ufrrj.br\/wp\/ib\/wp-content\/uploads\/image\/DEBOT\/Helena.jpg\" alt=\"\" width=\"100\" height=\"130\" align=\"left\" \/><\/div>\n<p><strong>Helena Regina Pinto Lima<\/strong><\/p>\n<p>Professora Titular &#8211; E<\/p>\n<p>Doutora<\/p>\n<p>\u00c1rea de Atua\u00e7\u00e3o: Anatomia Vegetal, Quimiotaxonomia e Bot\u00e2nica Aplicada.<\/p>\n<p>Disciplinas Lecionadas:\u00a0IB-610; IB-611; IB-615.<\/p>\n<p><a href=\"http:\/\/buscatextual.cnpq.br\/buscatextual\/visualizacv.do?id=K4786746A4\">Curriculum Lattes<\/a><\/p>\n<p>E-mail:\u00a0<a href=\"mailto:helena@ufrrj.br\">helena@ufrrj.br<\/a><\/p>\n<div>______________________________________________________________________________<\/div>\n<div><\/div>\n<p><strong><img loading=\"lazy\" decoding=\"async\" src=\"http:\/\/r1.ufrrj.br\/wp\/ib\/wp-content\/uploads\/image\/DEBOT\/images.jpg\" alt=\"\" width=\"100\" height=\"106\" align=\"left\" \/>Ivo\u00a0<\/strong><strong style=\"font-family: inherit;font-size: inherit\">Abra\u00e3o\u00a0<\/strong><strong style=\"font-family: inherit;font-size: inherit\">Arauj<\/strong><strong style=\"font-family: inherit;font-size: inherit\">o da Silva<\/strong><\/p>\n<p>Professor Adjunto &#8211; C3<\/p>\n<p>Doutor<\/p>\n<p>\u00c1rea de atua\u00e7\u00e3o:\u00a0 Criptogamos.<\/p>\n<p>Disciplina Lecionada: IB-608 e IB609<\/p>\n<p><a href=\"http:\/\/buscatextual.cnpq.br\/buscatextual\/visualizacv.do?id=K4786555U5\">Curriculum Lattes<\/a><\/p>\n<p>E-mail:<\/p>\n<div>______________________________________________________________________________<\/div>\n<p><strong><img loading=\"lazy\" decoding=\"async\" src=\"http:\/\/r1.ufrrj.br\/wp\/ib\/wp-content\/uploads\/image\/DEBOT\/images.jpg\" alt=\"\" width=\"100\" height=\"106\" align=\"left\" \/>Jacira Rabelo Lima<\/strong><\/p>\n<p>Professor Associada &#8211; D1<\/p>\n<p>Doutora<\/p>\n<p>\u00c1rea de atua\u00e7\u00e3o: Morfologia Externa; Taxonomia e Flor\u00edstica de Faner\u00f3gamas.<\/p>\n<p>Disciplina Lecionada: IB-603<\/p>\n<p><a href=\"http:\/\/buscatextual.cnpq.br\/buscatextual\/visualizacv.do?id=K4786555U5\">Curriculum Lattes<\/a><\/p>\n<p>E-mail:<\/p>\n<p>____________________________________________________________________________________<\/p>\n<div>\n<table cellspacing=\"0\" cellpadding=\"0\" align=\"left\">\n<tbody>\n<tr>\n<td align=\"left\" valign=\"top\"><\/td>\n<\/tr>\n<\/tbody>\n<\/table>\n<\/div>\n<div>\n<div><img loading=\"lazy\" decoding=\"async\" src=\"http:\/\/r1.ufrrj.br\/wp\/ib\/wp-content\/uploads\/image\/DEBOT\/Joecildo.jpg\" alt=\"\" width=\"100\" height=\"126\" align=\"left\" \/><\/div>\n<div>\n<p style=\"text-align: left\"><strong>Joecildo Francisco Rocha<\/strong><\/p>\n<\/div>\n<p>Professor Associado &#8211; D4<\/p>\n<p>Doutor<\/p>\n<p>\u00c1rea de atua\u00e7\u00e3o: Anatomia Vegetal, Histoqu\u00edmica Vegetal e Ultra-estrutura Vegetal.<\/p>\n<p>Disciplina Lecionada: IB-610<\/p>\n<p><a href=\"http:\/\/buscatextual.cnpq.br\/buscatextual\/visualizacv.do?id=K4798203E6\">Curriculum Lattes<\/a><\/p>\n<p>E-mail:\u00a0<a href=\"mailto:joecildo@ufrrj.br\">joecildo@ufrrj.br<\/a><\/p>\n<p><span style=\"font-family: inherit;font-size: inherit\">________________<\/span><span style=\"font-family: inherit;font-size: inherit\">______________________________________________________________<\/span><\/p>\n<div>\n<p><strong><a href=\"http:\/\/institutos.ufrrj.br\/icbs\/wp-content\/uploads\/sites\/6\/2021\/02\/Foto-para-Site.jpeg\"><img loading=\"lazy\" decoding=\"async\" class=\"wp-image-1052 alignleft\" src=\"http:\/\/institutos.ufrrj.br\/icbs\/wp-content\/uploads\/sites\/6\/2021\/02\/Foto-para-Site-242x300.jpeg\" alt=\"\" width=\"107\" height=\"133\" srcset=\"https:\/\/institutos.ufrrj.br\/icbs\/wp-content\/uploads\/sites\/6\/2021\/02\/Foto-para-Site-242x300.jpeg 242w, https:\/\/institutos.ufrrj.br\/icbs\/wp-content\/uploads\/sites\/6\/2021\/02\/Foto-para-Site-768x952.jpeg 768w, https:\/\/institutos.ufrrj.br\/icbs\/wp-content\/uploads\/sites\/6\/2021\/02\/Foto-para-Site-826x1024.jpeg 826w, https:\/\/institutos.ufrrj.br\/icbs\/wp-content\/uploads\/sites\/6\/2021\/02\/Foto-para-Site.jpeg 828w\" sizes=\"auto, (max-width: 107px) 100vw, 107px\" \/><\/a>Luiz Ricardo dos Santos Tozin<\/strong><\/p>\n<p>Professor Adjunto &#8211; C1<\/p>\n<p>Doutor<\/p>\n<p>\u00c1reas de Atua\u00e7\u00e3o: Anatomia vegetal, estruturas secretoras, ultraestrutura.<\/p>\n<p>Disciplinas Lecionada: IB-610<\/p>\n<p><a href=\"http:\/\/lattes.cnpq.br\/6601564974089874\">Curriculum Lattes<\/a><\/p>\n<p>E-mail: tozin@ufrrj.br<\/p>\n<div>______________________________________________________________________________<\/div>\n<p><strong><a href=\"http:\/\/institutos.ufrrj.br\/icbs\/wp-content\/uploads\/sites\/6\/2018\/07\/foto-Marcelo-Souza.jpeg\"><img loading=\"lazy\" decoding=\"async\" class=\"wp-image-883 alignleft\" src=\"http:\/\/institutos.ufrrj.br\/icbs\/wp-content\/uploads\/sites\/6\/2018\/07\/foto-Marcelo-Souza-255x300.jpeg\" alt=\"\" width=\"111\" height=\"131\" srcset=\"https:\/\/institutos.ufrrj.br\/icbs\/wp-content\/uploads\/sites\/6\/2018\/07\/foto-Marcelo-Souza-255x300.jpeg 255w, https:\/\/institutos.ufrrj.br\/icbs\/wp-content\/uploads\/sites\/6\/2018\/07\/foto-Marcelo-Souza.jpeg 409w\" sizes=\"auto, (max-width: 111px) 100vw, 111px\" \/><\/a>Marcelo da Costa Souza<\/strong><\/p>\n<p>Professor Adjunto &#8211; A2<\/p>\n<p>Doutor<\/p>\n<p>\u00c1rea de atua\u00e7\u00e3o: Taxonomia e Flor\u00edstica de Faner\u00f3gamas, Myrtaceae.<\/p>\n<p>Disciplina Lecionada: IB-603<\/p>\n<p><a href=\"http:\/\/lattes.cnpq.br\/7007199583077652\">Curriculum Lattes<\/a><\/p>\n<p>E-mail:<a href=\"mailto:mcsouza@ufrrj.br\">mcsouza@ufrrj.br<\/a><\/p>\n<p><span style=\"font-family: inherit;font-size: inherit\">______________________________________________________________________________<\/span><\/p>\n<\/div>\n<div>\n<p><img loading=\"lazy\" decoding=\"async\" src=\"http:\/\/r1.ufrrj.br\/wp\/ib\/wp-content\/uploads\/image\/DEBOT\/Veronica_1.jpg\" alt=\"\" width=\"100\" height=\"128\" align=\"left\" \/><\/p>\n<p><strong>Maria Veronica Leite Pereira Moura<\/strong><\/p>\n<p>Professora Associada &#8211; D4<\/p>\n<p>Doutora<\/p>\n<p>\u00c1rea de atua\u00e7\u00e3o: Morfologia Externa; Ensino de Bot\u00e2nica ; Taxonomia e Flor\u00edstica de Faner\u00f3gamas.<\/p>\n<p>Disciplina Lecionada: IB-604<\/p>\n<p><a href=\"http:\/\/buscatextual.cnpq.br\/buscatextual\/visualizacv.do?id=K4786555U5\">Curriculum Lattes<\/a><\/p>\n<p>E-mail:<a href=\"mailto:veronic@ufrrj.br\">veronic@ufrrj.br<\/a><\/p>\n<p>______________________________________________________________________________<\/p>\n<p><img loading=\"lazy\" decoding=\"async\" src=\"http:\/\/r1.ufrrj.br\/wp\/ib\/wp-content\/uploads\/image\/DEBOT\/images.jpg\" alt=\"\" width=\"100\" height=\"106\" align=\"left\" \/><\/p>\n<p><strong>Marilena de Menezes Silva Conde<\/strong><\/p>\n<p>Professor Adjunto &#8211; C4<\/p>\n<p>Mestre<\/p>\n<p>\u00c1reas de Atua\u00e7\u00e3o: Flor\u00edstica,\u00a0 Identifica\u00e7\u00e3o de plantas est\u00e9reis, Identifica\u00e7\u00e3o de Sementes e Pl\u00e2ntulas.<\/p>\n<p>Disciplinas Lecionadas: IB-602<\/p>\n<p><a href=\"http:\/\/buscatextual.cnpq.br\/buscatextual\/visualizacv.do?id=K4766838T0\">Curriculum Lattes<\/a><\/p>\n<p>E-mail:\u00a0<a href=\"mailto:amconde@ufrrj.br\" target=\"_blank\" rel=\"noopener\">amconde@ufrrj.br<\/a><\/p>\n<div>______________________________________________________________________________<\/div>\n<div><img loading=\"lazy\" decoding=\"async\" src=\"http:\/\/r1.ufrrj.br\/wp\/ib\/wp-content\/uploads\/image\/DEBOT\/images.jpg\" alt=\"\" width=\"100\" height=\"106\" align=\"left\" \/><\/div>\n<p><strong>N\u00edvea Dias dos Santos<\/strong><\/p>\n<p>Professor Associada &#8211; D1<\/p>\n<p>Doutora<\/p>\n<p>\u00c1reas de Atua\u00e7\u00e3o: Criptogamos.<\/p>\n<p>Disciplinas Lecionadas: IB-608 e IB609<\/p>\n<p><a href=\"http:\/\/buscatextual.cnpq.br\/buscatextual\/visualizacv.do?id=K4766838T0\">Curriculum Lattes<\/a><\/p>\n<p>E-mail:<\/p>\n<p>______________________________________________________________________________<\/p>\n<div><img loading=\"lazy\" decoding=\"async\" src=\"http:\/\/r1.ufrrj.br\/wp\/ib\/wp-content\/uploads\/image\/DEBOT\/Pedro.jpg\" alt=\"\" width=\"100\" height=\"114\" align=\"left\" \/><\/div>\n<p><strong>Pedro Germano Filho<\/strong><\/p>\n<p>Professor Assistente &#8211; B2<\/p>\n<p>Mestre<\/p>\n<p>\u00c1rea de Atua\u00e7\u00e3o:\u00a0Taxonomia do g\u00eanero\u00a0<em>Bathysa<\/em>\u00a0(Rubiaceae, Rondeletiaceae) do Brasil.<\/p>\n<p>Disciplina Lecionada: IB- 605<\/p>\n<p><a href=\"http:\/\/buscatextual.cnpq.br\/buscatextual\/visualizacv.do?id=K4723989U3\">Curriculum Lattes<\/a><\/p>\n<p>E-mail:\u00a0<a href=\"mailto:germano@ufrrj.br\">germano@ufrrj.br<\/a><\/p>\n<\/div>\n<\/div>\n<p>______________________________________________________________________________<\/p>\n<p><strong><img loading=\"lazy\" decoding=\"async\" src=\"http:\/\/r1.ufrrj.br\/wp\/ib\/wp-content\/uploads\/image\/DEBOT\/images.jpg\" alt=\"\" width=\"100\" height=\"106\" align=\"left\" \/>Rafael Ribeiro Pimentel<\/strong><\/p>\n<p>Professor Adjunto &#8211; C2<\/p>\n<p>Doutor<\/p>\n<p>\u00c1rea de Atua\u00e7\u00e3o: Anatomia Vegetal<\/p>\n<p>Disciplina Lecionada: IB- 610<\/p>\n<p><a href=\"http:\/\/buscatextual.cnpq.br\/buscatextual\/visualizacv.do?id=K4723989U3\">Curriculum Lattes<\/a><\/p>\n<p>E-mail:<\/p>\n<div>\n<div>\n<p>______________________________________________________________________________<\/p>\n<p><strong><img loading=\"lazy\" decoding=\"async\" src=\"http:\/\/r1.ufrrj.br\/wp\/ib\/wp-content\/uploads\/image\/DEBOT\/images.jpg\" alt=\"\" width=\"100\" height=\"106\" align=\"left\" \/>Rejane Gomes-Pimentel<\/strong><\/p>\n<p>Professora Associada &#8211; D3<\/p>\n<p>Doutora<\/p>\n<p>\u00c1reas de Atua\u00e7\u00e3o: Biologia Reprodutiva de Angiospermas.<\/p>\n<p>Disciplinas Lecionadas: IB-603; IB-610 e IB-613.<\/p>\n<p><a href=\"http:\/\/buscatextual.cnpq.br\/buscatextual\/visualizacv.do?id=K4768341D2\">Curriculum Lattes<\/a><\/p>\n<p>E-mail:\u00a0<a href=\"mailto:rejanegomes@ufrrj.br\">rejanegomes@ufrrj.br<\/a><\/p>\n<\/div>\n<\/div>\n<\/td>\n<\/tr>\n<\/tbody>\n<\/table>\n<\/td>\n<\/tr>\n<\/tbody>\n<\/table>\n<\/div>\n","protected":false},"excerpt":{"rendered":"<p>Denise Monte Braz Professora Associada &#8211; D3 Doutora \u00c1reas de Atua\u00e7\u00e3o:Taxonomia e Flor\u00edstica de Faner\u00f3gamas. Morfologia Externa. Disciplinas Lecionadas:\u00a0IB-603; IB-605 Curriculum Lattes [&hellip;]<\/p>\n","protected":false},"author":16,"featured_media":0,"parent":431,"menu_order":0,"comment_status":"closed","ping_status":"closed","template":"","meta":{"_acf_changed":false,"_themeisle_gutenberg_block_has_review":false,"footnotes":"","_links_to":"","_links_to_target":""},"class_list":["post-434","page","type-page","status-publish","hentry"],"acf":[],"yoast_head":"<!-- This site is optimized with the Yoast SEO plugin v26.8 - https:\/\/yoast.com\/product\/yoast-seo-wordpress\/ -->\n<title>Docentes - Instituto de Ci\u00eancias Biol\u00f3gicas e da Sa\u00fade<\/title>\n<meta name=\"robots\" content=\"index, follow, max-snippet:-1, max-image-preview:large, max-video-preview:-1\" \/>\n<link rel=\"canonical\" href=\"https:\/\/institutos.ufrrj.br\/icbs\/departamento-de-botanica\/docentes\/\" \/>\n<meta property=\"og:locale\" content=\"pt_BR\" \/>\n<meta property=\"og:type\" content=\"article\" \/>\n<meta property=\"og:title\" content=\"Docentes - Instituto de Ci\u00eancias Biol\u00f3gicas e da Sa\u00fade\" \/>\n<meta property=\"og:description\" content=\"Denise Monte Braz Professora Associada &#8211; D3 Doutora \u00c1reas de Atua\u00e7\u00e3o:Taxonomia e Flor\u00edstica de Faner\u00f3gamas. Morfologia Externa. Disciplinas Lecionadas:\u00a0IB-603; IB-605 Curriculum Lattes [&hellip;]\" \/>\n<meta property=\"og:url\" content=\"https:\/\/institutos.ufrrj.br\/icbs\/departamento-de-botanica\/docentes\/\" \/>\n<meta property=\"og:site_name\" content=\"Instituto de Ci\u00eancias Biol\u00f3gicas e da Sa\u00fade\" \/>\n<meta property=\"article:modified_time\" content=\"2024-07-19T17:46:43+00:00\" \/>\n<meta property=\"og:image\" content=\"http:\/\/r1.ufrrj.br\/wp\/ib\/wp-content\/uploads\/image\/DEBOT\/Denise.jpg\" \/>\n<meta name=\"twitter:card\" content=\"summary_large_image\" \/>\n<meta name=\"twitter:label1\" content=\"Est. tempo de leitura\" \/>\n\t<meta name=\"twitter:data1\" content=\"2 minutos\" \/>\n<script type=\"application\/ld+json\" class=\"yoast-schema-graph\">{\"@context\":\"https:\/\/schema.org\",\"@graph\":[{\"@type\":\"WebPage\",\"@id\":\"https:\/\/institutos.ufrrj.br\/icbs\/departamento-de-botanica\/docentes\/\",\"url\":\"https:\/\/institutos.ufrrj.br\/icbs\/departamento-de-botanica\/docentes\/\",\"name\":\"Docentes - Instituto de Ci\u00eancias Biol\u00f3gicas e da Sa\u00fade\",\"isPartOf\":{\"@id\":\"https:\/\/institutos.ufrrj.br\/icbs\/#website\"},\"primaryImageOfPage\":{\"@id\":\"https:\/\/institutos.ufrrj.br\/icbs\/departamento-de-botanica\/docentes\/#primaryimage\"},\"image\":{\"@id\":\"https:\/\/institutos.ufrrj.br\/icbs\/departamento-de-botanica\/docentes\/#primaryimage\"},\"thumbnailUrl\":\"http:\/\/r1.ufrrj.br\/wp\/ib\/wp-content\/uploads\/image\/DEBOT\/Denise.jpg\",\"datePublished\":\"2016-04-04T13:37:54+00:00\",\"dateModified\":\"2024-07-19T17:46:43+00:00\",\"breadcrumb\":{\"@id\":\"https:\/\/institutos.ufrrj.br\/icbs\/departamento-de-botanica\/docentes\/#breadcrumb\"},\"inLanguage\":\"pt-BR\",\"potentialAction\":[{\"@type\":\"ReadAction\",\"target\":[\"https:\/\/institutos.ufrrj.br\/icbs\/departamento-de-botanica\/docentes\/\"]}]},{\"@type\":\"ImageObject\",\"inLanguage\":\"pt-BR\",\"@id\":\"https:\/\/institutos.ufrrj.br\/icbs\/departamento-de-botanica\/docentes\/#primaryimage\",\"url\":\"http:\/\/r1.ufrrj.br\/wp\/ib\/wp-content\/uploads\/image\/DEBOT\/Denise.jpg\",\"contentUrl\":\"http:\/\/r1.ufrrj.br\/wp\/ib\/wp-content\/uploads\/image\/DEBOT\/Denise.jpg\"},{\"@type\":\"BreadcrumbList\",\"@id\":\"https:\/\/institutos.ufrrj.br\/icbs\/departamento-de-botanica\/docentes\/#breadcrumb\",\"itemListElement\":[{\"@type\":\"ListItem\",\"position\":1,\"name\":\"In\u00edcio\",\"item\":\"https:\/\/institutos.ufrrj.br\/icbs\/\"},{\"@type\":\"ListItem\",\"position\":2,\"name\":\"Departamento de Bot\u00e2nica\",\"item\":\"https:\/\/institutos.ufrrj.br\/icbs\/departamento-de-botanica\/\"},{\"@type\":\"ListItem\",\"position\":3,\"name\":\"Docentes\"}]},{\"@type\":\"WebSite\",\"@id\":\"https:\/\/institutos.ufrrj.br\/icbs\/#website\",\"url\":\"https:\/\/institutos.ufrrj.br\/icbs\/\",\"name\":\"ICBS - Instituto de Ci\u00eancias Biol\u00f3gicas e da Sa\u00fade\",\"description\":\"\",\"publisher\":{\"@id\":\"https:\/\/institutos.ufrrj.br\/icbs\/#organization\"},\"potentialAction\":[{\"@type\":\"SearchAction\",\"target\":{\"@type\":\"EntryPoint\",\"urlTemplate\":\"https:\/\/institutos.ufrrj.br\/icbs\/?s={search_term_string}\"},\"query-input\":{\"@type\":\"PropertyValueSpecification\",\"valueRequired\":true,\"valueName\":\"search_term_string\"}}],\"inLanguage\":\"pt-BR\"},{\"@type\":\"Organization\",\"@id\":\"https:\/\/institutos.ufrrj.br\/icbs\/#organization\",\"name\":\"UFRRJ - Universidade Federal Rural do Rio de Janeiro\",\"url\":\"https:\/\/institutos.ufrrj.br\/icbs\/\",\"logo\":{\"@type\":\"ImageObject\",\"inLanguage\":\"pt-BR\",\"@id\":\"https:\/\/institutos.ufrrj.br\/icbs\/#\/schema\/logo\/image\/\",\"url\":\"https:\/\/institutos.ufrrj.br\/icbs\/wp-content\/uploads\/sites\/6\/2022\/05\/Logo-ICBS.png\",\"contentUrl\":\"https:\/\/institutos.ufrrj.br\/icbs\/wp-content\/uploads\/sites\/6\/2022\/05\/Logo-ICBS.png\",\"width\":387,\"height\":371,\"caption\":\"UFRRJ - Universidade Federal Rural do Rio de Janeiro\"},\"image\":{\"@id\":\"https:\/\/institutos.ufrrj.br\/icbs\/#\/schema\/logo\/image\/\"}}]}<\/script>\n<!-- \/ Yoast SEO plugin. -->","yoast_head_json":{"title":"Docentes - Instituto de Ci\u00eancias Biol\u00f3gicas e da Sa\u00fade","robots":{"index":"index","follow":"follow","max-snippet":"max-snippet:-1","max-image-preview":"max-image-preview:large","max-video-preview":"max-video-preview:-1"},"canonical":"https:\/\/institutos.ufrrj.br\/icbs\/departamento-de-botanica\/docentes\/","og_locale":"pt_BR","og_type":"article","og_title":"Docentes - Instituto de Ci\u00eancias Biol\u00f3gicas e da Sa\u00fade","og_description":"Denise Monte Braz Professora Associada &#8211; D3 Doutora \u00c1reas de Atua\u00e7\u00e3o:Taxonomia e Flor\u00edstica de Faner\u00f3gamas. Morfologia Externa. Disciplinas Lecionadas:\u00a0IB-603; IB-605 Curriculum Lattes [&hellip;]","og_url":"https:\/\/institutos.ufrrj.br\/icbs\/departamento-de-botanica\/docentes\/","og_site_name":"Instituto de Ci\u00eancias Biol\u00f3gicas e da Sa\u00fade","article_modified_time":"2024-07-19T17:46:43+00:00","og_image":[{"url":"http:\/\/r1.ufrrj.br\/wp\/ib\/wp-content\/uploads\/image\/DEBOT\/Denise.jpg","type":"","width":"","height":""}],"twitter_card":"summary_large_image","twitter_misc":{"Est. tempo de leitura":"2 minutos"},"schema":{"@context":"https:\/\/schema.org","@graph":[{"@type":"WebPage","@id":"https:\/\/institutos.ufrrj.br\/icbs\/departamento-de-botanica\/docentes\/","url":"https:\/\/institutos.ufrrj.br\/icbs\/departamento-de-botanica\/docentes\/","name":"Docentes - Instituto de Ci\u00eancias Biol\u00f3gicas e da Sa\u00fade","isPartOf":{"@id":"https:\/\/institutos.ufrrj.br\/icbs\/#website"},"primaryImageOfPage":{"@id":"https:\/\/institutos.ufrrj.br\/icbs\/departamento-de-botanica\/docentes\/#primaryimage"},"image":{"@id":"https:\/\/institutos.ufrrj.br\/icbs\/departamento-de-botanica\/docentes\/#primaryimage"},"thumbnailUrl":"http:\/\/r1.ufrrj.br\/wp\/ib\/wp-content\/uploads\/image\/DEBOT\/Denise.jpg","datePublished":"2016-04-04T13:37:54+00:00","dateModified":"2024-07-19T17:46:43+00:00","breadcrumb":{"@id":"https:\/\/institutos.ufrrj.br\/icbs\/departamento-de-botanica\/docentes\/#breadcrumb"},"inLanguage":"pt-BR","potentialAction":[{"@type":"ReadAction","target":["https:\/\/institutos.ufrrj.br\/icbs\/departamento-de-botanica\/docentes\/"]}]},{"@type":"ImageObject","inLanguage":"pt-BR","@id":"https:\/\/institutos.ufrrj.br\/icbs\/departamento-de-botanica\/docentes\/#primaryimage","url":"http:\/\/r1.ufrrj.br\/wp\/ib\/wp-content\/uploads\/image\/DEBOT\/Denise.jpg","contentUrl":"http:\/\/r1.ufrrj.br\/wp\/ib\/wp-content\/uploads\/image\/DEBOT\/Denise.jpg"},{"@type":"BreadcrumbList","@id":"https:\/\/institutos.ufrrj.br\/icbs\/departamento-de-botanica\/docentes\/#breadcrumb","itemListElement":[{"@type":"ListItem","position":1,"name":"In\u00edcio","item":"https:\/\/institutos.ufrrj.br\/icbs\/"},{"@type":"ListItem","position":2,"name":"Departamento de Bot\u00e2nica","item":"https:\/\/institutos.ufrrj.br\/icbs\/departamento-de-botanica\/"},{"@type":"ListItem","position":3,"name":"Docentes"}]},{"@type":"WebSite","@id":"https:\/\/institutos.ufrrj.br\/icbs\/#website","url":"https:\/\/institutos.ufrrj.br\/icbs\/","name":"ICBS - Instituto de Ci\u00eancias Biol\u00f3gicas e da Sa\u00fade","description":"","publisher":{"@id":"https:\/\/institutos.ufrrj.br\/icbs\/#organization"},"potentialAction":[{"@type":"SearchAction","target":{"@type":"EntryPoint","urlTemplate":"https:\/\/institutos.ufrrj.br\/icbs\/?s={search_term_string}"},"query-input":{"@type":"PropertyValueSpecification","valueRequired":true,"valueName":"search_term_string"}}],"inLanguage":"pt-BR"},{"@type":"Organization","@id":"https:\/\/institutos.ufrrj.br\/icbs\/#organization","name":"UFRRJ - Universidade Federal Rural do Rio de Janeiro","url":"https:\/\/institutos.ufrrj.br\/icbs\/","logo":{"@type":"ImageObject","inLanguage":"pt-BR","@id":"https:\/\/institutos.ufrrj.br\/icbs\/#\/schema\/logo\/image\/","url":"https:\/\/institutos.ufrrj.br\/icbs\/wp-content\/uploads\/sites\/6\/2022\/05\/Logo-ICBS.png","contentUrl":"https:\/\/institutos.ufrrj.br\/icbs\/wp-content\/uploads\/sites\/6\/2022\/05\/Logo-ICBS.png","width":387,"height":371,"caption":"UFRRJ - Universidade Federal Rural do Rio de Janeiro"},"image":{"@id":"https:\/\/institutos.ufrrj.br\/icbs\/#\/schema\/logo\/image\/"}}]}},"_links":{"self":[{"href":"https:\/\/institutos.ufrrj.br\/icbs\/wp-json\/wp\/v2\/pages\/434","targetHints":{"allow":["GET"]}}],"collection":[{"href":"https:\/\/institutos.ufrrj.br\/icbs\/wp-json\/wp\/v2\/pages"}],"about":[{"href":"https:\/\/institutos.ufrrj.br\/icbs\/wp-json\/wp\/v2\/types\/page"}],"author":[{"embeddable":true,"href":"https:\/\/institutos.ufrrj.br\/icbs\/wp-json\/wp\/v2\/users\/16"}],"replies":[{"embeddable":true,"href":"https:\/\/institutos.ufrrj.br\/icbs\/wp-json\/wp\/v2\/comments?post=434"}],"version-history":[{"count":31,"href":"https:\/\/institutos.ufrrj.br\/icbs\/wp-json\/wp\/v2\/pages\/434\/revisions"}],"predecessor-version":[{"id":2632,"href":"https:\/\/institutos.ufrrj.br\/icbs\/wp-json\/wp\/v2\/pages\/434\/revisions\/2632"}],"up":[{"embeddable":true,"href":"https:\/\/institutos.ufrrj.br\/icbs\/wp-json\/wp\/v2\/pages\/431"}],"wp:attachment":[{"href":"https:\/\/institutos.ufrrj.br\/icbs\/wp-json\/wp\/v2\/media?parent=434"}],"curies":[{"name":"wp","href":"https:\/\/api.w.org\/{rel}","templated":true}]}}