{"id":464,"date":"2016-04-06T12:04:09","date_gmt":"2016-04-06T12:04:09","guid":{"rendered":"http:\/\/institutos.ufrrj.br\/ib\/?page_id=464"},"modified":"2018-06-08T15:59:20","modified_gmt":"2018-06-08T15:59:20","slug":"disciplinas","status":"publish","type":"page","link":"https:\/\/institutos.ufrrj.br\/icbs\/departamento-de-botanica\/disciplinas\/","title":{"rendered":"Disciplinas"},"content":{"rendered":"<p>S\u00e3o ministradas pelo Departamento de Bot\u00e2nica 11\u00a0disciplinas obrigat\u00f3rias e 4\u00a0optativas para 7 cursos de gradua\u00e7\u00e3o (<strong>Agronomia,\u00a0<\/strong><strong>Ci\u00eancias Biol\u00f3gicas,\u00a0<\/strong><strong>Engenharia Agr\u00edcola<\/strong><strong>,\u00a0<\/strong><strong>Engenharia Florestal,\u00a0<\/strong><strong>Farm\u00e1cia,<\/strong><strong>\u00a0Licenciatura em Ci\u00eancias Agr\u00edcolas e Zootecnia<\/strong>).<\/p>\n<table border=\"1\" cellspacing=\"1\" cellpadding=\"1\">\n<tbody>\n<tr>\n<td><strong>C\u00f3digo<\/strong><\/td>\n<td><strong>Disciplina*<\/strong><\/p>\n<p><strong>(Cr\u00e9ditos T-P)<\/strong><\/td>\n<td><strong>Cursos Atendidos<\/strong><\/td>\n<\/tr>\n<tr>\n<td>IB-602<\/td>\n<td><a href=\"http:\/\/r1.ufrrj.br\/wp\/ib\/files\/2013\/04\/Microsoft-Word-IB-602.pdf\">Bot\u00e2nica B\u00e1sica<\/a><\/p>\n<p><a href=\"http:\/\/r1.ufrrj.br\/wp\/ib\/files\/2013\/04\/Microsoft-Word-IB-602.pdf\">( 2-2)<\/a><\/td>\n<td>Zootecnia,<br \/>\nEngenharia Agr\u00edcola<\/td>\n<\/tr>\n<tr>\n<td>IB-603<\/td>\n<td><a href=\"http:\/\/r1.ufrrj.br\/wp\/ib\/files\/2013\/04\/Microsoft-Word-IB-603.pdf\">Organografia Vegetal<\/a><\/p>\n<p><a href=\"http:\/\/r1.ufrrj.br\/wp\/ib\/files\/2013\/04\/Microsoft-Word-IB-603.pdf\">(2-2)<\/a><\/td>\n<td>Agronomia, Engenharia Florestal, Licenciaturas em Ci\u00eancias Agr\u00edcolas.<\/td>\n<\/tr>\n<tr>\n<td>IB-604<\/td>\n<td><a href=\"http:\/\/r1.ufrrj.br\/wp\/ib\/files\/2013\/04\/Microsoft-Word-IB-604.pdf\">Morfologia Externa de Faner\u00f3gamas<\/a><\/p>\n<p><a href=\"http:\/\/r1.ufrrj.br\/wp\/ib\/files\/2013\/04\/Microsoft-Word-IB-604.pdf\">(2-4)<\/a><\/td>\n<td>Ci\u00eancias Biol\u00f3gicas<\/td>\n<\/tr>\n<tr>\n<td>IB-605<\/td>\n<td><a href=\"http:\/\/r1.ufrrj.br\/wp\/ib\/files\/2013\/04\/Microsoft-Word-IB-605.pdf\">Sistem\u00e1tica Vegetal<\/a><\/p>\n<p><a href=\"http:\/\/r1.ufrrj.br\/wp\/ib\/files\/2013\/04\/Microsoft-Word-IB-605.pdf\">(2-2)<\/a><\/td>\n<td>Agronomia,<br \/>\nLicenciatura em<br \/>\nCi\u00eancias Agr\u00edcolas<\/td>\n<\/tr>\n<tr>\n<td>IB-606<\/td>\n<td><a href=\"http:\/\/r1.ufrrj.br\/wp\/ib\/files\/2013\/04\/Microsoft-Word-IB-606.pdf\">Sistem\u00e1tica de Plantas Florestais<\/a><\/p>\n<p><a href=\"http:\/\/r1.ufrrj.br\/wp\/ib\/files\/2013\/04\/Microsoft-Word-IB-606.pdf\">(2-2)<\/a><\/td>\n<td>Engenharia Florestal<\/td>\n<\/tr>\n<tr>\n<td>IB-607<\/td>\n<td><a href=\"http:\/\/r1.ufrrj.br\/wp\/ib\/files\/2013\/04\/Microsoft-Word-IB-607-DESATUALIZADO.pdf\">Sistem\u00e1tica de Faner\u00f3gamas<\/a><\/p>\n<p><a href=\"http:\/\/r1.ufrrj.br\/wp\/ib\/files\/2013\/04\/Microsoft-Word-IB-607-DESATUALIZADO.pdf\">(2-4)<\/a><\/td>\n<td>Ci\u00eancias Biol\u00f3gicas<\/td>\n<\/tr>\n<tr>\n<td>IB-608<\/td>\n<td><a href=\"http:\/\/r1.ufrrj.br\/wp\/ib\/files\/2013\/04\/Microsoft-Word-IB-608.pdf\">Biologia e Taxonomia de Cript\u00f3gamas I<\/a><\/p>\n<p><a href=\"http:\/\/r1.ufrrj.br\/wp\/ib\/files\/2013\/04\/Microsoft-Word-IB-608.pdf\">(2-2)<\/a><\/td>\n<td>Ci\u00eancias Biol\u00f3gicas<\/td>\n<\/tr>\n<tr>\n<td>IB-609<\/td>\n<td><a href=\"http:\/\/r1.ufrrj.br\/wp\/ib\/files\/2013\/04\/Microsoft-Word-IB-609.pdf\">Biologia e Taxonomia de Cript\u00f3gamas II<\/a><\/p>\n<p><a href=\"http:\/\/r1.ufrrj.br\/wp\/ib\/files\/2013\/04\/Microsoft-Word-IB-609.pdf\">(2-2)<\/a><\/td>\n<td>Ci\u00eancias Biol\u00f3gicas<\/td>\n<\/tr>\n<tr>\n<td>IB-610<\/td>\n<td><a href=\"http:\/\/r1.ufrrj.br\/wp\/ib\/files\/2013\/04\/Microsoft-Word-IB-610-Anatomia-Vegetal.pdf\">\u00a0Anatomia Vegetal<\/a><\/p>\n<p><a href=\"http:\/\/r1.ufrrj.br\/wp\/ib\/files\/2013\/04\/Microsoft-Word-IB-610-Anatomia-Vegetal.pdf\">(2-2)<\/a><\/td>\n<td>Agronomia, Ci\u00eancias Biol\u00f3gicas,<br \/>\nEngenharia Florestal, Licenciatura em<br \/>\nCi\u00eancias Agr\u00edcolas, Zootecnia<\/td>\n<\/tr>\n<tr>\n<td>IB-611<\/td>\n<td><a href=\"http:\/\/r1.ufrrj.br\/wp\/ib\/files\/2013\/04\/Microsoft-Word-IB-611.pdf\">Etnobot\u00e2nica e Bot\u00e2nica Econ\u00f4mica<\/a><\/p>\n<p><a href=\"http:\/\/r1.ufrrj.br\/wp\/ib\/files\/2013\/04\/Microsoft-Word-IB-611.pdf\">(Disciplina Optativa)<\/a><\/p>\n<p><a href=\"http:\/\/r1.ufrrj.br\/wp\/ib\/files\/2013\/04\/Microsoft-Word-IB-611.pdf\">(2-2)<\/a><\/td>\n<td>Agronomia, Ci\u00eancias Biol\u00f3gicas e<br \/>\nLicenciatura em Ci\u00eancias Agr\u00edcolas<\/td>\n<\/tr>\n<tr>\n<td><\/td>\n<td><\/td>\n<\/tr>\n<tr>\n<td>IB-613<\/td>\n<td>Biologia Reprodutiva de Angiospermas<\/p>\n<p>(Disciplina Optativa)<\/p>\n<p>(2-2)<\/td>\n<td>Ci\u00eancias Biol\u00f3gicas, Agronomia, Engenharia Florestal, Zootecnia e Licenciatura em Ci\u00eancias Agr\u00edcolas<\/td>\n<\/tr>\n<tr>\n<td><\/td>\n<\/tr>\n<tr>\n<td>IB-615<\/td>\n<td><a href=\"http:\/\/r1.ufrrj.br\/wp\/ib\/files\/2013\/04\/Microsoft-Word-IB-615.pdf\">Quimiossistem\u00e1tica Vegetal (Disciplina Optativa)<\/a><\/p>\n<p><a href=\"http:\/\/r1.ufrrj.br\/wp\/ib\/files\/2013\/04\/Microsoft-Word-IB-615.pdf\">(2-0)<\/a><\/td>\n<td>Ci\u00eancias Biol\u00f3gicas, Engenharia Florestal, Licenciaturas em Ci\u00eancias Agr\u00edcolas, Agronomia, Qu\u00edmica e Farm\u00e1cia.<\/td>\n<\/tr>\n<\/tbody>\n<\/table>\n<p>&nbsp;<\/p>\n<p>&nbsp;<\/p>\n<p>&nbsp;<\/p>\n<p>&nbsp;<\/p>\n<p>&nbsp;<\/p>\n","protected":false},"excerpt":{"rendered":"<p>S\u00e3o ministradas pelo Departamento de Bot\u00e2nica 11\u00a0disciplinas obrigat\u00f3rias e 4\u00a0optativas para 7 cursos de gradua\u00e7\u00e3o (Agronomia,\u00a0Ci\u00eancias Biol\u00f3gicas,\u00a0Engenharia Agr\u00edcola,\u00a0Engenharia Florestal,\u00a0Farm\u00e1cia,\u00a0Licenciatura em Ci\u00eancias Agr\u00edcolas [&hellip;]<\/p>\n","protected":false},"author":16,"featured_media":0,"parent":431,"menu_order":0,"comment_status":"closed","ping_status":"closed","template":"","meta":{"_acf_changed":false,"_themeisle_gutenberg_block_has_review":false,"footnotes":"","_links_to":"","_links_to_target":""},"class_list":["post-464","page","type-page","status-publish","hentry"],"acf":[],"yoast_head":"<!-- This site is optimized with the Yoast SEO plugin v26.8 - https:\/\/yoast.com\/product\/yoast-seo-wordpress\/ -->\n<title>Disciplinas - Instituto de Ci\u00eancias Biol\u00f3gicas e da Sa\u00fade<\/title>\n<meta name=\"robots\" content=\"index, follow, max-snippet:-1, max-image-preview:large, max-video-preview:-1\" \/>\n<link rel=\"canonical\" href=\"https:\/\/institutos.ufrrj.br\/icbs\/departamento-de-botanica\/disciplinas\/\" \/>\n<meta property=\"og:locale\" content=\"pt_BR\" \/>\n<meta property=\"og:type\" content=\"article\" \/>\n<meta property=\"og:title\" content=\"Disciplinas - Instituto de Ci\u00eancias Biol\u00f3gicas e da Sa\u00fade\" \/>\n<meta property=\"og:description\" content=\"S\u00e3o ministradas pelo Departamento de Bot\u00e2nica 11\u00a0disciplinas obrigat\u00f3rias e 4\u00a0optativas para 7 cursos de gradua\u00e7\u00e3o (Agronomia,\u00a0Ci\u00eancias Biol\u00f3gicas,\u00a0Engenharia Agr\u00edcola,\u00a0Engenharia Florestal,\u00a0Farm\u00e1cia,\u00a0Licenciatura em Ci\u00eancias Agr\u00edcolas [&hellip;]\" \/>\n<meta property=\"og:url\" content=\"https:\/\/institutos.ufrrj.br\/icbs\/departamento-de-botanica\/disciplinas\/\" \/>\n<meta property=\"og:site_name\" content=\"Instituto de Ci\u00eancias Biol\u00f3gicas e da Sa\u00fade\" \/>\n<meta property=\"article:modified_time\" content=\"2018-06-08T15:59:20+00:00\" \/>\n<meta name=\"twitter:card\" content=\"summary_large_image\" \/>\n<meta name=\"twitter:label1\" content=\"Est. tempo de leitura\" \/>\n\t<meta name=\"twitter:data1\" content=\"1 minuto\" \/>\n<script type=\"application\/ld+json\" class=\"yoast-schema-graph\">{\"@context\":\"https:\/\/schema.org\",\"@graph\":[{\"@type\":\"WebPage\",\"@id\":\"https:\/\/institutos.ufrrj.br\/icbs\/departamento-de-botanica\/disciplinas\/\",\"url\":\"https:\/\/institutos.ufrrj.br\/icbs\/departamento-de-botanica\/disciplinas\/\",\"name\":\"Disciplinas - Instituto de Ci\u00eancias Biol\u00f3gicas e da Sa\u00fade\",\"isPartOf\":{\"@id\":\"https:\/\/institutos.ufrrj.br\/icbs\/#website\"},\"datePublished\":\"2016-04-06T12:04:09+00:00\",\"dateModified\":\"2018-06-08T15:59:20+00:00\",\"breadcrumb\":{\"@id\":\"https:\/\/institutos.ufrrj.br\/icbs\/departamento-de-botanica\/disciplinas\/#breadcrumb\"},\"inLanguage\":\"pt-BR\",\"potentialAction\":[{\"@type\":\"ReadAction\",\"target\":[\"https:\/\/institutos.ufrrj.br\/icbs\/departamento-de-botanica\/disciplinas\/\"]}]},{\"@type\":\"BreadcrumbList\",\"@id\":\"https:\/\/institutos.ufrrj.br\/icbs\/departamento-de-botanica\/disciplinas\/#breadcrumb\",\"itemListElement\":[{\"@type\":\"ListItem\",\"position\":1,\"name\":\"In\u00edcio\",\"item\":\"https:\/\/institutos.ufrrj.br\/icbs\/\"},{\"@type\":\"ListItem\",\"position\":2,\"name\":\"Departamento de Bot\u00e2nica\",\"item\":\"https:\/\/institutos.ufrrj.br\/icbs\/departamento-de-botanica\/\"},{\"@type\":\"ListItem\",\"position\":3,\"name\":\"Disciplinas\"}]},{\"@type\":\"WebSite\",\"@id\":\"https:\/\/institutos.ufrrj.br\/icbs\/#website\",\"url\":\"https:\/\/institutos.ufrrj.br\/icbs\/\",\"name\":\"ICBS - Instituto de Ci\u00eancias Biol\u00f3gicas e da Sa\u00fade\",\"description\":\"\",\"publisher\":{\"@id\":\"https:\/\/institutos.ufrrj.br\/icbs\/#organization\"},\"potentialAction\":[{\"@type\":\"SearchAction\",\"target\":{\"@type\":\"EntryPoint\",\"urlTemplate\":\"https:\/\/institutos.ufrrj.br\/icbs\/?s={search_term_string}\"},\"query-input\":{\"@type\":\"PropertyValueSpecification\",\"valueRequired\":true,\"valueName\":\"search_term_string\"}}],\"inLanguage\":\"pt-BR\"},{\"@type\":\"Organization\",\"@id\":\"https:\/\/institutos.ufrrj.br\/icbs\/#organization\",\"name\":\"UFRRJ - Universidade Federal Rural do Rio de Janeiro\",\"url\":\"https:\/\/institutos.ufrrj.br\/icbs\/\",\"logo\":{\"@type\":\"ImageObject\",\"inLanguage\":\"pt-BR\",\"@id\":\"https:\/\/institutos.ufrrj.br\/icbs\/#\/schema\/logo\/image\/\",\"url\":\"https:\/\/institutos.ufrrj.br\/icbs\/wp-content\/uploads\/sites\/6\/2022\/05\/Logo-ICBS.png\",\"contentUrl\":\"https:\/\/institutos.ufrrj.br\/icbs\/wp-content\/uploads\/sites\/6\/2022\/05\/Logo-ICBS.png\",\"width\":387,\"height\":371,\"caption\":\"UFRRJ - Universidade Federal Rural do Rio de Janeiro\"},\"image\":{\"@id\":\"https:\/\/institutos.ufrrj.br\/icbs\/#\/schema\/logo\/image\/\"}}]}<\/script>\n<!-- \/ Yoast SEO plugin. -->","yoast_head_json":{"title":"Disciplinas - Instituto de Ci\u00eancias Biol\u00f3gicas e da Sa\u00fade","robots":{"index":"index","follow":"follow","max-snippet":"max-snippet:-1","max-image-preview":"max-image-preview:large","max-video-preview":"max-video-preview:-1"},"canonical":"https:\/\/institutos.ufrrj.br\/icbs\/departamento-de-botanica\/disciplinas\/","og_locale":"pt_BR","og_type":"article","og_title":"Disciplinas - Instituto de Ci\u00eancias Biol\u00f3gicas e da Sa\u00fade","og_description":"S\u00e3o ministradas pelo Departamento de Bot\u00e2nica 11\u00a0disciplinas obrigat\u00f3rias e 4\u00a0optativas para 7 cursos de gradua\u00e7\u00e3o (Agronomia,\u00a0Ci\u00eancias Biol\u00f3gicas,\u00a0Engenharia Agr\u00edcola,\u00a0Engenharia Florestal,\u00a0Farm\u00e1cia,\u00a0Licenciatura em Ci\u00eancias Agr\u00edcolas [&hellip;]","og_url":"https:\/\/institutos.ufrrj.br\/icbs\/departamento-de-botanica\/disciplinas\/","og_site_name":"Instituto de Ci\u00eancias Biol\u00f3gicas e da Sa\u00fade","article_modified_time":"2018-06-08T15:59:20+00:00","twitter_card":"summary_large_image","twitter_misc":{"Est. tempo de leitura":"1 minuto"},"schema":{"@context":"https:\/\/schema.org","@graph":[{"@type":"WebPage","@id":"https:\/\/institutos.ufrrj.br\/icbs\/departamento-de-botanica\/disciplinas\/","url":"https:\/\/institutos.ufrrj.br\/icbs\/departamento-de-botanica\/disciplinas\/","name":"Disciplinas - Instituto de Ci\u00eancias Biol\u00f3gicas e da Sa\u00fade","isPartOf":{"@id":"https:\/\/institutos.ufrrj.br\/icbs\/#website"},"datePublished":"2016-04-06T12:04:09+00:00","dateModified":"2018-06-08T15:59:20+00:00","breadcrumb":{"@id":"https:\/\/institutos.ufrrj.br\/icbs\/departamento-de-botanica\/disciplinas\/#breadcrumb"},"inLanguage":"pt-BR","potentialAction":[{"@type":"ReadAction","target":["https:\/\/institutos.ufrrj.br\/icbs\/departamento-de-botanica\/disciplinas\/"]}]},{"@type":"BreadcrumbList","@id":"https:\/\/institutos.ufrrj.br\/icbs\/departamento-de-botanica\/disciplinas\/#breadcrumb","itemListElement":[{"@type":"ListItem","position":1,"name":"In\u00edcio","item":"https:\/\/institutos.ufrrj.br\/icbs\/"},{"@type":"ListItem","position":2,"name":"Departamento de Bot\u00e2nica","item":"https:\/\/institutos.ufrrj.br\/icbs\/departamento-de-botanica\/"},{"@type":"ListItem","position":3,"name":"Disciplinas"}]},{"@type":"WebSite","@id":"https:\/\/institutos.ufrrj.br\/icbs\/#website","url":"https:\/\/institutos.ufrrj.br\/icbs\/","name":"ICBS - Instituto de Ci\u00eancias Biol\u00f3gicas e da Sa\u00fade","description":"","publisher":{"@id":"https:\/\/institutos.ufrrj.br\/icbs\/#organization"},"potentialAction":[{"@type":"SearchAction","target":{"@type":"EntryPoint","urlTemplate":"https:\/\/institutos.ufrrj.br\/icbs\/?s={search_term_string}"},"query-input":{"@type":"PropertyValueSpecification","valueRequired":true,"valueName":"search_term_string"}}],"inLanguage":"pt-BR"},{"@type":"Organization","@id":"https:\/\/institutos.ufrrj.br\/icbs\/#organization","name":"UFRRJ - Universidade Federal Rural do Rio de Janeiro","url":"https:\/\/institutos.ufrrj.br\/icbs\/","logo":{"@type":"ImageObject","inLanguage":"pt-BR","@id":"https:\/\/institutos.ufrrj.br\/icbs\/#\/schema\/logo\/image\/","url":"https:\/\/institutos.ufrrj.br\/icbs\/wp-content\/uploads\/sites\/6\/2022\/05\/Logo-ICBS.png","contentUrl":"https:\/\/institutos.ufrrj.br\/icbs\/wp-content\/uploads\/sites\/6\/2022\/05\/Logo-ICBS.png","width":387,"height":371,"caption":"UFRRJ - Universidade Federal Rural do Rio de Janeiro"},"image":{"@id":"https:\/\/institutos.ufrrj.br\/icbs\/#\/schema\/logo\/image\/"}}]}},"_links":{"self":[{"href":"https:\/\/institutos.ufrrj.br\/icbs\/wp-json\/wp\/v2\/pages\/464","targetHints":{"allow":["GET"]}}],"collection":[{"href":"https:\/\/institutos.ufrrj.br\/icbs\/wp-json\/wp\/v2\/pages"}],"about":[{"href":"https:\/\/institutos.ufrrj.br\/icbs\/wp-json\/wp\/v2\/types\/page"}],"author":[{"embeddable":true,"href":"https:\/\/institutos.ufrrj.br\/icbs\/wp-json\/wp\/v2\/users\/16"}],"replies":[{"embeddable":true,"href":"https:\/\/institutos.ufrrj.br\/icbs\/wp-json\/wp\/v2\/comments?post=464"}],"version-history":[{"count":13,"href":"https:\/\/institutos.ufrrj.br\/icbs\/wp-json\/wp\/v2\/pages\/464\/revisions"}],"predecessor-version":[{"id":853,"href":"https:\/\/institutos.ufrrj.br\/icbs\/wp-json\/wp\/v2\/pages\/464\/revisions\/853"}],"up":[{"embeddable":true,"href":"https:\/\/institutos.ufrrj.br\/icbs\/wp-json\/wp\/v2\/pages\/431"}],"wp:attachment":[{"href":"https:\/\/institutos.ufrrj.br\/icbs\/wp-json\/wp\/v2\/media?parent=464"}],"curies":[{"name":"wp","href":"https:\/\/api.w.org\/{rel}","templated":true}]}}