{"id":466,"date":"2016-04-06T12:04:32","date_gmt":"2016-04-06T12:04:32","guid":{"rendered":"http:\/\/institutos.ufrrj.br\/ib\/?page_id=466"},"modified":"2024-07-30T15:42:56","modified_gmt":"2024-07-30T18:42:56","slug":"monitoria","status":"publish","type":"page","link":"https:\/\/institutos.ufrrj.br\/icbs\/departamento-de-botanica\/monitoria\/","title":{"rendered":"Monitoria"},"content":{"rendered":"<div>\n<p>&nbsp;<\/p>\n<p>O\u00a0<b>Departamento de Bot\u00e2nica<\/b>, do Instituto de Ci\u00eancias Biol\u00f3gicas e da Sa\u00fade (ICBS), informa que se encontram abertas as inscri\u00e7\u00f5es para os concursos de monitorias:<\/p>\n<\/div>\n<div>\n<hr \/>\n<\/div>\n<div>\n<p><b>Organografia Vegetal (IB603) e Morfologia Externa de\u00a0Faner\u00f3gamas (IB620)<\/b><\/p>\n<p><b>Per\u00edodo de Inscri\u00e7\u00e3o:\u00a0<\/b>As inscri\u00e7\u00f5es poder\u00e3o ser realizadas a partir da publica\u00e7\u00e3o deste edital at\u00e9 o dia 26 de agosto de 2024.<\/p>\n<p><b>Prova<\/b>: 28 de agosto de 2024<\/p>\n<p><a href=\"https:\/\/institutos.ufrrj.br\/icbs\/wp-content\/uploads\/sites\/6\/2024\/07\/Edital-monitoria-IB603_IB620-2024.2.pdf\" target=\"_blank\" rel=\"noopener\"><b>Link para o Edital<\/b><\/a><\/p>\n<\/div>\n<div><\/div>\n<div>\n<hr \/>\n<\/div>\n<div><b>\u00c1rea de Sistem\u00e1tica Vegetal (IB605)<\/p>\n<p><\/b><b>Per\u00edodo de inscri\u00e7\u00e3o<\/b>: 01\/08\/2024 a 20\/08\/2024<\/p>\n<p><b>Prova<\/b>: 21 de agosto de 2024<\/p>\n<p><a href=\"https:\/\/institutos.ufrrj.br\/icbs\/wp-content\/uploads\/sites\/6\/2024\/07\/EDITAL-PARA-CONCURSO-DE-MONITORIA-AREA-SISTEMATICA-VEGETAL-2024-2.pdf\" target=\"_blank\" rel=\"noopener\"><b>Link para o Edital<\/b><\/a><\/div>\n<div><\/div>\n<div>\n<hr \/>\n<\/div>\n<div><b>Bot\u00e2nica\u00a0B\u00e1sica (IB602) e \u00c1rea de Sistem\u00e1tica Vegetal<\/p>\n<p><\/b><b>Per\u00edodo de Inscri\u00e7\u00e3o:\u00a0<\/b>01\/08\/2024 a 26\/08\/2024<\/p>\n<p><b>Data da Prova<\/b>: 28\/08\/2024<\/p>\n<p><a href=\"https:\/\/institutos.ufrrj.br\/icbs\/wp-content\/uploads\/sites\/6\/2024\/07\/Edital-Bot-Basica-e-Area-Sistematica-Vegetal.pdf\" target=\"_blank\" rel=\"noopener\"><b>Link para o Edital<\/b><\/a><\/div>\n","protected":false},"excerpt":{"rendered":"<p>&nbsp; O\u00a0Departamento de Bot\u00e2nica, do Instituto de Ci\u00eancias Biol\u00f3gicas e da Sa\u00fade (ICBS), informa que se encontram abertas as inscri\u00e7\u00f5es para os [&hellip;]<\/p>\n","protected":false},"author":16,"featured_media":0,"parent":431,"menu_order":0,"comment_status":"closed","ping_status":"closed","template":"","meta":{"_acf_changed":false,"_themeisle_gutenberg_block_has_review":false,"footnotes":"","_links_to":"","_links_to_target":""},"class_list":["post-466","page","type-page","status-publish","hentry"],"acf":[],"yoast_head":"<!-- This site is optimized with the Yoast SEO plugin v26.8 - https:\/\/yoast.com\/product\/yoast-seo-wordpress\/ -->\n<title>Monitoria - Instituto de Ci\u00eancias Biol\u00f3gicas e da Sa\u00fade<\/title>\n<meta name=\"robots\" content=\"index, follow, max-snippet:-1, max-image-preview:large, max-video-preview:-1\" \/>\n<link rel=\"canonical\" href=\"https:\/\/institutos.ufrrj.br\/icbs\/departamento-de-botanica\/monitoria\/\" \/>\n<meta property=\"og:locale\" content=\"pt_BR\" \/>\n<meta property=\"og:type\" content=\"article\" \/>\n<meta property=\"og:title\" content=\"Monitoria - Instituto de Ci\u00eancias Biol\u00f3gicas e da Sa\u00fade\" \/>\n<meta property=\"og:description\" content=\"&nbsp; O\u00a0Departamento de Bot\u00e2nica, do Instituto de Ci\u00eancias Biol\u00f3gicas e da Sa\u00fade (ICBS), informa que se encontram abertas as inscri\u00e7\u00f5es para os [&hellip;]\" \/>\n<meta property=\"og:url\" content=\"https:\/\/institutos.ufrrj.br\/icbs\/departamento-de-botanica\/monitoria\/\" \/>\n<meta property=\"og:site_name\" content=\"Instituto de Ci\u00eancias Biol\u00f3gicas e da Sa\u00fade\" \/>\n<meta property=\"article:modified_time\" content=\"2024-07-30T18:42:56+00:00\" \/>\n<meta name=\"twitter:card\" content=\"summary_large_image\" \/>\n<meta name=\"twitter:label1\" content=\"Est. tempo de leitura\" \/>\n\t<meta name=\"twitter:data1\" content=\"1 minuto\" \/>\n<script type=\"application\/ld+json\" class=\"yoast-schema-graph\">{\"@context\":\"https:\/\/schema.org\",\"@graph\":[{\"@type\":\"WebPage\",\"@id\":\"https:\/\/institutos.ufrrj.br\/icbs\/departamento-de-botanica\/monitoria\/\",\"url\":\"https:\/\/institutos.ufrrj.br\/icbs\/departamento-de-botanica\/monitoria\/\",\"name\":\"Monitoria - Instituto de Ci\u00eancias Biol\u00f3gicas e da Sa\u00fade\",\"isPartOf\":{\"@id\":\"https:\/\/institutos.ufrrj.br\/icbs\/#website\"},\"datePublished\":\"2016-04-06T12:04:32+00:00\",\"dateModified\":\"2024-07-30T18:42:56+00:00\",\"breadcrumb\":{\"@id\":\"https:\/\/institutos.ufrrj.br\/icbs\/departamento-de-botanica\/monitoria\/#breadcrumb\"},\"inLanguage\":\"pt-BR\",\"potentialAction\":[{\"@type\":\"ReadAction\",\"target\":[\"https:\/\/institutos.ufrrj.br\/icbs\/departamento-de-botanica\/monitoria\/\"]}]},{\"@type\":\"BreadcrumbList\",\"@id\":\"https:\/\/institutos.ufrrj.br\/icbs\/departamento-de-botanica\/monitoria\/#breadcrumb\",\"itemListElement\":[{\"@type\":\"ListItem\",\"position\":1,\"name\":\"In\u00edcio\",\"item\":\"https:\/\/institutos.ufrrj.br\/icbs\/\"},{\"@type\":\"ListItem\",\"position\":2,\"name\":\"Departamento de Bot\u00e2nica\",\"item\":\"https:\/\/institutos.ufrrj.br\/icbs\/departamento-de-botanica\/\"},{\"@type\":\"ListItem\",\"position\":3,\"name\":\"Monitoria\"}]},{\"@type\":\"WebSite\",\"@id\":\"https:\/\/institutos.ufrrj.br\/icbs\/#website\",\"url\":\"https:\/\/institutos.ufrrj.br\/icbs\/\",\"name\":\"ICBS - Instituto de Ci\u00eancias Biol\u00f3gicas e da Sa\u00fade\",\"description\":\"\",\"publisher\":{\"@id\":\"https:\/\/institutos.ufrrj.br\/icbs\/#organization\"},\"potentialAction\":[{\"@type\":\"SearchAction\",\"target\":{\"@type\":\"EntryPoint\",\"urlTemplate\":\"https:\/\/institutos.ufrrj.br\/icbs\/?s={search_term_string}\"},\"query-input\":{\"@type\":\"PropertyValueSpecification\",\"valueRequired\":true,\"valueName\":\"search_term_string\"}}],\"inLanguage\":\"pt-BR\"},{\"@type\":\"Organization\",\"@id\":\"https:\/\/institutos.ufrrj.br\/icbs\/#organization\",\"name\":\"UFRRJ - Universidade Federal Rural do Rio de Janeiro\",\"url\":\"https:\/\/institutos.ufrrj.br\/icbs\/\",\"logo\":{\"@type\":\"ImageObject\",\"inLanguage\":\"pt-BR\",\"@id\":\"https:\/\/institutos.ufrrj.br\/icbs\/#\/schema\/logo\/image\/\",\"url\":\"https:\/\/institutos.ufrrj.br\/icbs\/wp-content\/uploads\/sites\/6\/2022\/05\/Logo-ICBS.png\",\"contentUrl\":\"https:\/\/institutos.ufrrj.br\/icbs\/wp-content\/uploads\/sites\/6\/2022\/05\/Logo-ICBS.png\",\"width\":387,\"height\":371,\"caption\":\"UFRRJ - Universidade Federal Rural do Rio de Janeiro\"},\"image\":{\"@id\":\"https:\/\/institutos.ufrrj.br\/icbs\/#\/schema\/logo\/image\/\"}}]}<\/script>\n<!-- \/ Yoast SEO plugin. -->","yoast_head_json":{"title":"Monitoria - Instituto de Ci\u00eancias Biol\u00f3gicas e da Sa\u00fade","robots":{"index":"index","follow":"follow","max-snippet":"max-snippet:-1","max-image-preview":"max-image-preview:large","max-video-preview":"max-video-preview:-1"},"canonical":"https:\/\/institutos.ufrrj.br\/icbs\/departamento-de-botanica\/monitoria\/","og_locale":"pt_BR","og_type":"article","og_title":"Monitoria - Instituto de Ci\u00eancias Biol\u00f3gicas e da Sa\u00fade","og_description":"&nbsp; O\u00a0Departamento de Bot\u00e2nica, do Instituto de Ci\u00eancias Biol\u00f3gicas e da Sa\u00fade (ICBS), informa que se encontram abertas as inscri\u00e7\u00f5es para os [&hellip;]","og_url":"https:\/\/institutos.ufrrj.br\/icbs\/departamento-de-botanica\/monitoria\/","og_site_name":"Instituto de Ci\u00eancias Biol\u00f3gicas e da Sa\u00fade","article_modified_time":"2024-07-30T18:42:56+00:00","twitter_card":"summary_large_image","twitter_misc":{"Est. tempo de leitura":"1 minuto"},"schema":{"@context":"https:\/\/schema.org","@graph":[{"@type":"WebPage","@id":"https:\/\/institutos.ufrrj.br\/icbs\/departamento-de-botanica\/monitoria\/","url":"https:\/\/institutos.ufrrj.br\/icbs\/departamento-de-botanica\/monitoria\/","name":"Monitoria - Instituto de Ci\u00eancias Biol\u00f3gicas e da Sa\u00fade","isPartOf":{"@id":"https:\/\/institutos.ufrrj.br\/icbs\/#website"},"datePublished":"2016-04-06T12:04:32+00:00","dateModified":"2024-07-30T18:42:56+00:00","breadcrumb":{"@id":"https:\/\/institutos.ufrrj.br\/icbs\/departamento-de-botanica\/monitoria\/#breadcrumb"},"inLanguage":"pt-BR","potentialAction":[{"@type":"ReadAction","target":["https:\/\/institutos.ufrrj.br\/icbs\/departamento-de-botanica\/monitoria\/"]}]},{"@type":"BreadcrumbList","@id":"https:\/\/institutos.ufrrj.br\/icbs\/departamento-de-botanica\/monitoria\/#breadcrumb","itemListElement":[{"@type":"ListItem","position":1,"name":"In\u00edcio","item":"https:\/\/institutos.ufrrj.br\/icbs\/"},{"@type":"ListItem","position":2,"name":"Departamento de Bot\u00e2nica","item":"https:\/\/institutos.ufrrj.br\/icbs\/departamento-de-botanica\/"},{"@type":"ListItem","position":3,"name":"Monitoria"}]},{"@type":"WebSite","@id":"https:\/\/institutos.ufrrj.br\/icbs\/#website","url":"https:\/\/institutos.ufrrj.br\/icbs\/","name":"ICBS - Instituto de Ci\u00eancias Biol\u00f3gicas e da Sa\u00fade","description":"","publisher":{"@id":"https:\/\/institutos.ufrrj.br\/icbs\/#organization"},"potentialAction":[{"@type":"SearchAction","target":{"@type":"EntryPoint","urlTemplate":"https:\/\/institutos.ufrrj.br\/icbs\/?s={search_term_string}"},"query-input":{"@type":"PropertyValueSpecification","valueRequired":true,"valueName":"search_term_string"}}],"inLanguage":"pt-BR"},{"@type":"Organization","@id":"https:\/\/institutos.ufrrj.br\/icbs\/#organization","name":"UFRRJ - Universidade Federal Rural do Rio de Janeiro","url":"https:\/\/institutos.ufrrj.br\/icbs\/","logo":{"@type":"ImageObject","inLanguage":"pt-BR","@id":"https:\/\/institutos.ufrrj.br\/icbs\/#\/schema\/logo\/image\/","url":"https:\/\/institutos.ufrrj.br\/icbs\/wp-content\/uploads\/sites\/6\/2022\/05\/Logo-ICBS.png","contentUrl":"https:\/\/institutos.ufrrj.br\/icbs\/wp-content\/uploads\/sites\/6\/2022\/05\/Logo-ICBS.png","width":387,"height":371,"caption":"UFRRJ - Universidade Federal Rural do Rio de Janeiro"},"image":{"@id":"https:\/\/institutos.ufrrj.br\/icbs\/#\/schema\/logo\/image\/"}}]}},"_links":{"self":[{"href":"https:\/\/institutos.ufrrj.br\/icbs\/wp-json\/wp\/v2\/pages\/466","targetHints":{"allow":["GET"]}}],"collection":[{"href":"https:\/\/institutos.ufrrj.br\/icbs\/wp-json\/wp\/v2\/pages"}],"about":[{"href":"https:\/\/institutos.ufrrj.br\/icbs\/wp-json\/wp\/v2\/types\/page"}],"author":[{"embeddable":true,"href":"https:\/\/institutos.ufrrj.br\/icbs\/wp-json\/wp\/v2\/users\/16"}],"replies":[{"embeddable":true,"href":"https:\/\/institutos.ufrrj.br\/icbs\/wp-json\/wp\/v2\/comments?post=466"}],"version-history":[{"count":18,"href":"https:\/\/institutos.ufrrj.br\/icbs\/wp-json\/wp\/v2\/pages\/466\/revisions"}],"predecessor-version":[{"id":2683,"href":"https:\/\/institutos.ufrrj.br\/icbs\/wp-json\/wp\/v2\/pages\/466\/revisions\/2683"}],"up":[{"embeddable":true,"href":"https:\/\/institutos.ufrrj.br\/icbs\/wp-json\/wp\/v2\/pages\/431"}],"wp:attachment":[{"href":"https:\/\/institutos.ufrrj.br\/icbs\/wp-json\/wp\/v2\/media?parent=466"}],"curies":[{"name":"wp","href":"https:\/\/api.w.org\/{rel}","templated":true}]}}