{"id":476,"date":"2016-04-06T12:05:56","date_gmt":"2016-04-06T12:05:56","guid":{"rendered":"http:\/\/institutos.ufrrj.br\/ib\/?page_id=476"},"modified":"2018-08-09T13:26:00","modified_gmt":"2018-08-09T13:26:00","slug":"eventos","status":"publish","type":"page","link":"https:\/\/institutos.ufrrj.br\/icbs\/departamento-de-botanica\/eventos\/","title":{"rendered":"Eventos"},"content":{"rendered":"<ul>\n<li><b>IV Jornada Fluminense de Produtos Naturais (IV JFPN)<\/b>, desta vez na UFRRJ &#8211; Campus Serop\u00e9dica.\u00a0Nos dias 25 a 27 de setembro.<br \/>\nParticipe e inscreva seu trabalho pelo site\u00a0<a href=\"https:\/\/l.facebook.com\/l.php?u=https%3A%2F%2Fivjfpn.wixsite.com%2Fivjfpn&amp;h=ATM2w8JUlIRg2I0YEWcb4LVVzgT-JIICsZGp0F6UugEMDpEeKICGZjsg8DIdRYSgox4d6__QJu0q_2GHuT6ga-fazXpPg1lOEJ-X30hBTr_elweSuhOA4g\" target=\"_blank\" rel=\"noopener\">https:\/\/ivjfpn.wixsite.com\/ivjfpn<\/a><br \/>\n<b>Prazo de submiss\u00e3o e inscri\u00e7\u00e3o com desconto at\u00e9 o dia 12 de agosto.\u00a0<\/b><br \/>\nOs melhores trabalhos ser\u00e3o publicados em uma edi\u00e7\u00e3o especial da Revista Virtual de Qu\u00edmica (RVQ), e na Journal of Pharmacy &amp; Pharmacognosy Research (JPPRes).<\/li>\n<\/ul>\n<p>&nbsp;<\/p>\n<ul>\n<li><strong>37\u00ba Jornada Fluminense de Bot\u00e2nica<\/strong> &#8211; 12 a 15 de setembro de 2018 no Centro de Conven\u00e7\u00f5es\/UENF- RJ<\/li>\n<\/ul>\n<p>&nbsp;<\/p>\n<p>&nbsp;<\/p>\n<ul>\n<li style=\"text-align: left\"><strong>70\u00ba Congresso Nacional de Bot\u00e2nica &#8211;\u00a0<i class=\"fa fa-calendar\"><\/i>19 a 25 de outubro\/ 2019, no Centro Cultural e de Exposi\u00e7\u00f5es de Macei\u00f3.<\/strong><\/li>\n<\/ul>\n<p>&nbsp;<\/p>\n","protected":false},"excerpt":{"rendered":"<p>IV Jornada Fluminense de Produtos Naturais (IV JFPN), desta vez na UFRRJ &#8211; Campus Serop\u00e9dica.\u00a0Nos dias 25 a 27 de setembro. Participe [&hellip;]<\/p>\n","protected":false},"author":16,"featured_media":0,"parent":431,"menu_order":0,"comment_status":"closed","ping_status":"closed","template":"","meta":{"_acf_changed":false,"_themeisle_gutenberg_block_has_review":false,"footnotes":"","_links_to":"","_links_to_target":""},"class_list":["post-476","page","type-page","status-publish","hentry"],"acf":[],"yoast_head":"<!-- This site is optimized with the Yoast SEO plugin v26.8 - https:\/\/yoast.com\/product\/yoast-seo-wordpress\/ -->\n<title>Eventos - Instituto de Ci\u00eancias Biol\u00f3gicas e da Sa\u00fade<\/title>\n<meta name=\"robots\" content=\"index, follow, max-snippet:-1, max-image-preview:large, max-video-preview:-1\" \/>\n<link rel=\"canonical\" href=\"https:\/\/institutos.ufrrj.br\/icbs\/departamento-de-botanica\/eventos\/\" \/>\n<meta property=\"og:locale\" content=\"pt_BR\" \/>\n<meta property=\"og:type\" content=\"article\" \/>\n<meta property=\"og:title\" content=\"Eventos - Instituto de Ci\u00eancias Biol\u00f3gicas e da Sa\u00fade\" \/>\n<meta property=\"og:description\" content=\"IV Jornada Fluminense de Produtos Naturais (IV JFPN), desta vez na UFRRJ &#8211; Campus Serop\u00e9dica.\u00a0Nos dias 25 a 27 de setembro. Participe [&hellip;]\" \/>\n<meta property=\"og:url\" content=\"https:\/\/institutos.ufrrj.br\/icbs\/departamento-de-botanica\/eventos\/\" \/>\n<meta property=\"og:site_name\" content=\"Instituto de Ci\u00eancias Biol\u00f3gicas e da Sa\u00fade\" \/>\n<meta property=\"article:modified_time\" content=\"2018-08-09T13:26:00+00:00\" \/>\n<meta name=\"twitter:card\" content=\"summary_large_image\" \/>\n<meta name=\"twitter:label1\" content=\"Est. tempo de leitura\" \/>\n\t<meta name=\"twitter:data1\" content=\"1 minuto\" \/>\n<script type=\"application\/ld+json\" class=\"yoast-schema-graph\">{\"@context\":\"https:\/\/schema.org\",\"@graph\":[{\"@type\":\"WebPage\",\"@id\":\"https:\/\/institutos.ufrrj.br\/icbs\/departamento-de-botanica\/eventos\/\",\"url\":\"https:\/\/institutos.ufrrj.br\/icbs\/departamento-de-botanica\/eventos\/\",\"name\":\"Eventos - Instituto de Ci\u00eancias Biol\u00f3gicas e da Sa\u00fade\",\"isPartOf\":{\"@id\":\"https:\/\/institutos.ufrrj.br\/icbs\/#website\"},\"datePublished\":\"2016-04-06T12:05:56+00:00\",\"dateModified\":\"2018-08-09T13:26:00+00:00\",\"breadcrumb\":{\"@id\":\"https:\/\/institutos.ufrrj.br\/icbs\/departamento-de-botanica\/eventos\/#breadcrumb\"},\"inLanguage\":\"pt-BR\",\"potentialAction\":[{\"@type\":\"ReadAction\",\"target\":[\"https:\/\/institutos.ufrrj.br\/icbs\/departamento-de-botanica\/eventos\/\"]}]},{\"@type\":\"BreadcrumbList\",\"@id\":\"https:\/\/institutos.ufrrj.br\/icbs\/departamento-de-botanica\/eventos\/#breadcrumb\",\"itemListElement\":[{\"@type\":\"ListItem\",\"position\":1,\"name\":\"In\u00edcio\",\"item\":\"https:\/\/institutos.ufrrj.br\/icbs\/\"},{\"@type\":\"ListItem\",\"position\":2,\"name\":\"Departamento de Bot\u00e2nica\",\"item\":\"https:\/\/institutos.ufrrj.br\/icbs\/departamento-de-botanica\/\"},{\"@type\":\"ListItem\",\"position\":3,\"name\":\"Eventos\"}]},{\"@type\":\"WebSite\",\"@id\":\"https:\/\/institutos.ufrrj.br\/icbs\/#website\",\"url\":\"https:\/\/institutos.ufrrj.br\/icbs\/\",\"name\":\"ICBS - Instituto de Ci\u00eancias Biol\u00f3gicas e da Sa\u00fade\",\"description\":\"\",\"publisher\":{\"@id\":\"https:\/\/institutos.ufrrj.br\/icbs\/#organization\"},\"potentialAction\":[{\"@type\":\"SearchAction\",\"target\":{\"@type\":\"EntryPoint\",\"urlTemplate\":\"https:\/\/institutos.ufrrj.br\/icbs\/?s={search_term_string}\"},\"query-input\":{\"@type\":\"PropertyValueSpecification\",\"valueRequired\":true,\"valueName\":\"search_term_string\"}}],\"inLanguage\":\"pt-BR\"},{\"@type\":\"Organization\",\"@id\":\"https:\/\/institutos.ufrrj.br\/icbs\/#organization\",\"name\":\"UFRRJ - Universidade Federal Rural do Rio de Janeiro\",\"url\":\"https:\/\/institutos.ufrrj.br\/icbs\/\",\"logo\":{\"@type\":\"ImageObject\",\"inLanguage\":\"pt-BR\",\"@id\":\"https:\/\/institutos.ufrrj.br\/icbs\/#\/schema\/logo\/image\/\",\"url\":\"https:\/\/institutos.ufrrj.br\/icbs\/wp-content\/uploads\/sites\/6\/2022\/05\/Logo-ICBS.png\",\"contentUrl\":\"https:\/\/institutos.ufrrj.br\/icbs\/wp-content\/uploads\/sites\/6\/2022\/05\/Logo-ICBS.png\",\"width\":387,\"height\":371,\"caption\":\"UFRRJ - Universidade Federal Rural do Rio de Janeiro\"},\"image\":{\"@id\":\"https:\/\/institutos.ufrrj.br\/icbs\/#\/schema\/logo\/image\/\"}}]}<\/script>\n<!-- \/ Yoast SEO plugin. -->","yoast_head_json":{"title":"Eventos - Instituto de Ci\u00eancias Biol\u00f3gicas e da Sa\u00fade","robots":{"index":"index","follow":"follow","max-snippet":"max-snippet:-1","max-image-preview":"max-image-preview:large","max-video-preview":"max-video-preview:-1"},"canonical":"https:\/\/institutos.ufrrj.br\/icbs\/departamento-de-botanica\/eventos\/","og_locale":"pt_BR","og_type":"article","og_title":"Eventos - Instituto de Ci\u00eancias Biol\u00f3gicas e da Sa\u00fade","og_description":"IV Jornada Fluminense de Produtos Naturais (IV JFPN), desta vez na UFRRJ &#8211; Campus Serop\u00e9dica.\u00a0Nos dias 25 a 27 de setembro. Participe [&hellip;]","og_url":"https:\/\/institutos.ufrrj.br\/icbs\/departamento-de-botanica\/eventos\/","og_site_name":"Instituto de Ci\u00eancias Biol\u00f3gicas e da Sa\u00fade","article_modified_time":"2018-08-09T13:26:00+00:00","twitter_card":"summary_large_image","twitter_misc":{"Est. tempo de leitura":"1 minuto"},"schema":{"@context":"https:\/\/schema.org","@graph":[{"@type":"WebPage","@id":"https:\/\/institutos.ufrrj.br\/icbs\/departamento-de-botanica\/eventos\/","url":"https:\/\/institutos.ufrrj.br\/icbs\/departamento-de-botanica\/eventos\/","name":"Eventos - Instituto de Ci\u00eancias Biol\u00f3gicas e da Sa\u00fade","isPartOf":{"@id":"https:\/\/institutos.ufrrj.br\/icbs\/#website"},"datePublished":"2016-04-06T12:05:56+00:00","dateModified":"2018-08-09T13:26:00+00:00","breadcrumb":{"@id":"https:\/\/institutos.ufrrj.br\/icbs\/departamento-de-botanica\/eventos\/#breadcrumb"},"inLanguage":"pt-BR","potentialAction":[{"@type":"ReadAction","target":["https:\/\/institutos.ufrrj.br\/icbs\/departamento-de-botanica\/eventos\/"]}]},{"@type":"BreadcrumbList","@id":"https:\/\/institutos.ufrrj.br\/icbs\/departamento-de-botanica\/eventos\/#breadcrumb","itemListElement":[{"@type":"ListItem","position":1,"name":"In\u00edcio","item":"https:\/\/institutos.ufrrj.br\/icbs\/"},{"@type":"ListItem","position":2,"name":"Departamento de Bot\u00e2nica","item":"https:\/\/institutos.ufrrj.br\/icbs\/departamento-de-botanica\/"},{"@type":"ListItem","position":3,"name":"Eventos"}]},{"@type":"WebSite","@id":"https:\/\/institutos.ufrrj.br\/icbs\/#website","url":"https:\/\/institutos.ufrrj.br\/icbs\/","name":"ICBS - Instituto de Ci\u00eancias Biol\u00f3gicas e da Sa\u00fade","description":"","publisher":{"@id":"https:\/\/institutos.ufrrj.br\/icbs\/#organization"},"potentialAction":[{"@type":"SearchAction","target":{"@type":"EntryPoint","urlTemplate":"https:\/\/institutos.ufrrj.br\/icbs\/?s={search_term_string}"},"query-input":{"@type":"PropertyValueSpecification","valueRequired":true,"valueName":"search_term_string"}}],"inLanguage":"pt-BR"},{"@type":"Organization","@id":"https:\/\/institutos.ufrrj.br\/icbs\/#organization","name":"UFRRJ - Universidade Federal Rural do Rio de Janeiro","url":"https:\/\/institutos.ufrrj.br\/icbs\/","logo":{"@type":"ImageObject","inLanguage":"pt-BR","@id":"https:\/\/institutos.ufrrj.br\/icbs\/#\/schema\/logo\/image\/","url":"https:\/\/institutos.ufrrj.br\/icbs\/wp-content\/uploads\/sites\/6\/2022\/05\/Logo-ICBS.png","contentUrl":"https:\/\/institutos.ufrrj.br\/icbs\/wp-content\/uploads\/sites\/6\/2022\/05\/Logo-ICBS.png","width":387,"height":371,"caption":"UFRRJ - Universidade Federal Rural do Rio de Janeiro"},"image":{"@id":"https:\/\/institutos.ufrrj.br\/icbs\/#\/schema\/logo\/image\/"}}]}},"_links":{"self":[{"href":"https:\/\/institutos.ufrrj.br\/icbs\/wp-json\/wp\/v2\/pages\/476","targetHints":{"allow":["GET"]}}],"collection":[{"href":"https:\/\/institutos.ufrrj.br\/icbs\/wp-json\/wp\/v2\/pages"}],"about":[{"href":"https:\/\/institutos.ufrrj.br\/icbs\/wp-json\/wp\/v2\/types\/page"}],"author":[{"embeddable":true,"href":"https:\/\/institutos.ufrrj.br\/icbs\/wp-json\/wp\/v2\/users\/16"}],"replies":[{"embeddable":true,"href":"https:\/\/institutos.ufrrj.br\/icbs\/wp-json\/wp\/v2\/comments?post=476"}],"version-history":[{"count":7,"href":"https:\/\/institutos.ufrrj.br\/icbs\/wp-json\/wp\/v2\/pages\/476\/revisions"}],"predecessor-version":[{"id":910,"href":"https:\/\/institutos.ufrrj.br\/icbs\/wp-json\/wp\/v2\/pages\/476\/revisions\/910"}],"up":[{"embeddable":true,"href":"https:\/\/institutos.ufrrj.br\/icbs\/wp-json\/wp\/v2\/pages\/431"}],"wp:attachment":[{"href":"https:\/\/institutos.ufrrj.br\/icbs\/wp-json\/wp\/v2\/media?parent=476"}],"curies":[{"name":"wp","href":"https:\/\/api.w.org\/{rel}","templated":true}]}}