{"id":753,"date":"2018-04-19T10:23:39","date_gmt":"2018-04-19T10:23:39","guid":{"rendered":"http:\/\/institutos.ufrrj.br\/icbs\/?page_id=753"},"modified":"2026-01-13T14:00:45","modified_gmt":"2026-01-13T17:00:45","slug":"direcao","status":"publish","type":"page","link":"https:\/\/institutos.ufrrj.br\/icbs\/direcao\/","title":{"rendered":"Dire\u00e7\u00e3o"},"content":{"rendered":"<p><a href=\"http:\/\/lattes.cnpq.br\/9375636564821511\" target=\"_blank\" rel=\"noopener\"><img loading=\"lazy\" decoding=\"async\" class=\"alignleft wp-image-2720\" title=\"Curr\u00edculo Lattes da Diretora\" src=\"https:\/\/institutos.ufrrj.br\/icbs\/wp-content\/uploads\/sites\/6\/2025\/10\/Diretora-ICBS-300x300.jpg\" alt=\"\" width=\"140\" height=\"140\" srcset=\"https:\/\/institutos.ufrrj.br\/icbs\/wp-content\/uploads\/sites\/6\/2025\/10\/Diretora-ICBS-300x300.jpg 300w, https:\/\/institutos.ufrrj.br\/icbs\/wp-content\/uploads\/sites\/6\/2025\/10\/Diretora-ICBS-150x150.jpg 150w, https:\/\/institutos.ufrrj.br\/icbs\/wp-content\/uploads\/sites\/6\/2025\/10\/Diretora-ICBS-75x75.jpg 75w, https:\/\/institutos.ufrrj.br\/icbs\/wp-content\/uploads\/sites\/6\/2025\/10\/Diretora-ICBS-100x100.jpg 100w, https:\/\/institutos.ufrrj.br\/icbs\/wp-content\/uploads\/sites\/6\/2025\/10\/Diretora-ICBS.jpg 640w\" sizes=\"auto, (max-width: 140px) 100vw, 140px\" \/><\/a><\/p>\n<p>&nbsp;<\/p>\n<p>&nbsp;<\/p>\n<p><strong>Diretora:<\/strong> Dr\u00aa Ana Cl\u00e1udia Ferreira Souza (DBA \/ ICBS). Gradua\u00e7\u00e3o em Ci\u00eancias Biol\u00f3gicas; Mestrado e Doutorado em Biologia Celular e Estrutural.<\/p>\n<p><a href=\"http:\/\/lattes.cnpq.br\/9375636564821511\" target=\"_blank\" rel=\"noopener\">Lattes (Diretora)<\/a><\/p>\n<p>&nbsp;<\/p>\n<p>&nbsp;<\/p>\n<p><strong><a href=\"http:\/\/lattes.cnpq.br\/2685794388394484\" target=\"_blank\" rel=\"noopener\"><img loading=\"lazy\" decoding=\"async\" class=\"alignleft wp-image-2721\" title=\"Curr\u00edculo Lattes do Vice-Diretor\" src=\"https:\/\/institutos.ufrrj.br\/icbs\/wp-content\/uploads\/sites\/6\/2025\/10\/Diretor-Substituto-ICBS-e1761930031665-292x300.jpg\" alt=\"\" width=\"140\" height=\"144\" srcset=\"https:\/\/institutos.ufrrj.br\/icbs\/wp-content\/uploads\/sites\/6\/2025\/10\/Diretor-Substituto-ICBS-e1761930031665-292x300.jpg 292w, https:\/\/institutos.ufrrj.br\/icbs\/wp-content\/uploads\/sites\/6\/2025\/10\/Diretor-Substituto-ICBS-e1761930031665-768x790.jpg 768w, https:\/\/institutos.ufrrj.br\/icbs\/wp-content\/uploads\/sites\/6\/2025\/10\/Diretor-Substituto-ICBS-e1761930031665.jpg 978w\" sizes=\"auto, (max-width: 140px) 100vw, 140px\" \/><\/a><\/strong><\/p>\n<p>&nbsp;<\/p>\n<p>&nbsp;<\/p>\n<p><strong>Vice-diretor:<\/strong> Dr. Bruno Guimar\u00e3es Marinho (DCFis \/ ICBS). Gradua\u00e7\u00e3o em Medicina Veterin\u00e1ria; Mestrado em Ci\u00eancias Biol\u00f3gicas; Doutorado e P\u00f3s-Doutorado em Farmacologia e Qu\u00edmica Medicinal.<\/p>\n<p><a href=\"http:\/\/lattes.cnpq.br\/2685794388394484\" target=\"_blank\" rel=\"noopener\">Lattes (Vice-Diretor)<\/a><\/p>\n","protected":false},"excerpt":{"rendered":"<p>&nbsp; &nbsp; Diretora: Dr\u00aa Ana Cl\u00e1udia Ferreira Souza (DBA \/ ICBS). Gradua\u00e7\u00e3o em Ci\u00eancias Biol\u00f3gicas; Mestrado e Doutorado em Biologia Celular e [&hellip;]<\/p>\n","protected":false},"author":31,"featured_media":0,"parent":0,"menu_order":0,"comment_status":"closed","ping_status":"closed","template":"","meta":{"_acf_changed":false,"_themeisle_gutenberg_block_has_review":false,"footnotes":"","_links_to":"","_links_to_target":""},"class_list":["post-753","page","type-page","status-publish","hentry"],"acf":[],"yoast_head":"<!-- This site is optimized with the Yoast SEO plugin v26.8 - https:\/\/yoast.com\/product\/yoast-seo-wordpress\/ -->\n<title>Dire\u00e7\u00e3o - Instituto de Ci\u00eancias Biol\u00f3gicas e da Sa\u00fade<\/title>\n<meta name=\"robots\" content=\"index, follow, max-snippet:-1, max-image-preview:large, max-video-preview:-1\" \/>\n<link rel=\"canonical\" href=\"https:\/\/institutos.ufrrj.br\/icbs\/direcao\/\" \/>\n<meta property=\"og:locale\" content=\"pt_BR\" \/>\n<meta property=\"og:type\" content=\"article\" \/>\n<meta property=\"og:title\" content=\"Dire\u00e7\u00e3o - Instituto de Ci\u00eancias Biol\u00f3gicas e da Sa\u00fade\" \/>\n<meta property=\"og:description\" content=\"&nbsp; &nbsp; Diretora: Dr\u00aa Ana Cl\u00e1udia Ferreira Souza (DBA \/ ICBS). Gradua\u00e7\u00e3o em Ci\u00eancias Biol\u00f3gicas; Mestrado e Doutorado em Biologia Celular e [&hellip;]\" \/>\n<meta property=\"og:url\" content=\"https:\/\/institutos.ufrrj.br\/icbs\/direcao\/\" \/>\n<meta property=\"og:site_name\" content=\"Instituto de Ci\u00eancias Biol\u00f3gicas e da Sa\u00fade\" \/>\n<meta property=\"article:modified_time\" content=\"2026-01-13T17:00:45+00:00\" \/>\n<meta property=\"og:image\" content=\"https:\/\/institutos.ufrrj.br\/icbs\/wp-content\/uploads\/sites\/6\/2025\/10\/Diretora-ICBS.jpg\" \/>\n\t<meta property=\"og:image:width\" content=\"640\" \/>\n\t<meta property=\"og:image:height\" content=\"640\" \/>\n\t<meta property=\"og:image:type\" content=\"image\/jpeg\" \/>\n<meta name=\"twitter:card\" content=\"summary_large_image\" \/>\n<script type=\"application\/ld+json\" class=\"yoast-schema-graph\">{\"@context\":\"https:\/\/schema.org\",\"@graph\":[{\"@type\":\"WebPage\",\"@id\":\"https:\/\/institutos.ufrrj.br\/icbs\/direcao\/\",\"url\":\"https:\/\/institutos.ufrrj.br\/icbs\/direcao\/\",\"name\":\"Dire\u00e7\u00e3o - Instituto de Ci\u00eancias Biol\u00f3gicas e da Sa\u00fade\",\"isPartOf\":{\"@id\":\"https:\/\/institutos.ufrrj.br\/icbs\/#website\"},\"primaryImageOfPage\":{\"@id\":\"https:\/\/institutos.ufrrj.br\/icbs\/direcao\/#primaryimage\"},\"image\":{\"@id\":\"https:\/\/institutos.ufrrj.br\/icbs\/direcao\/#primaryimage\"},\"thumbnailUrl\":\"https:\/\/institutos.ufrrj.br\/icbs\/wp-content\/uploads\/sites\/6\/2025\/10\/Diretora-ICBS-300x300.jpg\",\"datePublished\":\"2018-04-19T10:23:39+00:00\",\"dateModified\":\"2026-01-13T17:00:45+00:00\",\"breadcrumb\":{\"@id\":\"https:\/\/institutos.ufrrj.br\/icbs\/direcao\/#breadcrumb\"},\"inLanguage\":\"pt-BR\",\"potentialAction\":[{\"@type\":\"ReadAction\",\"target\":[\"https:\/\/institutos.ufrrj.br\/icbs\/direcao\/\"]}]},{\"@type\":\"ImageObject\",\"inLanguage\":\"pt-BR\",\"@id\":\"https:\/\/institutos.ufrrj.br\/icbs\/direcao\/#primaryimage\",\"url\":\"https:\/\/institutos.ufrrj.br\/icbs\/wp-content\/uploads\/sites\/6\/2025\/10\/Diretora-ICBS.jpg\",\"contentUrl\":\"https:\/\/institutos.ufrrj.br\/icbs\/wp-content\/uploads\/sites\/6\/2025\/10\/Diretora-ICBS.jpg\",\"width\":640,\"height\":640},{\"@type\":\"BreadcrumbList\",\"@id\":\"https:\/\/institutos.ufrrj.br\/icbs\/direcao\/#breadcrumb\",\"itemListElement\":[{\"@type\":\"ListItem\",\"position\":1,\"name\":\"In\u00edcio\",\"item\":\"https:\/\/institutos.ufrrj.br\/icbs\/\"},{\"@type\":\"ListItem\",\"position\":2,\"name\":\"Dire\u00e7\u00e3o\"}]},{\"@type\":\"WebSite\",\"@id\":\"https:\/\/institutos.ufrrj.br\/icbs\/#website\",\"url\":\"https:\/\/institutos.ufrrj.br\/icbs\/\",\"name\":\"ICBS - Instituto de Ci\u00eancias Biol\u00f3gicas e da Sa\u00fade\",\"description\":\"\",\"publisher\":{\"@id\":\"https:\/\/institutos.ufrrj.br\/icbs\/#organization\"},\"potentialAction\":[{\"@type\":\"SearchAction\",\"target\":{\"@type\":\"EntryPoint\",\"urlTemplate\":\"https:\/\/institutos.ufrrj.br\/icbs\/?s={search_term_string}\"},\"query-input\":{\"@type\":\"PropertyValueSpecification\",\"valueRequired\":true,\"valueName\":\"search_term_string\"}}],\"inLanguage\":\"pt-BR\"},{\"@type\":\"Organization\",\"@id\":\"https:\/\/institutos.ufrrj.br\/icbs\/#organization\",\"name\":\"UFRRJ - Universidade Federal Rural do Rio de Janeiro\",\"url\":\"https:\/\/institutos.ufrrj.br\/icbs\/\",\"logo\":{\"@type\":\"ImageObject\",\"inLanguage\":\"pt-BR\",\"@id\":\"https:\/\/institutos.ufrrj.br\/icbs\/#\/schema\/logo\/image\/\",\"url\":\"https:\/\/institutos.ufrrj.br\/icbs\/wp-content\/uploads\/sites\/6\/2022\/05\/Logo-ICBS.png\",\"contentUrl\":\"https:\/\/institutos.ufrrj.br\/icbs\/wp-content\/uploads\/sites\/6\/2022\/05\/Logo-ICBS.png\",\"width\":387,\"height\":371,\"caption\":\"UFRRJ - Universidade Federal Rural do Rio de Janeiro\"},\"image\":{\"@id\":\"https:\/\/institutos.ufrrj.br\/icbs\/#\/schema\/logo\/image\/\"}}]}<\/script>\n<!-- \/ Yoast SEO plugin. -->","yoast_head_json":{"title":"Dire\u00e7\u00e3o - Instituto de Ci\u00eancias Biol\u00f3gicas e da Sa\u00fade","robots":{"index":"index","follow":"follow","max-snippet":"max-snippet:-1","max-image-preview":"max-image-preview:large","max-video-preview":"max-video-preview:-1"},"canonical":"https:\/\/institutos.ufrrj.br\/icbs\/direcao\/","og_locale":"pt_BR","og_type":"article","og_title":"Dire\u00e7\u00e3o - Instituto de Ci\u00eancias Biol\u00f3gicas e da Sa\u00fade","og_description":"&nbsp; &nbsp; Diretora: Dr\u00aa Ana Cl\u00e1udia Ferreira Souza (DBA \/ ICBS). Gradua\u00e7\u00e3o em Ci\u00eancias Biol\u00f3gicas; Mestrado e Doutorado em Biologia Celular e [&hellip;]","og_url":"https:\/\/institutos.ufrrj.br\/icbs\/direcao\/","og_site_name":"Instituto de Ci\u00eancias Biol\u00f3gicas e da Sa\u00fade","article_modified_time":"2026-01-13T17:00:45+00:00","og_image":[{"width":640,"height":640,"url":"https:\/\/institutos.ufrrj.br\/icbs\/wp-content\/uploads\/sites\/6\/2025\/10\/Diretora-ICBS.jpg","type":"image\/jpeg"}],"twitter_card":"summary_large_image","schema":{"@context":"https:\/\/schema.org","@graph":[{"@type":"WebPage","@id":"https:\/\/institutos.ufrrj.br\/icbs\/direcao\/","url":"https:\/\/institutos.ufrrj.br\/icbs\/direcao\/","name":"Dire\u00e7\u00e3o - Instituto de Ci\u00eancias Biol\u00f3gicas e da Sa\u00fade","isPartOf":{"@id":"https:\/\/institutos.ufrrj.br\/icbs\/#website"},"primaryImageOfPage":{"@id":"https:\/\/institutos.ufrrj.br\/icbs\/direcao\/#primaryimage"},"image":{"@id":"https:\/\/institutos.ufrrj.br\/icbs\/direcao\/#primaryimage"},"thumbnailUrl":"https:\/\/institutos.ufrrj.br\/icbs\/wp-content\/uploads\/sites\/6\/2025\/10\/Diretora-ICBS-300x300.jpg","datePublished":"2018-04-19T10:23:39+00:00","dateModified":"2026-01-13T17:00:45+00:00","breadcrumb":{"@id":"https:\/\/institutos.ufrrj.br\/icbs\/direcao\/#breadcrumb"},"inLanguage":"pt-BR","potentialAction":[{"@type":"ReadAction","target":["https:\/\/institutos.ufrrj.br\/icbs\/direcao\/"]}]},{"@type":"ImageObject","inLanguage":"pt-BR","@id":"https:\/\/institutos.ufrrj.br\/icbs\/direcao\/#primaryimage","url":"https:\/\/institutos.ufrrj.br\/icbs\/wp-content\/uploads\/sites\/6\/2025\/10\/Diretora-ICBS.jpg","contentUrl":"https:\/\/institutos.ufrrj.br\/icbs\/wp-content\/uploads\/sites\/6\/2025\/10\/Diretora-ICBS.jpg","width":640,"height":640},{"@type":"BreadcrumbList","@id":"https:\/\/institutos.ufrrj.br\/icbs\/direcao\/#breadcrumb","itemListElement":[{"@type":"ListItem","position":1,"name":"In\u00edcio","item":"https:\/\/institutos.ufrrj.br\/icbs\/"},{"@type":"ListItem","position":2,"name":"Dire\u00e7\u00e3o"}]},{"@type":"WebSite","@id":"https:\/\/institutos.ufrrj.br\/icbs\/#website","url":"https:\/\/institutos.ufrrj.br\/icbs\/","name":"ICBS - Instituto de Ci\u00eancias Biol\u00f3gicas e da Sa\u00fade","description":"","publisher":{"@id":"https:\/\/institutos.ufrrj.br\/icbs\/#organization"},"potentialAction":[{"@type":"SearchAction","target":{"@type":"EntryPoint","urlTemplate":"https:\/\/institutos.ufrrj.br\/icbs\/?s={search_term_string}"},"query-input":{"@type":"PropertyValueSpecification","valueRequired":true,"valueName":"search_term_string"}}],"inLanguage":"pt-BR"},{"@type":"Organization","@id":"https:\/\/institutos.ufrrj.br\/icbs\/#organization","name":"UFRRJ - Universidade Federal Rural do Rio de Janeiro","url":"https:\/\/institutos.ufrrj.br\/icbs\/","logo":{"@type":"ImageObject","inLanguage":"pt-BR","@id":"https:\/\/institutos.ufrrj.br\/icbs\/#\/schema\/logo\/image\/","url":"https:\/\/institutos.ufrrj.br\/icbs\/wp-content\/uploads\/sites\/6\/2022\/05\/Logo-ICBS.png","contentUrl":"https:\/\/institutos.ufrrj.br\/icbs\/wp-content\/uploads\/sites\/6\/2022\/05\/Logo-ICBS.png","width":387,"height":371,"caption":"UFRRJ - Universidade Federal Rural do Rio de Janeiro"},"image":{"@id":"https:\/\/institutos.ufrrj.br\/icbs\/#\/schema\/logo\/image\/"}}]}},"_links":{"self":[{"href":"https:\/\/institutos.ufrrj.br\/icbs\/wp-json\/wp\/v2\/pages\/753","targetHints":{"allow":["GET"]}}],"collection":[{"href":"https:\/\/institutos.ufrrj.br\/icbs\/wp-json\/wp\/v2\/pages"}],"about":[{"href":"https:\/\/institutos.ufrrj.br\/icbs\/wp-json\/wp\/v2\/types\/page"}],"author":[{"embeddable":true,"href":"https:\/\/institutos.ufrrj.br\/icbs\/wp-json\/wp\/v2\/users\/31"}],"replies":[{"embeddable":true,"href":"https:\/\/institutos.ufrrj.br\/icbs\/wp-json\/wp\/v2\/comments?post=753"}],"version-history":[{"count":27,"href":"https:\/\/institutos.ufrrj.br\/icbs\/wp-json\/wp\/v2\/pages\/753\/revisions"}],"predecessor-version":[{"id":2929,"href":"https:\/\/institutos.ufrrj.br\/icbs\/wp-json\/wp\/v2\/pages\/753\/revisions\/2929"}],"wp:attachment":[{"href":"https:\/\/institutos.ufrrj.br\/icbs\/wp-json\/wp\/v2\/media?parent=753"}],"curies":[{"name":"wp","href":"https:\/\/api.w.org\/{rel}","templated":true}]}}