{"id":1032,"date":"2014-06-13T16:24:24","date_gmt":"2014-06-13T16:24:24","guid":{"rendered":"http:\/\/institutos.ufrrj.br\/ice\/?page_id=1032"},"modified":"2014-10-06T16:42:28","modified_gmt":"2014-10-06T16:42:28","slug":"ppgmmc-2","status":"publish","type":"page","link":"https:\/\/institutos.ufrrj.br\/ice\/ppgmmc-2\/","title":{"rendered":"PPGMMC"},"content":{"rendered":"<p>O <a href=\"http:\/\/r1.ufrrj.br\/ppgmmc\/index.html\" target=\"_blank\"><strong>Programa de Mestrado em Modelagem Matem\u00e1tica e Computacional<\/strong><\/a> da UFRRJ prop\u00f5e-se a articular de forma interdisciplinar tr\u00eas \u00e1reas de conhecimento, Matem\u00e1tica, Estat\u00edstica e Computa\u00e7\u00e3o, a sub-\u00e1reas-alvo em Qu\u00edmica, F\u00edsica e Engenharia, de forma a capacitar a produ\u00e7\u00e3o de solu\u00e7\u00f5es \u00a0 inovadoras. \u00a0 Para \u00a0 isto \u00a0 \u00e9 \u00a0 necess\u00e1rio \u00a0 garantir \u00a0 uma \u00a0 forma\u00e7\u00e3o \u00a0 te\u00f3rica \u00a0 s\u00f3lida \u00a0 conectada \u00a0 a \u00a0 conhecimentos \u00a0 sobre \u00a0 o \u00a0 estado-da-arte \u00a0 em problemas de relev\u00e2ncia \u00e0s necessidades tecnol\u00f3gicas do Pa\u00eds e, mais particularmente, das regi\u00f5es de influ\u00eancia da Institui\u00e7\u00e3o.<\/p>\n","protected":false},"excerpt":{"rendered":"<p>O Programa de Mestrado em Modelagem Matem\u00e1tica e Computacional da UFRRJ prop\u00f5e-se a articular de forma interdisciplinar tr\u00eas \u00e1reas de conhecimento, Matem\u00e1tica, [&hellip;]<\/p>\n","protected":false},"author":2,"featured_media":0,"parent":0,"menu_order":0,"comment_status":"open","ping_status":"open","template":"","meta":{"_acf_changed":false,"ngg_post_thumbnail":0,"_themeisle_gutenberg_block_has_review":false,"footnotes":""},"class_list":["post-1032","page","type-page","status-publish","hentry"],"acf":[],"yoast_head":"<!-- This site is optimized with the Yoast SEO plugin v26.8 - https:\/\/yoast.com\/product\/yoast-seo-wordpress\/ -->\n<title>PPGMMC - Institutos de Ci\u00eancias Exatas - ICE<\/title>\n<meta name=\"robots\" content=\"index, follow, max-snippet:-1, max-image-preview:large, max-video-preview:-1\" \/>\n<link rel=\"canonical\" href=\"https:\/\/institutos.ufrrj.br\/ice\/ppgmmc-2\/\" \/>\n<meta property=\"og:locale\" content=\"pt_BR\" \/>\n<meta property=\"og:type\" content=\"article\" \/>\n<meta property=\"og:title\" content=\"PPGMMC - Institutos de Ci\u00eancias Exatas - ICE\" \/>\n<meta property=\"og:description\" content=\"O Programa de Mestrado em Modelagem Matem\u00e1tica e Computacional da UFRRJ prop\u00f5e-se a articular de forma interdisciplinar tr\u00eas \u00e1reas de conhecimento, Matem\u00e1tica, [&hellip;]\" \/>\n<meta property=\"og:url\" content=\"https:\/\/institutos.ufrrj.br\/ice\/ppgmmc-2\/\" \/>\n<meta property=\"og:site_name\" content=\"Institutos de Ci\u00eancias Exatas - ICE\" \/>\n<meta property=\"article:modified_time\" content=\"2014-10-06T16:42:28+00:00\" \/>\n<meta name=\"twitter:card\" content=\"summary_large_image\" \/>\n<script type=\"application\/ld+json\" class=\"yoast-schema-graph\">{\"@context\":\"https:\/\/schema.org\",\"@graph\":[{\"@type\":\"WebPage\",\"@id\":\"https:\/\/institutos.ufrrj.br\/ice\/ppgmmc-2\/\",\"url\":\"https:\/\/institutos.ufrrj.br\/ice\/ppgmmc-2\/\",\"name\":\"PPGMMC - Institutos de Ci\u00eancias Exatas - ICE\",\"isPartOf\":{\"@id\":\"https:\/\/institutos.ufrrj.br\/ice\/#website\"},\"datePublished\":\"2014-06-13T16:24:24+00:00\",\"dateModified\":\"2014-10-06T16:42:28+00:00\",\"breadcrumb\":{\"@id\":\"https:\/\/institutos.ufrrj.br\/ice\/ppgmmc-2\/#breadcrumb\"},\"inLanguage\":\"pt-BR\",\"potentialAction\":[{\"@type\":\"ReadAction\",\"target\":[\"https:\/\/institutos.ufrrj.br\/ice\/ppgmmc-2\/\"]}]},{\"@type\":\"BreadcrumbList\",\"@id\":\"https:\/\/institutos.ufrrj.br\/ice\/ppgmmc-2\/#breadcrumb\",\"itemListElement\":[{\"@type\":\"ListItem\",\"position\":1,\"name\":\"In\u00edcio\",\"item\":\"https:\/\/institutos.ufrrj.br\/ice\/\"},{\"@type\":\"ListItem\",\"position\":2,\"name\":\"PPGMMC\"}]},{\"@type\":\"WebSite\",\"@id\":\"https:\/\/institutos.ufrrj.br\/ice\/#website\",\"url\":\"https:\/\/institutos.ufrrj.br\/ice\/\",\"name\":\"Institutos de Ci\u00eancias Exatas - ICE\",\"description\":\"CAMPUS SEROP\u00c9DICA - UFRRJ\",\"potentialAction\":[{\"@type\":\"SearchAction\",\"target\":{\"@type\":\"EntryPoint\",\"urlTemplate\":\"https:\/\/institutos.ufrrj.br\/ice\/?s={search_term_string}\"},\"query-input\":{\"@type\":\"PropertyValueSpecification\",\"valueRequired\":true,\"valueName\":\"search_term_string\"}}],\"inLanguage\":\"pt-BR\"}]}<\/script>\n<!-- \/ Yoast SEO plugin. -->","yoast_head_json":{"title":"PPGMMC - Institutos de Ci\u00eancias Exatas - ICE","robots":{"index":"index","follow":"follow","max-snippet":"max-snippet:-1","max-image-preview":"max-image-preview:large","max-video-preview":"max-video-preview:-1"},"canonical":"https:\/\/institutos.ufrrj.br\/ice\/ppgmmc-2\/","og_locale":"pt_BR","og_type":"article","og_title":"PPGMMC - Institutos de Ci\u00eancias Exatas - ICE","og_description":"O Programa de Mestrado em Modelagem Matem\u00e1tica e Computacional da UFRRJ prop\u00f5e-se a articular de forma interdisciplinar tr\u00eas \u00e1reas de conhecimento, Matem\u00e1tica, [&hellip;]","og_url":"https:\/\/institutos.ufrrj.br\/ice\/ppgmmc-2\/","og_site_name":"Institutos de Ci\u00eancias Exatas - ICE","article_modified_time":"2014-10-06T16:42:28+00:00","twitter_card":"summary_large_image","schema":{"@context":"https:\/\/schema.org","@graph":[{"@type":"WebPage","@id":"https:\/\/institutos.ufrrj.br\/ice\/ppgmmc-2\/","url":"https:\/\/institutos.ufrrj.br\/ice\/ppgmmc-2\/","name":"PPGMMC - Institutos de Ci\u00eancias Exatas - ICE","isPartOf":{"@id":"https:\/\/institutos.ufrrj.br\/ice\/#website"},"datePublished":"2014-06-13T16:24:24+00:00","dateModified":"2014-10-06T16:42:28+00:00","breadcrumb":{"@id":"https:\/\/institutos.ufrrj.br\/ice\/ppgmmc-2\/#breadcrumb"},"inLanguage":"pt-BR","potentialAction":[{"@type":"ReadAction","target":["https:\/\/institutos.ufrrj.br\/ice\/ppgmmc-2\/"]}]},{"@type":"BreadcrumbList","@id":"https:\/\/institutos.ufrrj.br\/ice\/ppgmmc-2\/#breadcrumb","itemListElement":[{"@type":"ListItem","position":1,"name":"In\u00edcio","item":"https:\/\/institutos.ufrrj.br\/ice\/"},{"@type":"ListItem","position":2,"name":"PPGMMC"}]},{"@type":"WebSite","@id":"https:\/\/institutos.ufrrj.br\/ice\/#website","url":"https:\/\/institutos.ufrrj.br\/ice\/","name":"Institutos de Ci\u00eancias Exatas - ICE","description":"CAMPUS SEROP\u00c9DICA - UFRRJ","potentialAction":[{"@type":"SearchAction","target":{"@type":"EntryPoint","urlTemplate":"https:\/\/institutos.ufrrj.br\/ice\/?s={search_term_string}"},"query-input":{"@type":"PropertyValueSpecification","valueRequired":true,"valueName":"search_term_string"}}],"inLanguage":"pt-BR"}]}},"_links":{"self":[{"href":"https:\/\/institutos.ufrrj.br\/ice\/wp-json\/wp\/v2\/pages\/1032","targetHints":{"allow":["GET"]}}],"collection":[{"href":"https:\/\/institutos.ufrrj.br\/ice\/wp-json\/wp\/v2\/pages"}],"about":[{"href":"https:\/\/institutos.ufrrj.br\/ice\/wp-json\/wp\/v2\/types\/page"}],"author":[{"embeddable":true,"href":"https:\/\/institutos.ufrrj.br\/ice\/wp-json\/wp\/v2\/users\/2"}],"replies":[{"embeddable":true,"href":"https:\/\/institutos.ufrrj.br\/ice\/wp-json\/wp\/v2\/comments?post=1032"}],"version-history":[{"count":7,"href":"https:\/\/institutos.ufrrj.br\/ice\/wp-json\/wp\/v2\/pages\/1032\/revisions"}],"predecessor-version":[{"id":1245,"href":"https:\/\/institutos.ufrrj.br\/ice\/wp-json\/wp\/v2\/pages\/1032\/revisions\/1245"}],"wp:attachment":[{"href":"https:\/\/institutos.ufrrj.br\/ice\/wp-json\/wp\/v2\/media?parent=1032"}],"curies":[{"name":"wp","href":"https:\/\/api.w.org\/{rel}","templated":true}]}}