{"id":104,"date":"2011-01-25T16:58:58","date_gmt":"2011-01-25T16:58:58","guid":{"rendered":"http:\/\/r1.ufrrj.br\/wp\/ice\/"},"modified":"2026-04-06T14:00:18","modified_gmt":"2026-04-06T17:00:18","slug":"grade-curricular","status":"publish","type":"page","link":"https:\/\/institutos.ufrrj.br\/ice\/fisica\/grade-curricular\/","title":{"rendered":"Curso de F\u00edsica"},"content":{"rendered":"<hr \/>\n<p>Um <a href=\"https:\/\/cursos.ufrrj.br\/grad\/fisica\/?fbclid=PAZXh0bgNhZW0CMTEAAacfVaH2I4VMWIgsLDUBGeSCPMYjBCYmHU6SmpLgRLKwfRmTj03cujTdPWzC3Q_aem_L4A4c7SSol59c6A8J0u6Mw\">curso de Licenciatura em F\u00edsica<\/a> deve contemplar conte\u00fados relacionados a fen\u00f4menos f\u00edsicos vivenciados por todos n\u00f3s no mundo moderno. Tanto em conte\u00fado e m\u00e9todos de ensino e de aprendizagem, como sob outros aspectos, o objetivo \u00e9 formar um profissional com s\u00f3lidos conhecimentos da f\u00edsica e sua did\u00e1tica para o ensino m\u00e9dio, al\u00e9m de estar capacitado a entender intimamente o processo cient\u00edfico e as aplica\u00e7\u00f5es da f\u00edsica no dia a dia.<\/p>\n<p>Para tanto, \u00e9 fundamental para qualquer curso universit\u00e1rio a exist\u00eancia de um corpo docente muito bem formado, dedicado integralmente ao ensino, \u00e0 pesquisa e \u00e0 extens\u00e3o. Desta forma, o curso de Licenciatura em F\u00edsica da UFRRJ, atrav\u00e9s do Departamento de F\u00edsica &#8211; DEFIS, visa, utilizando-se da investiga\u00e7\u00e3o cient\u00edfica de novas estrat\u00e9gias de ensino aplic\u00e1veis \u00e0 F\u00edsica e da investiga\u00e7\u00e3o e aplica\u00e7\u00e3o de metodologias espec\u00edficas na realiza\u00e7\u00e3o das atividades de planejar, executar e avaliar, formar profissionais altamente capacitados a atuar de forma criativa e eficiente na forma\u00e7\u00e3o de jovens cidad\u00e3os e futuros pesquisadores, conscientes de seu papel como integrantes de um gigantesco mecanismo chamado universo.<\/p>\n<hr \/>\n<p><strong>ATRIBUI\u00c7\u00d5ES DO PROFISSIONAL<\/strong><\/p>\n<ul>\n<li>\u00a0Pesquisas dos fen\u00f4menos naturais e das leis universais que os regem;<\/li>\n<\/ul>\n<ul>\n<li>\u00a0Fabrica\u00e7\u00e3o de dispositivos el\u00e9tricos, fibras \u00f3ticas, componentes de computador e de microcomputador, de equipamentos utilizados na Medicina Nuclear (raios X,tomografia computadorizada etc), ou seja, integrantes de tecnologia de ponta;<\/li>\n<\/ul>\n<ul>\n<li>\u00a0Pesquisa das propriedades das subst\u00e2ncias radioativas;<\/li>\n<\/ul>\n<ul>\n<li>\u00a0Magist\u00e9rio nos ensinos m\u00e9dio e superior;<\/li>\n<\/ul>\n<ul>\n<li>\u00a0Estudo e pesquisa de fen\u00f4menos f\u00edsicos relacionados com mec\u00e2nica, calor, luz, eletricidade, magnetismo, energia at\u00f4mica e nuclear;<\/li>\n<\/ul>\n<ul>\n<li>\u00a0Aplica\u00e7\u00e3o de estudos te\u00f3ricos e resultados experimentais na solu\u00e7\u00e3o de problemas na ind\u00fastria, na medicina, no meio ambiente e na transmiss\u00e3o desses conhecimentos.<\/li>\n<\/ul>\n<p><strong>CAMPO DE ATUA\u00c7\u00c3O PROFISSIONAL<\/strong><\/p>\n<ul>\n<li>\u00a0Institui\u00e7\u00f5es de ensino m\u00e9dio e superior;<\/li>\n<li>\u00a0Centros de pesquisas f\u00edsicas;<\/li>\n<li>\u00a0Institutos de pesquisas cient\u00edficas e tecnol\u00f3gicas;<\/li>\n<li>\u00a0Ind\u00fastrias de alta tecnologia;<\/li>\n<li>\u00a0Institui\u00e7\u00f5es m\u00e9dico-hospitalares;<\/li>\n<li>\u00a0Empresas de sistemas eletr\u00f4nicos e de comunica\u00e7\u00e3o;<\/li>\n<li>\u00a0Centros de computa\u00e7\u00e3o;<\/li>\n<li>\u00a0Ind\u00fastrias eletr\u00f4nicas e de equipamentos m\u00e9dicos.<\/li>\n<\/ul>\n","protected":false},"excerpt":{"rendered":"<p>Um curso de Licenciatura em F\u00edsica deve contemplar conte\u00fados relacionados a fen\u00f4menos f\u00edsicos vivenciados por todos n\u00f3s no mundo moderno. Tanto em [&hellip;]<\/p>\n","protected":false},"author":4,"featured_media":0,"parent":1207,"menu_order":0,"comment_status":"open","ping_status":"open","template":"","meta":{"_acf_changed":false,"ngg_post_thumbnail":0,"_themeisle_gutenberg_block_has_review":false,"footnotes":""},"class_list":["post-104","page","type-page","status-publish","hentry"],"acf":[],"yoast_head":"<!-- This site is optimized with the Yoast SEO plugin v26.8 - https:\/\/yoast.com\/product\/yoast-seo-wordpress\/ -->\n<title>Curso de F\u00edsica - Institutos de Ci\u00eancias Exatas - ICE<\/title>\n<meta name=\"robots\" content=\"index, follow, max-snippet:-1, max-image-preview:large, max-video-preview:-1\" \/>\n<link rel=\"canonical\" href=\"https:\/\/institutos.ufrrj.br\/ice\/fisica\/grade-curricular\/\" \/>\n<meta property=\"og:locale\" content=\"pt_BR\" \/>\n<meta property=\"og:type\" content=\"article\" \/>\n<meta property=\"og:title\" content=\"Curso de F\u00edsica - Institutos de Ci\u00eancias Exatas - ICE\" \/>\n<meta property=\"og:description\" content=\"Um curso de Licenciatura em F\u00edsica deve contemplar conte\u00fados relacionados a fen\u00f4menos f\u00edsicos vivenciados por todos n\u00f3s no mundo moderno. Tanto em [&hellip;]\" \/>\n<meta property=\"og:url\" content=\"https:\/\/institutos.ufrrj.br\/ice\/fisica\/grade-curricular\/\" \/>\n<meta property=\"og:site_name\" content=\"Institutos de Ci\u00eancias Exatas - ICE\" \/>\n<meta property=\"article:modified_time\" content=\"2026-04-06T17:00:18+00:00\" \/>\n<meta name=\"twitter:card\" content=\"summary_large_image\" \/>\n<meta name=\"twitter:label1\" content=\"Est. tempo de leitura\" \/>\n\t<meta name=\"twitter:data1\" content=\"2 minutos\" \/>\n<script type=\"application\/ld+json\" class=\"yoast-schema-graph\">{\"@context\":\"https:\/\/schema.org\",\"@graph\":[{\"@type\":\"WebPage\",\"@id\":\"https:\/\/institutos.ufrrj.br\/ice\/fisica\/grade-curricular\/\",\"url\":\"https:\/\/institutos.ufrrj.br\/ice\/fisica\/grade-curricular\/\",\"name\":\"Curso de F\u00edsica - Institutos de Ci\u00eancias Exatas - ICE\",\"isPartOf\":{\"@id\":\"https:\/\/institutos.ufrrj.br\/ice\/#website\"},\"datePublished\":\"2011-01-25T16:58:58+00:00\",\"dateModified\":\"2026-04-06T17:00:18+00:00\",\"breadcrumb\":{\"@id\":\"https:\/\/institutos.ufrrj.br\/ice\/fisica\/grade-curricular\/#breadcrumb\"},\"inLanguage\":\"pt-BR\",\"potentialAction\":[{\"@type\":\"ReadAction\",\"target\":[\"https:\/\/institutos.ufrrj.br\/ice\/fisica\/grade-curricular\/\"]}]},{\"@type\":\"BreadcrumbList\",\"@id\":\"https:\/\/institutos.ufrrj.br\/ice\/fisica\/grade-curricular\/#breadcrumb\",\"itemListElement\":[{\"@type\":\"ListItem\",\"position\":1,\"name\":\"In\u00edcio\",\"item\":\"https:\/\/institutos.ufrrj.br\/ice\/\"},{\"@type\":\"ListItem\",\"position\":2,\"name\":\"F\u00edsica\",\"item\":\"https:\/\/institutos.ufrrj.br\/ice\/fisica\/\"},{\"@type\":\"ListItem\",\"position\":3,\"name\":\"Curso de F\u00edsica\"}]},{\"@type\":\"WebSite\",\"@id\":\"https:\/\/institutos.ufrrj.br\/ice\/#website\",\"url\":\"https:\/\/institutos.ufrrj.br\/ice\/\",\"name\":\"Institutos de Ci\u00eancias Exatas - ICE\",\"description\":\"CAMPUS SEROP\u00c9DICA - UFRRJ\",\"potentialAction\":[{\"@type\":\"SearchAction\",\"target\":{\"@type\":\"EntryPoint\",\"urlTemplate\":\"https:\/\/institutos.ufrrj.br\/ice\/?s={search_term_string}\"},\"query-input\":{\"@type\":\"PropertyValueSpecification\",\"valueRequired\":true,\"valueName\":\"search_term_string\"}}],\"inLanguage\":\"pt-BR\"}]}<\/script>\n<!-- \/ Yoast SEO plugin. -->","yoast_head_json":{"title":"Curso de F\u00edsica - Institutos de Ci\u00eancias Exatas - ICE","robots":{"index":"index","follow":"follow","max-snippet":"max-snippet:-1","max-image-preview":"max-image-preview:large","max-video-preview":"max-video-preview:-1"},"canonical":"https:\/\/institutos.ufrrj.br\/ice\/fisica\/grade-curricular\/","og_locale":"pt_BR","og_type":"article","og_title":"Curso de F\u00edsica - Institutos de Ci\u00eancias Exatas - ICE","og_description":"Um curso de Licenciatura em F\u00edsica deve contemplar conte\u00fados relacionados a fen\u00f4menos f\u00edsicos vivenciados por todos n\u00f3s no mundo moderno. Tanto em [&hellip;]","og_url":"https:\/\/institutos.ufrrj.br\/ice\/fisica\/grade-curricular\/","og_site_name":"Institutos de Ci\u00eancias Exatas - ICE","article_modified_time":"2026-04-06T17:00:18+00:00","twitter_card":"summary_large_image","twitter_misc":{"Est. tempo de leitura":"2 minutos"},"schema":{"@context":"https:\/\/schema.org","@graph":[{"@type":"WebPage","@id":"https:\/\/institutos.ufrrj.br\/ice\/fisica\/grade-curricular\/","url":"https:\/\/institutos.ufrrj.br\/ice\/fisica\/grade-curricular\/","name":"Curso de F\u00edsica - Institutos de Ci\u00eancias Exatas - ICE","isPartOf":{"@id":"https:\/\/institutos.ufrrj.br\/ice\/#website"},"datePublished":"2011-01-25T16:58:58+00:00","dateModified":"2026-04-06T17:00:18+00:00","breadcrumb":{"@id":"https:\/\/institutos.ufrrj.br\/ice\/fisica\/grade-curricular\/#breadcrumb"},"inLanguage":"pt-BR","potentialAction":[{"@type":"ReadAction","target":["https:\/\/institutos.ufrrj.br\/ice\/fisica\/grade-curricular\/"]}]},{"@type":"BreadcrumbList","@id":"https:\/\/institutos.ufrrj.br\/ice\/fisica\/grade-curricular\/#breadcrumb","itemListElement":[{"@type":"ListItem","position":1,"name":"In\u00edcio","item":"https:\/\/institutos.ufrrj.br\/ice\/"},{"@type":"ListItem","position":2,"name":"F\u00edsica","item":"https:\/\/institutos.ufrrj.br\/ice\/fisica\/"},{"@type":"ListItem","position":3,"name":"Curso de F\u00edsica"}]},{"@type":"WebSite","@id":"https:\/\/institutos.ufrrj.br\/ice\/#website","url":"https:\/\/institutos.ufrrj.br\/ice\/","name":"Institutos de Ci\u00eancias Exatas - ICE","description":"CAMPUS SEROP\u00c9DICA - UFRRJ","potentialAction":[{"@type":"SearchAction","target":{"@type":"EntryPoint","urlTemplate":"https:\/\/institutos.ufrrj.br\/ice\/?s={search_term_string}"},"query-input":{"@type":"PropertyValueSpecification","valueRequired":true,"valueName":"search_term_string"}}],"inLanguage":"pt-BR"}]}},"_links":{"self":[{"href":"https:\/\/institutos.ufrrj.br\/ice\/wp-json\/wp\/v2\/pages\/104","targetHints":{"allow":["GET"]}}],"collection":[{"href":"https:\/\/institutos.ufrrj.br\/ice\/wp-json\/wp\/v2\/pages"}],"about":[{"href":"https:\/\/institutos.ufrrj.br\/ice\/wp-json\/wp\/v2\/types\/page"}],"author":[{"embeddable":true,"href":"https:\/\/institutos.ufrrj.br\/ice\/wp-json\/wp\/v2\/users\/4"}],"replies":[{"embeddable":true,"href":"https:\/\/institutos.ufrrj.br\/ice\/wp-json\/wp\/v2\/comments?post=104"}],"version-history":[{"count":13,"href":"https:\/\/institutos.ufrrj.br\/ice\/wp-json\/wp\/v2\/pages\/104\/revisions"}],"predecessor-version":[{"id":1802,"href":"https:\/\/institutos.ufrrj.br\/ice\/wp-json\/wp\/v2\/pages\/104\/revisions\/1802"}],"up":[{"embeddable":true,"href":"https:\/\/institutos.ufrrj.br\/ice\/wp-json\/wp\/v2\/pages\/1207"}],"wp:attachment":[{"href":"https:\/\/institutos.ufrrj.br\/ice\/wp-json\/wp\/v2\/media?parent=104"}],"curies":[{"name":"wp","href":"https:\/\/api.w.org\/{rel}","templated":true}]}}