{"id":196,"date":"2011-02-03T14:27:37","date_gmt":"2011-02-03T14:27:37","guid":{"rendered":"http:\/\/r1.ufrrj.br\/wp\/ice\/"},"modified":"2026-04-05T18:49:31","modified_gmt":"2026-04-05T21:49:31","slug":"curso","status":"publish","type":"page","link":"https:\/\/institutos.ufrrj.br\/ice\/departamentos\/demat\/curso\/","title":{"rendered":"Curso de Matem\u00e1tica"},"content":{"rendered":"<p><img loading=\"lazy\" decoding=\"async\" src=\"http:\/\/r1.ufrrj.br\/wp\/ice\/wp-content\/uploads\/titulo_graduacao_demat(1).gif\" alt=\"Demat_Banner\" width=\"630\" height=\"67\" \/><\/p>\n<p>\u00c9 fato conhecido que matem\u00e1ticos e fil\u00f3sofos sempre andaram muito pr\u00f3ximos: afinal, ao longo da hist\u00f3ria, a Matem\u00e1tica tem sido um instrumento cient\u00edfico indispens\u00e1vel para a expans\u00e3o do conhecimento do homem. E continuar\u00e1 sendo! Atualmente, a matem\u00e1tica tem sido aplicada a v\u00e1rios campos do conhecimento humano e tecnol\u00f3gico, atrav\u00e9s da interpreta\u00e7\u00e3o de problemas, por meio de modelos matem\u00e1ticos ou do avan\u00e7o avassalador da inform\u00e1tica utilizada nos mais diversos fins.<\/p>\n<p>Assim, em 1975 nasceu <a href=\"https:\/\/cursos.ufrrj.br\/grad\/matematica\/\">o curso de Matem\u00e1tica<\/a> da UFRRJ (hoje nas modalidades Licenciatura, Bacharelado e Bacharelado em Matem\u00e1tica Aplicada Computacional). O Departamento de Matem\u00e1tica \u2013 DEMAT, atrav\u00e9s do curso de Matem\u00e1tica, tem por objetivo disponibilizar ao discente uma forma\u00e7\u00e3o s\u00f3lida de conte\u00fados matem\u00e1ticos, proporcionando uma vis\u00e3o global da evolu\u00e7\u00e3o hist\u00f3rica dos v\u00e1rios conceitos matem\u00e1ticos, sua rela\u00e7\u00e3o com as demais \u00e1reas do conhecimento, sua import\u00e2ncia para o ensino, tanto criando quanto investigando meios para elaborar, selecionar, organizar e avaliar material did\u00e1tico para o ensino da Matem\u00e1tica e principalmente preocupando-se em formar profissionais conscientes de sua responsabilidade como formadores de opini\u00e3o.<\/p>\n<p><strong>ATRIBUI\u00c7\u00d5ES DO PROFISSIONAL<\/strong><\/p>\n<ul>\n<li>v\u00a0 Pesquisar problemas novos nos v\u00e1rios campos da Matem\u00e1tica pura;<\/li>\n<li>v\u00a0 Aplicar a teoria Matem\u00e1tica na solu\u00e7\u00e3o de problemas ligados a outras \u00e1reas do conhecimento (por exemplo: F\u00edsica, Qu\u00edmica, Biologia, Engenharia e Economia);<\/li>\n<li>v\u00a0 Modelar e resolver problemas visando a tomada de decis\u00f5es no \u00e2mbito empresarial quanto \u00e0 escala de produ\u00e7\u00e3o e otimiza\u00e7\u00e3o de custos;<\/li>\n<li>v\u00a0 Modelar e resolver problemas em Biomatem\u00e1tica;<\/li>\n<li>v\u00a0 Atuar no magist\u00e9rio do Ensino Fundamental, Ensino M\u00e9dio e Ensino Superior;<\/li>\n<li>v\u00a0 Pesquisar novas metodologias para o ensino da Matem\u00e1tica em seus v\u00e1rios n\u00edveis;<\/li>\n<li>v\u00a0 Pesquisar e desenvolver novas ferramentas computacionais que auxiliem na obten\u00e7\u00e3o das solu\u00e7\u00f5es num\u00e9ricas dos problemas pesquisados;<\/li>\n<li>v\u00a0 Atuar em \u00e1reas de interface com outros campos de conhecimento;<\/li>\n<li>v\u00a0 Atuar nas \u00e1reas de planejamento e controle de produ\u00e7\u00e3o ind\u00fastrial.<\/li>\n<\/ul>\n<p><strong>CAMPO DE ATUA\u00c7\u00c3O PROFISSIONAL<\/strong><\/p>\n<ul>\n<li>v\u00a0 Institui\u00e7\u00f5es de pesquisas cient\u00edficas e tecnol\u00f3gicas;<\/li>\n<li>v\u00a0 Escrit\u00f3rios de consultorias t\u00e9cnicas;<\/li>\n<li>v\u00a0 Estabelecimentos de cr\u00e9dito e finan\u00e7as;<\/li>\n<li>v\u00a0 N\u00facleos de processamento de dados;<\/li>\n<li>v\u00a0 Institui\u00e7\u00f5es de ensino m\u00e9dio e superior;<\/li>\n<li>v\u00a0 Ind\u00fastrias, na \u00e1rea de sistemas de planejamento.<\/li>\n<\/ul>\n","protected":false},"excerpt":{"rendered":"<p>\u00c9 fato conhecido que matem\u00e1ticos e fil\u00f3sofos sempre andaram muito pr\u00f3ximos: afinal, ao longo da hist\u00f3ria, a Matem\u00e1tica tem sido um instrumento [&hellip;]<\/p>\n","protected":false},"author":2,"featured_media":0,"parent":37,"menu_order":0,"comment_status":"open","ping_status":"open","template":"","meta":{"_acf_changed":false,"ngg_post_thumbnail":0,"_themeisle_gutenberg_block_has_review":false,"footnotes":""},"class_list":["post-196","page","type-page","status-publish","hentry"],"acf":[],"yoast_head":"<!-- This site is optimized with the Yoast SEO plugin v26.8 - https:\/\/yoast.com\/product\/yoast-seo-wordpress\/ -->\n<title>Curso de Matem\u00e1tica - Institutos de Ci\u00eancias Exatas - ICE<\/title>\n<meta name=\"robots\" content=\"index, follow, max-snippet:-1, max-image-preview:large, max-video-preview:-1\" \/>\n<link rel=\"canonical\" href=\"https:\/\/institutos.ufrrj.br\/ice\/departamentos\/demat\/curso\/\" \/>\n<meta property=\"og:locale\" content=\"pt_BR\" \/>\n<meta property=\"og:type\" content=\"article\" \/>\n<meta property=\"og:title\" content=\"Curso de Matem\u00e1tica - Institutos de Ci\u00eancias Exatas - ICE\" \/>\n<meta property=\"og:description\" content=\"\u00c9 fato conhecido que matem\u00e1ticos e fil\u00f3sofos sempre andaram muito pr\u00f3ximos: afinal, ao longo da hist\u00f3ria, a Matem\u00e1tica tem sido um instrumento [&hellip;]\" \/>\n<meta property=\"og:url\" content=\"https:\/\/institutos.ufrrj.br\/ice\/departamentos\/demat\/curso\/\" \/>\n<meta property=\"og:site_name\" content=\"Institutos de Ci\u00eancias Exatas - ICE\" \/>\n<meta property=\"article:modified_time\" content=\"2026-04-05T21:49:31+00:00\" \/>\n<meta property=\"og:image\" content=\"http:\/\/r1.ufrrj.br\/wp\/ice\/wp-content\/uploads\/titulo_graduacao_demat(1).gif\" \/>\n<meta name=\"twitter:card\" content=\"summary_large_image\" \/>\n<meta name=\"twitter:label1\" content=\"Est. tempo de leitura\" \/>\n\t<meta name=\"twitter:data1\" content=\"3 minutos\" \/>\n<script type=\"application\/ld+json\" class=\"yoast-schema-graph\">{\"@context\":\"https:\/\/schema.org\",\"@graph\":[{\"@type\":\"WebPage\",\"@id\":\"https:\/\/institutos.ufrrj.br\/ice\/departamentos\/demat\/curso\/\",\"url\":\"https:\/\/institutos.ufrrj.br\/ice\/departamentos\/demat\/curso\/\",\"name\":\"Curso de Matem\u00e1tica - Institutos de Ci\u00eancias Exatas - ICE\",\"isPartOf\":{\"@id\":\"https:\/\/institutos.ufrrj.br\/ice\/#website\"},\"primaryImageOfPage\":{\"@id\":\"https:\/\/institutos.ufrrj.br\/ice\/departamentos\/demat\/curso\/#primaryimage\"},\"image\":{\"@id\":\"https:\/\/institutos.ufrrj.br\/ice\/departamentos\/demat\/curso\/#primaryimage\"},\"thumbnailUrl\":\"http:\/\/r1.ufrrj.br\/wp\/ice\/wp-content\/uploads\/titulo_graduacao_demat(1).gif\",\"datePublished\":\"2011-02-03T14:27:37+00:00\",\"dateModified\":\"2026-04-05T21:49:31+00:00\",\"breadcrumb\":{\"@id\":\"https:\/\/institutos.ufrrj.br\/ice\/departamentos\/demat\/curso\/#breadcrumb\"},\"inLanguage\":\"pt-BR\",\"potentialAction\":[{\"@type\":\"ReadAction\",\"target\":[\"https:\/\/institutos.ufrrj.br\/ice\/departamentos\/demat\/curso\/\"]}]},{\"@type\":\"ImageObject\",\"inLanguage\":\"pt-BR\",\"@id\":\"https:\/\/institutos.ufrrj.br\/ice\/departamentos\/demat\/curso\/#primaryimage\",\"url\":\"http:\/\/r1.ufrrj.br\/wp\/ice\/wp-content\/uploads\/titulo_graduacao_demat(1).gif\",\"contentUrl\":\"http:\/\/r1.ufrrj.br\/wp\/ice\/wp-content\/uploads\/titulo_graduacao_demat(1).gif\"},{\"@type\":\"BreadcrumbList\",\"@id\":\"https:\/\/institutos.ufrrj.br\/ice\/departamentos\/demat\/curso\/#breadcrumb\",\"itemListElement\":[{\"@type\":\"ListItem\",\"position\":1,\"name\":\"In\u00edcio\",\"item\":\"https:\/\/institutos.ufrrj.br\/ice\/\"},{\"@type\":\"ListItem\",\"position\":2,\"name\":\"Gradua\u00e7\u00e3o\",\"item\":\"https:\/\/institutos.ufrrj.br\/ice\/departamentos\/\"},{\"@type\":\"ListItem\",\"position\":3,\"name\":\"MATEM\u00c1TICA\",\"item\":\"https:\/\/institutos.ufrrj.br\/ice\/departamentos\/demat\/\"},{\"@type\":\"ListItem\",\"position\":4,\"name\":\"Curso de Matem\u00e1tica\"}]},{\"@type\":\"WebSite\",\"@id\":\"https:\/\/institutos.ufrrj.br\/ice\/#website\",\"url\":\"https:\/\/institutos.ufrrj.br\/ice\/\",\"name\":\"Institutos de Ci\u00eancias Exatas - ICE\",\"description\":\"CAMPUS SEROP\u00c9DICA - UFRRJ\",\"potentialAction\":[{\"@type\":\"SearchAction\",\"target\":{\"@type\":\"EntryPoint\",\"urlTemplate\":\"https:\/\/institutos.ufrrj.br\/ice\/?s={search_term_string}\"},\"query-input\":{\"@type\":\"PropertyValueSpecification\",\"valueRequired\":true,\"valueName\":\"search_term_string\"}}],\"inLanguage\":\"pt-BR\"}]}<\/script>\n<!-- \/ Yoast SEO plugin. -->","yoast_head_json":{"title":"Curso de Matem\u00e1tica - Institutos de Ci\u00eancias Exatas - ICE","robots":{"index":"index","follow":"follow","max-snippet":"max-snippet:-1","max-image-preview":"max-image-preview:large","max-video-preview":"max-video-preview:-1"},"canonical":"https:\/\/institutos.ufrrj.br\/ice\/departamentos\/demat\/curso\/","og_locale":"pt_BR","og_type":"article","og_title":"Curso de Matem\u00e1tica - Institutos de Ci\u00eancias Exatas - ICE","og_description":"\u00c9 fato conhecido que matem\u00e1ticos e fil\u00f3sofos sempre andaram muito pr\u00f3ximos: afinal, ao longo da hist\u00f3ria, a Matem\u00e1tica tem sido um instrumento [&hellip;]","og_url":"https:\/\/institutos.ufrrj.br\/ice\/departamentos\/demat\/curso\/","og_site_name":"Institutos de Ci\u00eancias Exatas - ICE","article_modified_time":"2026-04-05T21:49:31+00:00","og_image":[{"url":"http:\/\/r1.ufrrj.br\/wp\/ice\/wp-content\/uploads\/titulo_graduacao_demat(1).gif","type":"","width":"","height":""}],"twitter_card":"summary_large_image","twitter_misc":{"Est. tempo de leitura":"3 minutos"},"schema":{"@context":"https:\/\/schema.org","@graph":[{"@type":"WebPage","@id":"https:\/\/institutos.ufrrj.br\/ice\/departamentos\/demat\/curso\/","url":"https:\/\/institutos.ufrrj.br\/ice\/departamentos\/demat\/curso\/","name":"Curso de Matem\u00e1tica - Institutos de Ci\u00eancias Exatas - ICE","isPartOf":{"@id":"https:\/\/institutos.ufrrj.br\/ice\/#website"},"primaryImageOfPage":{"@id":"https:\/\/institutos.ufrrj.br\/ice\/departamentos\/demat\/curso\/#primaryimage"},"image":{"@id":"https:\/\/institutos.ufrrj.br\/ice\/departamentos\/demat\/curso\/#primaryimage"},"thumbnailUrl":"http:\/\/r1.ufrrj.br\/wp\/ice\/wp-content\/uploads\/titulo_graduacao_demat(1).gif","datePublished":"2011-02-03T14:27:37+00:00","dateModified":"2026-04-05T21:49:31+00:00","breadcrumb":{"@id":"https:\/\/institutos.ufrrj.br\/ice\/departamentos\/demat\/curso\/#breadcrumb"},"inLanguage":"pt-BR","potentialAction":[{"@type":"ReadAction","target":["https:\/\/institutos.ufrrj.br\/ice\/departamentos\/demat\/curso\/"]}]},{"@type":"ImageObject","inLanguage":"pt-BR","@id":"https:\/\/institutos.ufrrj.br\/ice\/departamentos\/demat\/curso\/#primaryimage","url":"http:\/\/r1.ufrrj.br\/wp\/ice\/wp-content\/uploads\/titulo_graduacao_demat(1).gif","contentUrl":"http:\/\/r1.ufrrj.br\/wp\/ice\/wp-content\/uploads\/titulo_graduacao_demat(1).gif"},{"@type":"BreadcrumbList","@id":"https:\/\/institutos.ufrrj.br\/ice\/departamentos\/demat\/curso\/#breadcrumb","itemListElement":[{"@type":"ListItem","position":1,"name":"In\u00edcio","item":"https:\/\/institutos.ufrrj.br\/ice\/"},{"@type":"ListItem","position":2,"name":"Gradua\u00e7\u00e3o","item":"https:\/\/institutos.ufrrj.br\/ice\/departamentos\/"},{"@type":"ListItem","position":3,"name":"MATEM\u00c1TICA","item":"https:\/\/institutos.ufrrj.br\/ice\/departamentos\/demat\/"},{"@type":"ListItem","position":4,"name":"Curso de Matem\u00e1tica"}]},{"@type":"WebSite","@id":"https:\/\/institutos.ufrrj.br\/ice\/#website","url":"https:\/\/institutos.ufrrj.br\/ice\/","name":"Institutos de Ci\u00eancias Exatas - ICE","description":"CAMPUS SEROP\u00c9DICA - UFRRJ","potentialAction":[{"@type":"SearchAction","target":{"@type":"EntryPoint","urlTemplate":"https:\/\/institutos.ufrrj.br\/ice\/?s={search_term_string}"},"query-input":{"@type":"PropertyValueSpecification","valueRequired":true,"valueName":"search_term_string"}}],"inLanguage":"pt-BR"}]}},"_links":{"self":[{"href":"https:\/\/institutos.ufrrj.br\/ice\/wp-json\/wp\/v2\/pages\/196","targetHints":{"allow":["GET"]}}],"collection":[{"href":"https:\/\/institutos.ufrrj.br\/ice\/wp-json\/wp\/v2\/pages"}],"about":[{"href":"https:\/\/institutos.ufrrj.br\/ice\/wp-json\/wp\/v2\/types\/page"}],"author":[{"embeddable":true,"href":"https:\/\/institutos.ufrrj.br\/ice\/wp-json\/wp\/v2\/users\/2"}],"replies":[{"embeddable":true,"href":"https:\/\/institutos.ufrrj.br\/ice\/wp-json\/wp\/v2\/comments?post=196"}],"version-history":[{"count":5,"href":"https:\/\/institutos.ufrrj.br\/ice\/wp-json\/wp\/v2\/pages\/196\/revisions"}],"predecessor-version":[{"id":1989,"href":"https:\/\/institutos.ufrrj.br\/ice\/wp-json\/wp\/v2\/pages\/196\/revisions\/1989"}],"up":[{"embeddable":true,"href":"https:\/\/institutos.ufrrj.br\/ice\/wp-json\/wp\/v2\/pages\/37"}],"wp:attachment":[{"href":"https:\/\/institutos.ufrrj.br\/ice\/wp-json\/wp\/v2\/media?parent=196"}],"curies":[{"name":"wp","href":"https:\/\/api.w.org\/{rel}","templated":true}]}}