{"id":1977,"date":"2026-04-05T18:23:24","date_gmt":"2026-04-05T21:23:24","guid":{"rendered":"https:\/\/institutos.ufrrj.br\/ice\/?page_id=1977"},"modified":"2026-04-05T19:33:50","modified_gmt":"2026-04-05T22:33:50","slug":"conhece-as-ofertas-do-instituto-de-ciencias-exatas","status":"publish","type":"page","link":"https:\/\/institutos.ufrrj.br\/ice\/conhece-as-ofertas-do-instituto-de-ciencias-exatas\/","title":{"rendered":"Conhe\u00e7a as ofertas do Instituto de Ci\u00eancias Exatas"},"content":{"rendered":"\n<p><\/p>\n\n\n\n<figure class=\"wp-block-image size-large\"><a href=\"https:\/\/institutos.ufrrj.br\/ice\/wp-content\/uploads\/sites\/2\/2026\/04\/GRADUACAO-E-POS-GRAD-scaled.png\"><img loading=\"lazy\" decoding=\"async\" width=\"1024\" height=\"256\" src=\"https:\/\/institutos.ufrrj.br\/ice\/wp-content\/uploads\/sites\/2\/2026\/04\/GRADUACAO-E-POS-GRAD-1024x256.png\" alt=\"\" class=\"wp-image-1959\" srcset=\"https:\/\/institutos.ufrrj.br\/ice\/wp-content\/uploads\/sites\/2\/2026\/04\/GRADUACAO-E-POS-GRAD-1024x256.png 1024w, https:\/\/institutos.ufrrj.br\/ice\/wp-content\/uploads\/sites\/2\/2026\/04\/GRADUACAO-E-POS-GRAD-300x75.png 300w, https:\/\/institutos.ufrrj.br\/ice\/wp-content\/uploads\/sites\/2\/2026\/04\/GRADUACAO-E-POS-GRAD-768x192.png 768w, https:\/\/institutos.ufrrj.br\/ice\/wp-content\/uploads\/sites\/2\/2026\/04\/GRADUACAO-E-POS-GRAD-1536x384.png 1536w, https:\/\/institutos.ufrrj.br\/ice\/wp-content\/uploads\/sites\/2\/2026\/04\/GRADUACAO-E-POS-GRAD-2048x512.png 2048w, https:\/\/institutos.ufrrj.br\/ice\/wp-content\/uploads\/sites\/2\/2026\/04\/GRADUACAO-E-POS-GRAD-280x70.png 280w\" sizes=\"auto, (max-width: 1024px) 100vw, 1024px\" \/><\/a><\/figure>\n\n\n\n<p><\/p>\n\n\n\n<p>Conhe\u00e7a as ofertas do Instituto de Ci\u00eancias Exatas (ICE) da Universidade Federal Rural do Rio de Janeiro (UFRRJ\/Serop\u00e9dica).<\/p>\n\n\n\n<p><strong>Cursos de Gradua\u00e7\u00e3o<\/strong><\/p>\n\n\n\n<ul class=\"wp-block-list\">\n<li><a href=\"https:\/\/institutos.ufrrj.br\/ice\/departamentos\/defis\/grade-curricular\/\">Licenciatura em F\u00edsica<\/a> (DEFIS);<\/li>\n\n\n\n<li><a href=\"https:\/\/institutos.ufrrj.br\/ice\/departamentos\/demat\/curso\/\">Licenciatura em Matem\u00e1tica<\/a> (DEMAT);<\/li>\n\n\n\n<li><a href=\"https:\/\/institutos.ufrrj.br\/ice\/curso-de-sistemas-de-informacao\/\">Bacharel em Sistemas de Informa\u00e7\u00e3o<\/a> (DECOMP).<\/li>\n<\/ul>\n\n\n\n<p><strong>Programas de P\u00f3s-Gradua\u00e7\u00e3o<\/strong><\/p>\n\n\n\n<ul class=\"wp-block-list\">\n<li><a href=\"https:\/\/institutos.ufrrj.br\/ice\/ppgmmc-2\/\">Programa de Mestrado em Modelagem Matem\u00e1tica e Computacional<\/a> (PPGMMC);<\/li>\n\n\n\n<li><a href=\"https:\/\/institutos.ufrrj.br\/ice\/profmat\/\">Programa de Mestrado Profissional em Matem\u00e1tica<\/a> (PROFMAT);<\/li>\n\n\n\n<li><a href=\"https:\/\/institutos.ufrrj.br\/ice\/especializacao-em-estatistica-aplicada\/\">Programa de Especializa\u00e7\u00e3o em Estat\u00edstica Aplicada<\/a>;<\/li>\n\n\n\n<li><a href=\"https:\/\/institutos.ufrrj.br\/ice\/mestrado-em-fisica\/\">Programa de Mestrado em F\u00edsica<\/a>.<\/li>\n<\/ul>\n\n\n\n<p><\/p>\n\n\n\n<p>Nos acompanhe no <a href=\"https:\/\/instagram.com\/ice_ufrrj\">Instagram<\/a>.<\/p>\n","protected":false},"excerpt":{"rendered":"<p>Conhe\u00e7a as ofertas do Instituto de Ci\u00eancias Exatas (ICE) da Universidade Federal Rural do Rio de Janeiro (UFRRJ\/Serop\u00e9dica). Cursos de Gradua\u00e7\u00e3o Programas [&hellip;]<\/p>\n","protected":false},"author":97,"featured_media":0,"parent":0,"menu_order":0,"comment_status":"closed","ping_status":"closed","template":"","meta":{"_acf_changed":false,"ngg_post_thumbnail":0,"_themeisle_gutenberg_block_has_review":false,"footnotes":""},"class_list":["post-1977","page","type-page","status-publish","hentry"],"acf":[],"yoast_head":"<!-- This site is optimized with the Yoast SEO plugin v26.8 - https:\/\/yoast.com\/product\/yoast-seo-wordpress\/ -->\n<title>Conhe\u00e7a as ofertas do Instituto de Ci\u00eancias Exatas - Institutos de Ci\u00eancias Exatas - ICE<\/title>\n<meta name=\"robots\" content=\"index, follow, max-snippet:-1, max-image-preview:large, max-video-preview:-1\" \/>\n<link rel=\"canonical\" href=\"https:\/\/institutos.ufrrj.br\/ice\/conhece-as-ofertas-do-instituto-de-ciencias-exatas\/\" \/>\n<meta property=\"og:locale\" content=\"pt_BR\" \/>\n<meta property=\"og:type\" content=\"article\" \/>\n<meta property=\"og:title\" content=\"Conhe\u00e7a as ofertas do Instituto de Ci\u00eancias Exatas - Institutos de Ci\u00eancias Exatas - ICE\" \/>\n<meta property=\"og:description\" content=\"Conhe\u00e7a as ofertas do Instituto de Ci\u00eancias Exatas (ICE) da Universidade Federal Rural do Rio de Janeiro (UFRRJ\/Serop\u00e9dica). Cursos de Gradua\u00e7\u00e3o Programas [&hellip;]\" \/>\n<meta property=\"og:url\" content=\"https:\/\/institutos.ufrrj.br\/ice\/conhece-as-ofertas-do-instituto-de-ciencias-exatas\/\" \/>\n<meta property=\"og:site_name\" content=\"Institutos de Ci\u00eancias Exatas - ICE\" \/>\n<meta property=\"article:modified_time\" content=\"2026-04-05T22:33:50+00:00\" \/>\n<meta property=\"og:image\" content=\"https:\/\/institutos.ufrrj.br\/ice\/wp-content\/uploads\/sites\/2\/2026\/04\/GRADUACAO-E-POS-GRAD-scaled.png\" \/>\n\t<meta property=\"og:image:width\" content=\"2560\" \/>\n\t<meta property=\"og:image:height\" content=\"640\" \/>\n\t<meta property=\"og:image:type\" content=\"image\/png\" \/>\n<meta name=\"twitter:card\" content=\"summary_large_image\" \/>\n<meta name=\"twitter:label1\" content=\"Est. tempo de leitura\" \/>\n\t<meta name=\"twitter:data1\" content=\"1 minuto\" \/>\n<script type=\"application\/ld+json\" class=\"yoast-schema-graph\">{\"@context\":\"https:\/\/schema.org\",\"@graph\":[{\"@type\":\"WebPage\",\"@id\":\"https:\/\/institutos.ufrrj.br\/ice\/conhece-as-ofertas-do-instituto-de-ciencias-exatas\/\",\"url\":\"https:\/\/institutos.ufrrj.br\/ice\/conhece-as-ofertas-do-instituto-de-ciencias-exatas\/\",\"name\":\"Conhe\u00e7a as ofertas do Instituto de Ci\u00eancias Exatas - Institutos de Ci\u00eancias Exatas - ICE\",\"isPartOf\":{\"@id\":\"https:\/\/institutos.ufrrj.br\/ice\/#website\"},\"primaryImageOfPage\":{\"@id\":\"https:\/\/institutos.ufrrj.br\/ice\/conhece-as-ofertas-do-instituto-de-ciencias-exatas\/#primaryimage\"},\"image\":{\"@id\":\"https:\/\/institutos.ufrrj.br\/ice\/conhece-as-ofertas-do-instituto-de-ciencias-exatas\/#primaryimage\"},\"thumbnailUrl\":\"https:\/\/institutos.ufrrj.br\/ice\/wp-content\/uploads\/sites\/2\/2026\/04\/GRADUACAO-E-POS-GRAD-1024x256.png\",\"datePublished\":\"2026-04-05T21:23:24+00:00\",\"dateModified\":\"2026-04-05T22:33:50+00:00\",\"breadcrumb\":{\"@id\":\"https:\/\/institutos.ufrrj.br\/ice\/conhece-as-ofertas-do-instituto-de-ciencias-exatas\/#breadcrumb\"},\"inLanguage\":\"pt-BR\",\"potentialAction\":[{\"@type\":\"ReadAction\",\"target\":[\"https:\/\/institutos.ufrrj.br\/ice\/conhece-as-ofertas-do-instituto-de-ciencias-exatas\/\"]}]},{\"@type\":\"ImageObject\",\"inLanguage\":\"pt-BR\",\"@id\":\"https:\/\/institutos.ufrrj.br\/ice\/conhece-as-ofertas-do-instituto-de-ciencias-exatas\/#primaryimage\",\"url\":\"https:\/\/institutos.ufrrj.br\/ice\/wp-content\/uploads\/sites\/2\/2026\/04\/GRADUACAO-E-POS-GRAD-scaled.png\",\"contentUrl\":\"https:\/\/institutos.ufrrj.br\/ice\/wp-content\/uploads\/sites\/2\/2026\/04\/GRADUACAO-E-POS-GRAD-scaled.png\",\"width\":2560,\"height\":640},{\"@type\":\"BreadcrumbList\",\"@id\":\"https:\/\/institutos.ufrrj.br\/ice\/conhece-as-ofertas-do-instituto-de-ciencias-exatas\/#breadcrumb\",\"itemListElement\":[{\"@type\":\"ListItem\",\"position\":1,\"name\":\"In\u00edcio\",\"item\":\"https:\/\/institutos.ufrrj.br\/ice\/\"},{\"@type\":\"ListItem\",\"position\":2,\"name\":\"Conhe\u00e7a as ofertas do Instituto de Ci\u00eancias Exatas\"}]},{\"@type\":\"WebSite\",\"@id\":\"https:\/\/institutos.ufrrj.br\/ice\/#website\",\"url\":\"https:\/\/institutos.ufrrj.br\/ice\/\",\"name\":\"Institutos de Ci\u00eancias Exatas - ICE\",\"description\":\"CAMPUS SEROP\u00c9DICA - UFRRJ\",\"potentialAction\":[{\"@type\":\"SearchAction\",\"target\":{\"@type\":\"EntryPoint\",\"urlTemplate\":\"https:\/\/institutos.ufrrj.br\/ice\/?s={search_term_string}\"},\"query-input\":{\"@type\":\"PropertyValueSpecification\",\"valueRequired\":true,\"valueName\":\"search_term_string\"}}],\"inLanguage\":\"pt-BR\"}]}<\/script>\n<!-- \/ Yoast SEO plugin. -->","yoast_head_json":{"title":"Conhe\u00e7a as ofertas do Instituto de Ci\u00eancias Exatas - Institutos de Ci\u00eancias Exatas - ICE","robots":{"index":"index","follow":"follow","max-snippet":"max-snippet:-1","max-image-preview":"max-image-preview:large","max-video-preview":"max-video-preview:-1"},"canonical":"https:\/\/institutos.ufrrj.br\/ice\/conhece-as-ofertas-do-instituto-de-ciencias-exatas\/","og_locale":"pt_BR","og_type":"article","og_title":"Conhe\u00e7a as ofertas do Instituto de Ci\u00eancias Exatas - Institutos de Ci\u00eancias Exatas - ICE","og_description":"Conhe\u00e7a as ofertas do Instituto de Ci\u00eancias Exatas (ICE) da Universidade Federal Rural do Rio de Janeiro (UFRRJ\/Serop\u00e9dica). Cursos de Gradua\u00e7\u00e3o Programas [&hellip;]","og_url":"https:\/\/institutos.ufrrj.br\/ice\/conhece-as-ofertas-do-instituto-de-ciencias-exatas\/","og_site_name":"Institutos de Ci\u00eancias Exatas - ICE","article_modified_time":"2026-04-05T22:33:50+00:00","og_image":[{"width":2560,"height":640,"url":"https:\/\/institutos.ufrrj.br\/ice\/wp-content\/uploads\/sites\/2\/2026\/04\/GRADUACAO-E-POS-GRAD-scaled.png","type":"image\/png"}],"twitter_card":"summary_large_image","twitter_misc":{"Est. tempo de leitura":"1 minuto"},"schema":{"@context":"https:\/\/schema.org","@graph":[{"@type":"WebPage","@id":"https:\/\/institutos.ufrrj.br\/ice\/conhece-as-ofertas-do-instituto-de-ciencias-exatas\/","url":"https:\/\/institutos.ufrrj.br\/ice\/conhece-as-ofertas-do-instituto-de-ciencias-exatas\/","name":"Conhe\u00e7a as ofertas do Instituto de Ci\u00eancias Exatas - Institutos de Ci\u00eancias Exatas - ICE","isPartOf":{"@id":"https:\/\/institutos.ufrrj.br\/ice\/#website"},"primaryImageOfPage":{"@id":"https:\/\/institutos.ufrrj.br\/ice\/conhece-as-ofertas-do-instituto-de-ciencias-exatas\/#primaryimage"},"image":{"@id":"https:\/\/institutos.ufrrj.br\/ice\/conhece-as-ofertas-do-instituto-de-ciencias-exatas\/#primaryimage"},"thumbnailUrl":"https:\/\/institutos.ufrrj.br\/ice\/wp-content\/uploads\/sites\/2\/2026\/04\/GRADUACAO-E-POS-GRAD-1024x256.png","datePublished":"2026-04-05T21:23:24+00:00","dateModified":"2026-04-05T22:33:50+00:00","breadcrumb":{"@id":"https:\/\/institutos.ufrrj.br\/ice\/conhece-as-ofertas-do-instituto-de-ciencias-exatas\/#breadcrumb"},"inLanguage":"pt-BR","potentialAction":[{"@type":"ReadAction","target":["https:\/\/institutos.ufrrj.br\/ice\/conhece-as-ofertas-do-instituto-de-ciencias-exatas\/"]}]},{"@type":"ImageObject","inLanguage":"pt-BR","@id":"https:\/\/institutos.ufrrj.br\/ice\/conhece-as-ofertas-do-instituto-de-ciencias-exatas\/#primaryimage","url":"https:\/\/institutos.ufrrj.br\/ice\/wp-content\/uploads\/sites\/2\/2026\/04\/GRADUACAO-E-POS-GRAD-scaled.png","contentUrl":"https:\/\/institutos.ufrrj.br\/ice\/wp-content\/uploads\/sites\/2\/2026\/04\/GRADUACAO-E-POS-GRAD-scaled.png","width":2560,"height":640},{"@type":"BreadcrumbList","@id":"https:\/\/institutos.ufrrj.br\/ice\/conhece-as-ofertas-do-instituto-de-ciencias-exatas\/#breadcrumb","itemListElement":[{"@type":"ListItem","position":1,"name":"In\u00edcio","item":"https:\/\/institutos.ufrrj.br\/ice\/"},{"@type":"ListItem","position":2,"name":"Conhe\u00e7a as ofertas do Instituto de Ci\u00eancias Exatas"}]},{"@type":"WebSite","@id":"https:\/\/institutos.ufrrj.br\/ice\/#website","url":"https:\/\/institutos.ufrrj.br\/ice\/","name":"Institutos de Ci\u00eancias Exatas - ICE","description":"CAMPUS SEROP\u00c9DICA - UFRRJ","potentialAction":[{"@type":"SearchAction","target":{"@type":"EntryPoint","urlTemplate":"https:\/\/institutos.ufrrj.br\/ice\/?s={search_term_string}"},"query-input":{"@type":"PropertyValueSpecification","valueRequired":true,"valueName":"search_term_string"}}],"inLanguage":"pt-BR"}]}},"_links":{"self":[{"href":"https:\/\/institutos.ufrrj.br\/ice\/wp-json\/wp\/v2\/pages\/1977","targetHints":{"allow":["GET"]}}],"collection":[{"href":"https:\/\/institutos.ufrrj.br\/ice\/wp-json\/wp\/v2\/pages"}],"about":[{"href":"https:\/\/institutos.ufrrj.br\/ice\/wp-json\/wp\/v2\/types\/page"}],"author":[{"embeddable":true,"href":"https:\/\/institutos.ufrrj.br\/ice\/wp-json\/wp\/v2\/users\/97"}],"replies":[{"embeddable":true,"href":"https:\/\/institutos.ufrrj.br\/ice\/wp-json\/wp\/v2\/comments?post=1977"}],"version-history":[{"count":4,"href":"https:\/\/institutos.ufrrj.br\/ice\/wp-json\/wp\/v2\/pages\/1977\/revisions"}],"predecessor-version":[{"id":2003,"href":"https:\/\/institutos.ufrrj.br\/ice\/wp-json\/wp\/v2\/pages\/1977\/revisions\/2003"}],"wp:attachment":[{"href":"https:\/\/institutos.ufrrj.br\/ice\/wp-json\/wp\/v2\/media?parent=1977"}],"curies":[{"name":"wp","href":"https:\/\/api.w.org\/{rel}","templated":true}]}}