{"id":1985,"date":"2026-04-05T18:42:15","date_gmt":"2026-04-05T21:42:15","guid":{"rendered":"https:\/\/institutos.ufrrj.br\/ice\/?page_id=1985"},"modified":"2026-04-05T18:42:17","modified_gmt":"2026-04-05T21:42:17","slug":"curso-de-sistemas-de-informacao","status":"publish","type":"page","link":"https:\/\/institutos.ufrrj.br\/ice\/curso-de-sistemas-de-informacao\/","title":{"rendered":"Curso de Sistemas de Informa\u00e7\u00e3o"},"content":{"rendered":"\n<p><a href=\"https:\/\/cursos.ufrrj.br\/grad\/sistemas\/?fbclid=PAZXh0bgNhZW0CMTEAAadlInJK4ibbgx1kbWiSgtrCpAMmqIH_s29uWPcOvWz9z0YPDT0ihRNRf0HsXA_aem_WLF6BG52uaPeCxCyie_5XA\">P\u00e1gina oficial do curso<\/a>.<\/p>\n","protected":false},"excerpt":{"rendered":"<p>P\u00e1gina oficial do curso.<\/p>\n","protected":false},"author":97,"featured_media":0,"parent":0,"menu_order":0,"comment_status":"closed","ping_status":"closed","template":"","meta":{"_acf_changed":false,"ngg_post_thumbnail":0,"_themeisle_gutenberg_block_has_review":false,"footnotes":""},"class_list":["post-1985","page","type-page","status-publish","hentry"],"acf":[],"yoast_head":"<!-- This site is optimized with the Yoast SEO plugin v26.8 - https:\/\/yoast.com\/product\/yoast-seo-wordpress\/ -->\n<title>Curso de Sistemas de Informa\u00e7\u00e3o - Institutos de Ci\u00eancias Exatas - ICE<\/title>\n<meta name=\"robots\" content=\"index, follow, max-snippet:-1, max-image-preview:large, max-video-preview:-1\" \/>\n<link rel=\"canonical\" href=\"https:\/\/institutos.ufrrj.br\/ice\/curso-de-sistemas-de-informacao\/\" \/>\n<meta property=\"og:locale\" content=\"pt_BR\" \/>\n<meta property=\"og:type\" content=\"article\" \/>\n<meta property=\"og:title\" content=\"Curso de Sistemas de Informa\u00e7\u00e3o - Institutos de Ci\u00eancias Exatas - ICE\" \/>\n<meta property=\"og:description\" content=\"P\u00e1gina oficial do curso.\" \/>\n<meta property=\"og:url\" content=\"https:\/\/institutos.ufrrj.br\/ice\/curso-de-sistemas-de-informacao\/\" \/>\n<meta property=\"og:site_name\" content=\"Institutos de Ci\u00eancias Exatas - ICE\" \/>\n<meta property=\"article:modified_time\" content=\"2026-04-05T21:42:17+00:00\" \/>\n<meta name=\"twitter:card\" content=\"summary_large_image\" \/>\n<meta name=\"twitter:label1\" content=\"Est. tempo de leitura\" \/>\n\t<meta name=\"twitter:data1\" content=\"1 minuto\" \/>\n<script type=\"application\/ld+json\" class=\"yoast-schema-graph\">{\"@context\":\"https:\/\/schema.org\",\"@graph\":[{\"@type\":\"WebPage\",\"@id\":\"https:\/\/institutos.ufrrj.br\/ice\/curso-de-sistemas-de-informacao\/\",\"url\":\"https:\/\/institutos.ufrrj.br\/ice\/curso-de-sistemas-de-informacao\/\",\"name\":\"Curso de Sistemas de Informa\u00e7\u00e3o - Institutos de Ci\u00eancias Exatas - ICE\",\"isPartOf\":{\"@id\":\"https:\/\/institutos.ufrrj.br\/ice\/#website\"},\"datePublished\":\"2026-04-05T21:42:15+00:00\",\"dateModified\":\"2026-04-05T21:42:17+00:00\",\"breadcrumb\":{\"@id\":\"https:\/\/institutos.ufrrj.br\/ice\/curso-de-sistemas-de-informacao\/#breadcrumb\"},\"inLanguage\":\"pt-BR\",\"potentialAction\":[{\"@type\":\"ReadAction\",\"target\":[\"https:\/\/institutos.ufrrj.br\/ice\/curso-de-sistemas-de-informacao\/\"]}]},{\"@type\":\"BreadcrumbList\",\"@id\":\"https:\/\/institutos.ufrrj.br\/ice\/curso-de-sistemas-de-informacao\/#breadcrumb\",\"itemListElement\":[{\"@type\":\"ListItem\",\"position\":1,\"name\":\"In\u00edcio\",\"item\":\"https:\/\/institutos.ufrrj.br\/ice\/\"},{\"@type\":\"ListItem\",\"position\":2,\"name\":\"Curso de Sistemas de Informa\u00e7\u00e3o\"}]},{\"@type\":\"WebSite\",\"@id\":\"https:\/\/institutos.ufrrj.br\/ice\/#website\",\"url\":\"https:\/\/institutos.ufrrj.br\/ice\/\",\"name\":\"Institutos de Ci\u00eancias Exatas - ICE\",\"description\":\"CAMPUS SEROP\u00c9DICA - UFRRJ\",\"potentialAction\":[{\"@type\":\"SearchAction\",\"target\":{\"@type\":\"EntryPoint\",\"urlTemplate\":\"https:\/\/institutos.ufrrj.br\/ice\/?s={search_term_string}\"},\"query-input\":{\"@type\":\"PropertyValueSpecification\",\"valueRequired\":true,\"valueName\":\"search_term_string\"}}],\"inLanguage\":\"pt-BR\"}]}<\/script>\n<!-- \/ Yoast SEO plugin. -->","yoast_head_json":{"title":"Curso de Sistemas de Informa\u00e7\u00e3o - Institutos de Ci\u00eancias Exatas - ICE","robots":{"index":"index","follow":"follow","max-snippet":"max-snippet:-1","max-image-preview":"max-image-preview:large","max-video-preview":"max-video-preview:-1"},"canonical":"https:\/\/institutos.ufrrj.br\/ice\/curso-de-sistemas-de-informacao\/","og_locale":"pt_BR","og_type":"article","og_title":"Curso de Sistemas de Informa\u00e7\u00e3o - Institutos de Ci\u00eancias Exatas - ICE","og_description":"P\u00e1gina oficial do curso.","og_url":"https:\/\/institutos.ufrrj.br\/ice\/curso-de-sistemas-de-informacao\/","og_site_name":"Institutos de Ci\u00eancias Exatas - ICE","article_modified_time":"2026-04-05T21:42:17+00:00","twitter_card":"summary_large_image","twitter_misc":{"Est. tempo de leitura":"1 minuto"},"schema":{"@context":"https:\/\/schema.org","@graph":[{"@type":"WebPage","@id":"https:\/\/institutos.ufrrj.br\/ice\/curso-de-sistemas-de-informacao\/","url":"https:\/\/institutos.ufrrj.br\/ice\/curso-de-sistemas-de-informacao\/","name":"Curso de Sistemas de Informa\u00e7\u00e3o - Institutos de Ci\u00eancias Exatas - ICE","isPartOf":{"@id":"https:\/\/institutos.ufrrj.br\/ice\/#website"},"datePublished":"2026-04-05T21:42:15+00:00","dateModified":"2026-04-05T21:42:17+00:00","breadcrumb":{"@id":"https:\/\/institutos.ufrrj.br\/ice\/curso-de-sistemas-de-informacao\/#breadcrumb"},"inLanguage":"pt-BR","potentialAction":[{"@type":"ReadAction","target":["https:\/\/institutos.ufrrj.br\/ice\/curso-de-sistemas-de-informacao\/"]}]},{"@type":"BreadcrumbList","@id":"https:\/\/institutos.ufrrj.br\/ice\/curso-de-sistemas-de-informacao\/#breadcrumb","itemListElement":[{"@type":"ListItem","position":1,"name":"In\u00edcio","item":"https:\/\/institutos.ufrrj.br\/ice\/"},{"@type":"ListItem","position":2,"name":"Curso de Sistemas de Informa\u00e7\u00e3o"}]},{"@type":"WebSite","@id":"https:\/\/institutos.ufrrj.br\/ice\/#website","url":"https:\/\/institutos.ufrrj.br\/ice\/","name":"Institutos de Ci\u00eancias Exatas - ICE","description":"CAMPUS SEROP\u00c9DICA - UFRRJ","potentialAction":[{"@type":"SearchAction","target":{"@type":"EntryPoint","urlTemplate":"https:\/\/institutos.ufrrj.br\/ice\/?s={search_term_string}"},"query-input":{"@type":"PropertyValueSpecification","valueRequired":true,"valueName":"search_term_string"}}],"inLanguage":"pt-BR"}]}},"_links":{"self":[{"href":"https:\/\/institutos.ufrrj.br\/ice\/wp-json\/wp\/v2\/pages\/1985","targetHints":{"allow":["GET"]}}],"collection":[{"href":"https:\/\/institutos.ufrrj.br\/ice\/wp-json\/wp\/v2\/pages"}],"about":[{"href":"https:\/\/institutos.ufrrj.br\/ice\/wp-json\/wp\/v2\/types\/page"}],"author":[{"embeddable":true,"href":"https:\/\/institutos.ufrrj.br\/ice\/wp-json\/wp\/v2\/users\/97"}],"replies":[{"embeddable":true,"href":"https:\/\/institutos.ufrrj.br\/ice\/wp-json\/wp\/v2\/comments?post=1985"}],"version-history":[{"count":1,"href":"https:\/\/institutos.ufrrj.br\/ice\/wp-json\/wp\/v2\/pages\/1985\/revisions"}],"predecessor-version":[{"id":1987,"href":"https:\/\/institutos.ufrrj.br\/ice\/wp-json\/wp\/v2\/pages\/1985\/revisions\/1987"}],"wp:attachment":[{"href":"https:\/\/institutos.ufrrj.br\/ice\/wp-json\/wp\/v2\/media?parent=1985"}],"curies":[{"name":"wp","href":"https:\/\/api.w.org\/{rel}","templated":true}]}}