{"id":22,"date":"2011-01-25T12:01:42","date_gmt":"2011-01-25T12:01:42","guid":{"rendered":"http:\/\/r1.ufrrj.br\/wp\/ice\/"},"modified":"2026-04-06T00:38:34","modified_gmt":"2026-04-06T03:38:34","slug":"historia","status":"publish","type":"page","link":"https:\/\/institutos.ufrrj.br\/ice\/instituto\/historia\/","title":{"rendered":"Hist\u00f3ria"},"content":{"rendered":"<p>Em 11 de agosto de 1970, o Conselho Universit\u00e1rio da Universidade Federal Rural do Rio de Janeiro (UFRRJ), CONSU, aprovou a indica\u00e7\u00e3o do Professor Roberto Alvahydo e de outros professores para promoverem a implanta\u00e7\u00e3o do Instituto de Matem\u00e1tica, F\u00edsica e Qu\u00edmica da UFRRJ.<\/p>\n<p>No entanto, j\u00e1 naquela \u00e9poca, funcionavam de forma independente, dois departamentos: O Departamento de F\u00edsica e Qu\u00edmica e o Departamento de Matem\u00e1tica e Estat\u00edstica. Da mesma forma, j\u00e1 existia tamb\u00e9m o Curso de Mestrado em Qu\u00edmica Org\u00e2nica (criado em 1966), que come\u00e7ou praticamente com dois docentes: Otto Richard Gottlieb (coordenador) e W.B. Eyton (oriundo da Universidade de Sheffield), contando com oito alunos.<\/p>\n<p>Em 22 de junho de 1971, o Professor Jos\u00e9 Carlos Sena Maia, atrav\u00e9s do of\u00edcio n\u00ba 65 (processo n\u00ba 0693\/71), solicitou a cria\u00e7\u00e3o do Departamento de F\u00edsica. Em 08 de dezembro de 1971, o CONSU homologou o pedido (resolu\u00e7\u00e3o 09\/71) e, finalmente, em 10 de mar\u00e7o foi eleito o primeiro Chefe de Departamento de F\u00edsica, sob a organiza\u00e7\u00e3o do Professor Hor\u00e1cio Macedo. De 1972 a 1980, assumiram a dire\u00e7\u00e3o do antigo Instituto de Matem\u00e1tica, F\u00edsica e Qu\u00edmica, os Professores Roberto Alvahydo, Hor\u00e1cio Macedo e Jamil Correa Mour\u00e3o.<\/p>\n<p>Com a aprova\u00e7\u00e3o do regimento das Unidades Universit\u00e1rias da UFRRJ (Delibera\u00e7\u00e3o n\u00ba 25, de 09\/01\/1980), o nome do Instituto de Matem\u00e1tica, F\u00edsica e Qu\u00edmica foi alterado para Instituto de Ci\u00eancias Exatas \u2013 ICE.<\/p>\n<p>Em 1994, foi implantado o curso de Doutorado em Qu\u00edmica Org\u00e2nica. Em janeiro de 2008, a CAPES atrav\u00e9s do OF\u00cdCIO\/CAA\/N\u00ba 027- 03\/2008, aprovou a altera\u00e7\u00e3o do nome do Programa, que passou a ser denominado Programa de P\u00f3s-Gradua\u00e7\u00e3o em Qu\u00edmica com tr\u00eas \u00e1reas de concentra\u00e7\u00e3o (Qu\u00edmica Org\u00e2nica, F\u00edsico-Qu\u00edmica e Qu\u00edmica Agr\u00e1ria) que reflete as linhas e projetos de pesquisa, disciplinas e perfil do corpo docente.<\/p>\n<p>Todas essas transforma\u00e7\u00f5es s\u00e3o marcos hist\u00f3ricos de grande import\u00e2ncia para a comunidade. Poucos, talvez, poderiam prever o desenvolvimento que o antigo Instituto de Matem\u00e1tica, F\u00edsica e Qu\u00edmica alcan\u00e7aria nos anos seguintes \u00e0 sua cria\u00e7\u00e3o (1970) e, principalmente na virada do mil\u00eanio, com as interliga\u00e7\u00f5es dos campos do conhecimento, a utiliza\u00e7\u00e3o de modernas tecnologias no desenvolvimento de pesquisas de fronteira, na forma de manipula\u00e7\u00e3o e transmiss\u00e3o de informa\u00e7\u00f5es t\u00e9cnicas e educacionais utilizadas nos Departamentos.<\/p>\n<p>Posteriormente, j\u00e1 no s\u00e9culo XXI, com a desassocia\u00e7\u00e3o do Instituto de Qu\u00edmica e com o surgimento do curso de gradua\u00e7\u00e3o no Bacharelado em Sistemas de Informa\u00e7\u00e3o, o ICE se tornou at\u00e9 os dias de hoje composto pelos cursos de F\u00edsica, Matem\u00e1tica e Sistemas de Informa\u00e7\u00e3o, e seus respectivos departamentos.<\/p>\n<p>O ICE contou com a administra\u00e7\u00e3o dos Diretores:<\/p>\n<p><strong>Francisco Ademar Costa (1980 \u2013 1982);<\/strong><br \/><strong>Olavo Divino Vieira (1984 \u2013 1986);<\/strong><br \/><strong>Raimundo Braz Filho (1986 \u2013 1990);<\/strong><br \/><strong>Lucio Vit\u00f3rio Iannarella (1990 \u2013 1995);<\/strong><br \/><strong>Silas Varella Faiz Jr. (1994 \u2013 1997);<\/strong><br \/><strong>Eliza Helena de Souza Faria (1997 \u2013 2005);<\/strong><br \/><strong>Miguel Angelo da Silva (2006 &#8211; 2008);<\/strong><b><br \/><strong>Luiz Holender;<\/strong><\/b><\/p>\n<p><b>Jo\u00e3o Batista Neves da Costa;<\/b><\/p>\n<p>Entre outros.<\/p>\n<p>Atualmente, o ICE encontra-se sob a Dire\u00e7\u00e3o da Professora <b>Gisela Pinto<\/b>.<\/p>\n\n\n<p><\/p>\n","protected":false},"excerpt":{"rendered":"<p>Em 11 de agosto de 1970, o Conselho Universit\u00e1rio da Universidade Federal Rural do Rio de Janeiro (UFRRJ), CONSU, aprovou a indica\u00e7\u00e3o [&hellip;]<\/p>\n","protected":false},"author":1,"featured_media":0,"parent":10,"menu_order":2,"comment_status":"open","ping_status":"open","template":"","meta":{"_acf_changed":false,"ngg_post_thumbnail":0,"_themeisle_gutenberg_block_has_review":false,"footnotes":""},"class_list":["post-22","page","type-page","status-publish","hentry"],"acf":[],"yoast_head":"<!-- This site is optimized with the Yoast SEO plugin v26.8 - https:\/\/yoast.com\/product\/yoast-seo-wordpress\/ -->\n<title>Hist\u00f3ria - Institutos de Ci\u00eancias Exatas - ICE<\/title>\n<meta name=\"robots\" content=\"index, follow, max-snippet:-1, max-image-preview:large, max-video-preview:-1\" \/>\n<link rel=\"canonical\" href=\"https:\/\/institutos.ufrrj.br\/ice\/instituto\/historia\/\" \/>\n<meta property=\"og:locale\" content=\"pt_BR\" \/>\n<meta property=\"og:type\" content=\"article\" \/>\n<meta property=\"og:title\" content=\"Hist\u00f3ria - Institutos de Ci\u00eancias Exatas - ICE\" \/>\n<meta property=\"og:description\" content=\"Em 11 de agosto de 1970, o Conselho Universit\u00e1rio da Universidade Federal Rural do Rio de Janeiro (UFRRJ), CONSU, aprovou a indica\u00e7\u00e3o [&hellip;]\" \/>\n<meta property=\"og:url\" content=\"https:\/\/institutos.ufrrj.br\/ice\/instituto\/historia\/\" \/>\n<meta property=\"og:site_name\" content=\"Institutos de Ci\u00eancias Exatas - ICE\" \/>\n<meta property=\"article:modified_time\" content=\"2026-04-06T03:38:34+00:00\" \/>\n<meta name=\"twitter:card\" content=\"summary_large_image\" \/>\n<meta name=\"twitter:label1\" content=\"Est. tempo de leitura\" \/>\n\t<meta name=\"twitter:data1\" content=\"3 minutos\" \/>\n<script type=\"application\/ld+json\" class=\"yoast-schema-graph\">{\"@context\":\"https:\/\/schema.org\",\"@graph\":[{\"@type\":\"WebPage\",\"@id\":\"https:\/\/institutos.ufrrj.br\/ice\/instituto\/historia\/\",\"url\":\"https:\/\/institutos.ufrrj.br\/ice\/instituto\/historia\/\",\"name\":\"Hist\u00f3ria - Institutos de Ci\u00eancias Exatas - ICE\",\"isPartOf\":{\"@id\":\"https:\/\/institutos.ufrrj.br\/ice\/#website\"},\"datePublished\":\"2011-01-25T12:01:42+00:00\",\"dateModified\":\"2026-04-06T03:38:34+00:00\",\"breadcrumb\":{\"@id\":\"https:\/\/institutos.ufrrj.br\/ice\/instituto\/historia\/#breadcrumb\"},\"inLanguage\":\"pt-BR\",\"potentialAction\":[{\"@type\":\"ReadAction\",\"target\":[\"https:\/\/institutos.ufrrj.br\/ice\/instituto\/historia\/\"]}]},{\"@type\":\"BreadcrumbList\",\"@id\":\"https:\/\/institutos.ufrrj.br\/ice\/instituto\/historia\/#breadcrumb\",\"itemListElement\":[{\"@type\":\"ListItem\",\"position\":1,\"name\":\"In\u00edcio\",\"item\":\"https:\/\/institutos.ufrrj.br\/ice\/\"},{\"@type\":\"ListItem\",\"position\":2,\"name\":\"Instituto\",\"item\":\"https:\/\/institutos.ufrrj.br\/ice\/instituto\/\"},{\"@type\":\"ListItem\",\"position\":3,\"name\":\"Hist\u00f3ria\"}]},{\"@type\":\"WebSite\",\"@id\":\"https:\/\/institutos.ufrrj.br\/ice\/#website\",\"url\":\"https:\/\/institutos.ufrrj.br\/ice\/\",\"name\":\"Institutos de Ci\u00eancias Exatas - ICE\",\"description\":\"CAMPUS SEROP\u00c9DICA - UFRRJ\",\"potentialAction\":[{\"@type\":\"SearchAction\",\"target\":{\"@type\":\"EntryPoint\",\"urlTemplate\":\"https:\/\/institutos.ufrrj.br\/ice\/?s={search_term_string}\"},\"query-input\":{\"@type\":\"PropertyValueSpecification\",\"valueRequired\":true,\"valueName\":\"search_term_string\"}}],\"inLanguage\":\"pt-BR\"}]}<\/script>\n<!-- \/ Yoast SEO plugin. -->","yoast_head_json":{"title":"Hist\u00f3ria - Institutos de Ci\u00eancias Exatas - ICE","robots":{"index":"index","follow":"follow","max-snippet":"max-snippet:-1","max-image-preview":"max-image-preview:large","max-video-preview":"max-video-preview:-1"},"canonical":"https:\/\/institutos.ufrrj.br\/ice\/instituto\/historia\/","og_locale":"pt_BR","og_type":"article","og_title":"Hist\u00f3ria - Institutos de Ci\u00eancias Exatas - ICE","og_description":"Em 11 de agosto de 1970, o Conselho Universit\u00e1rio da Universidade Federal Rural do Rio de Janeiro (UFRRJ), CONSU, aprovou a indica\u00e7\u00e3o [&hellip;]","og_url":"https:\/\/institutos.ufrrj.br\/ice\/instituto\/historia\/","og_site_name":"Institutos de Ci\u00eancias Exatas - ICE","article_modified_time":"2026-04-06T03:38:34+00:00","twitter_card":"summary_large_image","twitter_misc":{"Est. tempo de leitura":"3 minutos"},"schema":{"@context":"https:\/\/schema.org","@graph":[{"@type":"WebPage","@id":"https:\/\/institutos.ufrrj.br\/ice\/instituto\/historia\/","url":"https:\/\/institutos.ufrrj.br\/ice\/instituto\/historia\/","name":"Hist\u00f3ria - Institutos de Ci\u00eancias Exatas - ICE","isPartOf":{"@id":"https:\/\/institutos.ufrrj.br\/ice\/#website"},"datePublished":"2011-01-25T12:01:42+00:00","dateModified":"2026-04-06T03:38:34+00:00","breadcrumb":{"@id":"https:\/\/institutos.ufrrj.br\/ice\/instituto\/historia\/#breadcrumb"},"inLanguage":"pt-BR","potentialAction":[{"@type":"ReadAction","target":["https:\/\/institutos.ufrrj.br\/ice\/instituto\/historia\/"]}]},{"@type":"BreadcrumbList","@id":"https:\/\/institutos.ufrrj.br\/ice\/instituto\/historia\/#breadcrumb","itemListElement":[{"@type":"ListItem","position":1,"name":"In\u00edcio","item":"https:\/\/institutos.ufrrj.br\/ice\/"},{"@type":"ListItem","position":2,"name":"Instituto","item":"https:\/\/institutos.ufrrj.br\/ice\/instituto\/"},{"@type":"ListItem","position":3,"name":"Hist\u00f3ria"}]},{"@type":"WebSite","@id":"https:\/\/institutos.ufrrj.br\/ice\/#website","url":"https:\/\/institutos.ufrrj.br\/ice\/","name":"Institutos de Ci\u00eancias Exatas - ICE","description":"CAMPUS SEROP\u00c9DICA - UFRRJ","potentialAction":[{"@type":"SearchAction","target":{"@type":"EntryPoint","urlTemplate":"https:\/\/institutos.ufrrj.br\/ice\/?s={search_term_string}"},"query-input":{"@type":"PropertyValueSpecification","valueRequired":true,"valueName":"search_term_string"}}],"inLanguage":"pt-BR"}]}},"_links":{"self":[{"href":"https:\/\/institutos.ufrrj.br\/ice\/wp-json\/wp\/v2\/pages\/22","targetHints":{"allow":["GET"]}}],"collection":[{"href":"https:\/\/institutos.ufrrj.br\/ice\/wp-json\/wp\/v2\/pages"}],"about":[{"href":"https:\/\/institutos.ufrrj.br\/ice\/wp-json\/wp\/v2\/types\/page"}],"author":[{"embeddable":true,"href":"https:\/\/institutos.ufrrj.br\/ice\/wp-json\/wp\/v2\/users\/1"}],"replies":[{"embeddable":true,"href":"https:\/\/institutos.ufrrj.br\/ice\/wp-json\/wp\/v2\/comments?post=22"}],"version-history":[{"count":10,"href":"https:\/\/institutos.ufrrj.br\/ice\/wp-json\/wp\/v2\/pages\/22\/revisions"}],"predecessor-version":[{"id":2015,"href":"https:\/\/institutos.ufrrj.br\/ice\/wp-json\/wp\/v2\/pages\/22\/revisions\/2015"}],"up":[{"embeddable":true,"href":"https:\/\/institutos.ufrrj.br\/ice\/wp-json\/wp\/v2\/pages\/10"}],"wp:attachment":[{"href":"https:\/\/institutos.ufrrj.br\/ice\/wp-json\/wp\/v2\/media?parent=22"}],"curies":[{"name":"wp","href":"https:\/\/api.w.org\/{rel}","templated":true}]}}