{"id":44,"date":"2011-01-25T12:14:35","date_gmt":"2011-01-25T12:14:35","guid":{"rendered":"http:\/\/r1.ufrrj.br\/wp\/ice\/"},"modified":"2014-10-06T16:42:42","modified_gmt":"2014-10-06T16:42:42","slug":"laboratorios","status":"publish","type":"page","link":"https:\/\/institutos.ufrrj.br\/ice\/departamentos\/demat\/laboratorios\/","title":{"rendered":"Laborat\u00f3rios"},"content":{"rendered":"<p>LESCMA &#8211; Laborat\u00f3rio de Estat\u00edstica, Computa\u00e7\u00e3o e Matem\u00e1tica Aplicada<\/p>\n<p>www.ice.ufrrj.br\/laboratorios\/lescma<br \/>\n<a href=\"lescma@ufrrj.br\">lescma@ufrrj.br<\/a><\/p>\n<p>LMDS &#8211; Lab. de Materiais e Dispositivos Supercondutores<\/p>\n<p>Atua em pesquisa b\u00e1sica e aplicada, com enfoque em seguran\u00e7a e sustentabilidade energ\u00e9tica mediante uso de novos materiais e novas tecnologias fact\u00edveis de implementar junto a ind\u00fastria de energia e setor produtivo em geral.<\/p>\n<p>Coordenador: Prof. Marcelo Azevedo Neves, DSc. (DEFIS)<\/p>\n<p><a href=\"lmds@ufrrj.br\">lmds@ufrrj.br<\/a><\/p>\n","protected":false},"excerpt":{"rendered":"<p>LESCMA &#8211; Laborat\u00f3rio de Estat\u00edstica, Computa\u00e7\u00e3o e Matem\u00e1tica Aplicada www.ice.ufrrj.br\/laboratorios\/lescma lescma@ufrrj.br LMDS &#8211; Lab. de Materiais e Dispositivos Supercondutores Atua em pesquisa [&hellip;]<\/p>\n","protected":false},"author":1,"featured_media":0,"parent":37,"menu_order":0,"comment_status":"open","ping_status":"open","template":"","meta":{"_acf_changed":false,"ngg_post_thumbnail":0,"_themeisle_gutenberg_block_has_review":false,"footnotes":""},"class_list":["post-44","page","type-page","status-publish","hentry"],"acf":[],"yoast_head":"<!-- This site is optimized with the Yoast SEO plugin v26.8 - https:\/\/yoast.com\/product\/yoast-seo-wordpress\/ -->\n<title>Laborat\u00f3rios - Institutos de Ci\u00eancias Exatas - ICE<\/title>\n<meta name=\"robots\" content=\"index, follow, max-snippet:-1, max-image-preview:large, max-video-preview:-1\" \/>\n<link rel=\"canonical\" href=\"https:\/\/institutos.ufrrj.br\/ice\/departamentos\/demat\/laboratorios\/\" \/>\n<meta property=\"og:locale\" content=\"pt_BR\" \/>\n<meta property=\"og:type\" content=\"article\" \/>\n<meta property=\"og:title\" content=\"Laborat\u00f3rios - Institutos de Ci\u00eancias Exatas - ICE\" \/>\n<meta property=\"og:description\" content=\"LESCMA &#8211; Laborat\u00f3rio de Estat\u00edstica, Computa\u00e7\u00e3o e Matem\u00e1tica Aplicada www.ice.ufrrj.br\/laboratorios\/lescma lescma@ufrrj.br LMDS &#8211; Lab. de Materiais e Dispositivos Supercondutores Atua em pesquisa [&hellip;]\" \/>\n<meta property=\"og:url\" content=\"https:\/\/institutos.ufrrj.br\/ice\/departamentos\/demat\/laboratorios\/\" \/>\n<meta property=\"og:site_name\" content=\"Institutos de Ci\u00eancias Exatas - ICE\" \/>\n<meta property=\"article:modified_time\" content=\"2014-10-06T16:42:42+00:00\" \/>\n<meta name=\"twitter:card\" content=\"summary_large_image\" \/>\n<script type=\"application\/ld+json\" class=\"yoast-schema-graph\">{\"@context\":\"https:\/\/schema.org\",\"@graph\":[{\"@type\":\"WebPage\",\"@id\":\"https:\/\/institutos.ufrrj.br\/ice\/departamentos\/demat\/laboratorios\/\",\"url\":\"https:\/\/institutos.ufrrj.br\/ice\/departamentos\/demat\/laboratorios\/\",\"name\":\"Laborat\u00f3rios - Institutos de Ci\u00eancias Exatas - ICE\",\"isPartOf\":{\"@id\":\"https:\/\/institutos.ufrrj.br\/ice\/#website\"},\"datePublished\":\"2011-01-25T12:14:35+00:00\",\"dateModified\":\"2014-10-06T16:42:42+00:00\",\"breadcrumb\":{\"@id\":\"https:\/\/institutos.ufrrj.br\/ice\/departamentos\/demat\/laboratorios\/#breadcrumb\"},\"inLanguage\":\"pt-BR\",\"potentialAction\":[{\"@type\":\"ReadAction\",\"target\":[\"https:\/\/institutos.ufrrj.br\/ice\/departamentos\/demat\/laboratorios\/\"]}]},{\"@type\":\"BreadcrumbList\",\"@id\":\"https:\/\/institutos.ufrrj.br\/ice\/departamentos\/demat\/laboratorios\/#breadcrumb\",\"itemListElement\":[{\"@type\":\"ListItem\",\"position\":1,\"name\":\"In\u00edcio\",\"item\":\"https:\/\/institutos.ufrrj.br\/ice\/\"},{\"@type\":\"ListItem\",\"position\":2,\"name\":\"Gradua\u00e7\u00e3o\",\"item\":\"https:\/\/institutos.ufrrj.br\/ice\/departamentos\/\"},{\"@type\":\"ListItem\",\"position\":3,\"name\":\"MATEM\u00c1TICA\",\"item\":\"https:\/\/institutos.ufrrj.br\/ice\/departamentos\/demat\/\"},{\"@type\":\"ListItem\",\"position\":4,\"name\":\"Laborat\u00f3rios\"}]},{\"@type\":\"WebSite\",\"@id\":\"https:\/\/institutos.ufrrj.br\/ice\/#website\",\"url\":\"https:\/\/institutos.ufrrj.br\/ice\/\",\"name\":\"Institutos de Ci\u00eancias Exatas - ICE\",\"description\":\"CAMPUS SEROP\u00c9DICA - UFRRJ\",\"potentialAction\":[{\"@type\":\"SearchAction\",\"target\":{\"@type\":\"EntryPoint\",\"urlTemplate\":\"https:\/\/institutos.ufrrj.br\/ice\/?s={search_term_string}\"},\"query-input\":{\"@type\":\"PropertyValueSpecification\",\"valueRequired\":true,\"valueName\":\"search_term_string\"}}],\"inLanguage\":\"pt-BR\"}]}<\/script>\n<!-- \/ Yoast SEO plugin. -->","yoast_head_json":{"title":"Laborat\u00f3rios - Institutos de Ci\u00eancias Exatas - ICE","robots":{"index":"index","follow":"follow","max-snippet":"max-snippet:-1","max-image-preview":"max-image-preview:large","max-video-preview":"max-video-preview:-1"},"canonical":"https:\/\/institutos.ufrrj.br\/ice\/departamentos\/demat\/laboratorios\/","og_locale":"pt_BR","og_type":"article","og_title":"Laborat\u00f3rios - Institutos de Ci\u00eancias Exatas - ICE","og_description":"LESCMA &#8211; Laborat\u00f3rio de Estat\u00edstica, Computa\u00e7\u00e3o e Matem\u00e1tica Aplicada www.ice.ufrrj.br\/laboratorios\/lescma lescma@ufrrj.br LMDS &#8211; Lab. de Materiais e Dispositivos Supercondutores Atua em pesquisa [&hellip;]","og_url":"https:\/\/institutos.ufrrj.br\/ice\/departamentos\/demat\/laboratorios\/","og_site_name":"Institutos de Ci\u00eancias Exatas - ICE","article_modified_time":"2014-10-06T16:42:42+00:00","twitter_card":"summary_large_image","schema":{"@context":"https:\/\/schema.org","@graph":[{"@type":"WebPage","@id":"https:\/\/institutos.ufrrj.br\/ice\/departamentos\/demat\/laboratorios\/","url":"https:\/\/institutos.ufrrj.br\/ice\/departamentos\/demat\/laboratorios\/","name":"Laborat\u00f3rios - Institutos de Ci\u00eancias Exatas - ICE","isPartOf":{"@id":"https:\/\/institutos.ufrrj.br\/ice\/#website"},"datePublished":"2011-01-25T12:14:35+00:00","dateModified":"2014-10-06T16:42:42+00:00","breadcrumb":{"@id":"https:\/\/institutos.ufrrj.br\/ice\/departamentos\/demat\/laboratorios\/#breadcrumb"},"inLanguage":"pt-BR","potentialAction":[{"@type":"ReadAction","target":["https:\/\/institutos.ufrrj.br\/ice\/departamentos\/demat\/laboratorios\/"]}]},{"@type":"BreadcrumbList","@id":"https:\/\/institutos.ufrrj.br\/ice\/departamentos\/demat\/laboratorios\/#breadcrumb","itemListElement":[{"@type":"ListItem","position":1,"name":"In\u00edcio","item":"https:\/\/institutos.ufrrj.br\/ice\/"},{"@type":"ListItem","position":2,"name":"Gradua\u00e7\u00e3o","item":"https:\/\/institutos.ufrrj.br\/ice\/departamentos\/"},{"@type":"ListItem","position":3,"name":"MATEM\u00c1TICA","item":"https:\/\/institutos.ufrrj.br\/ice\/departamentos\/demat\/"},{"@type":"ListItem","position":4,"name":"Laborat\u00f3rios"}]},{"@type":"WebSite","@id":"https:\/\/institutos.ufrrj.br\/ice\/#website","url":"https:\/\/institutos.ufrrj.br\/ice\/","name":"Institutos de Ci\u00eancias Exatas - ICE","description":"CAMPUS SEROP\u00c9DICA - UFRRJ","potentialAction":[{"@type":"SearchAction","target":{"@type":"EntryPoint","urlTemplate":"https:\/\/institutos.ufrrj.br\/ice\/?s={search_term_string}"},"query-input":{"@type":"PropertyValueSpecification","valueRequired":true,"valueName":"search_term_string"}}],"inLanguage":"pt-BR"}]}},"_links":{"self":[{"href":"https:\/\/institutos.ufrrj.br\/ice\/wp-json\/wp\/v2\/pages\/44","targetHints":{"allow":["GET"]}}],"collection":[{"href":"https:\/\/institutos.ufrrj.br\/ice\/wp-json\/wp\/v2\/pages"}],"about":[{"href":"https:\/\/institutos.ufrrj.br\/ice\/wp-json\/wp\/v2\/types\/page"}],"author":[{"embeddable":true,"href":"https:\/\/institutos.ufrrj.br\/ice\/wp-json\/wp\/v2\/users\/1"}],"replies":[{"embeddable":true,"href":"https:\/\/institutos.ufrrj.br\/ice\/wp-json\/wp\/v2\/comments?post=44"}],"version-history":[{"count":2,"href":"https:\/\/institutos.ufrrj.br\/ice\/wp-json\/wp\/v2\/pages\/44\/revisions"}],"predecessor-version":[{"id":954,"href":"https:\/\/institutos.ufrrj.br\/ice\/wp-json\/wp\/v2\/pages\/44\/revisions\/954"}],"up":[{"embeddable":true,"href":"https:\/\/institutos.ufrrj.br\/ice\/wp-json\/wp\/v2\/pages\/37"}],"wp:attachment":[{"href":"https:\/\/institutos.ufrrj.br\/ice\/wp-json\/wp\/v2\/media?parent=44"}],"curies":[{"name":"wp","href":"https:\/\/api.w.org\/{rel}","templated":true}]}}