{"id":83,"date":"2011-01-25T15:37:13","date_gmt":"2011-01-25T15:37:13","guid":{"rendered":"http:\/\/r1.ufrrj.br\/wp\/ice\/"},"modified":"2026-04-06T00:45:47","modified_gmt":"2026-04-06T03:45:47","slug":"administracao","status":"publish","type":"page","link":"https:\/\/institutos.ufrrj.br\/ice\/instituto\/administracao\/","title":{"rendered":"Administra\u00e7\u00e3o"},"content":{"rendered":"<p><span style=\"text-decoration: underline;\"><strong style=\"font-size: 1.5em; line-height: 1.5em;\">Diretoria do Instituto de Ci\u00eancias Exatas<\/strong><\/span><\/p>\n<p><span style=\"text-decoration: underline;\"><span style=\"color: #008000;\"><strong>Diretor:<\/strong><\/span><\/span><\/p>\n<p>Prof. Jo\u00e3o Batista Neves da Costa (dacosta@ufrrj.br)<\/p>\n<p>Exerc\u00edcios: 03\/06\/2008 a 03\/06\/2012 e\u00a006\/06\/2012 a 06\/06\/2016<\/p>\n<p><span style=\"text-decoration: underline;\"><span style=\"color: #008000;\"><strong style=\"line-height: 1.5em;\">Vice-Diretor:<\/strong><\/span><\/span><\/p>\n<p>Prof. Claudio Maia Porto (claudio@ufrrj.br)<\/p>\n<p>Exerc\u00edcio: 03\/06\/2008 a 03\/06\/2012 e \u00a006\/06\/2012 a 06\/06\/2016<\/p>\n<p><span style=\"text-decoration: underline;\"><span style=\"color: #008000;\"><strong>Apoio Administrativo:<\/strong><\/span><\/span><\/p>\n<p><strong>Secretaria:<\/strong><\/p>\n<p>Pedro Gon\u00e7alves \u2013 Assistente de Administra\u00e7\u00e3o<\/p>\n<p>M\u00e1rcio de Moura Mar\u00e1u \u2013 Auxiliar Administrativo<\/p>\n<h2><span style=\"text-decoration: underline;\"><strong>Conselho da Unidade \u2013 CONSUNI \u2013 ICE<\/strong><\/span><\/h2>\n<p><strong>Presidente:<\/strong> Prof. Jo\u00e3o Batista Neves da Costa;<\/p>\n<p><strong>Vice-Presidente:<\/strong> Prof. Claudio Maia Porto;<\/p>\n<p><strong>Chefe do DEFIS:<\/strong> Prof. Marcos Cardoso Rodriguez;<\/p>\n<p><strong>Vice-Chefe do DEFIS:<\/strong> Prof. Ricardo Jos\u00e9 Scherer Santos;<\/p>\n<p><strong>Chefe do DEMAT:<\/strong> Prof. Robson Mariano da Silva;<\/p>\n<p><strong>Vice-Chefe do DEMAT:<\/strong> Prof. Paulo Cesar Parga Rodrigues;<\/p>\n<p><strong>Coordenador do Curso de Matem\u00e1tica:<\/strong> Prof. Douglas Monsores de Melo Santos;<\/p>\n<p><strong>Vice-Coordenador do Curso de Matem\u00e1tica:<\/strong> Prof. ;<\/p>\n<p><strong>Coordenador do Curso de F\u00edsica:<\/strong> Prof. Claudio Maia Porto;<\/p>\n<p><strong>Vice-Coordenador do Curso de F\u00edsica: <\/strong>Prof. Frederico Alan de Oliveira Cruz<\/p>\n<p><strong>Coordenador do Curso de Sistema de Informa\u00e7\u00e3o:<\/strong>\u00a0Profa. Rafael Bernardo Teixeira;<\/p>\n<p><strong>Vice-Coordenador do Curso de Sistema de Informa\u00e7\u00e3o:<\/strong>\u00a0Jos\u00e9 Raimundo Mac\u00e1rio;<\/p>\n<p><strong>Coordenador do Curso de P\u00f3s-Gradua\u00e7\u00e3o em Modelagem Matem\u00e1tica e Computacional:<\/strong> Prof. Mois\u00e9s Augusto da Silva Monteiro de Ara\u00fajo;<\/p>\n<p><strong>Vice-Coordenador do Curso de P\u00f3s-Gradua\u00e7\u00e3o em Modelagem Matem\u00e1tica e Computacional:<\/strong> Prof. Wanderson Jos\u00e9 Lambert;<\/p>\n<p><strong>Coordenador do Curso de P\u00f3s-Gradua\u00e7\u00e3o Profissional em Matem\u00e1tica:<\/strong>\u00a0 Profa. Aline Maur\u00edcio Barbosa;<\/p>\n<p><strong>Vice-Coordenador do Curso de P\u00f3s-Gradua\u00e7\u00e3o Profissional em Matem\u00e1tica:<\/strong> Prof. Andr\u00e9 Luiz Martins Pereira;<\/p>\n<p><strong>Representante Docente:<\/strong> Profa. Rosane Nora Castro;<\/p>\n<p><strong>Representantes dos Servidores:<\/strong> Aldir Paes de Jesus &#8211; DEQUIM e\u00a0Geneilson da Cruz Barcellos &#8211; DEMAT<\/p>\n<p><strong>Representantes Discentes de F\u00edsica:<\/strong>\u00a0Em processo eleitoral<\/p>\n<hr \/>\n<h6 style=\"text-align: center;\"><strong>Endere\u00e7o:<\/strong><br \/>\n<strong> Universidade Federal Rural do Rio de Janeiro<\/strong><br \/>\n<strong> Instituto de Ci\u00eancias Exatas &#8211; Pavilh\u00e3o Roberto Alvahydo (PQ)\u00a0 Sala 54<\/strong><br \/>\n<strong> Km 7, Rodovia BR 465, Serop\u00e9dica &#8211; RJ<\/strong><br \/>\n<strong> CEP 23890-000<\/strong><br \/>\n<strong> Telefone: (21) 2682-1872<\/strong><br \/>\n<strong> Canal direto com a diretoria: ice@ufrrj.br<\/strong><\/h6>\n","protected":false},"excerpt":{"rendered":"<p>Diretoria do Instituto de Ci\u00eancias Exatas Diretor: Prof. Jo\u00e3o Batista Neves da Costa (dacosta@ufrrj.br) Exerc\u00edcios: 03\/06\/2008 a 03\/06\/2012 e\u00a006\/06\/2012 a 06\/06\/2016 Vice-Diretor: [&hellip;]<\/p>\n","protected":false},"author":1,"featured_media":0,"parent":10,"menu_order":1,"comment_status":"open","ping_status":"open","template":"","meta":{"_acf_changed":false,"ngg_post_thumbnail":0,"_themeisle_gutenberg_block_has_review":false,"footnotes":""},"class_list":["post-83","page","type-page","status-publish","hentry"],"acf":[],"yoast_head":"<!-- This site is optimized with the Yoast SEO plugin v26.8 - https:\/\/yoast.com\/product\/yoast-seo-wordpress\/ -->\n<title>Administra\u00e7\u00e3o - Institutos de Ci\u00eancias Exatas - ICE<\/title>\n<meta name=\"robots\" content=\"index, follow, max-snippet:-1, max-image-preview:large, max-video-preview:-1\" \/>\n<link rel=\"canonical\" href=\"https:\/\/institutos.ufrrj.br\/ice\/instituto\/administracao\/\" \/>\n<meta property=\"og:locale\" content=\"pt_BR\" \/>\n<meta property=\"og:type\" content=\"article\" \/>\n<meta property=\"og:title\" content=\"Administra\u00e7\u00e3o - Institutos de Ci\u00eancias Exatas - ICE\" \/>\n<meta property=\"og:description\" content=\"Diretoria do Instituto de Ci\u00eancias Exatas Diretor: Prof. Jo\u00e3o Batista Neves da Costa (dacosta@ufrrj.br) Exerc\u00edcios: 03\/06\/2008 a 03\/06\/2012 e\u00a006\/06\/2012 a 06\/06\/2016 Vice-Diretor: [&hellip;]\" \/>\n<meta property=\"og:url\" content=\"https:\/\/institutos.ufrrj.br\/ice\/instituto\/administracao\/\" \/>\n<meta property=\"og:site_name\" content=\"Institutos de Ci\u00eancias Exatas - ICE\" \/>\n<meta property=\"article:modified_time\" content=\"2026-04-06T03:45:47+00:00\" \/>\n<meta name=\"twitter:card\" content=\"summary_large_image\" \/>\n<meta name=\"twitter:label1\" content=\"Est. tempo de leitura\" \/>\n\t<meta name=\"twitter:data1\" content=\"2 minutos\" \/>\n<script type=\"application\/ld+json\" class=\"yoast-schema-graph\">{\"@context\":\"https:\/\/schema.org\",\"@graph\":[{\"@type\":\"WebPage\",\"@id\":\"https:\/\/institutos.ufrrj.br\/ice\/instituto\/administracao\/\",\"url\":\"https:\/\/institutos.ufrrj.br\/ice\/instituto\/administracao\/\",\"name\":\"Administra\u00e7\u00e3o - Institutos de Ci\u00eancias Exatas - ICE\",\"isPartOf\":{\"@id\":\"https:\/\/institutos.ufrrj.br\/ice\/#website\"},\"datePublished\":\"2011-01-25T15:37:13+00:00\",\"dateModified\":\"2026-04-06T03:45:47+00:00\",\"breadcrumb\":{\"@id\":\"https:\/\/institutos.ufrrj.br\/ice\/instituto\/administracao\/#breadcrumb\"},\"inLanguage\":\"pt-BR\",\"potentialAction\":[{\"@type\":\"ReadAction\",\"target\":[\"https:\/\/institutos.ufrrj.br\/ice\/instituto\/administracao\/\"]}]},{\"@type\":\"BreadcrumbList\",\"@id\":\"https:\/\/institutos.ufrrj.br\/ice\/instituto\/administracao\/#breadcrumb\",\"itemListElement\":[{\"@type\":\"ListItem\",\"position\":1,\"name\":\"In\u00edcio\",\"item\":\"https:\/\/institutos.ufrrj.br\/ice\/\"},{\"@type\":\"ListItem\",\"position\":2,\"name\":\"Instituto\",\"item\":\"https:\/\/institutos.ufrrj.br\/ice\/instituto\/\"},{\"@type\":\"ListItem\",\"position\":3,\"name\":\"Administra\u00e7\u00e3o\"}]},{\"@type\":\"WebSite\",\"@id\":\"https:\/\/institutos.ufrrj.br\/ice\/#website\",\"url\":\"https:\/\/institutos.ufrrj.br\/ice\/\",\"name\":\"Institutos de Ci\u00eancias Exatas - ICE\",\"description\":\"CAMPUS SEROP\u00c9DICA - UFRRJ\",\"potentialAction\":[{\"@type\":\"SearchAction\",\"target\":{\"@type\":\"EntryPoint\",\"urlTemplate\":\"https:\/\/institutos.ufrrj.br\/ice\/?s={search_term_string}\"},\"query-input\":{\"@type\":\"PropertyValueSpecification\",\"valueRequired\":true,\"valueName\":\"search_term_string\"}}],\"inLanguage\":\"pt-BR\"}]}<\/script>\n<!-- \/ Yoast SEO plugin. -->","yoast_head_json":{"title":"Administra\u00e7\u00e3o - Institutos de Ci\u00eancias Exatas - ICE","robots":{"index":"index","follow":"follow","max-snippet":"max-snippet:-1","max-image-preview":"max-image-preview:large","max-video-preview":"max-video-preview:-1"},"canonical":"https:\/\/institutos.ufrrj.br\/ice\/instituto\/administracao\/","og_locale":"pt_BR","og_type":"article","og_title":"Administra\u00e7\u00e3o - Institutos de Ci\u00eancias Exatas - ICE","og_description":"Diretoria do Instituto de Ci\u00eancias Exatas Diretor: Prof. Jo\u00e3o Batista Neves da Costa (dacosta@ufrrj.br) Exerc\u00edcios: 03\/06\/2008 a 03\/06\/2012 e\u00a006\/06\/2012 a 06\/06\/2016 Vice-Diretor: [&hellip;]","og_url":"https:\/\/institutos.ufrrj.br\/ice\/instituto\/administracao\/","og_site_name":"Institutos de Ci\u00eancias Exatas - ICE","article_modified_time":"2026-04-06T03:45:47+00:00","twitter_card":"summary_large_image","twitter_misc":{"Est. tempo de leitura":"2 minutos"},"schema":{"@context":"https:\/\/schema.org","@graph":[{"@type":"WebPage","@id":"https:\/\/institutos.ufrrj.br\/ice\/instituto\/administracao\/","url":"https:\/\/institutos.ufrrj.br\/ice\/instituto\/administracao\/","name":"Administra\u00e7\u00e3o - Institutos de Ci\u00eancias Exatas - ICE","isPartOf":{"@id":"https:\/\/institutos.ufrrj.br\/ice\/#website"},"datePublished":"2011-01-25T15:37:13+00:00","dateModified":"2026-04-06T03:45:47+00:00","breadcrumb":{"@id":"https:\/\/institutos.ufrrj.br\/ice\/instituto\/administracao\/#breadcrumb"},"inLanguage":"pt-BR","potentialAction":[{"@type":"ReadAction","target":["https:\/\/institutos.ufrrj.br\/ice\/instituto\/administracao\/"]}]},{"@type":"BreadcrumbList","@id":"https:\/\/institutos.ufrrj.br\/ice\/instituto\/administracao\/#breadcrumb","itemListElement":[{"@type":"ListItem","position":1,"name":"In\u00edcio","item":"https:\/\/institutos.ufrrj.br\/ice\/"},{"@type":"ListItem","position":2,"name":"Instituto","item":"https:\/\/institutos.ufrrj.br\/ice\/instituto\/"},{"@type":"ListItem","position":3,"name":"Administra\u00e7\u00e3o"}]},{"@type":"WebSite","@id":"https:\/\/institutos.ufrrj.br\/ice\/#website","url":"https:\/\/institutos.ufrrj.br\/ice\/","name":"Institutos de Ci\u00eancias Exatas - ICE","description":"CAMPUS SEROP\u00c9DICA - UFRRJ","potentialAction":[{"@type":"SearchAction","target":{"@type":"EntryPoint","urlTemplate":"https:\/\/institutos.ufrrj.br\/ice\/?s={search_term_string}"},"query-input":{"@type":"PropertyValueSpecification","valueRequired":true,"valueName":"search_term_string"}}],"inLanguage":"pt-BR"}]}},"_links":{"self":[{"href":"https:\/\/institutos.ufrrj.br\/ice\/wp-json\/wp\/v2\/pages\/83","targetHints":{"allow":["GET"]}}],"collection":[{"href":"https:\/\/institutos.ufrrj.br\/ice\/wp-json\/wp\/v2\/pages"}],"about":[{"href":"https:\/\/institutos.ufrrj.br\/ice\/wp-json\/wp\/v2\/types\/page"}],"author":[{"embeddable":true,"href":"https:\/\/institutos.ufrrj.br\/ice\/wp-json\/wp\/v2\/users\/1"}],"replies":[{"embeddable":true,"href":"https:\/\/institutos.ufrrj.br\/ice\/wp-json\/wp\/v2\/comments?post=83"}],"version-history":[{"count":23,"href":"https:\/\/institutos.ufrrj.br\/ice\/wp-json\/wp\/v2\/pages\/83\/revisions"}],"predecessor-version":[{"id":2019,"href":"https:\/\/institutos.ufrrj.br\/ice\/wp-json\/wp\/v2\/pages\/83\/revisions\/2019"}],"up":[{"embeddable":true,"href":"https:\/\/institutos.ufrrj.br\/ice\/wp-json\/wp\/v2\/pages\/10"}],"wp:attachment":[{"href":"https:\/\/institutos.ufrrj.br\/ice\/wp-json\/wp\/v2\/media?parent=83"}],"curies":[{"name":"wp","href":"https:\/\/api.w.org\/{rel}","templated":true}]}}