{"id":203,"date":"2025-08-16T14:19:26","date_gmt":"2025-08-16T17:19:26","guid":{"rendered":"http:\/\/institutos.ufrrj.br\/ichs\/?page_id=203"},"modified":"2025-08-19T16:39:30","modified_gmt":"2025-08-19T19:39:30","slug":"curso-de-relacoes-internacionais","status":"publish","type":"page","link":"https:\/\/institutos.ufrrj.br\/ichs\/curso-de-graduacao\/curso-de-relacoes-internacionais\/","title":{"rendered":"Rela\u00e7\u00f5es Internacionais"},"content":{"rendered":"<p><strong>Coordenadora:<\/strong> Marina Vitelli<\/p>\n<p><strong>Vice-Coordenadora<\/strong>: Priscila Delgado de Carvalho<\/p>\n<p><strong>Secret\u00e1rio<\/strong>: Daniel Corban Rodrigues<\/p>\n<p><strong>E-mail Institucional<\/strong>: <a href=\"mailto:coord.ri.ufrrj@gmail.com\">coord.ri.ufrrj@gmail.com<\/a><\/p>\n<p><strong>Telefone: <\/strong>(21) 2681-4855<\/p>\n<p class=\"gmail_default\"><b><\/b><strong>Site: <a href=\"https:\/\/cursos.ufrrj.br\/grad\/ri\/\">https:\/\/cursos.ufrrj.br\/grad\/ri\/<\/a><\/strong><\/p>\n<p><strong>Oferta de vagas:<\/strong> Anual<\/p>\n<p><strong>Quantidade de vagas:<\/strong> 60 vagas<\/p>\n<p><strong>Turno:<\/strong> Noturno<\/p>\n","protected":false},"excerpt":{"rendered":"<p>Coordenadora: Marina Vitelli Vice-Coordenadora: Priscila Delgado de Carvalho Secret\u00e1rio: Daniel Corban Rodrigues E-mail Institucional: coord.ri.ufrrj@gmail.com Telefone: (21) 2681-4855 Site: https:\/\/cursos.ufrrj.br\/grad\/ri\/ Oferta de [&hellip;]<\/p>\n","protected":false},"author":20,"featured_media":0,"parent":193,"menu_order":0,"comment_status":"open","ping_status":"closed","template":"","meta":{"_acf_changed":false,"_themeisle_gutenberg_block_has_review":false,"footnotes":"","_links_to":"","_links_to_target":""},"class_list":["post-203","page","type-page","status-publish","hentry"],"acf":[],"yoast_head":"<!-- This site is optimized with the Yoast SEO plugin v26.8 - https:\/\/yoast.com\/product\/yoast-seo-wordpress\/ -->\n<title>Rela\u00e7\u00f5es Internacionais - ICHS - Instituto de Ci\u00eancias Humanas e Sociais<\/title>\n<meta name=\"robots\" content=\"index, follow, max-snippet:-1, max-image-preview:large, max-video-preview:-1\" \/>\n<link rel=\"canonical\" href=\"https:\/\/institutos.ufrrj.br\/ichs\/curso-de-graduacao\/curso-de-relacoes-internacionais\/\" \/>\n<meta property=\"og:locale\" content=\"pt_BR\" \/>\n<meta property=\"og:type\" content=\"article\" \/>\n<meta property=\"og:title\" content=\"Rela\u00e7\u00f5es Internacionais - ICHS - Instituto de Ci\u00eancias Humanas e Sociais\" \/>\n<meta property=\"og:description\" content=\"Coordenadora: Marina Vitelli Vice-Coordenadora: Priscila Delgado de Carvalho Secret\u00e1rio: Daniel Corban Rodrigues E-mail Institucional: coord.ri.ufrrj@gmail.com Telefone: (21) 2681-4855 Site: https:\/\/cursos.ufrrj.br\/grad\/ri\/ Oferta de [&hellip;]\" \/>\n<meta property=\"og:url\" content=\"https:\/\/institutos.ufrrj.br\/ichs\/curso-de-graduacao\/curso-de-relacoes-internacionais\/\" \/>\n<meta property=\"og:site_name\" content=\"ICHS - Instituto de Ci\u00eancias Humanas e Sociais\" \/>\n<meta property=\"article:publisher\" content=\"https:\/\/www.facebook.com\/people\/Instituto-de-Cincias-Humanas-e-Sociais-ichsufrrj\/100064717788841\/\" \/>\n<meta property=\"article:modified_time\" content=\"2025-08-19T19:39:30+00:00\" \/>\n<meta name=\"twitter:card\" content=\"summary_large_image\" \/>\n<script type=\"application\/ld+json\" class=\"yoast-schema-graph\">{\"@context\":\"https:\/\/schema.org\",\"@graph\":[{\"@type\":\"WebPage\",\"@id\":\"https:\/\/institutos.ufrrj.br\/ichs\/curso-de-graduacao\/curso-de-relacoes-internacionais\/\",\"url\":\"https:\/\/institutos.ufrrj.br\/ichs\/curso-de-graduacao\/curso-de-relacoes-internacionais\/\",\"name\":\"Rela\u00e7\u00f5es Internacionais - ICHS - Instituto de Ci\u00eancias Humanas e Sociais\",\"isPartOf\":{\"@id\":\"https:\/\/institutos.ufrrj.br\/ichs\/#website\"},\"datePublished\":\"2025-08-16T17:19:26+00:00\",\"dateModified\":\"2025-08-19T19:39:30+00:00\",\"breadcrumb\":{\"@id\":\"https:\/\/institutos.ufrrj.br\/ichs\/curso-de-graduacao\/curso-de-relacoes-internacionais\/#breadcrumb\"},\"inLanguage\":\"pt-BR\",\"potentialAction\":[{\"@type\":\"ReadAction\",\"target\":[\"https:\/\/institutos.ufrrj.br\/ichs\/curso-de-graduacao\/curso-de-relacoes-internacionais\/\"]}]},{\"@type\":\"BreadcrumbList\",\"@id\":\"https:\/\/institutos.ufrrj.br\/ichs\/curso-de-graduacao\/curso-de-relacoes-internacionais\/#breadcrumb\",\"itemListElement\":[{\"@type\":\"ListItem\",\"position\":1,\"name\":\"In\u00edcio\",\"item\":\"https:\/\/institutos.ufrrj.br\/ichs\/\"},{\"@type\":\"ListItem\",\"position\":2,\"name\":\"Cursos de Gradua\u00e7\u00e3o\",\"item\":\"https:\/\/institutos.ufrrj.br\/ichs\/curso-de-graduacao\/\"},{\"@type\":\"ListItem\",\"position\":3,\"name\":\"Rela\u00e7\u00f5es Internacionais\"}]},{\"@type\":\"WebSite\",\"@id\":\"https:\/\/institutos.ufrrj.br\/ichs\/#website\",\"url\":\"https:\/\/institutos.ufrrj.br\/ichs\/\",\"name\":\"ICHS - Instituto de Ci\u00eancias Humanas e Sociais\",\"description\":\"UFRRJ\",\"publisher\":{\"@id\":\"https:\/\/institutos.ufrrj.br\/ichs\/#organization\"},\"potentialAction\":[{\"@type\":\"SearchAction\",\"target\":{\"@type\":\"EntryPoint\",\"urlTemplate\":\"https:\/\/institutos.ufrrj.br\/ichs\/?s={search_term_string}\"},\"query-input\":{\"@type\":\"PropertyValueSpecification\",\"valueRequired\":true,\"valueName\":\"search_term_string\"}}],\"inLanguage\":\"pt-BR\"},{\"@type\":\"Organization\",\"@id\":\"https:\/\/institutos.ufrrj.br\/ichs\/#organization\",\"name\":\"UFRRJ - Universidade Federal Rural do Rio de Janeiro\",\"url\":\"https:\/\/institutos.ufrrj.br\/ichs\/\",\"logo\":{\"@type\":\"ImageObject\",\"inLanguage\":\"pt-BR\",\"@id\":\"https:\/\/institutos.ufrrj.br\/ichs\/#\/schema\/logo\/image\/\",\"url\":\"https:\/\/institutos.ufrrj.br\/ichs\/wp-content\/uploads\/sites\/100\/2026\/01\/ichs-removebg-preview.png\",\"contentUrl\":\"https:\/\/institutos.ufrrj.br\/ichs\/wp-content\/uploads\/sites\/100\/2026\/01\/ichs-removebg-preview.png\",\"width\":500,\"height\":500,\"caption\":\"UFRRJ - Universidade Federal Rural do Rio de Janeiro\"},\"image\":{\"@id\":\"https:\/\/institutos.ufrrj.br\/ichs\/#\/schema\/logo\/image\/\"},\"sameAs\":[\"https:\/\/www.facebook.com\/people\/Instituto-de-Cincias-Humanas-e-Sociais-ichsufrrj\/100064717788841\/\"]}]}<\/script>\n<!-- \/ Yoast SEO plugin. -->","yoast_head_json":{"title":"Rela\u00e7\u00f5es Internacionais - ICHS - Instituto de Ci\u00eancias Humanas e Sociais","robots":{"index":"index","follow":"follow","max-snippet":"max-snippet:-1","max-image-preview":"max-image-preview:large","max-video-preview":"max-video-preview:-1"},"canonical":"https:\/\/institutos.ufrrj.br\/ichs\/curso-de-graduacao\/curso-de-relacoes-internacionais\/","og_locale":"pt_BR","og_type":"article","og_title":"Rela\u00e7\u00f5es Internacionais - ICHS - Instituto de Ci\u00eancias Humanas e Sociais","og_description":"Coordenadora: Marina Vitelli Vice-Coordenadora: Priscila Delgado de Carvalho Secret\u00e1rio: Daniel Corban Rodrigues E-mail Institucional: coord.ri.ufrrj@gmail.com Telefone: (21) 2681-4855 Site: https:\/\/cursos.ufrrj.br\/grad\/ri\/ Oferta de [&hellip;]","og_url":"https:\/\/institutos.ufrrj.br\/ichs\/curso-de-graduacao\/curso-de-relacoes-internacionais\/","og_site_name":"ICHS - Instituto de Ci\u00eancias Humanas e Sociais","article_publisher":"https:\/\/www.facebook.com\/people\/Instituto-de-Cincias-Humanas-e-Sociais-ichsufrrj\/100064717788841\/","article_modified_time":"2025-08-19T19:39:30+00:00","twitter_card":"summary_large_image","schema":{"@context":"https:\/\/schema.org","@graph":[{"@type":"WebPage","@id":"https:\/\/institutos.ufrrj.br\/ichs\/curso-de-graduacao\/curso-de-relacoes-internacionais\/","url":"https:\/\/institutos.ufrrj.br\/ichs\/curso-de-graduacao\/curso-de-relacoes-internacionais\/","name":"Rela\u00e7\u00f5es Internacionais - ICHS - Instituto de Ci\u00eancias Humanas e Sociais","isPartOf":{"@id":"https:\/\/institutos.ufrrj.br\/ichs\/#website"},"datePublished":"2025-08-16T17:19:26+00:00","dateModified":"2025-08-19T19:39:30+00:00","breadcrumb":{"@id":"https:\/\/institutos.ufrrj.br\/ichs\/curso-de-graduacao\/curso-de-relacoes-internacionais\/#breadcrumb"},"inLanguage":"pt-BR","potentialAction":[{"@type":"ReadAction","target":["https:\/\/institutos.ufrrj.br\/ichs\/curso-de-graduacao\/curso-de-relacoes-internacionais\/"]}]},{"@type":"BreadcrumbList","@id":"https:\/\/institutos.ufrrj.br\/ichs\/curso-de-graduacao\/curso-de-relacoes-internacionais\/#breadcrumb","itemListElement":[{"@type":"ListItem","position":1,"name":"In\u00edcio","item":"https:\/\/institutos.ufrrj.br\/ichs\/"},{"@type":"ListItem","position":2,"name":"Cursos de Gradua\u00e7\u00e3o","item":"https:\/\/institutos.ufrrj.br\/ichs\/curso-de-graduacao\/"},{"@type":"ListItem","position":3,"name":"Rela\u00e7\u00f5es Internacionais"}]},{"@type":"WebSite","@id":"https:\/\/institutos.ufrrj.br\/ichs\/#website","url":"https:\/\/institutos.ufrrj.br\/ichs\/","name":"ICHS - Instituto de Ci\u00eancias Humanas e Sociais","description":"UFRRJ","publisher":{"@id":"https:\/\/institutos.ufrrj.br\/ichs\/#organization"},"potentialAction":[{"@type":"SearchAction","target":{"@type":"EntryPoint","urlTemplate":"https:\/\/institutos.ufrrj.br\/ichs\/?s={search_term_string}"},"query-input":{"@type":"PropertyValueSpecification","valueRequired":true,"valueName":"search_term_string"}}],"inLanguage":"pt-BR"},{"@type":"Organization","@id":"https:\/\/institutos.ufrrj.br\/ichs\/#organization","name":"UFRRJ - Universidade Federal Rural do Rio de Janeiro","url":"https:\/\/institutos.ufrrj.br\/ichs\/","logo":{"@type":"ImageObject","inLanguage":"pt-BR","@id":"https:\/\/institutos.ufrrj.br\/ichs\/#\/schema\/logo\/image\/","url":"https:\/\/institutos.ufrrj.br\/ichs\/wp-content\/uploads\/sites\/100\/2026\/01\/ichs-removebg-preview.png","contentUrl":"https:\/\/institutos.ufrrj.br\/ichs\/wp-content\/uploads\/sites\/100\/2026\/01\/ichs-removebg-preview.png","width":500,"height":500,"caption":"UFRRJ - Universidade Federal Rural do Rio de Janeiro"},"image":{"@id":"https:\/\/institutos.ufrrj.br\/ichs\/#\/schema\/logo\/image\/"},"sameAs":["https:\/\/www.facebook.com\/people\/Instituto-de-Cincias-Humanas-e-Sociais-ichsufrrj\/100064717788841\/"]}]}},"_links":{"self":[{"href":"https:\/\/institutos.ufrrj.br\/ichs\/wp-json\/wp\/v2\/pages\/203","targetHints":{"allow":["GET"]}}],"collection":[{"href":"https:\/\/institutos.ufrrj.br\/ichs\/wp-json\/wp\/v2\/pages"}],"about":[{"href":"https:\/\/institutos.ufrrj.br\/ichs\/wp-json\/wp\/v2\/types\/page"}],"author":[{"embeddable":true,"href":"https:\/\/institutos.ufrrj.br\/ichs\/wp-json\/wp\/v2\/users\/20"}],"replies":[{"embeddable":true,"href":"https:\/\/institutos.ufrrj.br\/ichs\/wp-json\/wp\/v2\/comments?post=203"}],"version-history":[{"count":21,"href":"https:\/\/institutos.ufrrj.br\/ichs\/wp-json\/wp\/v2\/pages\/203\/revisions"}],"predecessor-version":[{"id":3250,"href":"https:\/\/institutos.ufrrj.br\/ichs\/wp-json\/wp\/v2\/pages\/203\/revisions\/3250"}],"up":[{"embeddable":true,"href":"https:\/\/institutos.ufrrj.br\/ichs\/wp-json\/wp\/v2\/pages\/193"}],"wp:attachment":[{"href":"https:\/\/institutos.ufrrj.br\/ichs\/wp-json\/wp\/v2\/media?parent=203"}],"curies":[{"name":"wp","href":"https:\/\/api.w.org\/{rel}","templated":true}]}}