{"id":2657,"date":"2023-07-13T14:28:43","date_gmt":"2023-07-13T17:28:43","guid":{"rendered":"https:\/\/institutos.ufrrj.br\/ichs\/?page_id=2657"},"modified":"2025-02-06T10:57:23","modified_gmt":"2025-02-06T13:57:23","slug":"auditorio-paulo-freire","status":"publish","type":"page","link":"https:\/\/institutos.ufrrj.br\/ichs\/auditorio-paulo-freire\/","title":{"rendered":"Audit\u00f3rio Paulo Freire"},"content":{"rendered":"<p>Para realizar reservas, acesse:<\/p>\n<p><a href=\"https:\/\/calendar.app.google\/3tr6ZxdnW4t8UUp89\">AGENDA DO AUDIT\u00d3RIO PAULO FREIRE 2025 (google.com)<\/a><\/p>\n<p>Para mais informa\u00e7\u00f5es, nos contate pelo e-mail: <a href=\"mailto:auditoriopaulofreire@ufrrj.br\">auditoriopaulofreire@ufrrj.br<\/a><\/p>\n","protected":false},"excerpt":{"rendered":"<p>Para realizar reservas, acesse: AGENDA DO AUDIT\u00d3RIO PAULO FREIRE 2025 (google.com) Para mais informa\u00e7\u00f5es, nos contate pelo e-mail: auditoriopaulofreire@ufrrj.br<\/p>\n","protected":false},"author":57,"featured_media":0,"parent":0,"menu_order":0,"comment_status":"closed","ping_status":"closed","template":"","meta":{"_acf_changed":false,"_themeisle_gutenberg_block_has_review":false,"footnotes":"","_links_to":"","_links_to_target":""},"class_list":["post-2657","page","type-page","status-publish","hentry"],"acf":[],"yoast_head":"<!-- This site is optimized with the Yoast SEO plugin v26.8 - https:\/\/yoast.com\/product\/yoast-seo-wordpress\/ -->\n<title>Audit\u00f3rio Paulo Freire - ICHS - Instituto de Ci\u00eancias Humanas e Sociais<\/title>\n<meta name=\"robots\" content=\"index, follow, max-snippet:-1, max-image-preview:large, max-video-preview:-1\" \/>\n<link rel=\"canonical\" href=\"https:\/\/institutos.ufrrj.br\/ichs\/auditorio-paulo-freire\/\" \/>\n<meta property=\"og:locale\" content=\"pt_BR\" \/>\n<meta property=\"og:type\" content=\"article\" \/>\n<meta property=\"og:title\" content=\"Audit\u00f3rio Paulo Freire - ICHS - Instituto de Ci\u00eancias Humanas e Sociais\" \/>\n<meta property=\"og:description\" content=\"Para realizar reservas, acesse: AGENDA DO AUDIT\u00d3RIO PAULO FREIRE 2025 (google.com) Para mais informa\u00e7\u00f5es, nos contate pelo e-mail: auditoriopaulofreire@ufrrj.br\" \/>\n<meta property=\"og:url\" content=\"https:\/\/institutos.ufrrj.br\/ichs\/auditorio-paulo-freire\/\" \/>\n<meta property=\"og:site_name\" content=\"ICHS - Instituto de Ci\u00eancias Humanas e Sociais\" \/>\n<meta property=\"article:publisher\" content=\"https:\/\/www.facebook.com\/people\/Instituto-de-Cincias-Humanas-e-Sociais-ichsufrrj\/100064717788841\/\" \/>\n<meta property=\"article:modified_time\" content=\"2025-02-06T13:57:23+00:00\" \/>\n<meta name=\"twitter:card\" content=\"summary_large_image\" \/>\n<script type=\"application\/ld+json\" class=\"yoast-schema-graph\">{\"@context\":\"https:\/\/schema.org\",\"@graph\":[{\"@type\":\"WebPage\",\"@id\":\"https:\/\/institutos.ufrrj.br\/ichs\/auditorio-paulo-freire\/\",\"url\":\"https:\/\/institutos.ufrrj.br\/ichs\/auditorio-paulo-freire\/\",\"name\":\"Audit\u00f3rio Paulo Freire - ICHS - Instituto de Ci\u00eancias Humanas e Sociais\",\"isPartOf\":{\"@id\":\"https:\/\/institutos.ufrrj.br\/ichs\/#website\"},\"datePublished\":\"2023-07-13T17:28:43+00:00\",\"dateModified\":\"2025-02-06T13:57:23+00:00\",\"breadcrumb\":{\"@id\":\"https:\/\/institutos.ufrrj.br\/ichs\/auditorio-paulo-freire\/#breadcrumb\"},\"inLanguage\":\"pt-BR\",\"potentialAction\":[{\"@type\":\"ReadAction\",\"target\":[\"https:\/\/institutos.ufrrj.br\/ichs\/auditorio-paulo-freire\/\"]}]},{\"@type\":\"BreadcrumbList\",\"@id\":\"https:\/\/institutos.ufrrj.br\/ichs\/auditorio-paulo-freire\/#breadcrumb\",\"itemListElement\":[{\"@type\":\"ListItem\",\"position\":1,\"name\":\"In\u00edcio\",\"item\":\"https:\/\/institutos.ufrrj.br\/ichs\/\"},{\"@type\":\"ListItem\",\"position\":2,\"name\":\"Audit\u00f3rio Paulo Freire\"}]},{\"@type\":\"WebSite\",\"@id\":\"https:\/\/institutos.ufrrj.br\/ichs\/#website\",\"url\":\"https:\/\/institutos.ufrrj.br\/ichs\/\",\"name\":\"ICHS - Instituto de Ci\u00eancias Humanas e Sociais\",\"description\":\"UFRRJ\",\"publisher\":{\"@id\":\"https:\/\/institutos.ufrrj.br\/ichs\/#organization\"},\"potentialAction\":[{\"@type\":\"SearchAction\",\"target\":{\"@type\":\"EntryPoint\",\"urlTemplate\":\"https:\/\/institutos.ufrrj.br\/ichs\/?s={search_term_string}\"},\"query-input\":{\"@type\":\"PropertyValueSpecification\",\"valueRequired\":true,\"valueName\":\"search_term_string\"}}],\"inLanguage\":\"pt-BR\"},{\"@type\":\"Organization\",\"@id\":\"https:\/\/institutos.ufrrj.br\/ichs\/#organization\",\"name\":\"UFRRJ - Universidade Federal Rural do Rio de Janeiro\",\"url\":\"https:\/\/institutos.ufrrj.br\/ichs\/\",\"logo\":{\"@type\":\"ImageObject\",\"inLanguage\":\"pt-BR\",\"@id\":\"https:\/\/institutos.ufrrj.br\/ichs\/#\/schema\/logo\/image\/\",\"url\":\"https:\/\/institutos.ufrrj.br\/ichs\/wp-content\/uploads\/sites\/100\/2026\/01\/ichs-removebg-preview.png\",\"contentUrl\":\"https:\/\/institutos.ufrrj.br\/ichs\/wp-content\/uploads\/sites\/100\/2026\/01\/ichs-removebg-preview.png\",\"width\":500,\"height\":500,\"caption\":\"UFRRJ - Universidade Federal Rural do Rio de Janeiro\"},\"image\":{\"@id\":\"https:\/\/institutos.ufrrj.br\/ichs\/#\/schema\/logo\/image\/\"},\"sameAs\":[\"https:\/\/www.facebook.com\/people\/Instituto-de-Cincias-Humanas-e-Sociais-ichsufrrj\/100064717788841\/\"]}]}<\/script>\n<!-- \/ Yoast SEO plugin. -->","yoast_head_json":{"title":"Audit\u00f3rio Paulo Freire - ICHS - Instituto de Ci\u00eancias Humanas e Sociais","robots":{"index":"index","follow":"follow","max-snippet":"max-snippet:-1","max-image-preview":"max-image-preview:large","max-video-preview":"max-video-preview:-1"},"canonical":"https:\/\/institutos.ufrrj.br\/ichs\/auditorio-paulo-freire\/","og_locale":"pt_BR","og_type":"article","og_title":"Audit\u00f3rio Paulo Freire - ICHS - Instituto de Ci\u00eancias Humanas e Sociais","og_description":"Para realizar reservas, acesse: AGENDA DO AUDIT\u00d3RIO PAULO FREIRE 2025 (google.com) Para mais informa\u00e7\u00f5es, nos contate pelo e-mail: auditoriopaulofreire@ufrrj.br","og_url":"https:\/\/institutos.ufrrj.br\/ichs\/auditorio-paulo-freire\/","og_site_name":"ICHS - Instituto de Ci\u00eancias Humanas e Sociais","article_publisher":"https:\/\/www.facebook.com\/people\/Instituto-de-Cincias-Humanas-e-Sociais-ichsufrrj\/100064717788841\/","article_modified_time":"2025-02-06T13:57:23+00:00","twitter_card":"summary_large_image","schema":{"@context":"https:\/\/schema.org","@graph":[{"@type":"WebPage","@id":"https:\/\/institutos.ufrrj.br\/ichs\/auditorio-paulo-freire\/","url":"https:\/\/institutos.ufrrj.br\/ichs\/auditorio-paulo-freire\/","name":"Audit\u00f3rio Paulo Freire - ICHS - Instituto de Ci\u00eancias Humanas e Sociais","isPartOf":{"@id":"https:\/\/institutos.ufrrj.br\/ichs\/#website"},"datePublished":"2023-07-13T17:28:43+00:00","dateModified":"2025-02-06T13:57:23+00:00","breadcrumb":{"@id":"https:\/\/institutos.ufrrj.br\/ichs\/auditorio-paulo-freire\/#breadcrumb"},"inLanguage":"pt-BR","potentialAction":[{"@type":"ReadAction","target":["https:\/\/institutos.ufrrj.br\/ichs\/auditorio-paulo-freire\/"]}]},{"@type":"BreadcrumbList","@id":"https:\/\/institutos.ufrrj.br\/ichs\/auditorio-paulo-freire\/#breadcrumb","itemListElement":[{"@type":"ListItem","position":1,"name":"In\u00edcio","item":"https:\/\/institutos.ufrrj.br\/ichs\/"},{"@type":"ListItem","position":2,"name":"Audit\u00f3rio Paulo Freire"}]},{"@type":"WebSite","@id":"https:\/\/institutos.ufrrj.br\/ichs\/#website","url":"https:\/\/institutos.ufrrj.br\/ichs\/","name":"ICHS - Instituto de Ci\u00eancias Humanas e Sociais","description":"UFRRJ","publisher":{"@id":"https:\/\/institutos.ufrrj.br\/ichs\/#organization"},"potentialAction":[{"@type":"SearchAction","target":{"@type":"EntryPoint","urlTemplate":"https:\/\/institutos.ufrrj.br\/ichs\/?s={search_term_string}"},"query-input":{"@type":"PropertyValueSpecification","valueRequired":true,"valueName":"search_term_string"}}],"inLanguage":"pt-BR"},{"@type":"Organization","@id":"https:\/\/institutos.ufrrj.br\/ichs\/#organization","name":"UFRRJ - Universidade Federal Rural do Rio de Janeiro","url":"https:\/\/institutos.ufrrj.br\/ichs\/","logo":{"@type":"ImageObject","inLanguage":"pt-BR","@id":"https:\/\/institutos.ufrrj.br\/ichs\/#\/schema\/logo\/image\/","url":"https:\/\/institutos.ufrrj.br\/ichs\/wp-content\/uploads\/sites\/100\/2026\/01\/ichs-removebg-preview.png","contentUrl":"https:\/\/institutos.ufrrj.br\/ichs\/wp-content\/uploads\/sites\/100\/2026\/01\/ichs-removebg-preview.png","width":500,"height":500,"caption":"UFRRJ - Universidade Federal Rural do Rio de Janeiro"},"image":{"@id":"https:\/\/institutos.ufrrj.br\/ichs\/#\/schema\/logo\/image\/"},"sameAs":["https:\/\/www.facebook.com\/people\/Instituto-de-Cincias-Humanas-e-Sociais-ichsufrrj\/100064717788841\/"]}]}},"_links":{"self":[{"href":"https:\/\/institutos.ufrrj.br\/ichs\/wp-json\/wp\/v2\/pages\/2657","targetHints":{"allow":["GET"]}}],"collection":[{"href":"https:\/\/institutos.ufrrj.br\/ichs\/wp-json\/wp\/v2\/pages"}],"about":[{"href":"https:\/\/institutos.ufrrj.br\/ichs\/wp-json\/wp\/v2\/types\/page"}],"author":[{"embeddable":true,"href":"https:\/\/institutos.ufrrj.br\/ichs\/wp-json\/wp\/v2\/users\/57"}],"replies":[{"embeddable":true,"href":"https:\/\/institutos.ufrrj.br\/ichs\/wp-json\/wp\/v2\/comments?post=2657"}],"version-history":[{"count":5,"href":"https:\/\/institutos.ufrrj.br\/ichs\/wp-json\/wp\/v2\/pages\/2657\/revisions"}],"predecessor-version":[{"id":3134,"href":"https:\/\/institutos.ufrrj.br\/ichs\/wp-json\/wp\/v2\/pages\/2657\/revisions\/3134"}],"wp:attachment":[{"href":"https:\/\/institutos.ufrrj.br\/ichs\/wp-json\/wp\/v2\/media?parent=2657"}],"curies":[{"name":"wp","href":"https:\/\/api.w.org\/{rel}","templated":true}]}}