{"id":454,"date":"2015-12-16T18:00:50","date_gmt":"2015-12-16T18:00:50","guid":{"rendered":"http:\/\/institutos.ufrrj.br\/ichs\/?page_id=454"},"modified":"2026-01-29T09:43:51","modified_gmt":"2026-01-29T12:43:51","slug":"downloads","status":"publish","type":"page","link":"https:\/\/institutos.ufrrj.br\/ichs\/downloads\/","title":{"rendered":"Downloads"},"content":{"rendered":"<p>Esta se\u00e7\u00e3o do site se destina a\u00a0disponibilizar\u00a0\u00e0 comunidade acad\u00eamica download de\u00a0arquivos\u00a0 relevantes para o funcionamento do per\u00edodo letivo.<\/p>\n<pre style=\"text-align: center;\"><a href=\"http:\/\/institutos.ufrrj.br\/ichs\/galeria\/calendario_318-71033\/\" rel=\"attachment wp-att-724\"><img loading=\"lazy\" decoding=\"async\" class=\"wp-image-724 aligncenter\" src=\"http:\/\/institutos.ufrrj.br\/ichs\/wp-content\/uploads\/sites\/100\/2015\/12\/calendario_318-71033.jpg\" alt=\"calendario_318-71033\" width=\"89\" height=\"89\" \/>calend\u00e1rios: acad\u00eamico e de matr\u00edculas<\/a><\/pre>\n<hr \/>\n<pre><span style=\"color: #800000;\"><strong><a href=\"http:\/\/institutos.ufrrj.br\/ichs\/galeria\/classe_318-59679\/\" rel=\"attachment wp-att-725\"><img loading=\"lazy\" decoding=\"async\" class=\"wp-image-725 aligncenter\" src=\"http:\/\/institutos.ufrrj.br\/ichs\/wp-content\/uploads\/sites\/100\/2015\/12\/classe_318-59679-300x300.jpg\" alt=\"classe_318-59679\" width=\"132\" height=\"132\" srcset=\"https:\/\/institutos.ufrrj.br\/ichs\/wp-content\/uploads\/sites\/100\/2015\/12\/classe_318-59679-300x300.jpg 300w, https:\/\/institutos.ufrrj.br\/ichs\/wp-content\/uploads\/sites\/100\/2015\/12\/classe_318-59679-150x150.jpg 150w, https:\/\/institutos.ufrrj.br\/ichs\/wp-content\/uploads\/sites\/100\/2015\/12\/classe_318-59679.jpg 626w\" sizes=\"auto, (max-width: 132px) 100vw, 132px\" \/><\/a><\/strong><\/span><span style=\"color: #800000;\"><strong>                                 <a style=\"color: #800000;\" href=\"http:\/\/r1.ufrrj.br\/graduacao\/paginas\/prograd\/pat\/login.php\">aloca\u00e7\u00e3o do audit\u00f3rio do PAT<\/a> \n<\/strong><\/span><\/pre>\n<hr \/>\n<pre>                \u00a0                               \n\u00a0                             \n<\/pre>\n<hr \/>\n<pre><\/pre>\n","protected":false},"excerpt":{"rendered":"<p>Esta se\u00e7\u00e3o do site se destina a\u00a0disponibilizar\u00a0\u00e0 comunidade acad\u00eamica download de\u00a0arquivos\u00a0 relevantes para o funcionamento do per\u00edodo letivo. calend\u00e1rios: acad\u00eamico e de [&hellip;]<\/p>\n","protected":false},"author":13,"featured_media":0,"parent":0,"menu_order":0,"comment_status":"closed","ping_status":"closed","template":"","meta":{"_acf_changed":false,"_themeisle_gutenberg_block_has_review":false,"footnotes":"","_links_to":"","_links_to_target":""},"class_list":["post-454","page","type-page","status-publish","hentry"],"acf":[],"yoast_head":"<!-- This site is optimized with the Yoast SEO plugin v26.8 - https:\/\/yoast.com\/product\/yoast-seo-wordpress\/ -->\n<title>Downloads - ICHS - Instituto de Ci\u00eancias Humanas e Sociais<\/title>\n<meta name=\"robots\" content=\"index, follow, max-snippet:-1, max-image-preview:large, max-video-preview:-1\" \/>\n<link rel=\"canonical\" href=\"https:\/\/institutos.ufrrj.br\/ichs\/downloads\/\" \/>\n<meta property=\"og:locale\" content=\"pt_BR\" \/>\n<meta property=\"og:type\" content=\"article\" \/>\n<meta property=\"og:title\" content=\"Downloads - ICHS - Instituto de Ci\u00eancias Humanas e Sociais\" \/>\n<meta property=\"og:description\" content=\"Esta se\u00e7\u00e3o do site se destina a\u00a0disponibilizar\u00a0\u00e0 comunidade acad\u00eamica download de\u00a0arquivos\u00a0 relevantes para o funcionamento do per\u00edodo letivo. calend\u00e1rios: acad\u00eamico e de [&hellip;]\" \/>\n<meta property=\"og:url\" content=\"https:\/\/institutos.ufrrj.br\/ichs\/downloads\/\" \/>\n<meta property=\"og:site_name\" content=\"ICHS - Instituto de Ci\u00eancias Humanas e Sociais\" \/>\n<meta property=\"article:publisher\" content=\"https:\/\/www.facebook.com\/people\/Instituto-de-Cincias-Humanas-e-Sociais-ichsufrrj\/100064717788841\/\" \/>\n<meta property=\"article:modified_time\" content=\"2026-01-29T12:43:51+00:00\" \/>\n<meta property=\"og:image\" content=\"https:\/\/institutos.ufrrj.br\/ichs\/wp-content\/uploads\/sites\/100\/2015\/12\/calendario_318-71033.jpg\" \/>\n\t<meta property=\"og:image:width\" content=\"128\" \/>\n\t<meta property=\"og:image:height\" content=\"128\" \/>\n\t<meta property=\"og:image:type\" content=\"image\/jpeg\" \/>\n<meta name=\"twitter:card\" content=\"summary_large_image\" \/>\n<meta name=\"twitter:label1\" content=\"Est. tempo de leitura\" \/>\n\t<meta name=\"twitter:data1\" content=\"1 minuto\" \/>\n<script type=\"application\/ld+json\" class=\"yoast-schema-graph\">{\"@context\":\"https:\/\/schema.org\",\"@graph\":[{\"@type\":\"WebPage\",\"@id\":\"https:\/\/institutos.ufrrj.br\/ichs\/downloads\/\",\"url\":\"https:\/\/institutos.ufrrj.br\/ichs\/downloads\/\",\"name\":\"Downloads - ICHS - Instituto de Ci\u00eancias Humanas e Sociais\",\"isPartOf\":{\"@id\":\"https:\/\/institutos.ufrrj.br\/ichs\/#website\"},\"primaryImageOfPage\":{\"@id\":\"https:\/\/institutos.ufrrj.br\/ichs\/downloads\/#primaryimage\"},\"image\":{\"@id\":\"https:\/\/institutos.ufrrj.br\/ichs\/downloads\/#primaryimage\"},\"thumbnailUrl\":\"http:\/\/institutos.ufrrj.br\/ichs\/wp-content\/uploads\/sites\/100\/2015\/12\/calendario_318-71033.jpg\",\"datePublished\":\"2015-12-16T18:00:50+00:00\",\"dateModified\":\"2026-01-29T12:43:51+00:00\",\"breadcrumb\":{\"@id\":\"https:\/\/institutos.ufrrj.br\/ichs\/downloads\/#breadcrumb\"},\"inLanguage\":\"pt-BR\",\"potentialAction\":[{\"@type\":\"ReadAction\",\"target\":[\"https:\/\/institutos.ufrrj.br\/ichs\/downloads\/\"]}]},{\"@type\":\"ImageObject\",\"inLanguage\":\"pt-BR\",\"@id\":\"https:\/\/institutos.ufrrj.br\/ichs\/downloads\/#primaryimage\",\"url\":\"https:\/\/institutos.ufrrj.br\/ichs\/wp-content\/uploads\/sites\/100\/2015\/12\/calendario_318-71033.jpg\",\"contentUrl\":\"https:\/\/institutos.ufrrj.br\/ichs\/wp-content\/uploads\/sites\/100\/2015\/12\/calendario_318-71033.jpg\",\"width\":128,\"height\":128},{\"@type\":\"BreadcrumbList\",\"@id\":\"https:\/\/institutos.ufrrj.br\/ichs\/downloads\/#breadcrumb\",\"itemListElement\":[{\"@type\":\"ListItem\",\"position\":1,\"name\":\"In\u00edcio\",\"item\":\"https:\/\/institutos.ufrrj.br\/ichs\/\"},{\"@type\":\"ListItem\",\"position\":2,\"name\":\"Downloads\"}]},{\"@type\":\"WebSite\",\"@id\":\"https:\/\/institutos.ufrrj.br\/ichs\/#website\",\"url\":\"https:\/\/institutos.ufrrj.br\/ichs\/\",\"name\":\"ICHS - Instituto de Ci\u00eancias Humanas e Sociais\",\"description\":\"UFRRJ\",\"publisher\":{\"@id\":\"https:\/\/institutos.ufrrj.br\/ichs\/#organization\"},\"potentialAction\":[{\"@type\":\"SearchAction\",\"target\":{\"@type\":\"EntryPoint\",\"urlTemplate\":\"https:\/\/institutos.ufrrj.br\/ichs\/?s={search_term_string}\"},\"query-input\":{\"@type\":\"PropertyValueSpecification\",\"valueRequired\":true,\"valueName\":\"search_term_string\"}}],\"inLanguage\":\"pt-BR\"},{\"@type\":\"Organization\",\"@id\":\"https:\/\/institutos.ufrrj.br\/ichs\/#organization\",\"name\":\"UFRRJ - Universidade Federal Rural do Rio de Janeiro\",\"url\":\"https:\/\/institutos.ufrrj.br\/ichs\/\",\"logo\":{\"@type\":\"ImageObject\",\"inLanguage\":\"pt-BR\",\"@id\":\"https:\/\/institutos.ufrrj.br\/ichs\/#\/schema\/logo\/image\/\",\"url\":\"https:\/\/institutos.ufrrj.br\/ichs\/wp-content\/uploads\/sites\/100\/2026\/01\/ichs-removebg-preview.png\",\"contentUrl\":\"https:\/\/institutos.ufrrj.br\/ichs\/wp-content\/uploads\/sites\/100\/2026\/01\/ichs-removebg-preview.png\",\"width\":500,\"height\":500,\"caption\":\"UFRRJ - Universidade Federal Rural do Rio de Janeiro\"},\"image\":{\"@id\":\"https:\/\/institutos.ufrrj.br\/ichs\/#\/schema\/logo\/image\/\"},\"sameAs\":[\"https:\/\/www.facebook.com\/people\/Instituto-de-Cincias-Humanas-e-Sociais-ichsufrrj\/100064717788841\/\"]}]}<\/script>\n<!-- \/ Yoast SEO plugin. -->","yoast_head_json":{"title":"Downloads - ICHS - Instituto de Ci\u00eancias Humanas e Sociais","robots":{"index":"index","follow":"follow","max-snippet":"max-snippet:-1","max-image-preview":"max-image-preview:large","max-video-preview":"max-video-preview:-1"},"canonical":"https:\/\/institutos.ufrrj.br\/ichs\/downloads\/","og_locale":"pt_BR","og_type":"article","og_title":"Downloads - ICHS - Instituto de Ci\u00eancias Humanas e Sociais","og_description":"Esta se\u00e7\u00e3o do site se destina a\u00a0disponibilizar\u00a0\u00e0 comunidade acad\u00eamica download de\u00a0arquivos\u00a0 relevantes para o funcionamento do per\u00edodo letivo. calend\u00e1rios: acad\u00eamico e de [&hellip;]","og_url":"https:\/\/institutos.ufrrj.br\/ichs\/downloads\/","og_site_name":"ICHS - Instituto de Ci\u00eancias Humanas e Sociais","article_publisher":"https:\/\/www.facebook.com\/people\/Instituto-de-Cincias-Humanas-e-Sociais-ichsufrrj\/100064717788841\/","article_modified_time":"2026-01-29T12:43:51+00:00","og_image":[{"width":128,"height":128,"url":"https:\/\/institutos.ufrrj.br\/ichs\/wp-content\/uploads\/sites\/100\/2015\/12\/calendario_318-71033.jpg","type":"image\/jpeg"}],"twitter_card":"summary_large_image","twitter_misc":{"Est. tempo de leitura":"1 minuto"},"schema":{"@context":"https:\/\/schema.org","@graph":[{"@type":"WebPage","@id":"https:\/\/institutos.ufrrj.br\/ichs\/downloads\/","url":"https:\/\/institutos.ufrrj.br\/ichs\/downloads\/","name":"Downloads - ICHS - Instituto de Ci\u00eancias Humanas e Sociais","isPartOf":{"@id":"https:\/\/institutos.ufrrj.br\/ichs\/#website"},"primaryImageOfPage":{"@id":"https:\/\/institutos.ufrrj.br\/ichs\/downloads\/#primaryimage"},"image":{"@id":"https:\/\/institutos.ufrrj.br\/ichs\/downloads\/#primaryimage"},"thumbnailUrl":"http:\/\/institutos.ufrrj.br\/ichs\/wp-content\/uploads\/sites\/100\/2015\/12\/calendario_318-71033.jpg","datePublished":"2015-12-16T18:00:50+00:00","dateModified":"2026-01-29T12:43:51+00:00","breadcrumb":{"@id":"https:\/\/institutos.ufrrj.br\/ichs\/downloads\/#breadcrumb"},"inLanguage":"pt-BR","potentialAction":[{"@type":"ReadAction","target":["https:\/\/institutos.ufrrj.br\/ichs\/downloads\/"]}]},{"@type":"ImageObject","inLanguage":"pt-BR","@id":"https:\/\/institutos.ufrrj.br\/ichs\/downloads\/#primaryimage","url":"https:\/\/institutos.ufrrj.br\/ichs\/wp-content\/uploads\/sites\/100\/2015\/12\/calendario_318-71033.jpg","contentUrl":"https:\/\/institutos.ufrrj.br\/ichs\/wp-content\/uploads\/sites\/100\/2015\/12\/calendario_318-71033.jpg","width":128,"height":128},{"@type":"BreadcrumbList","@id":"https:\/\/institutos.ufrrj.br\/ichs\/downloads\/#breadcrumb","itemListElement":[{"@type":"ListItem","position":1,"name":"In\u00edcio","item":"https:\/\/institutos.ufrrj.br\/ichs\/"},{"@type":"ListItem","position":2,"name":"Downloads"}]},{"@type":"WebSite","@id":"https:\/\/institutos.ufrrj.br\/ichs\/#website","url":"https:\/\/institutos.ufrrj.br\/ichs\/","name":"ICHS - Instituto de Ci\u00eancias Humanas e Sociais","description":"UFRRJ","publisher":{"@id":"https:\/\/institutos.ufrrj.br\/ichs\/#organization"},"potentialAction":[{"@type":"SearchAction","target":{"@type":"EntryPoint","urlTemplate":"https:\/\/institutos.ufrrj.br\/ichs\/?s={search_term_string}"},"query-input":{"@type":"PropertyValueSpecification","valueRequired":true,"valueName":"search_term_string"}}],"inLanguage":"pt-BR"},{"@type":"Organization","@id":"https:\/\/institutos.ufrrj.br\/ichs\/#organization","name":"UFRRJ - Universidade Federal Rural do Rio de Janeiro","url":"https:\/\/institutos.ufrrj.br\/ichs\/","logo":{"@type":"ImageObject","inLanguage":"pt-BR","@id":"https:\/\/institutos.ufrrj.br\/ichs\/#\/schema\/logo\/image\/","url":"https:\/\/institutos.ufrrj.br\/ichs\/wp-content\/uploads\/sites\/100\/2026\/01\/ichs-removebg-preview.png","contentUrl":"https:\/\/institutos.ufrrj.br\/ichs\/wp-content\/uploads\/sites\/100\/2026\/01\/ichs-removebg-preview.png","width":500,"height":500,"caption":"UFRRJ - Universidade Federal Rural do Rio de Janeiro"},"image":{"@id":"https:\/\/institutos.ufrrj.br\/ichs\/#\/schema\/logo\/image\/"},"sameAs":["https:\/\/www.facebook.com\/people\/Instituto-de-Cincias-Humanas-e-Sociais-ichsufrrj\/100064717788841\/"]}]}},"_links":{"self":[{"href":"https:\/\/institutos.ufrrj.br\/ichs\/wp-json\/wp\/v2\/pages\/454","targetHints":{"allow":["GET"]}}],"collection":[{"href":"https:\/\/institutos.ufrrj.br\/ichs\/wp-json\/wp\/v2\/pages"}],"about":[{"href":"https:\/\/institutos.ufrrj.br\/ichs\/wp-json\/wp\/v2\/types\/page"}],"author":[{"embeddable":true,"href":"https:\/\/institutos.ufrrj.br\/ichs\/wp-json\/wp\/v2\/users\/13"}],"replies":[{"embeddable":true,"href":"https:\/\/institutos.ufrrj.br\/ichs\/wp-json\/wp\/v2\/comments?post=454"}],"version-history":[{"count":21,"href":"https:\/\/institutos.ufrrj.br\/ichs\/wp-json\/wp\/v2\/pages\/454\/revisions"}],"predecessor-version":[{"id":3401,"href":"https:\/\/institutos.ufrrj.br\/ichs\/wp-json\/wp\/v2\/pages\/454\/revisions\/3401"}],"wp:attachment":[{"href":"https:\/\/institutos.ufrrj.br\/ichs\/wp-json\/wp\/v2\/media?parent=454"}],"curies":[{"name":"wp","href":"https:\/\/api.w.org\/{rel}","templated":true}]}}